{"id":6365,"date":"2018-05-10T13:37:03","date_gmt":"2018-05-10T13:37:03","guid":{"rendered":"https:\/\/www.tele-radio.com\/iso-certifications\/"},"modified":"2024-08-15T11:04:36","modified_gmt":"2024-08-15T11:04:36","slug":"iso-zertifikate","status":"publish","type":"page","link":"https:\/\/www.tele-radio.com\/de\/iso-zertifikate\/","title":{"rendered":"ISO-Zertifikate"},"content":{"rendered":"\n<h2 class=\"wp-block-heading\">Tele Radio ist ein ISO zertifiziertes Unternehmen<\/h2>\n\n\n\n<p>Tele Radio ist nach dem Qualit\u00e4tsmanagementsystem ISO 9001 und dem Managementsystem ISO 14001 als Teil einer Multi-Site-Zertifizierung unter dem Dach des Mutterunternehmens Allgon AB zertifiziert. Dies bedeutet, dass Sie sich auf uns verlassen k\u00f6nnen. Sie k\u00f6nnen auf unsere F\u00e4higkeiten, unser Wissen und unsere Ausf\u00fchrungen der Arbeit vertrauen. Ferner unterstreichen jene Zertifikate, dass wir st\u00e4ndig bem\u00fcht sind, Fehler zu vermeiden. Dar\u00fcber hinaus verwenden wir umweltfreundliche Komponenten. Der Umwelt zu Liebe, w\u00e4hlt Tele Radio stets sowohl f\u00fcr Gesch\u00e4ftsreisen als auch f\u00fcr den G\u00fctertransport die umweltfreundlichsten Transportwege. <\/p>\n\n\n\n<p>Die Zertifikate zu ISO9001 sowie ISO14001 finden Sie untenstehend.<\/p>\n\n\n\n<h2 class=\"wp-block-heading\">ISO9001<\/h2>\n\n\n\n<p>Die wichtigsten Bestandteile des ISO 9001-Zertifikats f\u00fcr Managementsysteme sind Qualit\u00e4t, Verantwortung, Ressourcen, Produktentwicklung sowie die Messung und Analyse von Fehlern und Verbesserungsm\u00f6glichkeiten. <\/p>\n\n\n<a href=\"https:\/\/www.tele-radio.com\/app\/uploads\/Allgon-AB-Certificate-SE009776-2-9k-2024.pdf\" class=\"pdfemb-viewer\" style=\"\" data-width=\"max\" data-height=\"max\" data-toolbar=\"bottom\" data-toolbar-fixed=\"off\">Allgon-AB-Certificate-SE009776-2-9k-2024<\/a>\n<p class=\"wp-block-pdfemb-pdf-embedder-viewer\"><\/p>\n\n\n\n<h2 class=\"wp-block-heading\">ISO14001<\/h2>\n\n\n\n<p>ISO 14001 fordert, dass wir <a href=\"https:\/\/www.tele-radio.com\/de\/das-engagement-von-tele-radio-in-nachhaltigkeit-schreitet-weiter-voran\/\"><mark style=\"background-color:rgba(0, 0, 0, 0)\" class=\"has-inline-color has-luminous-vivid-amber-color\">Verantwortung f\u00fcr unsere Umwelt<\/mark><\/a> \u00fcbernehmen und infolgedessen Umweltverschmutzung vermeiden. Dar\u00fcber hinaus verlangt es, den Umgang mit der Umwelt Jahr f\u00fcr Jahr weiter zu verbessern. Unsere Forschung und Entwicklung hat sich zum Ziel gesetzt, dass unsere Produkte die Standards von REACH und RoHS erf\u00fcllen. REACH ist eine Verordnung der Europ\u00e4ischen Union. Durch diese sollen die menschliche Gesundheit sowie die Umwelt vor Risiken, die von Chemikalien ausgehen k\u00f6nnen, verbessert werden. Zeitgleich steigert jene die Wettbewerbsf\u00e4higkeit der chemischen Industrie der EU. <\/p>\n\n\n<a href=\"https:\/\/www.tele-radio.com\/app\/uploads\/Allgon-AB-Certificate-SE009777-2-14k-2024.pdf\" class=\"pdfemb-viewer\" style=\"\" data-width=\"max\" data-height=\"max\" data-toolbar=\"bottom\" data-toolbar-fixed=\"off\">Allgon-AB-Certificate-SE009777-2-14k-2024<\/a>\n<p class=\"wp-block-pdfemb-pdf-embedder-viewer\"><\/p>\n\n\n<p>\u00a0<\/p>\n<p>\u00a0<\/p>","protected":false},"excerpt":{"rendered":"<p>Tele Radio ist ein ISO zertifiziertes Unternehmen Tele Radio ist nach dem Qualit\u00e4tsmanagementsystem ISO 9001 und dem Managementsystem ISO 14001 als Teil einer Multi-Site-Zertifizierung unter dem Dach des Mutterunternehmens Allgon AB zertifiziert. Dies bedeutet, dass Sie sich auf uns verlassen k\u00f6nnen. Sie k\u00f6nnen auf unsere F\u00e4higkeiten, unser Wissen und unsere Ausf\u00fchrungen der Arbeit vertrauen. Ferner [&hellip;]<\/p>\n","protected":false},"author":29,"featured_media":9681,"parent":0,"menu_order":0,"comment_status":"closed","ping_status":"closed","template":"","meta":{"_acf_changed":false,"footnotes":""},"class_list":["post-6365","page","type-page","status-publish","has-post-thumbnail","hentry"],"acf":[],"_links":{"self":[{"href":"https:\/\/www.tele-radio.com\/de\/wp-json\/wp\/v2\/pages\/6365","targetHints":{"allow":["GET"]}}],"collection":[{"href":"https:\/\/www.tele-radio.com\/de\/wp-json\/wp\/v2\/pages"}],"about":[{"href":"https:\/\/www.tele-radio.com\/de\/wp-json\/wp\/v2\/types\/page"}],"author":[{"embeddable":true,"href":"https:\/\/www.tele-radio.com\/de\/wp-json\/wp\/v2\/users\/29"}],"replies":[{"embeddable":true,"href":"https:\/\/www.tele-radio.com\/de\/wp-json\/wp\/v2\/comments?post=6365"}],"version-history":[{"count":8,"href":"https:\/\/www.tele-radio.com\/de\/wp-json\/wp\/v2\/pages\/6365\/revisions"}],"predecessor-version":[{"id":226566,"href":"https:\/\/www.tele-radio.com\/de\/wp-json\/wp\/v2\/pages\/6365\/revisions\/226566"}],"wp:featuredmedia":[{"embeddable":true,"href":"https:\/\/www.tele-radio.com\/de\/wp-json\/wp\/v2\/media\/9681"}],"wp:attachment":[{"href":"https:\/\/www.tele-radio.com\/de\/wp-json\/wp\/v2\/media?parent=6365"}],"curies":[{"name":"wp","href":"https:\/\/api.w.org\/{rel}","templated":true}]}}