{"id":63636,"date":"2020-05-06T10:54:53","date_gmt":"2020-05-06T10:54:53","guid":{"rendered":"https:\/\/www.tele-radio.com\/custom-foils\/"},"modified":"2021-04-13T12:27:52","modified_gmt":"2021-04-13T12:27:52","slug":"kundenspezifische-folien","status":"publish","type":"page","link":"https:\/\/www.tele-radio.com\/de\/kundenspezifische-folien\/","title":{"rendered":"Kundenspezifische Folien"},"content":{"rendered":"<h1>JEDER SENDER MIT EIGENEM FOLIEN-DESIGN<\/h1>\n<p><strong>Eigene Logos, Farben, Symbole oder Texte.<\/strong><br><strong>Kundenspezifische Folien sorgen f\u00fcr zus\u00e4tzlichen Schutz, Sicherheit und Erkennbarkeit!<\/strong><\/p>\n\n\n<figure class=\"wp-block-image size-large\"><img loading=\"lazy\" decoding=\"async\" width=\"1200\" height=\"233\" src=\"https:\/\/www.tele-radio.com\/app\/uploads\/\/24694-TELE-RADIO-leaflet-custom-foils-A4-1200x233.png\" alt=\"\" class=\"wp-image-40228\" srcset=\"https:\/\/www.tele-radio.com\/app\/uploads\/24694-TELE-RADIO-leaflet-custom-foils-A4-1200x233.png 1200w, https:\/\/www.tele-radio.com\/app\/uploads\/24694-TELE-RADIO-leaflet-custom-foils-A4-400x78.png 400w, https:\/\/www.tele-radio.com\/app\/uploads\/24694-TELE-RADIO-leaflet-custom-foils-A4-768x149.png 768w, https:\/\/www.tele-radio.com\/app\/uploads\/24694-TELE-RADIO-leaflet-custom-foils-A4-750x146.png 750w, https:\/\/www.tele-radio.com\/app\/uploads\/24694-TELE-RADIO-leaflet-custom-foils-A4-500x97.png 500w, https:\/\/www.tele-radio.com\/app\/uploads\/24694-TELE-RADIO-leaflet-custom-foils-A4-1600x311.png 1600w, https:\/\/www.tele-radio.com\/app\/uploads\/24694-TELE-RADIO-leaflet-custom-foils-A4-800x156.png 800w\" sizes=\"auto, (max-width: 1200px) 100vw, 1200px\" \/><\/figure>\n\n\n\n<h3 class=\"wp-block-heading\">Kundenspezifische Folien bieten viele Vorteile<\/h3>\n\n\n\n<p>All unsere Sender und Empf\u00e4nger k\u00f6nnen mit einer kundenspezifischen Folie versehen werden. Diese kundenspezifische Folie ist zum Schutz des Senders unerl\u00e4sslich. Zudem gew\u00e4hrleistet sie eine sichere Anwendung und tr\u00e4gt dar\u00fcber hinaus zur Erkennbarkeit bei. Die Industriefolien k\u00f6nnen intensivem Gebrauch standhalten. Ferner sind sie vor Fl\u00fcssigkeiten und dem Ausbleichen gesch\u00fctzt. Das hat wiederum zur Folge, dass sie gegen Verf\u00e4rbungen resistent sind. Au\u00dferdem dienen kundenspezifische Folien als zus\u00e4tzliche Schutzschicht und sind robust gegen hohe Beanspruchung. Sonderfolien haben auch eine <strong>Sicherheitsfunktion<\/strong>. Durch die Verwendung klarer Symbole, die auf Ihre spezifische Anwendung zugeschnitten sind, k\u00f6nnen Fehler vermieden werden. Dadurch k\u00f6nnen Sie gezielt zu einer h\u00f6heren Arbeitssicherheit beitragen.<\/p>\n\n\n\n<h3 class=\"wp-block-heading\">Gestaltung zu 100% nach Ihren individuellen W\u00fcnschen<\/h3>\n\n\n\n<p>Wir gestalten Ihre Folien individuell nach Ihren W\u00fcnschen &#8211; nach den Vorgaben Ihrer Firma in Ihren Farben, mit Ihrem Logo und Ihren Funktionssymbolen. Ob schwarz oder grau, farbig oder gemustert, ob mit Buchstaben, Zahlen&nbsp; oder Symbolen, f\u00fcr jeden Sender und f\u00fcr jede Anwendung das passende Layout. Wie Sie sehen, k\u00f6nnen Sie das Layout vollumf\u00e4nglich selbst gestalten und somit personalisieren.<br>Unsere kundenspezifischen Folien unterliegen keiner Mindestbestellmenge. Wir k\u00f6nnen f\u00fcr jeden Sender und Empf\u00e4nger eine individuelle Folie als Zubeh\u00f6r liefern. Sie haben die M\u00f6glichkeit Ihre Folie selbst zu gestalten. Verlangen Sie einfach die entsprechende Vorlage von uns. Gerne fertigen wir die Folie aber auch nach Ihren Vorgaben f\u00fcr Sie an.<\/p>\n\n\n\n<p>Die untenstehenden Abbildungen kundenspezifischer Folien dienen lediglich der Orientierung. Jedoch k\u00f6nnen wir jedes, von Ihnen gew\u00fcnschte Design umsetzen.<\/p>\n\n\n\n<p><\/p>\n\n\n\n<p>Wenn Sie eine ma\u00dfgeschneiderte Folie bestellen m\u00f6chten, <a href=\"https:\/\/www.tele-radio.com\/de\/kontakt\/\">kontaktieren<\/a> Sie uns gerne jederzeit. Gerne senden wir Ihnen Preise, Anleitungen, Vorlagen oder digitales Designmaterial.<\/p>\n\n\n\n<p>Untenstehend finden Sie noch eine Auswahl an verschiedenen Designs.<\/p>\n\n\n\n<p><strong>Pult &#8211; Folien<\/strong><\/p>\n\n\n\n<figure class=\"wp-block-image size-large is-resized\"><img loading=\"lazy\" decoding=\"async\" src=\"https:\/\/www.tele-radio.com\/app\/uploads\/\/Pult-Folien-1200x1145.jpg\" alt=\"Kundenspezifische Pult-Folien\" class=\"wp-image-63642\" width=\"300\" height=\"286\" srcset=\"https:\/\/www.tele-radio.com\/app\/uploads\/Pult-Folien-1200x1145.jpg 1200w, https:\/\/www.tele-radio.com\/app\/uploads\/Pult-Folien-400x382.jpg 400w, https:\/\/www.tele-radio.com\/app\/uploads\/Pult-Folien-768x732.jpg 768w, https:\/\/www.tele-radio.com\/app\/uploads\/Pult-Folien-750x715.jpg 750w, https:\/\/www.tele-radio.com\/app\/uploads\/Pult-Folien-500x477.jpg 500w, https:\/\/www.tele-radio.com\/app\/uploads\/Pult-Folien-800x763.jpg 800w, https:\/\/www.tele-radio.com\/app\/uploads\/Pult-Folien.jpg 1276w\" sizes=\"auto, (max-width: 300px) 100vw, 300px\" \/><\/figure>\n\n\n\n<p><\/p>\n\n\n\n<p><strong>STL &#8211; Folien<\/strong><\/p>\n\n\n\n<figure class=\"wp-block-image size-large\"><img loading=\"lazy\" decoding=\"async\" width=\"377\" height=\"400\" src=\"https:\/\/www.tele-radio.com\/app\/uploads\/STL-Folien-1.png\" alt=\"\" class=\"wp-image-64331\"\/><\/figure>\n\n\n\n<p><\/p>\n\n\n\n<p><strong>PU &#8211; Folien<\/strong><\/p>\n\n\n\n<figure class=\"wp-block-image size-large\"><img loading=\"lazy\" decoding=\"async\" width=\"374\" height=\"400\" src=\"https:\/\/www.tele-radio.com\/app\/uploads\/PU-Folien.png\" alt=\"\" class=\"wp-image-64309\"\/><\/figure>\n","protected":false},"excerpt":{"rendered":"<p>JEDER SENDER MIT EIGENEM FOLIEN-DESIGN Eigene Logos, Farben, Symbole oder Texte.Kundenspezifische Folien sorgen f\u00fcr zus\u00e4tzlichen Schutz, Sicherheit und Erkennbarkeit! Kundenspezifische Folien bieten viele Vorteile All unsere Sender und Empf\u00e4nger k\u00f6nnen mit einer kundenspezifischen Folie versehen werden. Diese kundenspezifische Folie ist zum Schutz des Senders unerl\u00e4sslich. Zudem gew\u00e4hrleistet sie eine sichere Anwendung und tr\u00e4gt dar\u00fcber hinaus [&hellip;]<\/p>\n","protected":false},"author":29,"featured_media":47377,"parent":0,"menu_order":0,"comment_status":"closed","ping_status":"closed","template":"","meta":{"_acf_changed":false,"footnotes":""},"class_list":["post-63636","page","type-page","status-publish","has-post-thumbnail","hentry"],"acf":[],"_links":{"self":[{"href":"https:\/\/www.tele-radio.com\/de\/wp-json\/wp\/v2\/pages\/63636","targetHints":{"allow":["GET"]}}],"collection":[{"href":"https:\/\/www.tele-radio.com\/de\/wp-json\/wp\/v2\/pages"}],"about":[{"href":"https:\/\/www.tele-radio.com\/de\/wp-json\/wp\/v2\/types\/page"}],"author":[{"embeddable":true,"href":"https:\/\/www.tele-radio.com\/de\/wp-json\/wp\/v2\/users\/29"}],"replies":[{"embeddable":true,"href":"https:\/\/www.tele-radio.com\/de\/wp-json\/wp\/v2\/comments?post=63636"}],"version-history":[{"count":5,"href":"https:\/\/www.tele-radio.com\/de\/wp-json\/wp\/v2\/pages\/63636\/revisions"}],"predecessor-version":[{"id":64357,"href":"https:\/\/www.tele-radio.com\/de\/wp-json\/wp\/v2\/pages\/63636\/revisions\/64357"}],"wp:featuredmedia":[{"embeddable":true,"href":"https:\/\/www.tele-radio.com\/de\/wp-json\/wp\/v2\/media\/47377"}],"wp:attachment":[{"href":"https:\/\/www.tele-radio.com\/de\/wp-json\/wp\/v2\/media?parent=63636"}],"curies":[{"name":"wp","href":"https:\/\/api.w.org\/{rel}","templated":true}]}}