{"id":6346,"date":"2018-05-10T13:36:49","date_gmt":"2018-05-10T13:36:49","guid":{"rendered":"https:\/\/www.tele-radio.com\/specialized-production\/"},"modified":"2024-09-06T09:27:37","modified_gmt":"2024-09-06T09:27:37","slug":"kundenspezifische-funkfernsteuerung","status":"publish","type":"page","link":"https:\/\/www.tele-radio.com\/de\/kundenspezifische-funkfernsteuerung\/","title":{"rendered":"Kundenspezifische Produkte"},"content":{"rendered":"<h1>Kundenspezifische Funkfernsteuerungen<\/h1>\n<p>Wir bei Tele Radio sind davon \u00fcberzeugt, dass es oftmals n\u00f6tig ist, das Produkt individuell an den Kunden anzupassen. Dadurch k\u00f6nnen wir die Zufriedenheit des Kunden steigern. Unsere Produkte passen sich Ihren individuellen Anforderungen an &#8211; nicht umgekehrt. Um kundenspezifische L\u00f6sungen zu erarbeiten, haben wir ein Team in der Technik, das sich diesem Bereich widmet. Kundenspezifische L\u00f6sungen k\u00f6nnen sehr unterschiedlich sein. W\u00e4hrend der eine Kunde eine spezielle Softwarel\u00f6sung ben\u00f6tigt, um seine Anwendung auf einzigartige Weise zu steuern, ben\u00f6tigen andere Kunden eine individuelle Hardware. Dar\u00fcber hinaus kann es auch sein, dass ein Kunde sowohl bei der Software als auch bei der Hardware Anpassungen ben\u00f6tigt.<\/p>\n<p>Dar\u00fcber hinaus werden all unsere Produkte &#8211; sofern gew\u00fcnscht &#8211; mit <a href=\"https:\/\/www.tele-radio.com\/de\/kundenspezifische-folien\/\">kundenspezifischen Folien<\/a> versehen. Dadurch passen sich Tele Radio Funkfernsteuerungen zu 100% an Ihr Firmenimage an.<\/p>\n<p>In allen kundenspezifischen F\u00e4llen, versuchen wir, eine kosteng\u00fcnstige und auf Ihre Bed\u00fcrfnisse perfekt abgestimmte L\u00f6sung zu finden.<\/p>\n<p><img loading=\"lazy\" decoding=\"async\" class=\"aligncenter size-full wp-image-6294\" src=\"https:\/\/www.tele-radio.com\/app\/uploads\/customer-foil.jpg\" alt=\"Customer using Tele Radio remote with custom foil\" width=\"1200\" height=\"495\" srcset=\"https:\/\/www.tele-radio.com\/app\/uploads\/customer-foil.jpg 1200w, https:\/\/www.tele-radio.com\/app\/uploads\/customer-foil-400x165.jpg 400w, https:\/\/www.tele-radio.com\/app\/uploads\/customer-foil-768x317.jpg 768w, https:\/\/www.tele-radio.com\/app\/uploads\/customer-foil-750x309.jpg 750w, https:\/\/www.tele-radio.com\/app\/uploads\/customer-foil-500x206.jpg 500w, https:\/\/www.tele-radio.com\/app\/uploads\/customer-foil-800x330.jpg 800w\" sizes=\"auto, (max-width: 1200px) 100vw, 1200px\" \/><\/p>\n<h2>Software oder Hardware?<\/h2>\n<p>Jedes Projekt variiert in seiner Komplexit\u00e4t. 90% aller kundenspezifischen Projekte lassen sich mithilfe von Software\u00e4nderungen realisieren. Dies ist schnell umsetzbar, sodass Sie bereits innerhalb weniger Tage die nach Ihren W\u00fcnschen angepasste Software erhalten.<\/p>\n<p>Insofern Sie eine komplexere Anpassung an Ihre Anwendung ben\u00f6tigen, stellt dies kein Problem f\u00fcr Tele Radio dar. Solche Projekte bestehen in der Regel aus Soft- und Hardware\u00e4nderungen. Folglich bieten Sie am Ende dem Kunden eine individuelle Steuerungsl\u00f6sung. Auch solche Projekte lassen sich realisieren. Allerdings ben\u00f6tigen wir hierf\u00fcr zus\u00e4tzliche Kundengespr\u00e4che sowie Besprechungen innerhalb des Tele Radio Teams. Dadurch stellen wir sicher, dass die Funkfernsteuerung am Ende genau nach Ihren individuellen W\u00fcnschen funktioniert.<\/p>\n<p>Wir setzen jedes Jahr hunderte solcher kundenspezifischer Projekte um.<\/p>\n<p><img loading=\"lazy\" decoding=\"async\" class=\"aligncenter wp-image-6293 size-full\" src=\"https:\/\/www.tele-radio.com\/app\/uploads\/custom_remotes_from_Tele_Radio.jpg\" alt=\"Kundenspezifische, individuelle Funkfernsteuerung\" width=\"1200\" height=\"499\" srcset=\"https:\/\/www.tele-radio.com\/app\/uploads\/custom_remotes_from_Tele_Radio.jpg 1200w, https:\/\/www.tele-radio.com\/app\/uploads\/custom_remotes_from_Tele_Radio-400x166.jpg 400w, https:\/\/www.tele-radio.com\/app\/uploads\/custom_remotes_from_Tele_Radio-768x319.jpg 768w, https:\/\/www.tele-radio.com\/app\/uploads\/custom_remotes_from_Tele_Radio-750x312.jpg 750w, https:\/\/www.tele-radio.com\/app\/uploads\/custom_remotes_from_Tele_Radio-500x208.jpg 500w, https:\/\/www.tele-radio.com\/app\/uploads\/custom_remotes_from_Tele_Radio-800x333.jpg 800w\" sizes=\"auto, (max-width: 1200px) 100vw, 1200px\" \/><\/p>\n<h2>Sie sind einzigartig!<\/h2>\n<p>Wir wissen, dass die Anwendungen unserer Kunden oft sehr individuell sind. Deshalb glauben wir nicht, dass es ein Standardprodukt gibt, welches allen Bed\u00fcrfnissen gerecht wird.<\/p>\n<p>Unsere Produkte individuell an den Kunden anzupassen, ist unserer Meinung nach ein f\u00fcr beide Seiten vorteilhaftes Vorgehen. Dadurch gelingt es uns, dem Kunden n\u00e4her zu kommen und diese besser zu verstehen. Infolgedessen k\u00f6nnen wir unsere Produkte weiterentwickeln, sodass sie die Bed\u00fcrfnisse unserer Kunden widerspiegeln. Dies stellt eine Win-Win-Situation f\u00fcr jeden von uns dar.<\/p>\n","protected":false},"excerpt":{"rendered":"<p>Kundenspezifische Funkfernsteuerungen Wir bei Tele Radio sind davon \u00fcberzeugt, dass es oftmals n\u00f6tig ist, das Produkt individuell an den Kunden anzupassen. Dadurch k\u00f6nnen wir die Zufriedenheit des Kunden steigern. Unsere Produkte passen sich Ihren individuellen Anforderungen an &#8211; nicht umgekehrt. Um kundenspezifische L\u00f6sungen zu erarbeiten, haben wir ein Team in der Technik, das sich diesem [&hellip;]<\/p>\n","protected":false},"author":29,"featured_media":11787,"parent":0,"menu_order":0,"comment_status":"closed","ping_status":"closed","template":"","meta":{"_acf_changed":false,"footnotes":""},"class_list":["post-6346","page","type-page","status-publish","has-post-thumbnail","hentry"],"acf":[],"_links":{"self":[{"href":"https:\/\/www.tele-radio.com\/de\/wp-json\/wp\/v2\/pages\/6346","targetHints":{"allow":["GET"]}}],"collection":[{"href":"https:\/\/www.tele-radio.com\/de\/wp-json\/wp\/v2\/pages"}],"about":[{"href":"https:\/\/www.tele-radio.com\/de\/wp-json\/wp\/v2\/types\/page"}],"author":[{"embeddable":true,"href":"https:\/\/www.tele-radio.com\/de\/wp-json\/wp\/v2\/users\/29"}],"replies":[{"embeddable":true,"href":"https:\/\/www.tele-radio.com\/de\/wp-json\/wp\/v2\/comments?post=6346"}],"version-history":[{"count":12,"href":"https:\/\/www.tele-radio.com\/de\/wp-json\/wp\/v2\/pages\/6346\/revisions"}],"predecessor-version":[{"id":227604,"href":"https:\/\/www.tele-radio.com\/de\/wp-json\/wp\/v2\/pages\/6346\/revisions\/227604"}],"wp:featuredmedia":[{"embeddable":true,"href":"https:\/\/www.tele-radio.com\/de\/wp-json\/wp\/v2\/media\/11787"}],"wp:attachment":[{"href":"https:\/\/www.tele-radio.com\/de\/wp-json\/wp\/v2\/media?parent=6346"}],"curies":[{"name":"wp","href":"https:\/\/api.w.org\/{rel}","templated":true}]}}