{"id":6327,"date":"2018-05-10T13:36:29","date_gmt":"2018-05-10T13:36:29","guid":{"rendered":"https:\/\/www.tele-radio.com\/why-remote-control\/"},"modified":"2021-03-31T12:14:10","modified_gmt":"2021-03-31T12:14:10","slug":"sicherheits-funkfernsteuerung","status":"publish","type":"page","link":"https:\/\/www.tele-radio.com\/de\/sicherheits-funkfernsteuerung\/","title":{"rendered":"Sicherheits-funkfernsteuerungen"},"content":{"rendered":"<h1>Warum Funkfernsteuerungen?<\/h1>\n<h2>Die Vorteile von Funkfernsteuerungen<\/h2>\n<p>Eine (Sicherheits-)Funkfernsteuerung ist eine sichere und komfortable M\u00f6glichkeit zur Steuerung von Maschinen. Dar\u00fcber hinaus wirken diese arbeitserleichternd. Tele Radio Funkfernsteuerungen sind robust, wodurch sie auch in rauer Umgebung eingesetzt werden k\u00f6nnen. Einer der gr\u00f6\u00dften Vorteile\u00a0 ist, dass der Bediener nicht st\u00e4ndig seinen Standort &#8211; zwischen dem Arbeitsplatz und der Maschine &#8211; wechseln muss, um die Anwendung zu steuern. Dadurch kann sich der Anwender genau an der Stelle positionieren, an der er sich befinden muss. Er unterliegt keinen Einschr\u00e4nkungen, die ein Bedienfeld oder eine Kabelsteuerung von Natur aus mitbringen. Dies erleichtert die Arbeit ungemein.<\/p>\n<p>Eine Funkfernsteuerung ist &#8211; im Gegensatz zu einem kabelgebundenen System &#8211; niemals st\u00f6rend im Weg. Ein Kabel ist nicht nur hinderlich bei der Arbeit, es stellt ebenfalls ein Sicherheitsrisiko beispielsweise als Stolperfalle dar. Dar\u00fcber hinaus ist sehr anf\u00e4llig f\u00fcr Besch\u00e4digungen. Infolgedessen kann es zu sowohl zu kostspieligen als auch zu zeitaufw\u00e4ndigen Reparaturen w\u00e4hrend des Arbeitstages kommen. Noch problematischer gestaltet sich eine Reparatur au\u00dferhalb der \u00d6ffnungszeiten des Herstellers. Aus diesem Grund sollten Sie etwaige Kosten eines Produktionstillstandes beim Kauf einer Steuerung unbedingt einkalkulieren. Die Ausfallkosten \u00fcbersteigen oftmals die Reparaturkosten um ein Vielfaches.<\/p>\n<p><img loading=\"lazy\" decoding=\"async\" class=\"aligncenter wp-image-6288 size-full\" src=\"https:\/\/www.tele-radio.com\/app\/uploads\/eot_lifting.jpg\" alt=\"Kranbediener mit einer Tele Radio Fernsteuerung\" width=\"1200\" height=\"515\" srcset=\"https:\/\/www.tele-radio.com\/app\/uploads\/eot_lifting.jpg 1200w, https:\/\/www.tele-radio.com\/app\/uploads\/eot_lifting-400x172.jpg 400w, https:\/\/www.tele-radio.com\/app\/uploads\/eot_lifting-768x330.jpg 768w, https:\/\/www.tele-radio.com\/app\/uploads\/eot_lifting-750x322.jpg 750w, https:\/\/www.tele-radio.com\/app\/uploads\/eot_lifting-500x215.jpg 500w, https:\/\/www.tele-radio.com\/app\/uploads\/eot_lifting-800x343.jpg 800w\" sizes=\"auto, (max-width: 1200px) 100vw, 1200px\" \/><\/p>\n<h2>Bewegungsfreiheit durch Funkfernsteuerungen<\/h2>\n<p>Funkfernsteuerungen haben einen weiteren Vorteil gegen\u00fcber kabelgebundenen Systeme: Die Bewegungsfreiheit. Unabh\u00e4ngig von der Anwendung. Ob beispielsweise beim Bedienen einer Presse, eines Holzzerkleinerers, eines Hochdruckreinigers oder einer Hebeanwendung.<\/p>\n<p>Dar\u00fcber hinaus hat der Anwender die Gewissheit, dass der STOPP-Taster immer in greifbarer Reichweite ist. Folglich tr\u00e4gt eine Funkfernsteuerung\u00a0 wesentlich dazu bei, die Risiken am Arbeitsplatz zu begrenzen. Tele Radio bietet viele Sicherheitsfunktionen. Wir lassen unsere Systeme nach den h\u00f6chsten Sicherheitstandards der Industrie von <a href=\"https:\/\/www.tele-radio.com\/de\/benannte-stelle\/\">unabh\u00e4ngigen Pr\u00fcfinstituten<\/a> zertifizieren, um sicher zu stellen, dass diese auch unter h\u00e4rtesten Bedingungen funktionieren. Systeme mit den h\u00f6chsten Sicherheitsanforderungen sind nach SIL3, PLe oder PLd zertifiziert.\u00a0 Diese Systeme verf\u00fcgen \u00fcber redundante Sicherheitsrelais, die sicherstellen, dass Sie auch bei einer Fehlfunktion immer noch die Kontrolle \u00fcber Ihre Maschine behalten.<\/p>\n<p><img loading=\"lazy\" decoding=\"async\" class=\"aligncenter wp-image-6287 size-full\" src=\"https:\/\/www.tele-radio.com\/app\/uploads\/tow.jpg\" alt=\"Ein Auto sicher mit einer Funkfernsteuerung abschleppen.\" width=\"1200\" height=\"612\" srcset=\"https:\/\/www.tele-radio.com\/app\/uploads\/tow.jpg 1200w, https:\/\/www.tele-radio.com\/app\/uploads\/tow-400x204.jpg 400w, https:\/\/www.tele-radio.com\/app\/uploads\/tow-768x392.jpg 768w, https:\/\/www.tele-radio.com\/app\/uploads\/tow-750x383.jpg 750w, https:\/\/www.tele-radio.com\/app\/uploads\/tow-500x255.jpg 500w, https:\/\/www.tele-radio.com\/app\/uploads\/tow-800x408.jpg 800w\" sizes=\"auto, (max-width: 1200px) 100vw, 1200px\" \/><\/p>\n<h2>Was macht eine Funkfernsteuerung sicherer als eine Kabelsteuerung?<\/h2>\n<p>Bei unsachgem\u00e4\u00dfer Bedienung wird jede Maschine und der dazugeh\u00f6rige Anwendungsbereich unsicher. Bei richtiger Verwendung hat eine Funkfernsteuerung viele Vorteile gegen\u00fcber einer herk\u00f6mmlichen Kabelsteuerung. Zus\u00e4tzlich zu den oben bereits genannten Vorteilen verf\u00fcgen unsere Systeme \u00fcber verschiedene Sicherheitsmerkmale wie die einstellbare &#8222;Donut&#8220;-Funktion. Diese Funktion erm\u00f6glicht es einen bestimmten Arbeitsbereich f\u00fcr den Sender festzulegen. Zum Beispiel nicht in unmittelbarer N\u00e4he der Maschine &#8211; da es hier zu gef\u00e4hrlich ist &#8211; aber auch nicht zu weit entfernt, da hier der Nutzer au\u00dferhalb der Sichtweite ist. Der robuste Handsender kann somit nur in diesem vordefinierten Bereich funktionieren. Mit einer kabelgebundenen Steuerung ist eine solche Funktion gar nicht oder nur schwer zu realisieren. Unsere Sender verwenden einen eindeutigen Schl\u00fcssel, der \u00fcber eine spezielle, separate Software \u00fcbermittelt wird, um zu verhindern, dass eine Maschine von einem nicht autorisierten Sender gesteuert wird oder das Signal unterbrochen wird.\u00a0 Der Startvorgang selbst kann zus\u00e4tzlich durch einen PIN-Code gesichert werden.<\/p>\n<p><img loading=\"lazy\" decoding=\"async\" class=\"alignnone size-medium wp-image-22518\" src=\"https:\/\/www.tele-radio.com\/app\/uploads\/\/Certified-2-400x400.jpg\" alt=\"\" width=\"400\" height=\"400\" srcset=\"https:\/\/www.tele-radio.com\/app\/uploads\/Certified-2-400x400.jpg 400w, https:\/\/www.tele-radio.com\/app\/uploads\/Certified-2-150x150.jpg 150w, https:\/\/www.tele-radio.com\/app\/uploads\/Certified-2-768x768.jpg 768w, https:\/\/www.tele-radio.com\/app\/uploads\/Certified-2-250x250.jpg 250w, https:\/\/www.tele-radio.com\/app\/uploads\/Certified-2-750x750.jpg 750w, https:\/\/www.tele-radio.com\/app\/uploads\/Certified-2-500x500.jpg 500w, https:\/\/www.tele-radio.com\/app\/uploads\/Certified-2.jpg 800w\" sizes=\"auto, (max-width: 400px) 100vw, 400px\" \/><\/p>\n<h2>Unabh\u00e4ngiges Test- und Zertifizierungsinstitut<\/h2>\n<p>In 95 % der F\u00e4lle erfolgt die Pr\u00fcfung f\u00fcr die vorgeschriebenen Sicherheitskennzeichnungen und -erkl\u00e4rungen durch den Hersteller der Maschinen und Komponenten selbst. Inwieweit der Hersteller die Tests und Analysen entsprechend den Anforderungen der Richtlinien durchgef\u00fchrt hat, bleibt f\u00fcr den Endbenutzer jedoch unklar. Tele Radio ist sich der Tatsache bewusst, dass unsere Systeme unter kritischen Bedingungen eingesetzt werden. Um ein H\u00f6chstma\u00df an Sicherheit zu gew\u00e4hrleisten, werden unsere Produkte daher von einem anerkannten unabh\u00e4ngigen Institut gepr\u00fcft. Diese Zertifikate k\u00f6nnen immer vorgelegt werden, falls Sie diese ben\u00f6tigen. Als Benutzer sollten sie zu 100% auf die Sicherheit der Tele Radio Produkte vertrauen k\u00f6nnen.<\/p>\n","protected":false},"excerpt":{"rendered":"<p>Warum Funkfernsteuerungen? Die Vorteile von Funkfernsteuerungen Eine (Sicherheits-)Funkfernsteuerung ist eine sichere und komfortable M\u00f6glichkeit zur Steuerung von Maschinen. Dar\u00fcber hinaus wirken diese arbeitserleichternd. Tele Radio Funkfernsteuerungen sind robust, wodurch sie auch in rauer Umgebung eingesetzt werden k\u00f6nnen. Einer der gr\u00f6\u00dften Vorteile\u00a0 ist, dass der Bediener nicht st\u00e4ndig seinen Standort &#8211; zwischen dem Arbeitsplatz und der [&hellip;]<\/p>\n","protected":false},"author":29,"featured_media":120751,"parent":0,"menu_order":0,"comment_status":"closed","ping_status":"closed","template":"","meta":{"_acf_changed":false,"footnotes":""},"class_list":["post-6327","page","type-page","status-publish","has-post-thumbnail","hentry"],"acf":[],"_links":{"self":[{"href":"https:\/\/www.tele-radio.com\/de\/wp-json\/wp\/v2\/pages\/6327","targetHints":{"allow":["GET"]}}],"collection":[{"href":"https:\/\/www.tele-radio.com\/de\/wp-json\/wp\/v2\/pages"}],"about":[{"href":"https:\/\/www.tele-radio.com\/de\/wp-json\/wp\/v2\/types\/page"}],"author":[{"embeddable":true,"href":"https:\/\/www.tele-radio.com\/de\/wp-json\/wp\/v2\/users\/29"}],"replies":[{"embeddable":true,"href":"https:\/\/www.tele-radio.com\/de\/wp-json\/wp\/v2\/comments?post=6327"}],"version-history":[{"count":10,"href":"https:\/\/www.tele-radio.com\/de\/wp-json\/wp\/v2\/pages\/6327\/revisions"}],"predecessor-version":[{"id":63630,"href":"https:\/\/www.tele-radio.com\/de\/wp-json\/wp\/v2\/pages\/6327\/revisions\/63630"}],"wp:featuredmedia":[{"embeddable":true,"href":"https:\/\/www.tele-radio.com\/de\/wp-json\/wp\/v2\/media\/120751"}],"wp:attachment":[{"href":"https:\/\/www.tele-radio.com\/de\/wp-json\/wp\/v2\/media?parent=6327"}],"curies":[{"name":"wp","href":"https:\/\/api.w.org\/{rel}","templated":true}]}}