{"id":60077,"date":"2021-02-08T14:02:28","date_gmt":"2021-02-08T14:02:28","guid":{"rendered":"https:\/\/www.tele-radio.com\/?page_id=60077"},"modified":"2026-03-10T10:52:58","modified_gmt":"2026-03-10T10:52:58","slug":"impressum","status":"publish","type":"page","link":"https:\/\/www.tele-radio.com\/de\/impressum\/","title":{"rendered":"Impressum"},"content":{"rendered":"\n<p class=\"has-large-font-size\"><strong>Impressum<\/strong><\/p>\n\n\n\n<p class=\"has-medium-font-size\">Finden Sie untenstehend das Impressum zu der <a href=\"https:\/\/www.tele-radio.com\/de\/\">Deutschen Seite<\/a> der globalen Tele Radio Homepage.<br><br>Dies ist ein gemeinsamer Webauftritt von<\/p>\n\n\n\n<p><strong>Tele Radio GmbH Funkfernsteuerungen<\/strong><br><br>Gesch\u00e4ftsf\u00fchrer: Christian Kolbe<br>Flurweg 12<br>84069 Schierling<br>Deutschland<br><br>Tel.: +49 (0) 9451 &#8211; 944 855 0<br>Fax: +49 (0) 9451 &#8211; 944 855 55<br>E-Mail: <a href=\"mailto:kontakt.de1@tele-radio.com\">kontakt.de1@tele-radio.com<\/a><br><br>Handelsregister: Amtsgericht Regensburg, HRB-8258<br>USt.-IdNr.: DE813218608<\/p>\n\n\n\n<p><strong>UND<\/strong><\/p>\n\n\n\n<p><strong>Tele Radio Nord GmbH<\/strong><br><br>Gesch\u00e4ftsf\u00fchrer: Ren\u00e9 L\u00fcder<br>M\u00fchlenweg 143<br>22844 Norderstedt<br>Deutschland<br><br>Tel.: +49 (0) 40 325 9585 0<br>Fax: +49 (0) 40 325 9585 10<br>E-Mail: <a href=\"mailto:contact@teleradio-nord.de\">contact@teleradio-nord.de<\/a><br><br>Handelsregister: Amtsgericht Kiel, HRB-17394 KI<br>USt.-IdNr.: DE 304632215<\/p>\n\n\n\n<p>Impressum gem\u00e4\u00df <a href=\"https:\/\/www.gesetze-im-internet.de\/tmg\/__5.html\">\u00a7 5 TMG<\/a>.<\/p>\n","protected":false},"excerpt":{"rendered":"<p>Impressum Finden Sie untenstehend das Impressum zu der Deutschen Seite der globalen Tele Radio Homepage. Dies ist ein gemeinsamer Webauftritt von Tele Radio GmbH Funkfernsteuerungen Gesch\u00e4ftsf\u00fchrer: Christian KolbeFlurweg 1284069 SchierlingDeutschland Tel.: +49 (0) 9451 &#8211; 944 855 0Fax: +49 (0) 9451 &#8211; 944 855 55E-Mail: kontakt.de1@tele-radio.com Handelsregister: Amtsgericht Regensburg, HRB-8258USt.-IdNr.: DE813218608 UND Tele Radio Nord [&hellip;]<\/p>\n","protected":false},"author":66,"featured_media":75470,"parent":0,"menu_order":0,"comment_status":"closed","ping_status":"closed","template":"","meta":{"_acf_changed":false,"footnotes":""},"class_list":["post-60077","page","type-page","status-publish","has-post-thumbnail","hentry"],"acf":[],"_links":{"self":[{"href":"https:\/\/www.tele-radio.com\/de\/wp-json\/wp\/v2\/pages\/60077","targetHints":{"allow":["GET"]}}],"collection":[{"href":"https:\/\/www.tele-radio.com\/de\/wp-json\/wp\/v2\/pages"}],"about":[{"href":"https:\/\/www.tele-radio.com\/de\/wp-json\/wp\/v2\/types\/page"}],"author":[{"embeddable":true,"href":"https:\/\/www.tele-radio.com\/de\/wp-json\/wp\/v2\/users\/66"}],"replies":[{"embeddable":true,"href":"https:\/\/www.tele-radio.com\/de\/wp-json\/wp\/v2\/comments?post=60077"}],"version-history":[{"count":16,"href":"https:\/\/www.tele-radio.com\/de\/wp-json\/wp\/v2\/pages\/60077\/revisions"}],"predecessor-version":[{"id":283172,"href":"https:\/\/www.tele-radio.com\/de\/wp-json\/wp\/v2\/pages\/60077\/revisions\/283172"}],"wp:featuredmedia":[{"embeddable":true,"href":"https:\/\/www.tele-radio.com\/de\/wp-json\/wp\/v2\/media\/75470"}],"wp:attachment":[{"href":"https:\/\/www.tele-radio.com\/de\/wp-json\/wp\/v2\/media?parent=60077"}],"curies":[{"name":"wp","href":"https:\/\/api.w.org\/{rel}","templated":true}]}}