{"id":5850,"date":"2018-05-10T12:14:25","date_gmt":"2018-05-10T12:14:25","guid":{"rendered":"https:\/\/www.tele-radio.com\/lynx\/"},"modified":"2021-12-02T09:59:48","modified_gmt":"2021-12-02T09:59:48","slug":"lynx","status":"publish","type":"page","link":"https:\/\/www.tele-radio.com\/de\/lynx\/","title":{"rendered":"Lynx"},"content":{"rendered":"<h2>Lynx ist ein Funkfernsteuerungssystem mit Feedback-\/Duplexfunktion<\/h2>\n<p>Tele Radio hat das Lynx-System vor allem f\u00fcr die Menschen entwickelt, die ein Feedback von ihren Ger\u00e4ten ben\u00f6tigen. Sowohl die Handeinheit als auch die station\u00e4re Einheit des Systems arbeiten beide im Duplexbetrieb. Dies entspricht einer sog. &#8222;Zwei-Wege-Kommunikation&#8220;. Sie erhalten folglich sichtbares Feedback \u00fcber die LEDs an Ihrem Sender. Dieses System eignet sich daher insbesondere f\u00fcr die Steuerung von Anwendungen, bei denen Sie Informationen lesen m\u00fcssen und R\u00fcckmeldungen ben\u00f6tigen. Als Beispiel hierf\u00fcr k\u00f6nnen verschiedene Maschinenanwendungen mit Sensoren genannt werden. Wenn Sie Ihre Anwendung mit einer Funkfernsteuerung bedienen, gew\u00e4hrt Ihnen jenes ein hohes Ma\u00df an Sicherheit. Gr\u00fcnde hierf\u00fcr sind die eindeutigen IDs Ihres Senders sowie Warnsignale. Aus vier Milliarden verf\u00fcgbaren IDs verf\u00fcgt jeder Sender \u00fcber eine eindeutige ID. Zudem meldet der Sender, wenn der Batteriestand niedrig ist.<\/p>\n<p>Das System arbeitet auf einer Frequenz von 2,4 GHz. Dadurch k\u00f6nnen Sie das System weltweit einsetzen. Zudem bietet Ihnen jenes eine sichere und starke \u00dcbertragung. Dar\u00fcber hinaus verf\u00fcgt diese Funkfernsteuerung \u00fcber bipolare Transistoren. Diese bringen mehr Flexibilit\u00e4t mit sich. Au\u00dferdem kommuniziert Lynx \u00fcber eine serielle Kommunikation (RS232, RS485, Modbus) sogar mit Ihrem PC oder Ihrer SPS. Damit die Kommunikation zwischen Ihrem PC oder Ihrer SPS funktioniert, ist eine gewisse Softwareentwicklung erforderlich.<\/p>\n<h3>Sender mit Drucktasten<\/h3>\n<p>Die Sender von Lynx sind mit drei verschiedenen Tastenkonfigurationen erh\u00e4ltlich &#8211; drei, sechs und acht Tasten. Sie verf\u00fcgen au\u00dferdem \u00fcber f\u00fcnf LEDs, die Sie zur Anzeige des Betriebsstatus programmieren k\u00f6nnen. Zudem besitzen die Sender die Schutzklasse IP65.<br \/>\n\n        <div class=\"product-list\">\n\n            \n        <\/div>\n\n        <\/p>\n<h3>Lynx-Empf\u00e4nger<\/h3>\n<p>Der Empf\u00e4nger ist f\u00fcr den Anschluss an eine Maschinenschnittstelle oder verschiedene Sonden mittels eines offenen Kollektors vorgesehen. Zwei Lynx-Empf\u00e4nger k\u00f6nnen verwendet werden, um ein <a href=\"https:\/\/www.tele-radio.com\/de\/tandemkrane\/\">Kran-zu-Kran<\/a> Antikollisionssystem gem\u00e4\u00df der DIN-Norm DIN15011:2011 aufzubauen.<br \/>\n\n        <div class=\"product-list\">\n\n            \n                <div class=\"product\" onclick=\"window.location='https:\/\/www.tele-radio.com\/de\/lynx-empfaenger'\">\n\n                    <div class=\"image\" style=\"background-image:url(https:\/\/api.tele-radio.com\/images\/690\/lynx-empfanger-lxs-mn-ctc?frame=6&size=250);\"><\/div>\n\n                    <div class=\"title\">Lynx, Empf\u00e4nger<\/div>\n                    <div class=\"title sub\">\n                        <div class=\"artno-row\"><span>2,4 GHz<\/span><br>LXS-MN-CTC<\/div>                        <\/div>\n                    <button>Lesen Sie mehr dazu<\/button>\n                <\/div>\n\n                \n        <\/div>\n\n        <\/p>\n<p>Sie haben Fragen oder Anmerkungen? Dann kontaktieren Sie uns gerne jederzeit. Wir stehen Ihnen selbstverst\u00e4ndlich beratend zur Seite und unterst\u00e4tzen Sie bei Ihrer individuellen L\u00f6sungsfindung zu Ihrer Anwendung.<\/p>\n","protected":false},"excerpt":{"rendered":"<p>Lynx ist ein Funkfernsteuerungssystem mit Feedback-\/Duplexfunktion Tele Radio hat das Lynx-System vor allem f\u00fcr die Menschen entwickelt, die ein Feedback von ihren Ger\u00e4ten ben\u00f6tigen. Sowohl die Handeinheit als auch die station\u00e4re Einheit des Systems arbeiten beide im Duplexbetrieb. Dies entspricht einer sog. &#8222;Zwei-Wege-Kommunikation&#8220;. Sie erhalten folglich sichtbares Feedback \u00fcber die LEDs an Ihrem Sender. Dieses [&hellip;]<\/p>\n","protected":false},"author":29,"featured_media":9231,"parent":0,"menu_order":0,"comment_status":"closed","ping_status":"closed","template":"","meta":{"_acf_changed":false,"footnotes":""},"class_list":["post-5850","page","type-page","status-publish","has-post-thumbnail","hentry"],"acf":[],"_links":{"self":[{"href":"https:\/\/www.tele-radio.com\/de\/wp-json\/wp\/v2\/pages\/5850","targetHints":{"allow":["GET"]}}],"collection":[{"href":"https:\/\/www.tele-radio.com\/de\/wp-json\/wp\/v2\/pages"}],"about":[{"href":"https:\/\/www.tele-radio.com\/de\/wp-json\/wp\/v2\/types\/page"}],"author":[{"embeddable":true,"href":"https:\/\/www.tele-radio.com\/de\/wp-json\/wp\/v2\/users\/29"}],"replies":[{"embeddable":true,"href":"https:\/\/www.tele-radio.com\/de\/wp-json\/wp\/v2\/comments?post=5850"}],"version-history":[{"count":3,"href":"https:\/\/www.tele-radio.com\/de\/wp-json\/wp\/v2\/pages\/5850\/revisions"}],"predecessor-version":[{"id":87463,"href":"https:\/\/www.tele-radio.com\/de\/wp-json\/wp\/v2\/pages\/5850\/revisions\/87463"}],"wp:featuredmedia":[{"embeddable":true,"href":"https:\/\/www.tele-radio.com\/de\/wp-json\/wp\/v2\/media\/9231"}],"wp:attachment":[{"href":"https:\/\/www.tele-radio.com\/de\/wp-json\/wp\/v2\/media?parent=5850"}],"curies":[{"name":"wp","href":"https:\/\/api.w.org\/{rel}","templated":true}]}}