{"id":5706,"date":"2018-05-04T14:47:03","date_gmt":"2018-05-04T14:47:03","guid":{"rendered":"https:\/\/www.tele-radio.com\/about-us\/"},"modified":"2024-08-28T07:57:01","modified_gmt":"2024-08-28T07:57:01","slug":"das-unternehmen-tele-radio","status":"publish","type":"page","link":"https:\/\/www.tele-radio.com\/de\/das-unternehmen-tele-radio\/","title":{"rendered":"Das Unternehmen"},"content":{"rendered":"<h1>Tele Radio<\/h1>\n<p>Tele Radio entwickelt, produziert und vermarktet Sicherheits-Funkfernsteuerungen f\u00fcr den industriellen Einsatz seit \u00fcber 65 Jahren. Das Unternehmen wurde 1955 in Lysekil gegr\u00fcndet und hat sich seither zu einer expansiven Unternehmensgruppe, der Tele Radio Group, entwickelt. Die Zentrale\u00a0 befindet sich vor den Toren von G\u00f6teborg, in Askim. Neben dieser existieren eine Vielzahl von Tochtergesellschaften in Europa, den USA, Australien und Asien. Ferner gibt es weitere Partner und H\u00e4ndler auf der ganzen Welt.<\/p>\n<h2><\/h2>\n<h2>Forschung &amp; Entwicklung<\/h2>\n<p>Die Forschung und Entwicklung f\u00fcr alle Produkte erfolgt durch Tele Radio selbst. Mit \u00fcber 60 Jahren Erfahrung haben wir solide Kenntnisse im Bereich Sicherheits-Funkfernsteuerungssysteme. Unsere Mission ist es, Gesamtl\u00f6sungen, ausgereifte Technologien und Dienste im Bereich Funkfernsteuerungen und Maschinenkommunikation bereitzustellen. Wir erreichen diese Ziele, indem wir all unsere Angestellten zu einem Teil des Herstellungsprozesses machen. Ferner lassen wir diese die Verantwortung f\u00fcr ihren eigenen Arbeitsbereich \u00fcbernehmen. Unser oberstes Ziel ist es, Ihnen L\u00f6sungen an die Hand zu geben, die Ihrem Unternehmen einen Mehrwert bieten. Gleichzeitig bieten wir Ihnen &#8211; wenn Sie es ben\u00f6tigen &#8211; einen einwandfreien Support.<\/p>\n<p>Wir bieten eine breite Produktpalette, beginnend bei kleinen Sendern f\u00fcr einfache Anwendungen, bis hin zu gro\u00dfen Joystick-Sendern. Sollte das Standardprodukt nicht auf Anhieb zu Ihrer Anwendung passen, konfigurieren wir jenes entsprechend Ihren W\u00fcnschen. Wir m\u00f6chten Ihnen Produkte zur Seite stellen, die Ihre Arbeitsweise- und Umgebung verbessern und Ihren Arbeitsalltag bereichern. Unser Ziel ist es, eine langfristige, auf Vertrauen basierende Kundenbeziehung aufzubauen, die \u00fcber den reinen Verkauf hinausgeht.<\/p>\n<h2>Sicherheit<\/h2>\n<p>Sicherheit ist uns ein gro\u00dfes Anliegen. Als schwedisches Unternehmen ist es ein Teil unseres Wesens. Wir tun alles, um sicherzustellen, dass unsere Produkte den h\u00f6chstm\u00f6glichen Sicherheitsstandards entsprechen. Dar\u00fcber hinaus verf\u00fcgen wir \u00fcber die <a href=\"https:\/\/www.tele-radio.com\/de\/warum-eine-sichere-stopp-funktion-bei-funkfernsteuerungen-so-wichtig-ist\/\">Zertifikate<\/a>, die diesen Anspruch untermauern.<\/p>\n<p>Wie Sie wahrscheinlich bereits vermuten, sind unsere Produkte nicht nur sicher, sondern auch robust. Folglich k\u00f6nnen sie St\u00fcrzen und hohen Belastungen Stand halten. Wir wissen, dass unsere Funkfernsteuerungen herumgeworfen, fallen gelassen und Feuchtigkeit ausgesetzt werden. All dies hatten wir\u00a0 bei der Gestaltung im Hinterkopf. Tele Radio Funkfernsteuerungen wurden gemacht, um verwendet zu werden.<\/p>\n<h2>Umwelt<\/h2>\n<p>Dar\u00fcber hinaus wollen wir ein Unternehmen sein, das sich um die Umwelt k\u00fcmmert. Wir sind auf der ganzen Welt vertreten und nutzen Ressourcen, um unsere Produkte zu konstruieren. Die Erhaltung des globalen Klimas und das Wohlergehen des Planeten ist uns ein gro\u00dfes Anliegen. Deshalb nehmen wir diese Herausforderungen ernst. Tele Radio erf\u00fcllt die Standards nach <a href=\"https:\/\/www.tele-radio.com\/de\/iso-zertifikate\/\">ISO 14001<\/a>. Diese Zertifizierung fordert, dass wir Verantwortung f\u00fcr unsere Umwelt \u00fcbernehmen, Umweltverschmutzung vermeiden sowie unseren Umgang mit der Umwelt Jahr f\u00fcr Jahr verbessern. Durch effizientere Transporte und kurze Transportwege reduzieren wir CO2-Emissionen. Ebenfalls beschr\u00e4nken wir die Verwendung sch\u00e4dlicher Chemikalien und Elemente in unseren Produkten. Dadurch k\u00f6nnen wir sowohl unsere Kunden als auch die Umwelt sch\u00fctzen.<\/p>\n<p>Zugleich spendet Tele Radio j\u00e4hrlich an den WWF, um den vom Aussterben bedrohten Tiger zu sch\u00fctzen. Der Tiger spielt in unserem Marketing eine herausragende Rolle und ist zugleich der Namensgeber f\u00fcr eines unserer Systeme. Daher ist es selbstverst\u00e4ndlich, dass wir unseren Beitrag zu den Erhaltungsbem\u00fchungen leisten.<\/p>\n<div class=\"kpm_LTR\" dir=\"ltr\"><\/div>\n","protected":false},"excerpt":{"rendered":"<p>Tele Radio Tele Radio entwickelt, produziert und vermarktet Sicherheits-Funkfernsteuerungen f\u00fcr den industriellen Einsatz seit \u00fcber 65 Jahren. Das Unternehmen wurde 1955 in Lysekil gegr\u00fcndet und hat sich seither zu einer expansiven Unternehmensgruppe, der Tele Radio Group, entwickelt. Die Zentrale\u00a0 befindet sich vor den Toren von G\u00f6teborg, in Askim. Neben dieser existieren eine Vielzahl von Tochtergesellschaften [&hellip;]<\/p>\n","protected":false},"author":1,"featured_media":112421,"parent":0,"menu_order":0,"comment_status":"closed","ping_status":"closed","template":"","meta":{"_acf_changed":false,"footnotes":""},"class_list":["post-5706","page","type-page","status-publish","has-post-thumbnail","hentry"],"acf":[],"_links":{"self":[{"href":"https:\/\/www.tele-radio.com\/de\/wp-json\/wp\/v2\/pages\/5706","targetHints":{"allow":["GET"]}}],"collection":[{"href":"https:\/\/www.tele-radio.com\/de\/wp-json\/wp\/v2\/pages"}],"about":[{"href":"https:\/\/www.tele-radio.com\/de\/wp-json\/wp\/v2\/types\/page"}],"author":[{"embeddable":true,"href":"https:\/\/www.tele-radio.com\/de\/wp-json\/wp\/v2\/users\/1"}],"replies":[{"embeddable":true,"href":"https:\/\/www.tele-radio.com\/de\/wp-json\/wp\/v2\/comments?post=5706"}],"version-history":[{"count":28,"href":"https:\/\/www.tele-radio.com\/de\/wp-json\/wp\/v2\/pages\/5706\/revisions"}],"predecessor-version":[{"id":227015,"href":"https:\/\/www.tele-radio.com\/de\/wp-json\/wp\/v2\/pages\/5706\/revisions\/227015"}],"wp:featuredmedia":[{"embeddable":true,"href":"https:\/\/www.tele-radio.com\/de\/wp-json\/wp\/v2\/media\/112421"}],"wp:attachment":[{"href":"https:\/\/www.tele-radio.com\/de\/wp-json\/wp\/v2\/media?parent=5706"}],"curies":[{"name":"wp","href":"https:\/\/api.w.org\/{rel}","templated":true}]}}