{"id":5592,"date":"2018-05-09T09:41:58","date_gmt":"2018-05-09T09:41:58","guid":{"rendered":"https:\/\/www.tele-radio.com\/downloads\/"},"modified":"2026-01-29T10:58:36","modified_gmt":"2026-01-29T10:58:36","slug":"download","status":"publish","type":"page","link":"https:\/\/www.tele-radio.com\/de\/support\/download\/","title":{"rendered":"Downloadbereich"},"content":{"rendered":"<h2>Download von Anleitungen und weiteren Unterlagen.<\/h2>\n<p>Dies ist der Downloadbereich von Tele Radio. Hier k\u00f6nnen Sie (Installations-) Anleitungen, Zertifikate und weitere Informationen\/ Unterlagen herunterladen. Einige Dateien sind jedoch passwortgesch\u00fctzt. Insofern Sie diese ben\u00f6tigen,\u00a0 <a href=\"https:\/\/www.tele-radio.com\/contact-us\/\">kontaktieren<\/a> Sie uns bitte, um ein Passwort zu erhalten.<\/p>\n<h3 class=\"wp-block-heading\">Programmiersoftware &amp; Dokumentationen<\/h3>\n<p>Dar\u00fcber hinaus stehen Ihnen auf unserer Seite f\u00fcr Programmiersoftware und Dokumentationen die aktuellen Softwarepakete f\u00fcr das Tele Radio Programmier-Kit, Programmieranleitungen in Deutsch und Englisch sowie Ger\u00e4tebeschreibungen f\u00fcr verschiedene Feldbus-Systeme zur Verf\u00fcgung.\u00a0<\/p>\n<p><a href=\"https:\/\/www.tele-radio.com\/de\/programmiersoftware-und-systembeschreibungen\/\" target=\"_blank\" rel=\"noopener\">Hier geht es zur Download-\u00dcbersicht<\/a><\/p>\n<h2>Sie suchen Informationen zu \u00e4lteren Systemen?<\/h2>\n<p>Hier finden Sie ebenfalls Informationen und Dokumente zu bereits abgek\u00fcndigten und \u00e4lteren Produkten. Klicken Sie unten auf das von Ihnen verwendete System und navigieren Sie sich zu den ben\u00f6tigten Dokumenten.<\/p>\n<p>Falls Sie trotz dieser Unterlagen weitere Hilfe ben\u00f6tigen, stehen wir Ihnen gerne jederzeit zur Verf\u00fcgung!<\/p>\n\n\n<p><\/p>\n","protected":false},"excerpt":{"rendered":"<p>Download von Anleitungen und weiteren Unterlagen. Dies ist der Downloadbereich von Tele Radio. Hier k\u00f6nnen Sie (Installations-) Anleitungen, Zertifikate und weitere Informationen\/ Unterlagen herunterladen. Einige Dateien sind jedoch passwortgesch\u00fctzt. Insofern Sie diese ben\u00f6tigen,\u00a0 kontaktieren Sie uns bitte, um ein Passwort zu erhalten. Programmiersoftware &amp; Dokumentationen Dar\u00fcber hinaus stehen Ihnen auf unserer Seite f\u00fcr Programmiersoftware und [&hellip;]<\/p>\n","protected":false},"author":1,"featured_media":6075,"parent":6999,"menu_order":0,"comment_status":"closed","ping_status":"closed","template":"page-templates\/downloads.php","meta":{"_acf_changed":false,"footnotes":""},"class_list":["post-5592","page","type-page","status-publish","has-post-thumbnail","hentry"],"acf":[],"_links":{"self":[{"href":"https:\/\/www.tele-radio.com\/de\/wp-json\/wp\/v2\/pages\/5592","targetHints":{"allow":["GET"]}}],"collection":[{"href":"https:\/\/www.tele-radio.com\/de\/wp-json\/wp\/v2\/pages"}],"about":[{"href":"https:\/\/www.tele-radio.com\/de\/wp-json\/wp\/v2\/types\/page"}],"author":[{"embeddable":true,"href":"https:\/\/www.tele-radio.com\/de\/wp-json\/wp\/v2\/users\/1"}],"replies":[{"embeddable":true,"href":"https:\/\/www.tele-radio.com\/de\/wp-json\/wp\/v2\/comments?post=5592"}],"version-history":[{"count":15,"href":"https:\/\/www.tele-radio.com\/de\/wp-json\/wp\/v2\/pages\/5592\/revisions"}],"predecessor-version":[{"id":278775,"href":"https:\/\/www.tele-radio.com\/de\/wp-json\/wp\/v2\/pages\/5592\/revisions\/278775"}],"up":[{"embeddable":true,"href":"https:\/\/www.tele-radio.com\/de\/wp-json\/wp\/v2\/pages\/6999"}],"wp:featuredmedia":[{"embeddable":true,"href":"https:\/\/www.tele-radio.com\/de\/wp-json\/wp\/v2\/media\/6075"}],"wp:attachment":[{"href":"https:\/\/www.tele-radio.com\/de\/wp-json\/wp\/v2\/media?parent=5592"}],"curies":[{"name":"wp","href":"https:\/\/api.w.org\/{rel}","templated":true}]}}