{"id":34499,"date":"2020-03-13T13:34:17","date_gmt":"2020-03-13T13:34:17","guid":{"rendered":"https:\/\/www.tele-radio.com\/industrial-remote-control-increases-safety-on-skipyard\/"},"modified":"2021-03-16T09:07:14","modified_gmt":"2021-03-16T09:07:14","slug":"seyiton-von-yektamak","status":"publish","type":"page","link":"https:\/\/www.tele-radio.com\/de\/seyiton-von-yektamak\/","title":{"rendered":"Industrielle Funkfernsteuerungen erh\u00f6hen die Sicherheit auf Schiffswerften"},"content":{"rendered":"<p><em>Seyiton<strong>, <\/strong>eine Entwicklung der Firma Yektamak Makina, ist ein Transportsystem, das Stahlplatten auf Abruf auf eine Schiffswerft bef\u00f6rdert. Dieses Transportsystem kann bis zu 40 Tonnen tragen, wird elektrisch angetrieben und drahtlos mithilfe der <a href=\"https:\/\/www.tele-radio.com\/de\/products\/tiger-g2-ple-und-sil3-zertifiziert\/\">Tele Radio Funkfernsteuerung &#8222;Tiger&#8220;<\/a> gesteuert.<\/em><\/p>\n<p>Das Transportsystem Seyiton kommuniziert via CANopen mit dem Tele Radio Tiger-System. Die problemlose Integration bietet dem Hersteller Yektamak einen gro\u00dfen Komfort. Jedes der drei Transportsysteme verf\u00fcgt \u00fcber eine eigene Funkfernsteuerung, von denen wiederum eine als Haupsteuerung (Master) dient. Folglich kann diese alle Maschinen gleichzeitig oder getrennt voneinander steuern. \u00dcber das Display am Master-Sender sieht der Bediener, welche Maschine gesteuert wird. Die Verwendung von Funkfernsteuerungen bietet der Arbeit mit dem Seyiton Transportsystem mehrere Vorteile. Einerseits erh\u00f6ht sich die Sicherheit. Auf der anderen Seite ben\u00f6tigt man weniger Personal und vor allem weniger Zeit.<\/p>\n<h4><u><strong>Yektamak Makina<\/strong><br \/>\n<\/u><\/h4>\n<p>Das 2013 gegr\u00fcndete Unternehmen &#8222;Yektamak Machine and Engineering&#8220; entwirft und entwickelt ma\u00dfgeschneiderte Maschinen und Produktionsprozesse f\u00fcr Kunden in unterschiedlichen Industriezweigen. Ein wichtiger Sektor ist hierbei die Automobilindustrie. Yektamak bietet seinen Kunden den gesamten Entwicklungsprozess an. Dieser beginnt bei der Ermittlung der Kundenanforderungen und endet in der Qualit\u00e4tskontrolle und der darauf folgenden Testung der Produkte. Die Schritte dazwischen werden ebenfalls von Yektamak \u00fcbernommen. Die schlie\u00dft die Konstruktion, die Lebenszyklusberechnung, Computersimulationen sowie die Produktion mit ein. Dieser gesamte Prozess erf\u00fcllt die h\u00f6chsten Qualit\u00e4tsstandards.<\/p>\n<h4><u><strong>Tele Radio Systeme<\/strong><\/u><\/h4>\n<p>Das Tiger-System ist nach Performance Level PLe und SIL3 zertifiziert. Dar\u00fcber hinaus ist dieses Funkfernsteuerungssystem robust und kann sowohl an Standard- als auch an komplexe Anwendungen angepasst werden. Das System kann sowohl im Hebe- als auch im Nicht-Hebebereich eingesetzt werden. Ferner ist jenes f\u00fcr raue Umgebungen geeignet.<\/p>\n<p>Neben dem Tiger-System verf\u00fcgen wir \u00fcber das marktweit gr\u00f6\u00dfte Angebot an Funkfernsteuerungen. Tele Radio ist ein l\u00f6sungsorientiertes Unternehmen. Aus diesem Grund ist es unser Ziel, die besten Produkte zusammen mit einem un\u00fcbertroffenen Support anzubieten.<\/p>\n<p><a href=\"https:\/\/www.tele-radio.com\/de\/kontakt\/\">Kontaktieren Sie uns<\/a> gerne, falls Sie nach einer individuellen Funkfernsteuerungsl\u00f6sung f\u00fcr Ihre Anwendungen suchen. Wir stehen Ihnen gerne beratend zur Seite.<\/p>\n<div style=\"width: 1920px;\" class=\"wp-video\"><!--[if lt IE 9]><script>document.createElement('video');<\/script><![endif]-->\n<video class=\"wp-video-shortcode\" id=\"video-34499-1\" width=\"1920\" height=\"1080\" preload=\"metadata\" controls=\"controls\"><source type=\"video\/mp4\" src=\"https:\/\/www.tele-radio.com\/app\/uploads\/TRTUR_SEYITON_PROJECT_FINAL1.mp4?_=1\" \/><a href=\"https:\/\/www.tele-radio.com\/app\/uploads\/TRTUR_SEYITON_PROJECT_FINAL1.mp4\">https:\/\/www.tele-radio.com\/app\/uploads\/TRTUR_SEYITON_PROJECT_FINAL1.mp4<\/a><\/video><\/div>\n<p><img loading=\"lazy\" decoding=\"async\" class=\"alignnone wp-image-33609 size-medium\" src=\"https:\/\/www.tele-radio.com\/app\/uploads\/\/Contact_Us_Button-400x142.png\" alt=\"\" width=\"400\" height=\"142\" srcset=\"https:\/\/www.tele-radio.com\/app\/uploads\/Contact_Us_Button-400x142.png 400w, https:\/\/www.tele-radio.com\/app\/uploads\/Contact_Us_Button.png 435w\" sizes=\"auto, (max-width: 400px) 100vw, 400px\" \/><\/p>\n","protected":false},"excerpt":{"rendered":"<p>Seyiton, eine Entwicklung der Firma Yektamak Makina, ist ein Transportsystem, das Stahlplatten auf Abruf auf eine Schiffswerft bef\u00f6rdert. Dieses Transportsystem kann bis zu 40 Tonnen tragen, wird elektrisch angetrieben und drahtlos mithilfe der Tele Radio Funkfernsteuerung &#8222;Tiger&#8220; gesteuert. Das Transportsystem Seyiton kommuniziert via CANopen mit dem Tele Radio Tiger-System. Die problemlose Integration bietet dem Hersteller [&hellip;]<\/p>\n","protected":false},"author":29,"featured_media":34469,"parent":0,"menu_order":0,"comment_status":"closed","ping_status":"closed","template":"","meta":{"_acf_changed":false,"footnotes":""},"class_list":["post-34499","page","type-page","status-publish","has-post-thumbnail","hentry"],"acf":[],"_links":{"self":[{"href":"https:\/\/www.tele-radio.com\/de\/wp-json\/wp\/v2\/pages\/34499","targetHints":{"allow":["GET"]}}],"collection":[{"href":"https:\/\/www.tele-radio.com\/de\/wp-json\/wp\/v2\/pages"}],"about":[{"href":"https:\/\/www.tele-radio.com\/de\/wp-json\/wp\/v2\/types\/page"}],"author":[{"embeddable":true,"href":"https:\/\/www.tele-radio.com\/de\/wp-json\/wp\/v2\/users\/29"}],"replies":[{"embeddable":true,"href":"https:\/\/www.tele-radio.com\/de\/wp-json\/wp\/v2\/comments?post=34499"}],"version-history":[{"count":3,"href":"https:\/\/www.tele-radio.com\/de\/wp-json\/wp\/v2\/pages\/34499\/revisions"}],"predecessor-version":[{"id":62210,"href":"https:\/\/www.tele-radio.com\/de\/wp-json\/wp\/v2\/pages\/34499\/revisions\/62210"}],"wp:featuredmedia":[{"embeddable":true,"href":"https:\/\/www.tele-radio.com\/de\/wp-json\/wp\/v2\/media\/34469"}],"wp:attachment":[{"href":"https:\/\/www.tele-radio.com\/de\/wp-json\/wp\/v2\/media?parent=34499"}],"curies":[{"name":"wp","href":"https:\/\/api.w.org\/{rel}","templated":true}]}}