{"id":33263,"date":"2020-02-07T12:29:38","date_gmt":"2020-02-07T12:29:38","guid":{"rendered":"https:\/\/www.tele-radio.com\/customer-case-volvo\/"},"modified":"2021-12-02T10:14:15","modified_gmt":"2021-12-02T10:14:15","slug":"volvo","status":"publish","type":"page","link":"https:\/\/www.tele-radio.com\/de\/volvo\/","title":{"rendered":"Funkfernsteuerung f\u00fcr Volvo Truck Reus Fleming"},"content":{"rendered":"<h1 style=\"text-align: left;\">Volvo Trucks &#8211; Reus Fleming<\/h1>\n<p>Reus Fleming, S.A. ist offizieller Volvo-Vertragsh\u00e4ndler in Katalonien, Spanien f\u00fcr die folgenden Provinzen: Tarragona, Lleida, Huesca und Teruel. Die Beziehung zu den Kunden steht in diesem Unternehmen an oberster Stelle. Aus diesem Grund passen sie sich den Anforderungen der Kunden an und gehen ebenfalls \u00fcber den Standard hinaus. Sie nehmen folglich technische Herausforderungen gerne an. Ihr Ziel ist es, in jeder Situation, unabh\u00e4ngig von ihrer Komplexit\u00e4t, einen hervorragenden Service und Support zu bieten. All diese Merkmale stehen auch bei Tele Radio an oberster Stelle.<\/p>\n<p><img loading=\"lazy\" decoding=\"async\" class=\"wp-image-32135  alignright\" style=\"box-shadow: 0 4px 8px 0 rgba(0, 0, 0, 0.2), 0 6px 20px 0 rgba(0, 0, 0, 0.19); margin-left: 70px;\" src=\"https:\/\/www.tele-radio.com\/app\/uploads\/colaboracion-remoto-control-volvo-tele-radio.jpg\" alt=\"\" width=\"236\" height=\"279\" srcset=\"https:\/\/www.tele-radio.com\/app\/uploads\/colaboracion-remoto-control-volvo-tele-radio.jpg 507w, https:\/\/www.tele-radio.com\/app\/uploads\/colaboracion-remoto-control-volvo-tele-radio-338x400.jpg 338w, https:\/\/www.tele-radio.com\/app\/uploads\/colaboracion-remoto-control-volvo-tele-radio-423x500.jpg 423w\" sizes=\"auto, (max-width: 236px) 100vw, 236px\" \/><\/p>\n<h2 style=\"text-align: left;\">Ein Meilenstein auf dem iberischen Markt<\/h2>\n<p>Dank der engen Zusammenarbeit mit Tele Radio ist es Volvo Reus Fleming gelungen, zum ersten Mal in Spanien und Portugal die innovative Volvo Dynamic Steering, einschlie\u00dflich der EXSTER-Variante einzuf\u00fchre. Diese erm\u00f6glicht eine drahtlose Verbindung mit einer Tele Radio-Fernbedienung.<\/p>\n<p>W\u00e4hrend diese L\u00f6sung umgesetzt wurde, war jedoch die Sicherheit stets das oberste Ziel. Sowohl Volvo als auch Tele Radio haben beide ihren Hauptsitz in G\u00f6teborg, Schweden. Zudem haben sie weitere Gemeinsamkeiten. Beide Unternehmen konzentrieren ihre Bem\u00fchungen stets auf die Entwicklung sicherer und ergonomischer Innovationen.<\/p>\n<p><img loading=\"lazy\" decoding=\"async\" class=\"alignleft  wp-image-32229\" style=\"box-shadow: 0 4px 8px 0 rgba(0, 0, 0, 0.2), 0 6px 20px 0 rgba(0, 0, 0, 0.19); margin-right: 70px;\" src=\"https:\/\/www.tele-radio.com\/app\/uploads\/remote-for-volvo-truck-tele-radio-sm-2.jpg\" alt=\"\" width=\"496\" height=\"315\" srcset=\"https:\/\/www.tele-radio.com\/app\/uploads\/remote-for-volvo-truck-tele-radio-sm-2.jpg 500w, https:\/\/www.tele-radio.com\/app\/uploads\/remote-for-volvo-truck-tele-radio-sm-2-400x254.jpg 400w\" sizes=\"auto, (max-width: 496px) 100vw, 496px\" \/><\/p>\n<h2 style=\"text-align: left;\">Anwendung<\/h2>\n<p>Der Nutzer entschied sich f\u00fcr einen Volvo-Lkw FH 500 8&#215;2 mit Aufbaufunktionen von Cubas Segre, um seine t\u00e4gliche Arbeit beim Be- und Entladen von Viehfutter sowie dessen Transport zu verschiedenen Betrieben zu verbessern.<\/p>\n<p>Diese L\u00f6sung bietet eine wesentliche Verbesserung der Sicherheit. Schlie\u00dflich verf\u00fcgt der Benutzer dank der M\u00f6glichkeit, den Stapler von au\u00dfen zu steuern, \u00fcber eine bessere Sicht. Au\u00dferdem ist es ergonomischer, nicht mehrmals am Tag (je nach Arbeitsaufkommen) auf den Stapler auf- und absteigen zu m\u00fcssen. Die Effizienz f\u00fchrt zudem zu einer Verbesserung der Produktivit\u00e4t und zu einer deutlichen Verringerung der Erm\u00fcdung bei der t\u00e4glichen Arbeit.<\/p>\n<p>Sie haben Fragen? <a href=\"https:\/\/www.tele-radio.com\/de\/kontakt\/\">Kontaktieren<\/a> Sie uns gerne. Wir stehen Ihnen selbstverst\u00e4ndlich beratend zur Siete.<\/p>\n<h2 style=\"text-align: center;\">Bilder und Videos einer Volvo-Anwendung<\/h2>\n<div style=\"width: 1280px;\" class=\"wp-video\"><!--[if lt IE 9]><script>document.createElement('video');<\/script><![endif]-->\n<video class=\"wp-video-shortcode\" id=\"video-33263-1\" width=\"1280\" height=\"720\" preload=\"metadata\" controls=\"controls\"><source type=\"video\/mp4\" src=\"https:\/\/www.tele-radio.com\/app\/uploads\/CUBAS-SEGRE-ESTABILIZADO-Y-LOGO-1.mp4?_=1\" \/><a href=\"https:\/\/www.tele-radio.com\/app\/uploads\/CUBAS-SEGRE-ESTABILIZADO-Y-LOGO-1.mp4\">https:\/\/www.tele-radio.com\/app\/uploads\/CUBAS-SEGRE-ESTABILIZADO-Y-LOGO-1.mp4<\/a><\/video><\/div>\n<p><a href=\"https:\/\/www.tele-radio.com\/de\/volvo-trucks-remote-control-segre-1-2\/\" rel=\"attachment wp-att-32862\"><img loading=\"lazy\" decoding=\"async\" class=\"alignleft wp-image-32862 size-large\" src=\"https:\/\/www.tele-radio.com\/app\/uploads\/\/volvo-trucks-remote-control-segre-1-1200x675.jpg\" alt=\"\" width=\"1200\" height=\"675\" srcset=\"https:\/\/www.tele-radio.com\/app\/uploads\/volvo-trucks-remote-control-segre-1.jpg 1200w, https:\/\/www.tele-radio.com\/app\/uploads\/volvo-trucks-remote-control-segre-1-400x225.jpg 400w, https:\/\/www.tele-radio.com\/app\/uploads\/volvo-trucks-remote-control-segre-1-768x432.jpg 768w, https:\/\/www.tele-radio.com\/app\/uploads\/volvo-trucks-remote-control-segre-1-750x422.jpg 750w, https:\/\/www.tele-radio.com\/app\/uploads\/volvo-trucks-remote-control-segre-1-500x281.jpg 500w, https:\/\/www.tele-radio.com\/app\/uploads\/volvo-trucks-remote-control-segre-1-800x450.jpg 800w\" sizes=\"auto, (max-width: 1200px) 100vw, 1200px\" \/><\/a><\/p>\n<p><a href=\"https:\/\/www.tele-radio.com\/de\/volvo-trucks-remote-control-segre-2-2\/\" rel=\"attachment wp-att-32882\"><img loading=\"lazy\" decoding=\"async\" class=\"alignleft wp-image-32882 size-full\" src=\"https:\/\/www.tele-radio.com\/app\/uploads\/volvo-trucks-remote-control-segre-2.jpg\" alt=\"\" width=\"1200\" height=\"728\" srcset=\"https:\/\/www.tele-radio.com\/app\/uploads\/volvo-trucks-remote-control-segre-2.jpg 1200w, https:\/\/www.tele-radio.com\/app\/uploads\/volvo-trucks-remote-control-segre-2-400x243.jpg 400w, https:\/\/www.tele-radio.com\/app\/uploads\/volvo-trucks-remote-control-segre-2-768x466.jpg 768w, https:\/\/www.tele-radio.com\/app\/uploads\/volvo-trucks-remote-control-segre-2-750x455.jpg 750w, https:\/\/www.tele-radio.com\/app\/uploads\/volvo-trucks-remote-control-segre-2-500x303.jpg 500w, https:\/\/www.tele-radio.com\/app\/uploads\/volvo-trucks-remote-control-segre-2-800x485.jpg 800w\" sizes=\"auto, (max-width: 1200px) 100vw, 1200px\" \/><\/a><\/p>\n","protected":false},"excerpt":{"rendered":"<p>Volvo Trucks &#8211; Reus Fleming Reus Fleming, S.A. ist offizieller Volvo-Vertragsh\u00e4ndler in Katalonien, Spanien f\u00fcr die folgenden Provinzen: Tarragona, Lleida, Huesca und Teruel. Die Beziehung zu den Kunden steht in diesem Unternehmen an oberster Stelle. Aus diesem Grund passen sie sich den Anforderungen der Kunden an und gehen ebenfalls \u00fcber den Standard hinaus. Sie nehmen [&hellip;]<\/p>\n","protected":false},"author":54,"featured_media":32836,"parent":0,"menu_order":0,"comment_status":"closed","ping_status":"closed","template":"","meta":{"_acf_changed":false,"footnotes":""},"class_list":["post-33263","page","type-page","status-publish","has-post-thumbnail","hentry"],"acf":[],"_links":{"self":[{"href":"https:\/\/www.tele-radio.com\/de\/wp-json\/wp\/v2\/pages\/33263","targetHints":{"allow":["GET"]}}],"collection":[{"href":"https:\/\/www.tele-radio.com\/de\/wp-json\/wp\/v2\/pages"}],"about":[{"href":"https:\/\/www.tele-radio.com\/de\/wp-json\/wp\/v2\/types\/page"}],"author":[{"embeddable":true,"href":"https:\/\/www.tele-radio.com\/de\/wp-json\/wp\/v2\/users\/54"}],"replies":[{"embeddable":true,"href":"https:\/\/www.tele-radio.com\/de\/wp-json\/wp\/v2\/comments?post=33263"}],"version-history":[{"count":9,"href":"https:\/\/www.tele-radio.com\/de\/wp-json\/wp\/v2\/pages\/33263\/revisions"}],"predecessor-version":[{"id":87469,"href":"https:\/\/www.tele-radio.com\/de\/wp-json\/wp\/v2\/pages\/33263\/revisions\/87469"}],"wp:featuredmedia":[{"embeddable":true,"href":"https:\/\/www.tele-radio.com\/de\/wp-json\/wp\/v2\/media\/32836"}],"wp:attachment":[{"href":"https:\/\/www.tele-radio.com\/de\/wp-json\/wp\/v2\/media?parent=33263"}],"curies":[{"name":"wp","href":"https:\/\/api.w.org\/{rel}","templated":true}]}}