{"id":291795,"date":"2026-05-05T09:47:45","date_gmt":"2026-05-05T09:47:45","guid":{"rendered":"https:\/\/www.tele-radio.com\/?page_id=291795"},"modified":"2026-05-08T05:47:38","modified_gmt":"2026-05-08T05:47:38","slug":"paqproduktlinie-uberzeugt-im-praxistest-bei-ohis","status":"publish","type":"page","link":"https:\/\/www.tele-radio.com\/de\/paqproduktlinie-uberzeugt-im-praxistest-bei-ohis\/","title":{"rendered":"PAQ\u2011Produktlinie \u00fcberzeugt im Praxistest bei OHIS"},"content":{"rendered":"\n<figure class=\"wp-block-video aligncenter\"><video autoplay controls muted poster=\"https:\/\/www.tele-radio.com\/app\/uploads\/260420_TeleRadio_TestCase_JSV_V1.00_00_22_21.Still005.jpg\" src=\"https:\/\/www.tele-radio.com\/app\/uploads\/260420_TeleRadio_TestCase_JSV_V2-OTT-1-1-1.mp4\"><\/video><\/figure>\n\n\n\n<div style=\"height:100px\" aria-hidden=\"true\" class=\"wp-block-spacer\"><\/div>\n\n\n\n<h1 class=\"wp-block-heading\"><strong>PAQ-Produktlinie \u00fcberzeugt im Praxistext bei OHIS<\/strong><\/h1>\n\n\n\n<h2 class=\"wp-block-heading\"><em>OHIS:\u00a0\u201cWir k\u00f6nnen es kaum erwarten, die M\u00f6glichkeiten der PAQ-Linie voll auszusch\u00f6pfen.\u201d<\/em><\/h2>\n\n\n\n<p class=\"has-medium-font-size\"><strong>OHIS, ein Full\u2011Service\u2011Anbieter f\u00fcr innerbetriebliche Transportl\u00f6sungen, hat die neue PAQ\u2011Produktlinie erfolgreich beim Kunden JSV Metalen implementiert. \u201eDie PAQ\u2011Linie von Tele Radio ist einsatzbereit\u201c, best\u00e4tigt Diewer van der Schoor, Sales Engineer bei Tele Radio Benelux.<\/strong><\/p>\n\n\n\n<p class=\"has-medium-font-size\">Die PAQ-Linie ist kein einzelner Sender \u2013 sie ist eine Plattform, die es Kunden erm\u00f6glicht, Sender und Empf\u00e4nger exakt auf ihre Anwendung zuzuschneiden. PAQ ist vollst\u00e4ndig anpassbar: Die Systemarchitektur l\u00e4sst sich mit der FieldManager\u2122\u2011App, leistungsstarken Plug\u2011ins und RFID\u2011Benutzerberechtigungen sowie weiteren Funktionen individuell konfigurieren.<\/p>\n\n\n\n<figure class=\"wp-block-image size-large is-resized\"><img loading=\"lazy\" decoding=\"async\" width=\"1200\" height=\"675\" src=\"https:\/\/www.tele-radio.com\/app\/uploads\/260420_TeleRadio_TestCase_JSV_V1.00_01_20_09.Still003-1200x675.jpg\" alt=\"\" class=\"wp-image-290912\" style=\"width:786px;height:auto\" srcset=\"https:\/\/www.tele-radio.com\/app\/uploads\/260420_TeleRadio_TestCase_JSV_V1.00_01_20_09.Still003-1200x675.jpg 1200w, https:\/\/www.tele-radio.com\/app\/uploads\/260420_TeleRadio_TestCase_JSV_V1.00_01_20_09.Still003-400x225.jpg 400w, https:\/\/www.tele-radio.com\/app\/uploads\/260420_TeleRadio_TestCase_JSV_V1.00_01_20_09.Still003-768x432.jpg 768w, https:\/\/www.tele-radio.com\/app\/uploads\/260420_TeleRadio_TestCase_JSV_V1.00_01_20_09.Still003-1536x864.jpg 1536w, https:\/\/www.tele-radio.com\/app\/uploads\/260420_TeleRadio_TestCase_JSV_V1.00_01_20_09.Still003-750x422.jpg 750w, https:\/\/www.tele-radio.com\/app\/uploads\/260420_TeleRadio_TestCase_JSV_V1.00_01_20_09.Still003-500x281.jpg 500w, https:\/\/www.tele-radio.com\/app\/uploads\/260420_TeleRadio_TestCase_JSV_V1.00_01_20_09.Still003-1600x900.jpg 1600w, https:\/\/www.tele-radio.com\/app\/uploads\/260420_TeleRadio_TestCase_JSV_V1.00_01_20_09.Still003-800x450.jpg 800w, https:\/\/www.tele-radio.com\/app\/uploads\/260420_TeleRadio_TestCase_JSV_V1.00_01_20_09.Still003.jpg 1920w\" sizes=\"auto, (max-width: 1200px) 100vw, 1200px\" \/><\/figure>\n\n\n\n<p class=\"has-medium-font-size\">Christophe Bontinck, General Manager bei OHIS, erkl\u00e4rt:<\/p>\n\n\n\n<blockquote class=\"wp-block-quote is-layout-flow wp-block-quote-is-layout-flow\">\n<p class=\"has-medium-font-size\">\u201cDie neue PAQ\u2011Linie bietet ein ganzes Paket an L\u00f6sungen in einem System. Wir k\u00f6nnen damit einen Standardkran, einen Tandemkran oder auch Spezialanwendungen steuern, die eine Kommunikation zwischen mehreren Empf\u00e4ngern gleichzeitig erfordern. Wir freuen uns auf die Einf\u00fchrung dieser neuen L\u00f6sung durch Tele Radio.\u201d<\/p>\n<\/blockquote>\n\n\n\n<p class=\"has-medium-font-size\"><strong><br><\/strong><\/p>\n\n\n\n<div class=\"wp-block-buttons is-content-justification-center is-layout-flex wp-container-core-buttons-is-layout-16018d1d wp-block-buttons-is-layout-flex\">\n<div class=\"wp-block-button\"><a class=\"wp-block-button__link has-black-color has-luminous-vivid-amber-background-color has-text-color has-background has-link-color has-large-font-size has-custom-font-size wp-element-button\" href=\"https:\/\/www.tele-radio.com\/de\/paq-line-hand-transmitters\/\" style=\"border-radius:14px\" target=\"_blank\" rel=\"noreferrer noopener\"><strong>Entdecken Sie die neue PAQ-Produktline<\/strong><\/a><\/div>\n<\/div>\n\n\n\n<div style=\"height:100px\" aria-hidden=\"true\" class=\"wp-block-spacer\"><\/div>\n","protected":false},"excerpt":{"rendered":"<p>PAQ-Produktlinie \u00fcberzeugt im Praxistext bei OHIS OHIS:\u00a0\u201cWir k\u00f6nnen es kaum erwarten, die M\u00f6glichkeiten der PAQ-Linie voll auszusch\u00f6pfen.\u201d OHIS, ein Full\u2011Service\u2011Anbieter f\u00fcr innerbetriebliche Transportl\u00f6sungen, hat die neue PAQ\u2011Produktlinie erfolgreich beim Kunden JSV Metalen implementiert. \u201eDie PAQ\u2011Linie von Tele Radio ist einsatzbereit\u201c, best\u00e4tigt Diewer van der Schoor, Sales Engineer bei Tele Radio Benelux. Die PAQ-Linie ist kein [&hellip;]<\/p>\n","protected":false},"author":81,"featured_media":291060,"parent":0,"menu_order":0,"comment_status":"closed","ping_status":"closed","template":"content-customer-stories.php","meta":{"_acf_changed":false,"footnotes":""},"class_list":["post-291795","page","type-page","status-publish","has-post-thumbnail","hentry"],"acf":[],"_links":{"self":[{"href":"https:\/\/www.tele-radio.com\/de\/wp-json\/wp\/v2\/pages\/291795","targetHints":{"allow":["GET"]}}],"collection":[{"href":"https:\/\/www.tele-radio.com\/de\/wp-json\/wp\/v2\/pages"}],"about":[{"href":"https:\/\/www.tele-radio.com\/de\/wp-json\/wp\/v2\/types\/page"}],"author":[{"embeddable":true,"href":"https:\/\/www.tele-radio.com\/de\/wp-json\/wp\/v2\/users\/81"}],"replies":[{"embeddable":true,"href":"https:\/\/www.tele-radio.com\/de\/wp-json\/wp\/v2\/comments?post=291795"}],"version-history":[{"count":3,"href":"https:\/\/www.tele-radio.com\/de\/wp-json\/wp\/v2\/pages\/291795\/revisions"}],"predecessor-version":[{"id":291798,"href":"https:\/\/www.tele-radio.com\/de\/wp-json\/wp\/v2\/pages\/291795\/revisions\/291798"}],"wp:featuredmedia":[{"embeddable":true,"href":"https:\/\/www.tele-radio.com\/de\/wp-json\/wp\/v2\/media\/291060"}],"wp:attachment":[{"href":"https:\/\/www.tele-radio.com\/de\/wp-json\/wp\/v2\/media?parent=291795"}],"curies":[{"name":"wp","href":"https:\/\/api.w.org\/{rel}","templated":true}]}}