{"id":273715,"date":"2026-02-05T10:40:36","date_gmt":"2026-02-05T10:40:36","guid":{"rendered":"https:\/\/www.tele-radio.com\/?page_id=273715"},"modified":"2026-02-06T09:26:02","modified_gmt":"2026-02-06T09:26:02","slug":"strong-machines","status":"publish","type":"page","link":"https:\/\/www.tele-radio.com\/de\/strong-machines\/","title":{"rendered":"Strong Machines"},"content":{"rendered":"\n<div style=\"height:28px\" aria-hidden=\"true\" class=\"wp-block-spacer\"><\/div>\n\n\n\n<div class=\"wp-block-cover\" style=\"min-height:445px;aspect-ratio:unset;\"><img loading=\"lazy\" decoding=\"async\" width=\"1200\" height=\"675\" class=\"wp-block-cover__image-background wp-image-272497 size-large\" alt=\"\" src=\"https:\/\/www.tele-radio.com\/app\/uploads\/Banner_1-2-1200x675.png\" style=\"object-position:57% 99%\" data-object-fit=\"cover\" data-object-position=\"57% 99%\" srcset=\"https:\/\/www.tele-radio.com\/app\/uploads\/Banner_1-2-1200x675.png 1200w, https:\/\/www.tele-radio.com\/app\/uploads\/Banner_1-2-400x225.png 400w, https:\/\/www.tele-radio.com\/app\/uploads\/Banner_1-2-768x432.png 768w, https:\/\/www.tele-radio.com\/app\/uploads\/Banner_1-2-1536x863.png 1536w, https:\/\/www.tele-radio.com\/app\/uploads\/Banner_1-2-2048x1151.png 2048w, https:\/\/www.tele-radio.com\/app\/uploads\/Banner_1-2-750x422.png 750w, https:\/\/www.tele-radio.com\/app\/uploads\/Banner_1-2-500x281.png 500w, https:\/\/www.tele-radio.com\/app\/uploads\/Banner_1-2-1600x899.png 1600w, https:\/\/www.tele-radio.com\/app\/uploads\/Banner_1-2-800x450.png 800w\" sizes=\"auto, (max-width: 1200px) 100vw, 1200px\" \/><span aria-hidden=\"true\" class=\"wp-block-cover__background has-black-background-color has-background-dim\"><\/span><div class=\"wp-block-cover__inner-container is-layout-constrained wp-block-cover-is-layout-constrained\">\n<h1 class=\"wp-block-heading has-text-align-center has-x-large-font-size\">Strong Machines: \u201eTele Radio ist f\u00fcr uns mehr als nur ein Lieferant \u2013 sie sind ein strategischer Partner.\u201c<\/h1>\n<\/div><\/div>\n\n\n\n<div style=\"height:100px\" aria-hidden=\"true\" class=\"wp-block-spacer\"><\/div>\n\n\n\n<h2 class=\"wp-block-heading\">Starke Partnerschaft f\u00fcr sichere und pr\u00e4zise Kranprozesse<\/h2>\n\n\n\n<div style=\"height:24px\" aria-hidden=\"true\" class=\"wp-block-spacer\"><\/div>\n\n\n\n<p><strong><em>Die lokale Verf\u00fcgbarkeit von Ersatzteilen, Schulungen direkt im Unternehmen und die schnelle, flexible Unterst\u00fctzung \u2013 das sind die Gr\u00fcnde, warum sich Strong Machines f\u00fcr Tele Radio entschieden hat.<\/em><\/strong><\/p>\n\n\n\n<p>Beim Heben von Lasten mit zwei Br\u00fcckenkranen im Tandembetrieb darf absolut nichts schiefgehen. F\u00fcr Strong Machines, einen brasilianischen Hersteller im S\u00fcden des Landes, geh\u00f6rt das zum t\u00e4glichen Arbeitsalltag. \u201eUnsere Partnerschaft mit Tele Radio erm\u00f6glicht es uns, unsere Tandemvorg\u00e4nge jederzeit sicher zu \u00fcberwachen.\u201c<\/p>\n\n\n\n<p>Tandembetrieb birgt Risiken: Zwei parallel arbeitende Krane m\u00fcssen sich perfekt synchron bewegen. Besonders bei langen oder schweren Lasten k\u00f6nnen schon kleine Abweichungen zu gef\u00e4hrlichen Spannungen oder Sch\u00e4den an der Ausr\u00fcstung f\u00fchren.<\/p>\n\n\n\n<p>Strong Machines, mit Sitz in Caxias do Sul im S\u00fcden Brasiliens, ben\u00f6tigte daher ein kabelloses Steuerungssystem, das den Bedienern volle Bewegungsfreiheit bietet \u2013 ohne Einbu\u00dfen bei Pr\u00e4zision und Sicherheit.<\/p>\n\n\n\n<h2 class=\"wp-block-heading\"><strong>Gleichm\u00e4\u00dfiges und pr\u00e4zises Lastenhandling mit dem TIGER-System <\/strong><\/h2>\n\n\n\n<div style=\"height:28px\" aria-hidden=\"true\" class=\"wp-block-spacer\"><\/div>\n\n\n\n<p>Das Tiger-System von Tele Radio l\u00f6st genau diese Herausforderungen. Dank der proportionalen Steuerung k\u00f6nnen die Bediener die Geschwindigkeit der Kranbewegungen feinf\u00fchlig regulieren \u2013 je nachdem, wie stark sie die Tasten dr\u00fccken. Das ist entscheidend f\u00fcr ein ruhiges und pr\u00e4zises Bewegen der Lasten. Die STOPP-Funktion, zertifiziert nach PLd\/SIL3, bringt die Anlage im Ausl\u00f6sefall unverz\u00fcglich und sicher zum Stillstand.<\/p>\n\n\n\n<p>Im Tandembetrieb steuert ein einziger Sender beide Krane gleichzeitig. Vorw\u00e4rts-, R\u00fcckw\u00e4rts- und Seitenbewegungen erfolgen synchron und exakt parallel. Je nach Arbeitsanforderung kann der Bediener flexibel zwischen Einzel- und Tandemsteuerung wechseln, ohne die Kontrolle zu verlieren.<\/p>\n\n\n\n<figure class=\"wp-block-pullquote has-text-align-center\"><blockquote><p><em>\u201eTele Radio erwies sich f\u00fcr uns als weit mehr als ein Lieferant. Sie wurden zu einem strategischen Partner, der unsere Herausforderungen versteht, uns schult und eine L\u00f6sung bereitstellt, die optimal zu unserem Produkt passt.\u201c<\/em><br><br>Markus Grallert, Director, Strong Machines<\/p><\/blockquote><\/figure>\n\n\n\n<h2 class=\"wp-block-heading\"><strong>Schulung vor Ort und kontinuierlicher technischer Support<\/strong><\/h2>\n\n\n\n<div style=\"height:33px\" aria-hidden=\"true\" class=\"wp-block-spacer\"><\/div>\n\n\n\n<p>Strong Machines entschied sich nicht nur wegen der Hardware f\u00fcr Tele Radio. Die Installation wurde schnell und mit minimalen Unterbrechungen durchgef\u00fchrt \u2013 ein entscheidender Faktor, um die Produktionsabl\u00e4ufe aufrechtzuerhalten. Zus\u00e4tzlich stellte Tele Radio Schulungen direkt vor Ort sowie laufenden technischen Support bereit. So konnte das Team von Strong Machines das System vom ersten Tag an sicher und effizient bedienen.<\/p>\n\n\n\n<hr class=\"wp-block-separator has-alpha-channel-opacity\"\/>\n\n\n\n<div style=\"height:33px\" aria-hidden=\"true\" class=\"wp-block-spacer\"><\/div>\n\n\n\n<div class=\"wp-block-columns is-layout-flex wp-container-core-columns-is-layout-9d6595d7 wp-block-columns-is-layout-flex\">\n<div class=\"wp-block-column is-layout-flow wp-block-column-is-layout-flow\">\n<figure class=\"wp-block-embed is-type-video is-provider-youtube wp-block-embed-youtube wp-embed-aspect-16-9 wp-has-aspect-ratio\"><div class=\"wp-block-embed__wrapper\">\n<iframe loading=\"lazy\" title=\"Strong Machines: Zwei Krane, ein Signal\" width=\"500\" height=\"281\" src=\"https:\/\/www.youtube.com\/embed\/WNyc5Rs8_dE?feature=oembed\" frameborder=\"0\" allow=\"accelerometer; autoplay; clipboard-write; encrypted-media; gyroscope; picture-in-picture; web-share\" referrerpolicy=\"strict-origin-when-cross-origin\" allowfullscreen><\/iframe>\n<\/div><\/figure>\n<\/div>\n\n\n\n<div class=\"wp-block-column is-layout-flow wp-block-column-is-layout-flow\">\n<h2 class=\"wp-block-heading\">Die Herausforderung<\/h2>\n\n\n\n<ul class=\"wp-block-list\">\n<li><strong>Pr\u00e4zision und Synchronisation:<\/strong> Der gleichzeitige Betrieb von zwei Br\u00fcckenkranen erfordert eine exakte Abstimmung. Schon geringe Abweichungen k\u00f6nnen zu Spannungsunterschieden, Anlagensch\u00e4den oder sogar Unf\u00e4llen f\u00fchren.<\/li>\n\n\n\n<li><strong>Sicherheit und Bewegungsfreiheit f\u00fcr Bediener:<\/strong>&nbsp;Die Kranf\u00fchrer ben\u00f6tigen volle Mobilit\u00e4t, ohne dabei die pr\u00e4zise Kontrolle \u00fcber die Last zu verlieren.<\/li>\n\n\n\n<li><strong>Minimierung von Stillstandzeiten:<\/strong>&nbsp;Die Einf\u00fchrung eines neuen Funksteuersystems musste mit m\u00f6glichst geringen Unterbrechungen im Produktionsablauf erfolgen.<\/li>\n<\/ul>\n<\/div>\n<\/div>\n\n\n\n<div class=\"wp-block-columns is-layout-flex wp-container-core-columns-is-layout-9d6595d7 wp-block-columns-is-layout-flex\">\n<div class=\"wp-block-column is-layout-flow wp-block-column-is-layout-flow\">\n<h2 class=\"wp-block-heading\">Die L\u00f6sung<\/h2>\n\n\n\n<ul class=\"wp-block-list\">\n<li><strong>Flexibilit\u00e4t:<\/strong>&nbsp;Ein Bediener kann beide Br\u00fcckenkrane von jeder optimalen Position aus steuern.<\/li>\n\n\n\n<li><strong>Proportionale Steuerung:<\/strong>&nbsp;Feindosierte Geschwindigkeitsregelung f\u00fcr alle Kranbewegungen..<\/li>\n\n\n\n<li><strong>Zertifizierung:<\/strong>&nbsp;Die PLd\/SIL3\u2011zertifizierte STOPP-Funktion gew\u00e4hrleistet ein sofortiges und sicheres Abschalten im Ernstfall.<\/li>\n\n\n\n<li><strong>Synchronisation:<\/strong>&nbsp;Eine kontinuierliche Kommunikation zwischen den Kranen sorgt f\u00fcr exakte Parallelbewegungen.<\/li>\n\n\n\n<li><strong>Installation:<\/strong>&nbsp;Die Integration erfordert nur minimale Anpassungen an der bestehenden Ausr\u00fcstung.<\/li>\n\n\n\n<li><strong>Support:<\/strong>&nbsp;Tele Radio stellte umfassende Schulungen vor Ort sowie laufende technische Unterst\u00fctzung bereit.<\/li>\n<\/ul>\n<\/div>\n\n\n\n<div class=\"wp-block-column is-layout-flow wp-block-column-is-layout-flow\">\n<figure class=\"wp-block-image size-full\"><img loading=\"lazy\" decoding=\"async\" width=\"780\" height=\"754\" src=\"https:\/\/www.tele-radio.com\/app\/uploads\/Screenshot-2025-11-04-at-9.55.45\u202fAM.png\" alt=\"\" class=\"wp-image-272435\" srcset=\"https:\/\/www.tele-radio.com\/app\/uploads\/Screenshot-2025-11-04-at-9.55.45\u202fAM.png 780w, https:\/\/www.tele-radio.com\/app\/uploads\/Screenshot-2025-11-04-at-9.55.45\u202fAM-400x387.png 400w, https:\/\/www.tele-radio.com\/app\/uploads\/Screenshot-2025-11-04-at-9.55.45\u202fAM-768x742.png 768w, https:\/\/www.tele-radio.com\/app\/uploads\/Screenshot-2025-11-04-at-9.55.45\u202fAM-750x725.png 750w, https:\/\/www.tele-radio.com\/app\/uploads\/Screenshot-2025-11-04-at-9.55.45\u202fAM-500x483.png 500w\" sizes=\"auto, (max-width: 780px) 100vw, 780px\" \/><\/figure>\n<\/div>\n<\/div>\n\n\n\n<hr class=\"wp-block-separator has-alpha-channel-opacity\"\/>\n\n\n\n<section id=\"cta\" class=\"wp-block-group has-amber-background-color has-background is-vertical is-content-justification-center is-layout-flex wp-container-core-group-is-layout-a164e0d7 wp-block-group-is-layout-flex\" style=\"padding-top:60px;padding-bottom:60px\">\n<h2 class=\"wp-block-heading has-text-align-center has-kelp-color has-text-color\"><br><br><strong>Tandembetrieb unter Kontrolle. <\/strong><\/h2>\n\n\n\n<h2 class=\"wp-block-heading has-text-align-center\"><strong>sicher &#8211; pr\u00e4zise &#8211; kabellos<\/strong><\/h2>\n\n\n\n<div style=\"height:0px\" aria-hidden=\"true\" class=\"wp-block-spacer wp-container-content-6b166158\"><\/div>\n\n\n\n<div class=\"wp-block-buttons is-content-justification-center is-layout-flex wp-container-core-buttons-is-layout-16018d1d wp-block-buttons-is-layout-flex\">\n<div class=\"wp-block-button is-style-fill\"><a class=\"wp-block-button__link has-white-color has-kelp-background-color has-text-color has-background has-custom-font-size wp-element-button\" href=\"https:\/\/www.tele-radio.com\/de\/kontakt\/\" style=\"border-radius:4px;padding-top:14px;padding-right:34px;padding-bottom:14px;padding-left:34px;font-size:20px\" target=\"_blank\" rel=\"noreferrer noopener\">Jetzt kostenlose Beratung vereinbaren<\/a><\/div>\n<\/div>\n<\/section>\n\n\n\n<div style=\"height:100px\" aria-hidden=\"true\" class=\"wp-block-spacer\"><\/div>\n","protected":false},"excerpt":{"rendered":"<p>Starke Partnerschaft f\u00fcr sichere und pr\u00e4zise Kranprozesse Die lokale Verf\u00fcgbarkeit von Ersatzteilen, Schulungen direkt im Unternehmen und die schnelle, flexible Unterst\u00fctzung \u2013 das sind die Gr\u00fcnde, warum sich Strong Machines f\u00fcr Tele Radio entschieden hat. Beim Heben von Lasten mit zwei Br\u00fcckenkranen im Tandembetrieb darf absolut nichts schiefgehen. F\u00fcr Strong Machines, einen brasilianischen Hersteller im [&hellip;]<\/p>\n","protected":false},"author":81,"featured_media":272474,"parent":0,"menu_order":0,"comment_status":"closed","ping_status":"closed","template":"content-customer-stories.php","meta":{"_acf_changed":false,"footnotes":""},"class_list":["post-273715","page","type-page","status-publish","has-post-thumbnail","hentry"],"acf":[],"_links":{"self":[{"href":"https:\/\/www.tele-radio.com\/de\/wp-json\/wp\/v2\/pages\/273715","targetHints":{"allow":["GET"]}}],"collection":[{"href":"https:\/\/www.tele-radio.com\/de\/wp-json\/wp\/v2\/pages"}],"about":[{"href":"https:\/\/www.tele-radio.com\/de\/wp-json\/wp\/v2\/types\/page"}],"author":[{"embeddable":true,"href":"https:\/\/www.tele-radio.com\/de\/wp-json\/wp\/v2\/users\/81"}],"replies":[{"embeddable":true,"href":"https:\/\/www.tele-radio.com\/de\/wp-json\/wp\/v2\/comments?post=273715"}],"version-history":[{"count":22,"href":"https:\/\/www.tele-radio.com\/de\/wp-json\/wp\/v2\/pages\/273715\/revisions"}],"predecessor-version":[{"id":279998,"href":"https:\/\/www.tele-radio.com\/de\/wp-json\/wp\/v2\/pages\/273715\/revisions\/279998"}],"wp:featuredmedia":[{"embeddable":true,"href":"https:\/\/www.tele-radio.com\/de\/wp-json\/wp\/v2\/media\/272474"}],"wp:attachment":[{"href":"https:\/\/www.tele-radio.com\/de\/wp-json\/wp\/v2\/media?parent=273715"}],"curies":[{"name":"wp","href":"https:\/\/api.w.org\/{rel}","templated":true}]}}