{"id":273713,"date":"2025-12-03T15:05:58","date_gmt":"2025-12-03T15:05:58","guid":{"rendered":"https:\/\/www.tele-radio.com\/?page_id=273713"},"modified":"2025-12-16T08:28:28","modified_gmt":"2025-12-16T08:28:28","slug":"vdl-container-systems","status":"publish","type":"page","link":"https:\/\/www.tele-radio.com\/de\/vdl-container-systems\/","title":{"rendered":"VDL Container Systems"},"content":{"rendered":"\n<div class=\"wp-block-cover aligncenter\" style=\"min-height:500px;aspect-ratio:unset;\"><img loading=\"lazy\" decoding=\"async\" width=\"2560\" height=\"1707\" class=\"wp-block-cover__image-background wp-image-261238 size-full\" alt=\"\" src=\"https:\/\/www.tele-radio.com\/app\/uploads\/SAEYS_Tele_Radio_VDL_Containersystemen_8150-scaled.jpg\" style=\"object-position:48% 49%\" data-object-fit=\"cover\" data-object-position=\"48% 49%\" srcset=\"https:\/\/www.tele-radio.com\/app\/uploads\/SAEYS_Tele_Radio_VDL_Containersystemen_8150-scaled.jpg 2560w, https:\/\/www.tele-radio.com\/app\/uploads\/SAEYS_Tele_Radio_VDL_Containersystemen_8150-400x267.jpg 400w, https:\/\/www.tele-radio.com\/app\/uploads\/SAEYS_Tele_Radio_VDL_Containersystemen_8150-1200x800.jpg 1200w, https:\/\/www.tele-radio.com\/app\/uploads\/SAEYS_Tele_Radio_VDL_Containersystemen_8150-768x512.jpg 768w, https:\/\/www.tele-radio.com\/app\/uploads\/SAEYS_Tele_Radio_VDL_Containersystemen_8150-1536x1024.jpg 1536w, https:\/\/www.tele-radio.com\/app\/uploads\/SAEYS_Tele_Radio_VDL_Containersystemen_8150-2048x1365.jpg 2048w, https:\/\/www.tele-radio.com\/app\/uploads\/SAEYS_Tele_Radio_VDL_Containersystemen_8150-750x500.jpg 750w, https:\/\/www.tele-radio.com\/app\/uploads\/SAEYS_Tele_Radio_VDL_Containersystemen_8150-500x333.jpg 500w, https:\/\/www.tele-radio.com\/app\/uploads\/SAEYS_Tele_Radio_VDL_Containersystemen_8150-1600x1067.jpg 1600w, https:\/\/www.tele-radio.com\/app\/uploads\/SAEYS_Tele_Radio_VDL_Containersystemen_8150-800x533.jpg 800w\" sizes=\"auto, (max-width: 2560px) 100vw, 2560px\" \/><span aria-hidden=\"true\" class=\"wp-block-cover__background has-background-dim-60 has-background-dim\"><\/span><div class=\"wp-block-cover__inner-container is-layout-flow wp-block-cover-is-layout-flow\">\n<div class=\"wp-block-group is-vertical is-content-justification-center is-layout-flex wp-container-core-group-is-layout-19dca076 wp-block-group-is-layout-flex\">\n<h1 class=\"wp-block-heading has-text-align-center has-white-color has-text-color\" style=\"font-size:56px\">VDL Container Systems: \u201cTele Radio sorgt f\u00fcr die Sicherheit unserer Anwender.\u201d<\/h1>\n\n\n\n<p class=\"has-text-align-center has-white-color has-text-color\" style=\"font-size:22px\">VDL Container Systems stellt Container-Handling-Systeme her und setzt dabei auf die zuverl\u00e4ssigen Funkfernsteuerungen von Tele Radio.<\/p>\n<\/div>\n<\/div><\/div>\n\n\n\n<div class=\"wp-block-group\" style=\"padding-top:80px;padding-bottom:60px\"><div class=\"wp-block-group__inner-container is-layout-flow wp-block-group-is-layout-flow\">\n<div class=\"wp-block-columns are-vertically-aligned-center is-layout-flex wp-container-core-columns-is-layout-a0017d07 wp-block-columns-is-layout-flex\">\n<div class=\"wp-block-column is-vertically-aligned-center is-layout-flow wp-block-column-is-layout-flow\" style=\"flex-basis:50%\">\n<h2 class=\"wp-block-heading has-kelp-color has-text-color\">Die Herausforderung<\/h2>\n\n\n\n<p>Beim Container-Handling begegnen die Bediener immer wieder erheblichen Risiken:<\/p>\n\n\n\n<ul class=\"wp-block-list\">\n<li>Bei Hakenger\u00e4ten, Absetzkippern und Kettensystemen sind die <strong>Sichtverh\u00e4ltnisse oft eingeschr\u00e4nkt <\/strong>\u2013 das erschwert die Einsch\u00e4tzung von Schwenk- oder Kippgefahren.<\/li>\n\n\n\n<li>Unpr\u00e4zise Steuerungen mit Zwei- oder Drei-Stufen-Tasten f\u00fchren zu <strong>hydraulischen Schocks<\/strong> \u2013 Lasten bewegen sich ruckartig und k\u00f6nnen Unf\u00e4lle verursachen.<\/li>\n\n\n\n<li><strong>Extreme Bedingungen<\/strong> wie Hitze, K\u00e4lte oder Schmutz \u2013 von Industrie\u00f6fen bis zu nordischen Winderh\u00f6fen \u2013 belasten Mensch und Maschine und erh\u00f6hen das Risiko von Ausf\u00e4llen und Unf\u00e4llen.<\/li>\n<\/ul>\n\n\n\n<p>F\u00e4llt die Verbindung zwischen Sender und Empf\u00e4nger aus, ist die Kontrolle verloren \u2013 mit hohen Kosten und m\u00f6glicherweise fatalen Folgen.<\/p>\n<\/div>\n\n\n\n<div class=\"wp-block-column is-vertically-aligned-center is-layout-flow wp-block-column-is-layout-flow\" style=\"flex-basis:50%\">\n<figure class=\"wp-block-image size-large\"><img loading=\"lazy\" decoding=\"async\" width=\"1200\" height=\"675\" src=\"https:\/\/www.tele-radio.com\/app\/uploads\/Foto-8-1200x675.jpg\" alt=\"\" class=\"wp-image-261732\" style=\"aspect-ratio:1;object-fit:cover\" srcset=\"https:\/\/www.tele-radio.com\/app\/uploads\/Foto-8-1200x675.jpg 1200w, https:\/\/www.tele-radio.com\/app\/uploads\/Foto-8-400x225.jpg 400w, https:\/\/www.tele-radio.com\/app\/uploads\/Foto-8-768x432.jpg 768w, https:\/\/www.tele-radio.com\/app\/uploads\/Foto-8-1536x864.jpg 1536w, https:\/\/www.tele-radio.com\/app\/uploads\/Foto-8-750x422.jpg 750w, https:\/\/www.tele-radio.com\/app\/uploads\/Foto-8-500x281.jpg 500w, https:\/\/www.tele-radio.com\/app\/uploads\/Foto-8-1600x900.jpg 1600w, https:\/\/www.tele-radio.com\/app\/uploads\/Foto-8-800x450.jpg 800w, https:\/\/www.tele-radio.com\/app\/uploads\/Foto-8.jpg 1920w\" sizes=\"auto, (max-width: 1200px) 100vw, 1200px\" \/><\/figure>\n<\/div>\n<\/div>\n<\/div><\/div>\n\n\n\n<div class=\"wp-block-group\" style=\"border-top-color:var(--wp--preset--color--gallery);border-top-width:3px;padding-top:60px;padding-bottom:60px\"><div class=\"wp-block-group__inner-container is-layout-flow wp-block-group-is-layout-flow\">\n<div style=\"height:50px\" aria-hidden=\"true\" class=\"wp-block-spacer\"><\/div>\n\n\n\n<div class=\"wp-block-columns are-vertically-aligned-center is-layout-flex wp-container-core-columns-is-layout-a0017d07 wp-block-columns-is-layout-flex\">\n<div class=\"wp-block-column is-vertically-aligned-center is-layout-flow wp-block-column-is-layout-flow\" style=\"flex-basis:50%\">\n<figure class=\"wp-block-embed is-type-video is-provider-youtube wp-block-embed-youtube wp-embed-aspect-16-9 wp-has-aspect-ratio\"><div class=\"wp-block-embed__wrapper\">\n<iframe loading=\"lazy\" title=\"VDL Container Systems vertraut auf Tele Radio\" width=\"500\" height=\"281\" src=\"https:\/\/www.youtube.com\/embed\/BxprYrwx8ms?feature=oembed\" frameborder=\"0\" allow=\"accelerometer; autoplay; clipboard-write; encrypted-media; gyroscope; picture-in-picture; web-share\" referrerpolicy=\"strict-origin-when-cross-origin\" allowfullscreen><\/iframe>\n<\/div><\/figure>\n<\/div>\n\n\n\n<div class=\"wp-block-column is-vertically-aligned-center is-layout-flow wp-block-column-is-layout-flow\" style=\"flex-basis:50%\">\n<h2 class=\"wp-block-heading has-kelp-color has-text-color\"><strong>Die L\u00f6sung<\/strong><\/h2>\n\n\n\n<p>Die proportionalen Funkfernsteuerungen <strong><a href=\"https:\/\/www.tele-radio.com\/de\/products\/tiger-g2-ple-und-sil3-zertifiziert\/\" target=\"_blank\" rel=\"noreferrer noopener\">TIGER<\/a> <a href=\"https:\/\/www.tele-radio.com\/de\/products\/tiger-g2-ple-und-sil3-zertifiziert\/tiger-g2-sender-4x2-stufige-drucktasten-display-sil3-ple\/\" target=\"_blank\" rel=\"noreferrer noopener\">T14-7<\/a> und <a href=\"https:\/\/www.tele-radio.com\/de\/products\/tiger-g2-ple-und-sil3-zertifiziert\/tiger-g2-sender-4x2-stufige-drucktasten-display-sil3-ple-2\/\" target=\"_blank\" rel=\"noreferrer noopener\">T15-7<\/a><\/strong> von Tele Radio geben den Kunden von VDL Container Systems pr\u00e4zise Steuerung aus sicherer Entfernung:<\/p>\n\n\n\n<ul class=\"wp-block-list\">\n<li><strong>Pr\u00e4zise Steuerung bis ins Detail<\/strong> \u2013 druckempfindliche Tasten regeln den Hydraulikfluss sanft und verhindern ruckartige Lastbewegungen.<\/li>\n\n\n\n<li><strong>Zuverl\u00e4ssige Verbindung<\/strong> \u2013 selbst unter extremen Bedingungen bleibt die Kontrolle jederzeit gew\u00e4hrleistet.<\/li>\n\n\n\n<li><strong>Arbeitsreichweite bis zu 50 Metern<\/strong> \u2013 Bediener k\u00f6nnen Abstand zu Hitze, L\u00e4rm oder schwingenden Lasten halten und behalten dennoch den gesamten Hebevorgang im Blick.<\/li>\n<\/ul>\n<\/div>\n<\/div>\n<\/div><\/div>\n\n\n\n<h2 class=\"wp-block-heading has-text-align-left has-black-color has-text-color has-link-color has-large-font-size wp-elements-315da23fd6fb55f90e7ad96e713a867b\"><strong>VDL Container Systems: \u201eTele Radio sorgt f\u00fcr die Sicherheit unserer Anwender.\u201c<\/strong><\/h2>\n\n\n\n<p><strong>VDL Container Systems entwickelt und produziert Systeme f\u00fcr das Container-Handling. Dabei sind die Anwender Tag f\u00fcr Tag erheblichen Unfallrisiken ausgesetzt. \u201eMit einer Funkfernsteuerung behalten Bediener ihre Umgebung besser im Blick und k\u00f6nnen Abstand gewinnen \u2013 sei es von der intensiven Hitze eines Industrieofens oder von einem Lkw, der beim Entladen ins Kippen ger\u00e4t. Sicherheit h\u00e4ngt dabei entscheidend von der stabilen Verbindung zwischen Sender und Empf\u00e4nger ab. Sobald diese Verbindung abrei\u00dft, geht die Kontrolle verloren.\u201c<\/strong><\/p>\n\n\n\n<p>In Hapert, einem kleinen Ort mit gro\u00dfer Industrietradition, zeigt Produktmanager Paul van der Loo den Standort von VDL Container Systems. Seit der Gr\u00fcndung 1999 hat sich das Unternehmen mit der Entwicklung und Produktion von Hakenger\u00e4ten, Absetzkippern sowie Kabel- und Kettenhebesystemen zu einem internationalen Anbieter entwickelt \u2013 mit Kunden in ganz Europa und weltweit.<\/p>\n\n\n\n<details class=\"wp-block-details is-layout-flow wp-block-details-is-layout-flow\"><summary>Read the full story<\/summary>\n<h3 class=\"wp-block-heading\"><strong>\u00dcberblick gewinnen<\/strong><\/h3>\n\n\n\n<p>\u201eDie Zusammenarbeit zwischen VDL Container Systems und Tele Radio begann\u201c, erinnert sich Van der Loo, \u201eals Kunden die Gefahren schilderten, denen sie am Arbeitsplatz ausgesetzt sind. Man denke an den Transport von fl\u00fcssigem Metall, an einen M\u00fcllwagen, der beim Entladen so weit nach hinten kippt, dass er umst\u00fcrzen k\u00f6nnte, oder an eine innerst\u00e4dtische Lieferung im dichten Verkehr. Tele Radio erm\u00f6glicht es den Anwendern, Abstand zu gewinnen und die Gesamtsituation im Blick zu behalten.\u201c<\/p>\n\n\n\n<p><em>\u201eStellen Sie sich eine Lieferung mitten im Stadtverkehr zur Rush Hour vor. Mit Tele Radio behalten Anwender den \u00dcberblick \u00fcber ihre Arbeitssituation.\u201c<\/em><\/p>\n\n\n\n<p><strong><em>\u2013 Paul van der Loo, Produktmanager bei VDL Container Systems<\/em><\/strong><\/p>\n\n\n\n<p>VDL Container Systems setzt gezielt auf die Funkfernsteuerungen <strong><a href=\"https:\/\/www.tele-radio.com\/de\/products\/tiger-g2-ple-und-sil3-zertifiziert\/tiger-g2-sender-4x2-stufige-drucktasten-display-sil3-ple\/\" target=\"_blank\" rel=\"noreferrer noopener\">T14-7<\/a> und <a href=\"https:\/\/www.tele-radio.com\/de\/products\/tiger-g2-ple-und-sil3-zertifiziert\/tiger-g2-sender-4x2-stufige-drucktasten-display-sil3-ple-2\/\" target=\"_blank\" rel=\"noreferrer noopener\">T15-7<\/a><\/strong> aus der <a href=\"https:\/\/www.tele-radio.com\/de\/products\/tiger-g2-ple-und-sil3-zertifiziert\/\" target=\"_blank\" rel=\"noreferrer noopener\">TIGER<\/a>-Serie von Tele Radio. Van der Loo erkl\u00e4rt: \u201eIhre proportionalen Steuerungen sind in Kombination mit unseren Hydrauliksystemen f\u00fchrend.\u201c<\/p>\n\n\n\n<p><strong>Verl\u00e4ssliche Verbindung<\/strong><\/p>\n\n\n\n<p>F\u00fcr VDL Container Systems ist pr\u00e4zise Steuerung entscheidend. Zwei- oder Drei-Stufen-Tasten k\u00f6nnen Hydrauliksysteme ruckartig bewegen \u2013 mit unkontrollierten Bewegungen und Unfallrisiken.<br>\u201eBediener brauchen millimetergenaue Kontrolle\u201c, erkl\u00e4rt Van der Loo. \u201eTele Radio bietet uns genau das: eine verl\u00e4ssliche Verbindung und die Pr\u00e4zision, die unsere Systeme erfordern.\u201c<\/p>\n\n\n\n<p>Zum Abschluss betont er: \u201eUnsere Systeme sind extremen Bedingungen ausgesetzt \u2013 ob im Bergbau, in der Landwirtschaft, im Bauwesen oder bei Temperaturen von arktischer K\u00e4lte bis zu s\u00fcdlicher Hitze. Tele Radio garantiert eine zuverl\u00e4ssige Verbindung zwischen Sender und Empf\u00e4nger \u2013 unabh\u00e4ngig von den Umst\u00e4nden.\u201c<\/p>\n\n\n\n<div style=\"height:58px\" aria-hidden=\"true\" class=\"wp-block-spacer\"><\/div>\n<\/details>\n\n\n\n<div style=\"height:65px\" aria-hidden=\"true\" class=\"wp-block-spacer\"><\/div>\n\n\n\n<div class=\"wp-block-group has-gallery-background-color has-background\" style=\"padding-top:50px;padding-bottom:50px\"><div class=\"wp-block-group__inner-container is-layout-flow wp-block-group-is-layout-flow\">\n<blockquote class=\"wp-block-quote is-style-large is-layout-flow wp-block-quote-is-layout-flow\">\n<p>\u201cTele Radio sorgt f\u00fcr eine zuverl\u00e4ssige Verbindung \u2013 und damit f\u00fcr die Sicherheit unserer Anwender.\u201d<\/p>\n\n\n\n<div style=\"height:29px\" aria-hidden=\"true\" class=\"wp-block-spacer\"><\/div>\n\n\n\n<p class=\"has-medium-font-size\"><strong>Paul van der Loo, Produktmanager \u2013 VDL Container Systems<\/strong><\/p>\n<\/blockquote>\n\n\n\n<div style=\"height:23px\" aria-hidden=\"true\" class=\"wp-block-spacer\"><\/div>\n<\/div><\/div>\n\n\n\n<div class=\"wp-block-group\" style=\"padding-top:60px;padding-bottom:60px\"><div class=\"wp-block-group__inner-container is-layout-flow wp-block-group-is-layout-flow\">\n<h2 class=\"wp-block-heading has-text-align-center has-kelp-color has-text-color\">Warum Tele Radio?<\/h2>\n\n\n\n<div class=\"wp-block-columns is-layout-flex wp-container-core-columns-is-layout-7501fc45 wp-block-columns-is-layout-flex\" style=\"padding-top:40px\">\n<div class=\"wp-block-column is-layout-flow wp-block-column-is-layout-flow\">\n<h3 class=\"wp-block-heading has-amber-color has-text-color\"><strong><strong>Proportionale Pr\u00e4zision<\/strong><\/strong><\/h3>\n\n\n\n<p class=\"has-gray-color has-text-color\">Sanfte, sto\u00dffreie Bewegungen sch\u00fctzen Zylinder, Rahmen und Anwender in der N\u00e4he.<\/p>\n<\/div>\n\n\n\n<div class=\"wp-block-column is-layout-flow wp-block-column-is-layout-flow\">\n<h3 class=\"wp-block-heading has-amber-color has-text-color\"><strong>Extrem zuverl\u00e4ssig<\/strong><\/h3>\n\n\n\n<p class=\"has-gray-color has-text-color\">Funkfernsteuerungen halten Temperaturen von \u201320 \u00b0C bis +55 \u00b0C stand und sind durch IP-gesch\u00fctzte Geh\u00e4use sicher vor Staub.<\/p>\n<\/div>\n\n\n\n<div class=\"wp-block-column is-layout-flow wp-block-column-is-layout-flow\">\n<h3 class=\"wp-block-heading has-amber-color has-text-color\"><strong><strong>Modulare Flexibilit\u00e4t<\/strong><\/strong><\/h3>\n\n\n\n<p class=\"has-gray-color has-text-color\">Von kompakten Handger\u00e4ten bis zu Joysticksendern \u2013 ob CAN-Bus, SAE-J1939 oder analog: kompatibel mit jedem System.<\/p>\n<\/div>\n<\/div>\n<\/div><\/div>\n\n\n\n<section id=\"cta\" class=\"wp-block-group has-amber-background-color has-background is-vertical is-content-justification-center is-layout-flex wp-container-core-group-is-layout-a164e0d7 wp-block-group-is-layout-flex\" style=\"padding-top:60px;padding-bottom:60px\">\n<h2 class=\"wp-block-heading has-text-align-center has-kelp-color has-text-color\"><br><br><strong>Sicherheit bei jedem Hebevorgang. <\/strong><\/h2>\n\n\n\n<h2 class=\"wp-block-heading has-text-align-center\"><strong>Maximale Einsatzbereitschaft.<\/strong><\/h2>\n\n\n\n<div style=\"height:0px\" aria-hidden=\"true\" class=\"wp-block-spacer wp-container-content-6b166158\"><\/div>\n\n\n\n<div class=\"wp-block-buttons is-content-justification-center is-layout-flex wp-container-core-buttons-is-layout-16018d1d wp-block-buttons-is-layout-flex\">\n<div class=\"wp-block-button is-style-fill\"><a class=\"wp-block-button__link has-white-color has-kelp-background-color has-text-color has-background has-custom-font-size wp-element-button\" href=\"https:\/\/www.tele-radio.com\/de\/kontakt\/\" style=\"border-radius:4px;padding-top:14px;padding-right:34px;padding-bottom:14px;padding-left:34px;font-size:20px\" target=\"_blank\" rel=\"noreferrer noopener\">Jetzt kostenlose Beratung vereinbaren<\/a><\/div>\n<\/div>\n<\/section>\n\n\n\n<p><\/p>\n","protected":false},"excerpt":{"rendered":"<p>Die Herausforderung Beim Container-Handling begegnen die Bediener immer wieder erheblichen Risiken: F\u00e4llt die Verbindung zwischen Sender und Empf\u00e4nger aus, ist die Kontrolle verloren \u2013 mit hohen Kosten und m\u00f6glicherweise fatalen Folgen. Die L\u00f6sung Die proportionalen Funkfernsteuerungen TIGER T14-7 und T15-7 von Tele Radio geben den Kunden von VDL Container Systems pr\u00e4zise Steuerung aus sicherer Entfernung: [&hellip;]<\/p>\n","protected":false},"author":81,"featured_media":261582,"parent":0,"menu_order":0,"comment_status":"closed","ping_status":"closed","template":"content-customer-stories.php","meta":{"_acf_changed":false,"footnotes":""},"class_list":["post-273713","page","type-page","status-publish","has-post-thumbnail","hentry"],"acf":[],"_links":{"self":[{"href":"https:\/\/www.tele-radio.com\/de\/wp-json\/wp\/v2\/pages\/273713","targetHints":{"allow":["GET"]}}],"collection":[{"href":"https:\/\/www.tele-radio.com\/de\/wp-json\/wp\/v2\/pages"}],"about":[{"href":"https:\/\/www.tele-radio.com\/de\/wp-json\/wp\/v2\/types\/page"}],"author":[{"embeddable":true,"href":"https:\/\/www.tele-radio.com\/de\/wp-json\/wp\/v2\/users\/81"}],"replies":[{"embeddable":true,"href":"https:\/\/www.tele-radio.com\/de\/wp-json\/wp\/v2\/comments?post=273713"}],"version-history":[{"count":38,"href":"https:\/\/www.tele-radio.com\/de\/wp-json\/wp\/v2\/pages\/273713\/revisions"}],"predecessor-version":[{"id":275527,"href":"https:\/\/www.tele-radio.com\/de\/wp-json\/wp\/v2\/pages\/273713\/revisions\/275527"}],"wp:featuredmedia":[{"embeddable":true,"href":"https:\/\/www.tele-radio.com\/de\/wp-json\/wp\/v2\/media\/261582"}],"wp:attachment":[{"href":"https:\/\/www.tele-radio.com\/de\/wp-json\/wp\/v2\/media?parent=273713"}],"curies":[{"name":"wp","href":"https:\/\/api.w.org\/{rel}","templated":true}]}}