{"id":273711,"date":"2025-12-02T14:19:48","date_gmt":"2025-12-02T14:19:48","guid":{"rendered":"https:\/\/www.tele-radio.com\/?page_id=273711"},"modified":"2025-12-02T16:01:30","modified_gmt":"2025-12-02T16:01:30","slug":"global-towing-systems","status":"publish","type":"page","link":"https:\/\/www.tele-radio.com\/de\/global-towing-systems\/","title":{"rendered":"Global Towing Systems"},"content":{"rendered":"\n<div class=\"wp-block-cover alignfull\" style=\"min-height:640px;aspect-ratio:unset;\"><img decoding=\"async\" class=\"wp-block-cover__image-background\" alt=\"\" src=\"https:\/\/www.tele-radio.com\/app\/uploads\/XT5A6738.jpg\" data-object-fit=\"cover\"\/><span aria-hidden=\"true\" class=\"wp-block-cover__background has-kelp-background-color has-background-dim-60 has-background-dim\"><\/span><div class=\"wp-block-cover__inner-container is-layout-flow wp-block-cover-is-layout-flow\">\n<div class=\"wp-block-group is-vertical is-content-justification-center is-layout-flex wp-container-core-group-is-layout-19dca076 wp-block-group-is-layout-flex\">\n<h1 class=\"wp-block-heading has-text-align-center has-white-color has-text-color\" style=\"font-size:56px\">Schwerlastbergung? Pr\u00e4zises Heben mit voller Kontrolle.<\/h1>\n\n\n\n<p class=\"has-text-align-center has-white-color has-text-color\" style=\"font-size:24px\">Erleben Sie die Erfolgsgeschichte von <\/p>\n\n\n\n<p class=\"has-text-align-center has-white-color has-text-color\" style=\"font-size:24px\">Global Towing Systems \u00d7 Tele Radio<\/p>\n<\/div>\n<\/div><\/div>\n\n\n\n<div class=\"wp-block-group\" style=\"padding-top:80px;padding-bottom:60px\"><div class=\"wp-block-group__inner-container is-layout-flow wp-block-group-is-layout-flow\">\n<div class=\"wp-block-columns are-vertically-aligned-center is-layout-flex wp-container-core-columns-is-layout-a0017d07 wp-block-columns-is-layout-flex\">\n<div class=\"wp-block-column is-vertically-aligned-center is-layout-flow wp-block-column-is-layout-flow\" style=\"flex-basis:50%\">\n<h2 class=\"wp-block-heading has-kelp-color has-text-color\">Die Herausforderung<\/h2>\n\n\n\n<p class=\"has-gray-color has-text-color\">Bei der Bergung von verunfallten Lastwagen, Bussen und Milit\u00e4rfahrzeugen ist h\u00f6chste Pr\u00e4zision gefragt. Schon ein kleiner Fehler kann schwere Sch\u00e4den oder Verletzungen nach sich ziehen. <\/p>\n\n\n\n<ul class=\"wp-block-list\">\n<li>Die Sicht auf die Last ist oft eingeschr\u00e4nkt<\/li>\n\n\n\n<li>Es besteht ein hohes Risiko von Einsturz oder Verformung<\/li>\n\n\n\n<li>Wertvolle Zeit geht verloren durch st\u00e4ndiges Hin- und Herlaufen zwischen Steuerpult und Fahrzeug<\/li>\n<\/ul>\n<\/div>\n\n\n\n<div class=\"wp-block-column is-vertically-aligned-center is-layout-flow wp-block-column-is-layout-flow\" style=\"flex-basis:50%\">\n<figure class=\"wp-block-image size-large\"><img decoding=\"async\" src=\"https:\/\/www.tele-radio.com\/app\/uploads\/XT5A6812.jpg\" alt=\"High-risk recovery operation\" style=\"aspect-ratio:1;object-fit:cover\"\/><\/figure>\n<\/div>\n<\/div>\n<\/div><\/div>\n\n\n\n<div class=\"wp-block-group\" style=\"border-top-color:var(--wp--preset--color--gallery);border-top-width:3px;padding-top:60px;padding-bottom:60px\"><div class=\"wp-block-group__inner-container is-layout-flow wp-block-group-is-layout-flow\">\n<div class=\"wp-block-columns are-vertically-aligned-center is-layout-flex wp-container-core-columns-is-layout-a0017d07 wp-block-columns-is-layout-flex\">\n<div class=\"wp-block-column is-vertically-aligned-center is-layout-flow wp-block-column-is-layout-flow\" style=\"flex-basis:50%\">\n<figure class=\"wp-block-embed is-type-video is-provider-youtube wp-block-embed-youtube wp-embed-aspect-16-9 wp-has-aspect-ratio\"><div class=\"wp-block-embed__wrapper\">\n<iframe loading=\"lazy\" title=\"Global Towing Systems: \u201cPreventing operational loss requires the best remote control out there\u201d\" width=\"500\" height=\"281\" src=\"https:\/\/www.youtube.com\/embed\/2JXrSYOHkzY?list=PLA6mhlK8CPftvHo_08yernDraqdJRzWUK\" frameborder=\"0\" allow=\"accelerometer; autoplay; clipboard-write; encrypted-media; gyroscope; picture-in-picture; web-share\" referrerpolicy=\"strict-origin-when-cross-origin\" allowfullscreen><\/iframe>\n<\/div><\/figure>\n<\/div>\n\n\n\n<div class=\"wp-block-column is-vertically-aligned-center is-layout-flow wp-block-column-is-layout-flow\" style=\"flex-basis:50%\">\n<h2 class=\"wp-block-heading has-kelp-color has-text-color\">Die L\u00f6sung<\/h2>\n\n\n\n<p class=\"has-gray-color has-text-color\">Die proportionalen VersaTEQ- und Panther-Systeme von Tele Radio erm\u00f6glichen den Bedienern millimetergenaue Steuerung \u2013 selbst aus bis zu 50 Metern Entfernung. Zwei Handger\u00e4te \u00fcbernehmen dabei s\u00e4mtliche Funktionen. <\/p>\n\n\n\n<div class=\"wp-block-buttons is-layout-flex wp-block-buttons-is-layout-flex\">\n<div class=\"wp-block-button\"><a class=\"wp-block-button__link has-kelp-color has-amber-background-color has-text-color has-background wp-element-button\" href=\"https:\/\/www.tele-radio.com\/de\/versateq\/\" style=\"border-radius:19px\" target=\"_blank\" rel=\"noreferrer noopener\">Technische Daten<\/a><\/div>\n<\/div>\n<\/div>\n<\/div>\n<\/div><\/div>\n\n\n\n<p class=\"has-text-align-left has-black-color has-text-color has-link-color has-large-font-size wp-elements-ec13eb473d5a2b8fc48d9a1ff134532b\"><strong>Global Towing Systems: \u201cBetriebsausf\u00e4lle verhindern hei\u00dft, auf die beste Funkfernsteuerung zu setzen\u201d<\/strong><\/p>\n\n\n\n<p class=\"has-text-align-left has-black-color has-text-color has-link-color has-medium-font-size wp-elements-1c3fc4230c4e530636f0a38d05d42dcf\"><strong>Wenn ein Schwerlastfahrzeug in Schwierigkeiten ger\u00e4t, sind die Kunden von Global Towing Systems (GTS) zur Stelle. \u201eVerunfallte Lkw, Busse oder Milit\u00e4rfahrzeuge geh\u00f6ren zu den gr\u00f6\u00dften Herausforderungen f\u00fcr Abschleppunternehmen\u201c, erkl\u00e4rt Michel Noel, Gesch\u00e4ftsf\u00fchrer von GTS.<\/strong><\/p>\n\n\n\n<p>\u201eUm die R\u00e4der eines Fahrzeugs \u00fcberhaupt erreichen zu k\u00f6nnen, muss ein Bergungsfahrzeug bis an seine Leistungsgrenzen gehen\u201c, erkl\u00e4rt Michel aus dem ungarischen Koml\u00f3. Global Towing Systems (GTS) entwickelt und produziert Aufbauten f\u00fcr Bergungsfahrzeuge \u2013 und seit Ende 2023 werden diese serienm\u00e4\u00dfig mit Tele Radio Funkfernsteuerungen ausgeliefert.<\/p>\n\n\n\n<details class=\"wp-block-details is-layout-flow wp-block-details-is-layout-flow\"><summary>Zur ganzen Geschichte<\/summary>\n<p class=\"has-medium-font-size\"><strong>Pr\u00e4zision entscheidet<\/strong><\/p>\n\n\n\n<p>\u201eUnsere Kunden arbeiten mit Schwerlastfahrzeugen. Ein einziger Fehler, und das ganze Fahrzeug bricht zusammen\u201c, betont Michel. Genau hier kommt die Funkfernsteuerung ins Spiel: \u201eWer kritische Teile nicht besch\u00e4digen will, braucht die beste Funkfernsteuerung. Die Sensibilit\u00e4t der Tele Radio Systeme erm\u00f6glicht es, tonnenschwere Fahrzeuge sanft anzuheben und die Last optimal zu bewegen.\u201c <\/p>\n\n\n\n<p>\u201eDie hohe Sensibilit\u00e4t der Tele Radio Systeme erm\u00f6glicht es, tonnenschwere Fahrzeuge sanft anzuheben und die Last pr\u00e4zise zu steuern.\u201c<br>\u2013 Michel Noel, Gesch\u00e4ftsf\u00fchrer Global Towing Systems<\/p>\n\n\n\n<p class=\"has-medium-font-size\"><strong>Proportionalit\u00e4t \u2013 entscheidend im Schwerlastbetrieb<\/strong><\/p>\n\n\n\n<p>Michel hebt hervor, wie eng Tele Radio in die Weiterentwicklung von GTS eingebunden ist: \u201eUnsere Fabrik wurde innerhalb eines Jahres gleich zweimal von Tele Radio besucht. Sie nehmen sich die Zeit, unsere Anforderungen genau zu verstehen und liefern L\u00f6sungen, die perfekt zu unseren Produkten passen.\u201c<\/p>\n\n\n\n<p>Ein wesentlicher Grund f\u00fcr die Zusammenarbeit ist die Proportionalit\u00e4t der Steuerungen: \u201eDer Druck auf eine Taste beeinflusst die Bewegung unmittelbar. Mit Tele Radio lassen sich selbst extrem langsame Bewegungen pr\u00e4zise ausf\u00fchren \u2013  und genau das kann in unserem Arbeitsumfeld \u00fcber Erfolg oder Misserfolg entscheiden.\u201c <\/p>\n\n\n\n<p class=\"has-medium-font-size\"><strong>Kontrolle aus sicherer Entfernung<\/strong><\/p>\n\n\n\n<p>\u201eUnsere Kunden steuern ihre Bergungsfahrzeuge inzwischen aus einer Entfernung von bis zu 50 Metern. Die Bediener ziehen ein Kabel zum besch\u00e4digten Fahrzeug und starten die Bergung direkt vor Ort \u2013 ohne zum fest eingebauten Steuerpult am Lkw zur\u00fccklaufen zu m\u00fcssen.\u201c<\/p>\n\n\n\n<p class=\"has-medium-font-size\"><strong>Beste Komponenten f\u00fcr besten Service<\/strong><\/p>\n\n\n\n<p>GTS setzt auf die <strong>VersaTEQ<\/strong>&#8211; und <strong>Panther-Systeme<\/strong> von Tele Radio. Je nach Einsatzort und Kundenanforderung kommt neben dem gr\u00f6\u00dferen, vielseitigen VersaTEQ-Sender auch der kompakte Panther-Sender zum Einsatz \u2013 als handlicher Ein\/Aus\u2011Sender f\u00fcr maximale Flexibilit\u00e4t.<\/p>\n\n\n\n<p>\u201eWenn ein Bediener unter ein Fahrzeug kriechen muss, ist der VersaTEQ-Sender oft zu gro\u00df. In solchen F\u00e4llen greift er zum kleineren Panther-Sender und kann dennoch einen Gro\u00dfteil der Fahrzeugfunktionen sicher steuern.\u201c<\/p>\n\n\n\n<p>\u201eUnser Ziel ist es, den bestm\u00f6glichen Service und die hochwertigsten Komponenten zu bieten. Tele Radio passt perfekt zu diesem Anspruch.\u201c<\/p>\n<\/details>\n\n\n\n<div style=\"height:55px\" aria-hidden=\"true\" class=\"wp-block-spacer\"><\/div>\n\n\n\n<div class=\"wp-block-group has-gallery-background-color has-background\" style=\"padding-top:50px;padding-bottom:50px\"><div class=\"wp-block-group__inner-container is-layout-flow wp-block-group-is-layout-flow\">\n<blockquote class=\"wp-block-quote is-style-large is-layout-flow wp-block-quote-is-layout-flow\">\n<p>\u201eDie hohe Sensibilit\u00e4t der Tele Radio Systeme erm\u00f6glicht es, tonnenschwere Fahrzeuge sanft anzuheben und die Last pr\u00e4zise zu steuern.\u201c<\/p>\n\n\n\n<div style=\"height:24px\" aria-hidden=\"true\" class=\"wp-block-spacer\"><\/div>\n<cite>Michel Noel, Gesch\u00e4ftsf\u00fchrer \u2013 Global Towing Systems<\/cite><\/blockquote>\n<\/div><\/div>\n\n\n\n<div class=\"wp-block-group\" style=\"padding-top:60px;padding-bottom:60px\"><div class=\"wp-block-group__inner-container is-layout-flow wp-block-group-is-layout-flow\">\n<h2 class=\"wp-block-heading has-text-align-center has-kelp-color has-text-color\">Warum Tele Radio?<\/h2>\n\n\n\n<div class=\"wp-block-columns is-layout-flex wp-container-core-columns-is-layout-7501fc45 wp-block-columns-is-layout-flex\" style=\"padding-top:40px\">\n<div class=\"wp-block-column is-layout-flow wp-block-column-is-layout-flow\">\n<h3 class=\"wp-block-heading has-amber-color has-text-color\">Millimetergenaue Pr\u00e4zision<\/h3>\n\n\n\n<p class=\"has-gray-color has-text-color\">Proportionale Tasten setzen den Fingerdruck direkt in besonders sanfte Bewegungen um \u2013 entscheidend, wenn Lasten von bis zu 30 Tonnen gehoben werden.<\/p>\n<\/div>\n\n\n\n<div class=\"wp-block-column is-layout-flow wp-block-column-is-layout-flow\">\n<h3 class=\"wp-block-heading has-amber-color has-text-color\">50 Meter Reichweite<\/h3>\n\n\n\n<p class=\"has-gray-color has-text-color\">Bleiben Sie in sicherer Entfernung und behalten Sie dennoch die volle Kontrolle \u2013 ganz ohne st\u00e4ndiges Hin\u2011 und Herlaufen zum Steuerpult.<\/p>\n<\/div>\n\n\n\n<div class=\"wp-block-column is-layout-flow wp-block-column-is-layout-flow\">\n<h3 class=\"wp-block-heading has-amber-color has-text-color\">Robust &amp; Modular<\/h3>\n\n\n\n<p class=\"has-gray-color has-text-color\">Vom gro\u00dfen Joysticksendern bis zum kompakten Handsender \u2013 w\u00e4hlen Sie genau die Funkfernsteuerung, die zu Ihrer Aufgabe passt.<\/p>\n<\/div>\n<\/div>\n<\/div><\/div>\n\n\n\n<section id=\"cta\" class=\"wp-block-group has-amber-background-color has-background\" style=\"padding-top:60px;padding-bottom:60px\"><div class=\"wp-block-group__inner-container is-layout-flow wp-block-group-is-layout-flow\">\n<h2 class=\"wp-block-heading has-text-align-center has-kelp-color has-text-color\">Sch\u00e4den und Stillstand wirksam vorbeugen!<\/h2>\n\n\n\n<div class=\"wp-block-buttons is-content-justification-center is-layout-flex wp-container-core-buttons-is-layout-16018d1d wp-block-buttons-is-layout-flex\">\n<div class=\"wp-block-button\"><a class=\"wp-block-button__link has-white-color has-kelp-background-color has-text-color has-background has-custom-font-size wp-element-button\" href=\"https:\/\/www.tele-radio.com\/de\/kontakt\/\" style=\"border-radius:4px;padding-top:14px;padding-right:34px;padding-bottom:14px;padding-left:34px;font-size:20px\" target=\"_blank\" rel=\"noreferrer noopener\">Jetzt kostenlose Beratung vereinbaren<\/a><\/div>\n<\/div>\n<\/div><\/section>\n\n\n\n<div style=\"height:33px\" aria-hidden=\"true\" class=\"wp-block-spacer\"><\/div>\n\n\n\n<p><\/p>\n","protected":false},"excerpt":{"rendered":"<p>Die Herausforderung Bei der Bergung von verunfallten Lastwagen, Bussen und Milit\u00e4rfahrzeugen ist h\u00f6chste Pr\u00e4zision gefragt. Schon ein kleiner Fehler kann schwere Sch\u00e4den oder Verletzungen nach sich ziehen. Die L\u00f6sung Die proportionalen VersaTEQ- und Panther-Systeme von Tele Radio erm\u00f6glichen den Bedienern millimetergenaue Steuerung \u2013 selbst aus bis zu 50 Metern Entfernung. Zwei Handger\u00e4te \u00fcbernehmen dabei s\u00e4mtliche [&hellip;]<\/p>\n","protected":false},"author":81,"featured_media":259357,"parent":0,"menu_order":0,"comment_status":"closed","ping_status":"closed","template":"content-customer-stories.php","meta":{"_acf_changed":false,"footnotes":""},"class_list":["post-273711","page","type-page","status-publish","has-post-thumbnail","hentry"],"acf":[],"_links":{"self":[{"href":"https:\/\/www.tele-radio.com\/de\/wp-json\/wp\/v2\/pages\/273711","targetHints":{"allow":["GET"]}}],"collection":[{"href":"https:\/\/www.tele-radio.com\/de\/wp-json\/wp\/v2\/pages"}],"about":[{"href":"https:\/\/www.tele-radio.com\/de\/wp-json\/wp\/v2\/types\/page"}],"author":[{"embeddable":true,"href":"https:\/\/www.tele-radio.com\/de\/wp-json\/wp\/v2\/users\/81"}],"replies":[{"embeddable":true,"href":"https:\/\/www.tele-radio.com\/de\/wp-json\/wp\/v2\/comments?post=273711"}],"version-history":[{"count":15,"href":"https:\/\/www.tele-radio.com\/de\/wp-json\/wp\/v2\/pages\/273711\/revisions"}],"predecessor-version":[{"id":274231,"href":"https:\/\/www.tele-radio.com\/de\/wp-json\/wp\/v2\/pages\/273711\/revisions\/274231"}],"wp:featuredmedia":[{"embeddable":true,"href":"https:\/\/www.tele-radio.com\/de\/wp-json\/wp\/v2\/media\/259357"}],"wp:attachment":[{"href":"https:\/\/www.tele-radio.com\/de\/wp-json\/wp\/v2\/media?parent=273711"}],"curies":[{"name":"wp","href":"https:\/\/api.w.org\/{rel}","templated":true}]}}