{"id":249840,"date":"2025-03-11T10:33:59","date_gmt":"2025-03-11T10:33:59","guid":{"rendered":"https:\/\/www.tele-radio.com\/paq-line-hand-transmitters\/"},"modified":"2025-11-20T09:28:00","modified_gmt":"2025-11-20T09:28:00","slug":"paq-line-hand-transmitters","status":"publish","type":"page","link":"https:\/\/www.tele-radio.com\/de\/paq-line-hand-transmitters\/","title":{"rendered":"PAQ Produktlinie"},"content":{"rendered":"\n<div style=\"height:47px\" aria-hidden=\"true\" class=\"wp-block-spacer\"><\/div>\n\n\n\n<h1 class=\"wp-block-heading has-text-align-center is-style-outlined-title has-x-large-font-size\">PAQ Produktlinie<\/h1>\n\n\n\n<div style=\"height:30px\" aria-hidden=\"true\" class=\"wp-block-spacer\"><\/div>\n\n\n\n<p class=\"has-text-align-center has-large-font-size\"><em><strong>Beyond Expectations<\/strong><\/em><\/p>\n\n\n\n<p class=\"has-text-align-center has-luminous-vivid-amber-color has-black-background-color has-text-color has-background has-link-color has-x-large-font-size wp-elements-e6ca9e1fe8ee23ab7b468b64eab51869\" style=\"font-style:normal;font-weight:400\">AVAILABLE IN 2026<\/p>\n\n\n\n<div style=\"height:27px\" aria-hidden=\"true\" class=\"wp-block-spacer\"><\/div>\n\n\n\n<p class=\"has-text-align-center\" style=\"font-size:25px\">Tele Radio pr\u00e4sentiert eine innovative Produktlinie, die die Art und Weise revolutioniert, wie Unternehmen ihre Abl\u00e4ufe steuern: <strong>PAQ<\/strong>. Eine zukunftsweisende L\u00f6sung f\u00fcr industrielle Funkfernsteuerungen, die Flexibilit\u00e4t, Konnektivit\u00e4t und Schutz neu definiert.<\/p>\n\n\n\n<p class=\"has-text-align-center\" style=\"font-size:25px\">Da sich die Industrie st\u00e4ndig weiterentwickelt und automatisiert, bietet die neue Tele Radio-Plattform den Nutzern nicht nur eine ideale L\u00f6sung f\u00fcr aktuelle Herausforderungen, sondern bereitet sie auch optimal auf die Zukunft der Maschinensteuerung vor. Die neue Generation von Steuerungen basiert auf einer bahnbrechenden Hard- und Softwareplattform, die unvergleichliche Flexibilit\u00e4t mit erweiterten Sicherheitsfunktionen und einer benutzerfreundlichen Bedienung kombiniert.<\/p>\n\n\n\n<div style=\"height:30px\" aria-hidden=\"true\" class=\"wp-block-spacer\"><\/div>\n\n\n\n<div class=\"wp-block-cover\"><img loading=\"lazy\" decoding=\"async\" width=\"1600\" height=\"625\" class=\"wp-block-cover__image-background wp-image-248237\" alt=\"\" src=\"https:\/\/www.tele-radio.com\/app\/uploads\/PAQLine_Webbanner_1600x625.png\" data-object-fit=\"cover\" srcset=\"https:\/\/www.tele-radio.com\/app\/uploads\/PAQLine_Webbanner_1600x625.png 1600w, https:\/\/www.tele-radio.com\/app\/uploads\/PAQLine_Webbanner_1600x625-400x156.png 400w, https:\/\/www.tele-radio.com\/app\/uploads\/PAQLine_Webbanner_1600x625-1200x469.png 1200w, https:\/\/www.tele-radio.com\/app\/uploads\/PAQLine_Webbanner_1600x625-768x300.png 768w, https:\/\/www.tele-radio.com\/app\/uploads\/PAQLine_Webbanner_1600x625-1536x600.png 1536w, https:\/\/www.tele-radio.com\/app\/uploads\/PAQLine_Webbanner_1600x625-750x293.png 750w, https:\/\/www.tele-radio.com\/app\/uploads\/PAQLine_Webbanner_1600x625-500x195.png 500w, https:\/\/www.tele-radio.com\/app\/uploads\/PAQLine_Webbanner_1600x625-800x313.png 800w\" sizes=\"auto, (max-width: 1600px) 100vw, 1600px\" \/><span aria-hidden=\"true\" class=\"wp-block-cover__background has-black-background-color has-background-dim-0 has-background-dim\"><\/span><div class=\"wp-block-cover__inner-container is-layout-constrained wp-block-cover-is-layout-constrained\">\n<p class=\"has-text-align-center has-large-font-size\"><\/p>\n<\/div><\/div>\n\n\n\n<div style=\"height:100px\" aria-hidden=\"true\" class=\"wp-block-spacer\"><\/div>\n\n\n\n<h2 class=\"wp-block-heading has-text-align-center is-style-outlined-title has-x-large-font-size\"><strong>W\u00c4HLEN SIE IHR MODELL<\/strong><\/h2>\n\n\n\n<div style=\"height:43px\" aria-hidden=\"true\" class=\"wp-block-spacer\"><\/div>\n\n\n\n<div class=\"wp-block-columns is-layout-flex wp-container-core-columns-is-layout-9d6595d7 wp-block-columns-is-layout-flex\">\n<div class=\"wp-block-column has-black-background-color has-background is-layout-flow wp-block-column-is-layout-flow\" style=\"flex-basis:25%\">\n<div style=\"height:50px\" aria-hidden=\"true\" class=\"wp-block-spacer\"><\/div>\n\n\n<div class=\"wp-block-image paq-style-rounded\">\n<figure class=\"aligncenter size-large is-resized\"><img loading=\"lazy\" decoding=\"async\" width=\"525\" height=\"1200\" src=\"https:\/\/www.tele-radio.com\/app\/uploads\/\/T34_front-1-525x1200.png\" alt=\"\" class=\"wp-image-247468\" style=\"aspect-ratio:1;object-fit:contain;width:161px;height:auto\" srcset=\"https:\/\/www.tele-radio.com\/app\/uploads\/T34_front-1-525x1200.png 525w, https:\/\/www.tele-radio.com\/app\/uploads\/T34_front-1-175x400.png 175w, https:\/\/www.tele-radio.com\/app\/uploads\/T34_front-1-328x750.png 328w, https:\/\/www.tele-radio.com\/app\/uploads\/T34_front-1-219x500.png 219w, https:\/\/www.tele-radio.com\/app\/uploads\/T34_front-1-350x800.png 350w, https:\/\/www.tele-radio.com\/app\/uploads\/T34_front-1.png 607w\" sizes=\"auto, (max-width: 525px) 100vw, 525px\" \/><\/figure><\/div>\n\n\n<div style=\"height:30px\" aria-hidden=\"true\" class=\"wp-block-spacer\"><\/div>\n\n\n\n<p class=\"has-text-align-center has-white-color has-text-color has-link-color wp-elements-239c5b5f53e655f30807d53bae2ba693\" style=\"font-size:24px\"><em><strong>OmniPAQ TH63<\/strong><\/em><br><em>T34-01<\/em><\/p>\n\n\n\n<div style=\"height:10px\" aria-hidden=\"true\" class=\"wp-block-spacer\"><\/div>\n\n\n\n<p class=\"has-text-align-left has-white-color has-text-color has-link-color has-medium-font-size wp-elements-999f48ee03d00b8635c4301a8af1a86f\">\u2705 <strong>Tasten:<\/strong> 8 Tasten<br>\u274c <strong>Display:<\/strong> Nein<br>\u2705 <strong>Konnektivit\u00e4t:<\/strong> Smartphone App (FieldManager\u2122, Android\/iOS), <br>IEEE 802.15<br>\u2705 <strong>Frequenz:<\/strong> 2.4 GHz (2405 &#8211; 2480 MHz), DSSS, Duplex\/Simplex<br>\u2705 <strong>Batterie:<\/strong> Austauschbare, wiederaufladbare Li-Ionen (3.7V\/2000mAh)<br>\u2705 <strong>Schutz:<\/strong> IP65<br>\u2705 <strong>Sicherheitsstufe:<\/strong> PLe, CAT4, SIL3 (STOPP-Funktion)<br>\u2705 <strong>Sensoren:<\/strong> Bewegungssensor (bei Fall oder Neigung)<br>\u2705 <strong>Individualisierung: <\/strong>Erweiterte Plug-in F\u00e4higkeiten (C-Sprache)<\/p>\n\n\n\n<div style=\"height:30px\" aria-hidden=\"true\" class=\"wp-block-spacer\"><\/div>\n<\/div>\n\n\n\n<div class=\"wp-block-column has-black-background-color has-background is-layout-flow wp-block-column-is-layout-flow\" style=\"flex-basis:25%\">\n<div style=\"height:50px\" aria-hidden=\"true\" class=\"wp-block-spacer\"><\/div>\n\n\n<div class=\"wp-block-image paq-style-rounded\">\n<figure class=\"aligncenter size-large is-resized\"><img loading=\"lazy\" decoding=\"async\" width=\"608\" height=\"1200\" src=\"https:\/\/www.tele-radio.com\/app\/uploads\/\/T35_front-608x1200.png\" alt=\"\" class=\"wp-image-247354\" style=\"aspect-ratio:1;object-fit:contain;width:140px;height:auto\" srcset=\"https:\/\/www.tele-radio.com\/app\/uploads\/T35_front-608x1200.png 608w, https:\/\/www.tele-radio.com\/app\/uploads\/T35_front-203x400.png 203w, https:\/\/www.tele-radio.com\/app\/uploads\/T35_front-380x750.png 380w, https:\/\/www.tele-radio.com\/app\/uploads\/T35_front-253x500.png 253w, https:\/\/www.tele-radio.com\/app\/uploads\/T35_front-405x800.png 405w, https:\/\/www.tele-radio.com\/app\/uploads\/T35_front.png 705w\" sizes=\"auto, (max-width: 608px) 100vw, 608px\" \/><\/figure><\/div>\n\n\n<div style=\"height:33px\" aria-hidden=\"true\" class=\"wp-block-spacer\"><\/div>\n\n\n\n<p class=\"has-text-align-center has-white-color has-text-color has-link-color wp-elements-26c329b337458aee9a60c17c15667b70\" style=\"font-size:22px\"><em><strong>DuroPAQ TH56<\/strong><\/em><br><em>T35-01<\/em><\/p>\n\n\n\n<div style=\"height:10px\" aria-hidden=\"true\" class=\"wp-block-spacer\"><\/div>\n\n\n\n<p class=\"has-white-color has-text-color has-link-color has-medium-font-size wp-elements-45cdf8324487ed035764f7a3c9b9a2ba\">\u2705 <strong>Tasten:<\/strong> 6 Tasten<br>\u2705 <strong>Display:<\/strong> Ja, mit Hintergrundbeleuchtung<br>\u2705 <strong>Konnektivit\u00e4t:<\/strong> Smartphone App (FieldManager\u2122, Android\/iOS), RFID, <br>IEEE 802.15<br>\u2705 <strong>Frequenz:<\/strong> 2.4 GHz (2405 &#8211; 2480 MHz), DSSS, Duplex\/Simplex<br>\u2705 <strong>Batterie:<\/strong> Interne, wiederaufladbare Li-Ionen (3.7V\/2000mAh)<br>\u2705 <strong>Schutz:<\/strong> IP66<br>\u2705 <strong>Sicherheitsstufe:<\/strong> PLe, CAT4, SIL3 (STOPP-Funktion)<br>\u2705 <strong> Sensoren:<\/strong> Bewegungssensor (bei Fall oder Neigung)<br>\u2705 Individualisierung: Erweiterte Plug-in F\u00e4higkeiten (C-Sprache)<\/p>\n\n\n\n<div style=\"height:30px\" aria-hidden=\"true\" class=\"wp-block-spacer\"><\/div>\n<\/div>\n\n\n\n<div class=\"wp-block-column has-black-background-color has-background is-layout-flow wp-block-column-is-layout-flow\" style=\"flex-basis:25%\">\n<div style=\"height:50px\" aria-hidden=\"true\" class=\"wp-block-spacer\"><\/div>\n\n\n<div class=\"wp-block-image paq-style-rounded\">\n<figure class=\"aligncenter size-large is-resized\"><img loading=\"lazy\" decoding=\"async\" width=\"487\" height=\"1200\" src=\"https:\/\/www.tele-radio.com\/app\/uploads\/\/T36_front-487x1200.png\" alt=\"\" class=\"wp-image-247410\" style=\"aspect-ratio:1;object-fit:contain;width:172px;height:auto\" srcset=\"https:\/\/www.tele-radio.com\/app\/uploads\/T36_front-487x1200.png 487w, https:\/\/www.tele-radio.com\/app\/uploads\/T36_front-162x400.png 162w, https:\/\/www.tele-radio.com\/app\/uploads\/T36_front-768x1894.png 768w, https:\/\/www.tele-radio.com\/app\/uploads\/T36_front-623x1536.png 623w, https:\/\/www.tele-radio.com\/app\/uploads\/T36_front-831x2048.png 831w, https:\/\/www.tele-radio.com\/app\/uploads\/T36_front-304x750.png 304w, https:\/\/www.tele-radio.com\/app\/uploads\/T36_front-203x500.png 203w, https:\/\/www.tele-radio.com\/app\/uploads\/T36_front-649x1600.png 649w, https:\/\/www.tele-radio.com\/app\/uploads\/T36_front.png 1817w\" sizes=\"auto, (max-width: 487px) 100vw, 487px\" \/><\/figure><\/div>\n\n\n<div style=\"height:30px\" aria-hidden=\"true\" class=\"wp-block-spacer\"><\/div>\n\n\n\n<p class=\"has-text-align-center has-white-color has-text-color has-link-color wp-elements-29cef0128d505d2c767def386685bdc0\" style=\"font-size:22px\"><em><strong>SupraPAQ TH76<\/strong><\/em><br><em>T36-01<\/em><\/p>\n\n\n\n<div style=\"height:10px\" aria-hidden=\"true\" class=\"wp-block-spacer\"><\/div>\n\n\n\n<p class=\"has-white-color has-text-color has-link-color has-medium-font-size wp-elements-ce66b14514468d4a5fd9a614598f67d0\">\u2705 <strong>Tasten:<\/strong> 10 Tasten<br>\u2705 <strong>Display:<\/strong> Ja, mit Hintergrundbeleuchtung<br>\u2705 <strong>Konnektivit\u00e4t:<\/strong> Smartphone App (FieldManager\u2122, Android\/iOS), RFID, IEEE 802.15<br>\u2705 <strong>Frequenz:<\/strong> 2.4 GHz (2405 &#8211; 2480 MHz), DSSS, Duplex\/Simplex<br>\u2705 <strong>Batterie:<\/strong> Austauschbare, wiederaufladbare Li-Ionen (3.7V\/2000mAh)<br>\u2705 <strong>Schutz:<\/strong> IP65<br>\u2705 <strong>Sicherheitsstufe:<\/strong> PLe, CAT4, SIL3 (STOPP-Funktion)<br>\u2705 <strong> Sensoren: <\/strong>Bewegungssensor (bei Fall oder Neigung)<br>\u2705 Individualisierung: Erweiterte Plug-in F\u00e4higkeiten (C-Sprache)<\/p>\n\n\n\n<div style=\"height:30px\" aria-hidden=\"true\" class=\"wp-block-spacer\"><\/div>\n<\/div>\n\n\n\n<div class=\"wp-block-column has-black-background-color has-background is-layout-flow wp-block-column-is-layout-flow\" style=\"flex-basis:25%\">\n<div style=\"height:50px\" aria-hidden=\"true\" class=\"wp-block-spacer\"><\/div>\n\n\n<div class=\"wp-block-image paq-style-rounded\">\n<figure class=\"aligncenter size-large is-resized\"><img loading=\"lazy\" decoding=\"async\" width=\"610\" height=\"1200\" src=\"https:\/\/www.tele-radio.com\/app\/uploads\/\/T37_front-1-610x1200.png\" alt=\"\" class=\"wp-image-247438\" style=\"aspect-ratio:1;object-fit:contain;width:140px;height:auto\" srcset=\"https:\/\/www.tele-radio.com\/app\/uploads\/T37_front-1-610x1200.png 610w, https:\/\/www.tele-radio.com\/app\/uploads\/T37_front-1-203x400.png 203w, https:\/\/www.tele-radio.com\/app\/uploads\/T37_front-1-381x750.png 381w, https:\/\/www.tele-radio.com\/app\/uploads\/T37_front-1-254x500.png 254w, https:\/\/www.tele-radio.com\/app\/uploads\/T37_front-1-407x800.png 407w, https:\/\/www.tele-radio.com\/app\/uploads\/T37_front-1.png 714w\" sizes=\"auto, (max-width: 610px) 100vw, 610px\" \/><\/figure><\/div>\n\n\n<div style=\"height:33px\" aria-hidden=\"true\" class=\"wp-block-spacer\"><\/div>\n\n\n\n<p class=\"has-text-align-center has-white-color has-text-color has-link-color wp-elements-9dfa6401bedbb3d25d3e3712655f4e84\" style=\"font-size:22px\"><em><strong>DuroPAQ TH55<\/strong><\/em><br><em>T37-01<\/em><\/p>\n\n\n\n<div style=\"height:10px\" aria-hidden=\"true\" class=\"wp-block-spacer\"><\/div>\n\n\n\n<p class=\"has-white-color has-text-color has-link-color has-medium-font-size wp-elements-1d3b7c72a3d70afd8f186010d3884c1f\">\u2705 <strong>Tasten:<\/strong> 8 Tasten<br>\u274c <strong>Display:<\/strong> Nein<br>\u2705 <strong>Konnektivit\u00e4t:<\/strong> Smartphone App (FieldManager\u2122, Android\/iOS), RFID, IEEE 802.15<br>\u2705 <strong>Frequenz:<\/strong> 2.4 GHz (2405 &#8211; 2480 MHz), DSSS, Duplex\/Simplex<br>\u2705 <strong>Batterie:<\/strong> Interne, wiederaufladbare Li-Ionen (3.7V\/2000mAh)<br>\u2705 <strong>Schutz:<\/strong> IP66<br>\u2705 <strong>Sicherheitsstufe:<\/strong> PLe, CAT4, SIL3 (STOPP-Funktion)<br>\u2705 <strong> Sensoren: <\/strong>Bewegungssensor (bei Fall oder Neigung)<br>\u2705 Individualisierung: Erweiterte Plug-in F\u00e4higkeiten (C-Sprache)<\/p>\n\n\n\n<div style=\"height:30px\" aria-hidden=\"true\" class=\"wp-block-spacer\"><\/div>\n<\/div>\n<\/div>\n\n\n\n<div style=\"height:57px\" aria-hidden=\"true\" class=\"wp-block-spacer\"><\/div>\n\n\n\n<div class=\"wp-block-columns is-layout-flex wp-container-core-columns-is-layout-9d6595d7 wp-block-columns-is-layout-flex\">\n<div class=\"wp-block-column is-layout-flow wp-block-column-is-layout-flow\">\n<h2 class=\"wp-block-heading\"><br><em>Nutzen Sie die Vorteile der FieldManager\u2122-App.<\/em><\/h2>\n\n\n\n<p><br><br><em>Die PAQ-Produktlinie bietet eine einzigartige Smartphone-App, die die Interaktion mit Funkfernsteuerungen grundlegend ver\u00e4ndert. Die FieldManager\u2122-App erm\u00f6glicht:<\/em><\/p>\n\n\n\n<ul class=\"wp-block-list\">\n<li>Unterst\u00fctzung und Service vor Ort ohne Kabelverbindung zu den Ger\u00e4ten (drahtlose Kommunikation)<\/li>\n\n\n\n<li>Intuitive Einrichtung und Konfiguration des Systems<\/li>\n\n\n\n<li>Teilen von Systemeinstellungen per E-Mail<\/li>\n\n\n\n<li>Echtzeit\u00fcberwachung des Ger\u00e4testatus und der Leistung<\/li>\n\n\n\n<li>Sofortigen Zugriff auf technische Dokumentationen<\/li>\n\n\n\n<li>Nahtlose Firmware-Updates f\u00fcr kontinuierliche Verbesserungen<\/li>\n<\/ul>\n<\/div>\n\n\n\n<div class=\"wp-block-column is-layout-flow wp-block-column-is-layout-flow\">\n<div style=\"height:98px\" aria-hidden=\"true\" class=\"wp-block-spacer\"><\/div>\n\n\n\n<figure class=\"wp-block-image size-full is-resized\"><img loading=\"lazy\" decoding=\"async\" width=\"308\" height=\"351\" src=\"https:\/\/www.tele-radio.com\/app\/uploads\/Naamloos-1.png\" alt=\"\" class=\"wp-image-247498\" style=\"width:400px;height:auto\"\/><\/figure>\n<\/div>\n<\/div>\n\n\n\n<div class=\"wp-block-columns is-layout-flex wp-container-core-columns-is-layout-9d6595d7 wp-block-columns-is-layout-flex\">\n<div class=\"wp-block-column paq-column-box is-layout-flow wp-block-column-is-layout-flow\"><div class=\"wp-block-image\">\n<figure class=\"aligncenter size-large is-resized\"><img loading=\"lazy\" decoding=\"async\" width=\"1200\" height=\"1200\" src=\"https:\/\/www.tele-radio.com\/app\/uploads\/\/icon_flexibility_red-1200x1200.png\" alt=\"\" class=\"wp-image-248039\" style=\"width:159px\" srcset=\"https:\/\/www.tele-radio.com\/app\/uploads\/icon_flexibility_red-1200x1200.png 1200w, https:\/\/www.tele-radio.com\/app\/uploads\/icon_flexibility_red-400x400.png 400w, https:\/\/www.tele-radio.com\/app\/uploads\/icon_flexibility_red-150x150.png 150w, https:\/\/www.tele-radio.com\/app\/uploads\/icon_flexibility_red-768x768.png 768w, https:\/\/www.tele-radio.com\/app\/uploads\/icon_flexibility_red-1536x1536.png 1536w, https:\/\/www.tele-radio.com\/app\/uploads\/icon_flexibility_red-250x250.png 250w, https:\/\/www.tele-radio.com\/app\/uploads\/icon_flexibility_red-750x750.png 750w, https:\/\/www.tele-radio.com\/app\/uploads\/icon_flexibility_red-500x500.png 500w, https:\/\/www.tele-radio.com\/app\/uploads\/icon_flexibility_red-1600x1600.png 1600w, https:\/\/www.tele-radio.com\/app\/uploads\/icon_flexibility_red-800x800.png 800w, https:\/\/www.tele-radio.com\/app\/uploads\/icon_flexibility_red.png 1922w\" sizes=\"auto, (max-width: 1200px) 100vw, 1200px\" \/><\/figure><\/div>\n\n\n<h2 class=\"wp-block-heading has-text-align-center\">FLEXIBILIT\u00c4T<\/h2>\n\n\n\n<p class=\"has-text-align-left\"><em>Durch Plugins lassen sich Zugriffsebenen, Tastenfunktionen, LEDs, Displays, Hintergrundbeleuchtung, Men\u00fceinstellungen, Ladezustand, Eingangsspannung, Bewegungssensor (bei Fall<br>oder Neigung) sowie Warnt\u00f6ne individuell konfigurieren.<\/em><\/p>\n<\/div>\n\n\n\n<div class=\"wp-block-column paq-column-box is-layout-flow wp-block-column-is-layout-flow\"><div class=\"wp-block-image\">\n<figure class=\"aligncenter size-large is-resized\"><img loading=\"lazy\" decoding=\"async\" width=\"1200\" height=\"1200\" src=\"https:\/\/www.tele-radio.com\/app\/uploads\/\/icon_connectivity_green-1200x1200.png\" alt=\"\" class=\"wp-image-248123\" style=\"width:159px;height:auto\" srcset=\"https:\/\/www.tele-radio.com\/app\/uploads\/icon_connectivity_green-1200x1200.png 1200w, https:\/\/www.tele-radio.com\/app\/uploads\/icon_connectivity_green-400x400.png 400w, https:\/\/www.tele-radio.com\/app\/uploads\/icon_connectivity_green-150x150.png 150w, https:\/\/www.tele-radio.com\/app\/uploads\/icon_connectivity_green-768x768.png 768w, https:\/\/www.tele-radio.com\/app\/uploads\/icon_connectivity_green-1536x1536.png 1536w, https:\/\/www.tele-radio.com\/app\/uploads\/icon_connectivity_green-250x250.png 250w, https:\/\/www.tele-radio.com\/app\/uploads\/icon_connectivity_green-750x750.png 750w, https:\/\/www.tele-radio.com\/app\/uploads\/icon_connectivity_green-500x500.png 500w, https:\/\/www.tele-radio.com\/app\/uploads\/icon_connectivity_green-1600x1600.png 1600w, https:\/\/www.tele-radio.com\/app\/uploads\/icon_connectivity_green-800x800.png 800w, https:\/\/www.tele-radio.com\/app\/uploads\/icon_connectivity_green.png 1922w\" sizes=\"auto, (max-width: 1200px) 100vw, 1200px\" \/><\/figure><\/div>\n\n\n<h2 class=\"wp-block-heading has-text-align-center\">KONNEKTIVIT\u00c4T<\/h2>\n\n\n\n<p class=\"has-text-align-left\">Dank der FieldManager\u2122 App erhalten Anwender Unterst\u00fctzung und Service, unabh\u00e4ngig von ihrem Standort. Sie haben sofortigen Zugriff auf technische Dokumentationen, k\u00f6nnen Systemeinstellungen per E-Mail teilen und Firmware-Updates durchf\u00fchren.<\/p>\n<\/div>\n\n\n\n<div class=\"wp-block-column paq-column-box is-layout-flow wp-block-column-is-layout-flow\"><div class=\"wp-block-image\">\n<figure class=\"aligncenter size-large is-resized\"><img loading=\"lazy\" decoding=\"async\" width=\"1200\" height=\"1200\" src=\"https:\/\/www.tele-radio.com\/app\/uploads\/\/icon_protection_blue-1200x1200.png\" alt=\"\" class=\"wp-image-248207\" style=\"width:159px;height:auto\" srcset=\"https:\/\/www.tele-radio.com\/app\/uploads\/icon_protection_blue-1200x1200.png 1200w, https:\/\/www.tele-radio.com\/app\/uploads\/icon_protection_blue-400x400.png 400w, https:\/\/www.tele-radio.com\/app\/uploads\/icon_protection_blue-150x150.png 150w, https:\/\/www.tele-radio.com\/app\/uploads\/icon_protection_blue-768x768.png 768w, https:\/\/www.tele-radio.com\/app\/uploads\/icon_protection_blue-1536x1536.png 1536w, https:\/\/www.tele-radio.com\/app\/uploads\/icon_protection_blue-250x250.png 250w, https:\/\/www.tele-radio.com\/app\/uploads\/icon_protection_blue-750x750.png 750w, https:\/\/www.tele-radio.com\/app\/uploads\/icon_protection_blue-500x500.png 500w, https:\/\/www.tele-radio.com\/app\/uploads\/icon_protection_blue-1600x1600.png 1600w, https:\/\/www.tele-radio.com\/app\/uploads\/icon_protection_blue-800x800.png 800w, https:\/\/www.tele-radio.com\/app\/uploads\/icon_protection_blue.png 1922w\" sizes=\"auto, (max-width: 1200px) 100vw, 1200px\" \/><\/figure><\/div>\n\n\n<h2 class=\"wp-block-heading has-text-align-center\">SCHUTZ<\/h2>\n\n\n\n<p class=\"has-text-align-left\">Jede Funktion eines PAQ-Handger\u00e4ts \u2013 Funkkommunikation, Plugins, Sicherheit \u2013 wird von einer eigenen Prozessoreinheit gesteuert. Dadurch k\u00f6nnen benutzerdefinierte Softwarel\u00f6sungen die essenziellen Sicherheitsfunktionen der Funkfernsteuerung nicht beeintr\u00e4chtigen.<\/p>\n<\/div>\n<\/div>\n\n\n\n<div style=\"height:60px\" aria-hidden=\"true\" class=\"wp-block-spacer\"><\/div>\n\n\n\n<div class=\"wp-block-columns is-layout-flex wp-container-core-columns-is-layout-9d6595d7 wp-block-columns-is-layout-flex\">\n<div class=\"wp-block-column has-black-background-color has-background is-layout-flow wp-block-column-is-layout-flow\">\n<div style=\"height:41px\" aria-hidden=\"true\" class=\"wp-block-spacer\"><\/div>\n\n\n\n<p class=\"has-text-align-center has-white-color has-text-color has-link-color has-x-large-font-size wp-elements-e5488822729b143a201a4de9bd8bb0f7\"><strong>R30 Empf\u00e4nger \u2013 Ultimative Konnektivit\u00e4t,<\/strong><\/p>\n\n\n\n<p class=\"has-text-align-center has-white-color has-text-color has-link-color has-x-large-font-size wp-elements-3e57033bd333717745fa181f9d825d16\"><strong>unvergleichliche Sicherheit<\/strong><\/p>\n\n\n\n<div class=\"wp-block-columns is-layout-flex wp-container-core-columns-is-layout-9d6595d7 wp-block-columns-is-layout-flex\">\n<div class=\"wp-block-column is-layout-flow wp-block-column-is-layout-flow\">\n<div style=\"height:178px\" aria-hidden=\"true\" class=\"wp-block-spacer\"><\/div>\n\n\n\n<figure class=\"wp-block-image size-large\"><img loading=\"lazy\" decoding=\"async\" width=\"1200\" height=\"800\" src=\"https:\/\/www.tele-radio.com\/app\/uploads\/\/R30_01-1200x800.png\" alt=\"\" class=\"wp-image-247529\" srcset=\"https:\/\/www.tele-radio.com\/app\/uploads\/R30_01-1200x800.png 1200w, https:\/\/www.tele-radio.com\/app\/uploads\/R30_01-400x267.png 400w, https:\/\/www.tele-radio.com\/app\/uploads\/R30_01-768x512.png 768w, https:\/\/www.tele-radio.com\/app\/uploads\/R30_01-1536x1024.png 1536w, https:\/\/www.tele-radio.com\/app\/uploads\/R30_01-2048x1365.png 2048w, https:\/\/www.tele-radio.com\/app\/uploads\/R30_01-750x500.png 750w, https:\/\/www.tele-radio.com\/app\/uploads\/R30_01-500x333.png 500w, https:\/\/www.tele-radio.com\/app\/uploads\/R30_01-1600x1067.png 1600w, https:\/\/www.tele-radio.com\/app\/uploads\/R30_01-800x533.png 800w\" sizes=\"auto, (max-width: 1200px) 100vw, 1200px\" \/><\/figure>\n<\/div>\n\n\n\n<div class=\"wp-block-column is-layout-flow wp-block-column-is-layout-flow\">\n<div style=\"height:100px\" aria-hidden=\"true\" class=\"wp-block-spacer\"><\/div>\n\n\n\n<p class=\"has-white-color has-text-color has-link-color wp-elements-52d755056d07776482c781eb1b6674a9\">Der R30-Empf\u00e4nger von Tele Radio kombiniert au\u00dfergew\u00f6hnliche Konnektivit\u00e4t, uneingeschr\u00e4nkte Flexibilit\u00e4t und erstklassigen Schutz in einer robusten Ausf\u00fchrung. Er wurde speziell f\u00fcr industrielle Umgebungen entwickelt und erm\u00f6glicht eine sichere sowie zuverl\u00e4ssige Steuerung unterschiedlichster Maschinen. <\/p>\n\n\n\n<p class=\"has-white-color has-text-color has-link-color wp-elements-4d9a1320c1dcb300217cf1cba10602ec\">Erh\u00e4ltlich in verschiedenen Ausf\u00fchrungen, perfekt abgestimmt auf Ihre individuellen Anforderungen:  <\/p>\n\n\n\n<p class=\"has-white-color has-text-color has-link-color wp-elements-75833680c32563fc42f4ef4e32d25fae\">\u2022 <strong>R30-21\/26 &amp; R30-22\/27<\/strong>: Geeignet f\u00fcr Niederspannungsanwendungen (12-24V DC &amp; 24-48V AC). Der R30-22\/27 bietet zus\u00e4tzliche Flexibilit\u00e4t durch eine Erweiterungsplatine mit 5 weiteren Funktionsrelais.  <\/p>\n\n\n\n<p class=\"has-white-color has-text-color has-link-color wp-elements-1b1bc287fac66febfb27600b9e20b12a\">\u2022 <strong>R30-71\/76 &amp; R30-72\/77<\/strong>: F\u00fcr Hochspannungssysteme (110-230V AC) konzipiert. Der R30-72\/77 bietet dank einer zus\u00e4tzlichen Erweiterungsplatine noch mehr Funktionalit\u00e4t. Unsere benutzerfreundliche FieldManager\u2122-App erm\u00f6glicht eine fortschrittliche Smartphone-Integration aller R30-Empf\u00e4nger. Zus\u00e4tzlich verf\u00fcgt die gesamte R30-Serie \u00fcber einen robusten IP66-Schutz und erf\u00fcllt die h\u00f6chsten Sicherheitsstandards (PLe, CAT4, SIL3).  Nutzen Sie die Vorteile der innovativen R30-Serie von Tele Radio und steigern Sie die Effizienz Ihres Betriebs. <\/p>\n\n\n\n<p class=\"has-white-color has-text-color has-link-color wp-elements-c645e628e62f8fbab9d9726851472d16\"><\/p>\n<\/div>\n<\/div>\n<\/div>\n<\/div>\n\n\n\n<div style=\"height:69px\" aria-hidden=\"true\" class=\"wp-block-spacer\"><\/div>\n\n\n\n<h2 class=\"wp-block-heading has-text-align-center has-x-large-font-size\">Sie interessieren sich f\u00fcr die PAQ Produktreihe?<\/h2>\n\n\n\n<p class=\"has-text-align-center\">Schicken Sie uns noch heute Ihre Anfrage! Unsere Experten stehen Ihnen gerne zur Verf\u00fcgung. Ihren direkten Ansprechpartner finden Sie <a href=\"https:\/\/www.tele-radio.com\/de\/kontakt\/\">hier<\/a>.<\/p>\n","protected":false},"excerpt":{"rendered":"<p>PAQ Produktlinie Beyond Expectations AVAILABLE IN 2026 Tele Radio pr\u00e4sentiert eine innovative Produktlinie, die die Art und Weise revolutioniert, wie Unternehmen ihre Abl\u00e4ufe steuern: PAQ. Eine zukunftsweisende L\u00f6sung f\u00fcr industrielle Funkfernsteuerungen, die Flexibilit\u00e4t, Konnektivit\u00e4t und Schutz neu definiert. Da sich die Industrie st\u00e4ndig weiterentwickelt und automatisiert, bietet die neue Tele Radio-Plattform den Nutzern nicht nur [&hellip;]<\/p>\n","protected":false},"author":29,"featured_media":258004,"parent":0,"menu_order":0,"comment_status":"closed","ping_status":"closed","template":"","meta":{"_acf_changed":false,"footnotes":""},"class_list":["post-249840","page","type-page","status-publish","has-post-thumbnail","hentry"],"acf":[],"_links":{"self":[{"href":"https:\/\/www.tele-radio.com\/de\/wp-json\/wp\/v2\/pages\/249840","targetHints":{"allow":["GET"]}}],"collection":[{"href":"https:\/\/www.tele-radio.com\/de\/wp-json\/wp\/v2\/pages"}],"about":[{"href":"https:\/\/www.tele-radio.com\/de\/wp-json\/wp\/v2\/types\/page"}],"author":[{"embeddable":true,"href":"https:\/\/www.tele-radio.com\/de\/wp-json\/wp\/v2\/users\/29"}],"replies":[{"embeddable":true,"href":"https:\/\/www.tele-radio.com\/de\/wp-json\/wp\/v2\/comments?post=249840"}],"version-history":[{"count":53,"href":"https:\/\/www.tele-radio.com\/de\/wp-json\/wp\/v2\/pages\/249840\/revisions"}],"predecessor-version":[{"id":273450,"href":"https:\/\/www.tele-radio.com\/de\/wp-json\/wp\/v2\/pages\/249840\/revisions\/273450"}],"wp:featuredmedia":[{"embeddable":true,"href":"https:\/\/www.tele-radio.com\/de\/wp-json\/wp\/v2\/media\/258004"}],"wp:attachment":[{"href":"https:\/\/www.tele-radio.com\/de\/wp-json\/wp\/v2\/media?parent=249840"}],"curies":[{"name":"wp","href":"https:\/\/api.w.org\/{rel}","templated":true}]}}