{"id":243460,"date":"2025-02-05T11:57:42","date_gmt":"2025-02-05T11:57:42","guid":{"rendered":"https:\/\/www.tele-radio.com\/?page_id=243460"},"modified":"2025-02-05T13:12:07","modified_gmt":"2025-02-05T13:12:07","slug":"gebr-kaeufer-gmbh","status":"publish","type":"page","link":"https:\/\/www.tele-radio.com\/de\/gebr-kaeufer-gmbh\/","title":{"rendered":"Gebr. K\u00e4ufer GmbH"},"content":{"rendered":"\n<h1 class=\"wp-block-heading\">Gebr. K\u00e4ufer GmbH<\/h1>\n\n\n\n<p><strong>Weltweit f\u00fchrender Hersteller von Windkraftbefahranlagen vertraut seit Jahren auf die Produkte von Tele Radio<\/strong><\/p>\n\n\n\n<hr class=\"wp-block-separator has-alpha-channel-opacity\"\/>\n\n\n\n<p>Die Gebr. K\u00e4ufer GmbH stellt seit 1999 Rotorblattbefahranlagen und Zugangstechnik f\u00fcr Onshore- und Offshore-Windkraftanlagen her. Mit speziellen Seilarbeitsb\u00fchnen k\u00f6nnen Techniker sicher und ergonomisch den Turm oder die einzelnen Rotorbl\u00e4tter St\u00fcck f\u00fcr St\u00fcck abfahren, inspizieren und reparieren.<\/p>\n\n\n\n<hr class=\"wp-block-separator has-alpha-channel-opacity\"\/>\n\n\n\n<h2 class=\"wp-block-heading\">Das Thema Sicherheit verbindet<\/h2>\n\n\n\n<div style=\"height:26px\" aria-hidden=\"true\" class=\"wp-block-spacer\"><\/div>\n\n\n\n<div class=\"wp-block-columns is-layout-flex wp-container-core-columns-is-layout-9d6595d7 wp-block-columns-is-layout-flex\">\n<div class=\"wp-block-column is-layout-flow wp-block-column-is-layout-flow\">\n<figure class=\"wp-block-image size-large\"><img loading=\"lazy\" decoding=\"async\" width=\"1200\" height=\"899\" src=\"https:\/\/www.tele-radio.com\/app\/uploads\/K-BP-4-Thailand-1200x899.jpg\" alt=\"\" class=\"wp-image-243573\" srcset=\"https:\/\/www.tele-radio.com\/app\/uploads\/K-BP-4-Thailand-1200x899.jpg 1200w, https:\/\/www.tele-radio.com\/app\/uploads\/K-BP-4-Thailand-400x300.jpg 400w, https:\/\/www.tele-radio.com\/app\/uploads\/K-BP-4-Thailand-768x575.jpg 768w, https:\/\/www.tele-radio.com\/app\/uploads\/K-BP-4-Thailand-1536x1150.jpg 1536w, https:\/\/www.tele-radio.com\/app\/uploads\/K-BP-4-Thailand-750x562.jpg 750w, https:\/\/www.tele-radio.com\/app\/uploads\/K-BP-4-Thailand-500x374.jpg 500w, https:\/\/www.tele-radio.com\/app\/uploads\/K-BP-4-Thailand-800x599.jpg 800w, https:\/\/www.tele-radio.com\/app\/uploads\/K-BP-4-Thailand.jpg 1600w\" sizes=\"auto, (max-width: 1200px) 100vw, 1200px\" \/><\/figure>\n\n\n\n<p>Produkte anzubieten, die den h\u00f6chstm\u00f6glichen Sicherheitsstandards und hohen Qualit\u00e4tsma\u00dfst\u00e4ben entsprechen, ist das oberste Ziel beider Partner.<\/p>\n<\/div>\n\n\n\n<div class=\"wp-block-column is-layout-flow wp-block-column-is-layout-flow\">\n<figure class=\"wp-block-image size-large\"><img loading=\"lazy\" decoding=\"async\" width=\"1200\" height=\"900\" src=\"https:\/\/www.tele-radio.com\/app\/uploads\/IMG_2265-1200x900.jpg\" alt=\"\" class=\"wp-image-243545\" srcset=\"https:\/\/www.tele-radio.com\/app\/uploads\/IMG_2265-1200x900.jpg 1200w, https:\/\/www.tele-radio.com\/app\/uploads\/IMG_2265-400x300.jpg 400w, https:\/\/www.tele-radio.com\/app\/uploads\/IMG_2265-768x576.jpg 768w, https:\/\/www.tele-radio.com\/app\/uploads\/IMG_2265-1536x1152.jpg 1536w, https:\/\/www.tele-radio.com\/app\/uploads\/IMG_2265-2048x1536.jpg 2048w, https:\/\/www.tele-radio.com\/app\/uploads\/IMG_2265-750x563.jpg 750w, https:\/\/www.tele-radio.com\/app\/uploads\/IMG_2265-500x375.jpg 500w, https:\/\/www.tele-radio.com\/app\/uploads\/IMG_2265-1600x1200.jpg 1600w, https:\/\/www.tele-radio.com\/app\/uploads\/IMG_2265-800x600.jpg 800w\" sizes=\"auto, (max-width: 1200px) 100vw, 1200px\" \/><\/figure>\n\n\n\n<p class=\"has-text-align-center\"><em>\u201eDa unsere Anlagen absolut zuverl\u00e4ssig funktionieren m\u00fcssen, vertrauen wir seit Jahren<\/em> <em>auf die Produkte von Tele Radio und setzen sie erfolgreich in unseren Anlagen ein.\u201c<\/em><br><br>Ismail Dikilitas, Supervisor &#8211; Trainer<\/p>\n<\/div>\n<\/div>\n\n\n\n<h2 class=\"wp-block-heading has-text-align-left\">Warum eine Funkfernsteuerung?<\/h2>\n\n\n\n<div style=\"height:26px\" aria-hidden=\"true\" class=\"wp-block-spacer\"><\/div>\n\n\n\n<p>Eine Funkfernsteuerung ist \u2013 im Gegensatz zu einem kabelgebundenen System \u2013 niemals st\u00f6rend im Weg. Die Funkfernsteuerung bietet maximale Bewegungsfreiheit und verringert das Unfallrisiko erheblich. Der Anwender unterliegt keinerlei Einschr\u00e4nkungen. Dies erleichtert die Arbeit ungemein.<\/p>\n\n\n\n<div class=\"wp-block-columns are-vertically-aligned-center is-layout-flex wp-container-core-columns-is-layout-9d6595d7 wp-block-columns-is-layout-flex\">\n<div class=\"wp-block-column is-vertically-aligned-center is-layout-flow wp-block-column-is-layout-flow\">\n<div class=\"wp-block-columns is-layout-flex wp-container-core-columns-is-layout-9d6595d7 wp-block-columns-is-layout-flex\">\n<div class=\"wp-block-column is-layout-flow wp-block-column-is-layout-flow\">\n<div class=\"wp-block-buttons is-layout-flex wp-container-core-buttons-is-layout-c07eda73 wp-block-buttons-is-layout-flex\">\n<div class=\"wp-block-button has-custom-width wp-block-button__width-75\"><a class=\"wp-block-button__link has-black-color has-luminous-vivid-amber-background-color has-text-color has-background has-link-color has-text-align-center wp-element-button\"><strong>Sicherheit<\/strong><\/a><\/div>\n<\/div>\n<\/div>\n\n\n\n<div class=\"wp-block-column is-layout-flow wp-block-column-is-layout-flow\">\n<div class=\"wp-block-buttons is-layout-flex wp-block-buttons-is-layout-flex\">\n<div class=\"wp-block-button has-custom-width wp-block-button__width-75\"><a class=\"wp-block-button__link has-black-color has-luminous-vivid-amber-background-color has-text-color has-background has-link-color wp-element-button\"><strong>Flexibilit\u00e4t<\/strong><\/a><\/div>\n<\/div>\n<\/div>\n\n\n\n<div class=\"wp-block-column is-layout-flow wp-block-column-is-layout-flow\">\n<div class=\"wp-block-buttons is-layout-flex wp-block-buttons-is-layout-flex\">\n<div class=\"wp-block-button has-custom-width wp-block-button__width-75\"><a class=\"wp-block-button__link has-black-color has-luminous-vivid-amber-background-color has-text-color has-background has-link-color wp-element-button\"><strong>Effizienz<\/strong><\/a><\/div>\n<\/div>\n<\/div>\n<\/div>\n<\/div>\n<\/div>\n\n\n\n<div class=\"wp-block-columns is-layout-flex wp-container-core-columns-is-layout-9d6595d7 wp-block-columns-is-layout-flex\">\n<div class=\"wp-block-column is-layout-flow wp-block-column-is-layout-flow\">\n<div class=\"wp-block-media-text is-stacked-on-mobile\" style=\"grid-template-columns:62% auto\"><figure class=\"wp-block-media-text__media\"><video controls src=\"https:\/\/www.tele-radio.com\/app\/uploads\/Gebr.-Kaeufer_final_2-7.mp4\"><\/video><\/figure><div class=\"wp-block-media-text__content\">\n<h2 class=\"wp-block-heading has-text-align-center has-black-color has-text-color has-background has-link-color wp-elements-5f2e04b69afcc66411a8ff5675542314\" style=\"background-color:#ededed\">Die Bedienung der Windkraftbefahranlage von K\u00e4ufer mit der Funkfernsteuerung von Tele Radio ist eine sichere &amp; komfortable L\u00f6sung.<\/h2>\n<\/div><\/div>\n\n\n\n<div style=\"height:28px\" aria-hidden=\"true\" class=\"wp-block-spacer\"><\/div>\n<\/div>\n<\/div>\n\n\n\n<figure class=\"wp-block-gallery has-nested-images columns-default is-cropped wp-block-gallery-1 is-layout-flex wp-block-gallery-is-layout-flex\">\n<figure class=\"wp-block-image size-large is-style-default\"><img loading=\"lazy\" decoding=\"async\" width=\"600\" height=\"1200\" data-id=\"243489\" src=\"https:\/\/www.tele-radio.com\/app\/uploads\/CCTM1547-600x1200.jpg\" alt=\"\" class=\"wp-image-243489\" srcset=\"https:\/\/www.tele-radio.com\/app\/uploads\/CCTM1547-600x1200.jpg 600w, https:\/\/www.tele-radio.com\/app\/uploads\/CCTM1547-200x400.jpg 200w, https:\/\/www.tele-radio.com\/app\/uploads\/CCTM1547-768x1536.jpg 768w, https:\/\/www.tele-radio.com\/app\/uploads\/CCTM1547-375x750.jpg 375w, https:\/\/www.tele-radio.com\/app\/uploads\/CCTM1547-250x500.jpg 250w, https:\/\/www.tele-radio.com\/app\/uploads\/CCTM1547-400x800.jpg 400w, https:\/\/www.tele-radio.com\/app\/uploads\/CCTM1547.jpg 800w\" sizes=\"auto, (max-width: 600px) 100vw, 600px\" \/><\/figure>\n\n\n\n<figure class=\"wp-block-image size-large is-style-default\"><img loading=\"lazy\" decoding=\"async\" width=\"900\" height=\"1200\" data-id=\"243517\" src=\"https:\/\/www.tele-radio.com\/app\/uploads\/IMG_2264-900x1200.jpg\" alt=\"\" class=\"wp-image-243517\" srcset=\"https:\/\/www.tele-radio.com\/app\/uploads\/IMG_2264-900x1200.jpg 900w, https:\/\/www.tele-radio.com\/app\/uploads\/IMG_2264-300x400.jpg 300w, https:\/\/www.tele-radio.com\/app\/uploads\/IMG_2264-768x1024.jpg 768w, https:\/\/www.tele-radio.com\/app\/uploads\/IMG_2264-1152x1536.jpg 1152w, https:\/\/www.tele-radio.com\/app\/uploads\/IMG_2264-1536x2048.jpg 1536w, https:\/\/www.tele-radio.com\/app\/uploads\/IMG_2264-563x750.jpg 563w, https:\/\/www.tele-radio.com\/app\/uploads\/IMG_2264-375x500.jpg 375w, https:\/\/www.tele-radio.com\/app\/uploads\/IMG_2264-1200x1600.jpg 1200w, https:\/\/www.tele-radio.com\/app\/uploads\/IMG_2264-600x800.jpg 600w, https:\/\/www.tele-radio.com\/app\/uploads\/IMG_2264-scaled.jpg 1920w\" sizes=\"auto, (max-width: 900px) 100vw, 900px\" \/><\/figure>\n<\/figure>\n\n\n\n<p>Sie wollen sich selbst von einer Funkfernsteuerung \u00fcberzeugen? <a href=\"https:\/\/www.tele-radio.com\/de\/kontakt\/\">Kontaktieren<\/a>&nbsp;Sie uns jederzeit! Wir stehen Ihnen gerne beratend zur Seite.<\/p>\n\n\n\n<div class=\"wp-block-columns is-layout-flex wp-container-core-columns-is-layout-9d6595d7 wp-block-columns-is-layout-flex\">\n<div class=\"wp-block-column is-layout-flow wp-block-column-is-layout-flow\" style=\"flex-basis:33.33%\">\n<div style=\"height:100px\" aria-hidden=\"true\" class=\"wp-block-spacer\"><\/div>\n<\/div>\n\n\n\n<div class=\"wp-block-column is-layout-flow wp-block-column-is-layout-flow\"><\/div>\n\n\n\n<div class=\"wp-block-column is-layout-flow wp-block-column-is-layout-flow\" style=\"flex-basis:66.66%\">\n<div style=\"height:100px\" aria-hidden=\"true\" class=\"wp-block-spacer\"><\/div>\n<\/div>\n<\/div>\n","protected":false},"excerpt":{"rendered":"<p>Gebr. K\u00e4ufer GmbH Weltweit f\u00fchrender Hersteller von Windkraftbefahranlagen vertraut seit Jahren auf die Produkte von Tele Radio Die Gebr. K\u00e4ufer GmbH stellt seit 1999 Rotorblattbefahranlagen und Zugangstechnik f\u00fcr Onshore- und Offshore-Windkraftanlagen her. Mit speziellen Seilarbeitsb\u00fchnen k\u00f6nnen Techniker sicher und ergonomisch den Turm oder die einzelnen Rotorbl\u00e4tter St\u00fcck f\u00fcr St\u00fcck abfahren, inspizieren und reparieren. Das Thema [&hellip;]<\/p>\n","protected":false},"author":81,"featured_media":243573,"parent":0,"menu_order":0,"comment_status":"closed","ping_status":"closed","template":"","meta":{"_acf_changed":false,"footnotes":""},"class_list":["post-243460","page","type-page","status-publish","has-post-thumbnail","hentry"],"acf":[],"_links":{"self":[{"href":"https:\/\/www.tele-radio.com\/de\/wp-json\/wp\/v2\/pages\/243460","targetHints":{"allow":["GET"]}}],"collection":[{"href":"https:\/\/www.tele-radio.com\/de\/wp-json\/wp\/v2\/pages"}],"about":[{"href":"https:\/\/www.tele-radio.com\/de\/wp-json\/wp\/v2\/types\/page"}],"author":[{"embeddable":true,"href":"https:\/\/www.tele-radio.com\/de\/wp-json\/wp\/v2\/users\/81"}],"replies":[{"embeddable":true,"href":"https:\/\/www.tele-radio.com\/de\/wp-json\/wp\/v2\/comments?post=243460"}],"version-history":[{"count":41,"href":"https:\/\/www.tele-radio.com\/de\/wp-json\/wp\/v2\/pages\/243460\/revisions"}],"predecessor-version":[{"id":244372,"href":"https:\/\/www.tele-radio.com\/de\/wp-json\/wp\/v2\/pages\/243460\/revisions\/244372"}],"wp:featuredmedia":[{"embeddable":true,"href":"https:\/\/www.tele-radio.com\/de\/wp-json\/wp\/v2\/media\/243573"}],"wp:attachment":[{"href":"https:\/\/www.tele-radio.com\/de\/wp-json\/wp\/v2\/media?parent=243460"}],"curies":[{"name":"wp","href":"https:\/\/api.w.org\/{rel}","templated":true}]}}