{"id":227017,"date":"2024-08-28T08:43:44","date_gmt":"2024-08-28T08:43:44","guid":{"rendered":"https:\/\/www.tele-radio.com\/?page_id=227017"},"modified":"2025-11-14T09:57:28","modified_gmt":"2025-11-14T09:57:28","slug":"ueber-uns","status":"publish","type":"page","link":"https:\/\/www.tele-radio.com\/de\/ueber-uns\/","title":{"rendered":"\u00dcber uns"},"content":{"rendered":"\n<h1 class=\"wp-block-heading\">Willkommen bei Tele Radio<\/h1>\n\n\n\n<p>Tele Radio ist ein f\u00fchrender Hersteller von drahtlosen Sicherheits-Funkfernsteuerungen. Das Unternehmen bietet L\u00f6sungen f\u00fcr eine Vielzahl von Anwendungen u.a. f\u00fcr die Industrie, den Mobil- und Hydraulikbereich sowie Hebeanwendungen. Das Produktangebot reicht von kompakten, standardisierten Funkfernsteuerungen bis hin zu hochmodernen, kundenspezifischen Systemen. Wir stellen Gesamtl\u00f6sungen bereit, mit dem obersten Ziel einen Mehrwert f\u00fcr unsere Kunden zu bieten. <\/p>\n\n\n\n<div style=\"height:20px\" aria-hidden=\"true\" class=\"wp-block-spacer\"><\/div>\n\n\n\n<hr class=\"wp-block-separator has-alpha-channel-opacity\"\/>\n\n\n\n<h2 class=\"wp-block-heading\">Unternehmen<\/h2>\n\n\n\n<p>Erfahren Sie im Folgenden mehr \u00fcber uns, unsere Werte und Normen und wof\u00fcr wir uns stark machen.<\/p>\n\n\n\n<div class=\"wp-block-columns is-layout-flex wp-container-core-columns-is-layout-9d6595d7 wp-block-columns-is-layout-flex\">\n<div class=\"wp-block-column is-layout-flow wp-block-column-is-layout-flow\">\n<figure class=\"wp-block-image size-large\"><a href=\"https:\/\/www.tele-radio.com\/de\/das-unternehmen-tele-radio\/\"><img loading=\"lazy\" decoding=\"async\" width=\"1200\" height=\"1200\" src=\"https:\/\/www.tele-radio.com\/app\/uploads\/AR_Allgon_2023_800x800_Web-1-1200x1200.jpg\" alt=\"\" class=\"wp-image-225198\" srcset=\"https:\/\/www.tele-radio.com\/app\/uploads\/AR_Allgon_2023_800x800_Web-1-1200x1200.jpg 1200w, https:\/\/www.tele-radio.com\/app\/uploads\/AR_Allgon_2023_800x800_Web-1-400x400.jpg 400w, https:\/\/www.tele-radio.com\/app\/uploads\/AR_Allgon_2023_800x800_Web-1-150x150.jpg 150w, https:\/\/www.tele-radio.com\/app\/uploads\/AR_Allgon_2023_800x800_Web-1-768x768.jpg 768w, https:\/\/www.tele-radio.com\/app\/uploads\/AR_Allgon_2023_800x800_Web-1-1536x1536.jpg 1536w, https:\/\/www.tele-radio.com\/app\/uploads\/AR_Allgon_2023_800x800_Web-1-250x250.jpg 250w, https:\/\/www.tele-radio.com\/app\/uploads\/AR_Allgon_2023_800x800_Web-1-750x750.jpg 750w, https:\/\/www.tele-radio.com\/app\/uploads\/AR_Allgon_2023_800x800_Web-1-500x500.jpg 500w, https:\/\/www.tele-radio.com\/app\/uploads\/AR_Allgon_2023_800x800_Web-1-1600x1600.jpg 1600w, https:\/\/www.tele-radio.com\/app\/uploads\/AR_Allgon_2023_800x800_Web-1-800x800.jpg 800w, https:\/\/www.tele-radio.com\/app\/uploads\/AR_Allgon_2023_800x800_Web-1.jpg 1667w\" sizes=\"auto, (max-width: 1200px) 100vw, 1200px\" \/><\/a><\/figure>\n\n\n\n<div class=\"wp-block-buttons is-layout-flex wp-block-buttons-is-layout-flex\">\n<div class=\"wp-block-button has-custom-width wp-block-button__width-100\"><a class=\"wp-block-button__link has-black-color has-luminous-vivid-amber-background-color has-text-color has-background has-link-color wp-element-button\" href=\"https:\/\/www.tele-radio.com\/de\/das-unternehmen-tele-radio\/\"><strong>Wer wir sind<\/strong><\/a><\/div>\n<\/div>\n<\/div>\n\n\n\n<div class=\"wp-block-column is-layout-flow wp-block-column-is-layout-flow\">\n<figure class=\"wp-block-image size-full\"><a href=\"https:\/\/www.tele-radio.com\/de\/das-engagement-von-tele-radio-in-nachhaltigkeit-schreitet-weiter-voran\/\"><img loading=\"lazy\" decoding=\"async\" width=\"523\" height=\"523\" src=\"https:\/\/www.tele-radio.com\/app\/uploads\/800x800_ISO_Page_Banner-edited.png\" alt=\"\" class=\"wp-image-227528\" srcset=\"https:\/\/www.tele-radio.com\/app\/uploads\/800x800_ISO_Page_Banner-edited.png 523w, https:\/\/www.tele-radio.com\/app\/uploads\/800x800_ISO_Page_Banner-edited-400x400.png 400w, https:\/\/www.tele-radio.com\/app\/uploads\/800x800_ISO_Page_Banner-edited-150x150.png 150w, https:\/\/www.tele-radio.com\/app\/uploads\/800x800_ISO_Page_Banner-edited-250x250.png 250w, https:\/\/www.tele-radio.com\/app\/uploads\/800x800_ISO_Page_Banner-edited-500x500.png 500w\" sizes=\"auto, (max-width: 523px) 100vw, 523px\" \/><\/a><\/figure>\n\n\n\n<div class=\"wp-block-buttons is-layout-flex wp-block-buttons-is-layout-flex\">\n<div class=\"wp-block-button has-custom-width wp-block-button__width-100\"><a class=\"wp-block-button__link has-black-color has-luminous-vivid-amber-background-color has-text-color has-background has-link-color wp-element-button\" href=\"https:\/\/www.tele-radio.com\/de\/das-engagement-von-tele-radio-in-nachhaltigkeit-schreitet-weiter-voran\/\"><strong>Nachhaltigkeit<\/strong><\/a><\/div>\n<\/div>\n<\/div>\n\n\n\n<div class=\"wp-block-column is-layout-flow wp-block-column-is-layout-flow\">\n<figure class=\"wp-block-image size-full\"><a href=\"https:\/\/www.tele-radio.com\/de\/iso-zertifikate\/\"><img loading=\"lazy\" decoding=\"async\" width=\"800\" height=\"800\" src=\"https:\/\/www.tele-radio.com\/app\/uploads\/Certified.jpg\" alt=\"certifierat\" class=\"wp-image-9681\" srcset=\"https:\/\/www.tele-radio.com\/app\/uploads\/Certified.jpg 800w, https:\/\/www.tele-radio.com\/app\/uploads\/Certified-150x150.jpg 150w, https:\/\/www.tele-radio.com\/app\/uploads\/Certified-400x400.jpg 400w, https:\/\/www.tele-radio.com\/app\/uploads\/Certified-768x768.jpg 768w, https:\/\/www.tele-radio.com\/app\/uploads\/Certified-250x250.jpg 250w, https:\/\/www.tele-radio.com\/app\/uploads\/Certified-750x750.jpg 750w, https:\/\/www.tele-radio.com\/app\/uploads\/Certified-500x500.jpg 500w\" sizes=\"auto, (max-width: 800px) 100vw, 800px\" \/><\/a><\/figure>\n\n\n\n<div class=\"wp-block-buttons is-layout-flex wp-block-buttons-is-layout-flex\">\n<div class=\"wp-block-button has-custom-width wp-block-button__width-100\"><a class=\"wp-block-button__link has-black-color has-luminous-vivid-amber-background-color has-text-color has-background has-link-color wp-element-button\" href=\"https:\/\/www.tele-radio.com\/de\/iso-zertifikate\/\"><strong>ISO-Zertifikate<\/strong><\/a><\/div>\n<\/div>\n<\/div>\n\n\n\n<div class=\"wp-block-column is-layout-flow wp-block-column-is-layout-flow\">\n<figure class=\"wp-block-image size-full\"><a href=\"https:\/\/www.tele-radio.com\/de\/ethische-unternehmensgrundsaetze\/\"><img loading=\"lazy\" decoding=\"async\" width=\"800\" height=\"800\" src=\"https:\/\/www.tele-radio.com\/app\/uploads\/ethics.jpg\" alt=\"\u00e9tica Tele Radio\" class=\"wp-image-9699\" srcset=\"https:\/\/www.tele-radio.com\/app\/uploads\/ethics.jpg 800w, https:\/\/www.tele-radio.com\/app\/uploads\/ethics-150x150.jpg 150w, https:\/\/www.tele-radio.com\/app\/uploads\/ethics-400x400.jpg 400w, https:\/\/www.tele-radio.com\/app\/uploads\/ethics-768x768.jpg 768w, https:\/\/www.tele-radio.com\/app\/uploads\/ethics-250x250.jpg 250w, https:\/\/www.tele-radio.com\/app\/uploads\/ethics-750x750.jpg 750w, https:\/\/www.tele-radio.com\/app\/uploads\/ethics-500x500.jpg 500w\" sizes=\"auto, (max-width: 800px) 100vw, 800px\" \/><\/a><\/figure>\n\n\n\n<div class=\"wp-block-buttons is-layout-flex wp-block-buttons-is-layout-flex\">\n<div class=\"wp-block-button has-custom-width wp-block-button__width-100\"><a class=\"wp-block-button__link has-black-color has-luminous-vivid-amber-background-color has-text-color has-background has-link-color wp-element-button\" href=\"https:\/\/www.tele-radio.com\/de\/ethische-unternehmensgrundsaetze\/\"><strong>Ethische Grunds\u00e4tze<\/strong><\/a><\/div>\n<\/div>\n<\/div>\n<\/div>\n\n\n\n<div class=\"wp-block-columns is-layout-flex wp-container-core-columns-is-layout-9d6595d7 wp-block-columns-is-layout-flex\">\n<div class=\"wp-block-column is-layout-flow wp-block-column-is-layout-flow\">\n<h2 class=\"wp-block-heading\">Karriere<\/h2>\n\n\n\n<p>Starten Sie Ihre Karriere bei Tele Radio und bewerben Sie sich initiativ oder auf ein offenes Stellenangebot. Wir freuen uns auf Ihre Bewerbung bei Tele Radio!<\/p>\n\n\n\n<div class=\"wp-block-columns is-layout-flex wp-container-core-columns-is-layout-9d6595d7 wp-block-columns-is-layout-flex\">\n<div class=\"wp-block-column is-layout-flow wp-block-column-is-layout-flow\">\n<figure class=\"wp-block-image size-large\"><a href=\"https:\/\/www.tele-radio.com\/de\/karriere\/\"><img loading=\"lazy\" decoding=\"async\" width=\"2560\" height=\"1441\" src=\"https:\/\/www.tele-radio.com\/app\/uploads\/FH_PH_TI_0108-edited-scaled.jpg\" alt=\"display\" class=\"wp-image-227556\" style=\"object-fit:cover\" srcset=\"https:\/\/www.tele-radio.com\/app\/uploads\/FH_PH_TI_0108-edited-scaled.jpg 2560w, https:\/\/www.tele-radio.com\/app\/uploads\/FH_PH_TI_0108-edited-400x225.jpg 400w, https:\/\/www.tele-radio.com\/app\/uploads\/FH_PH_TI_0108-edited-1200x675.jpg 1200w, https:\/\/www.tele-radio.com\/app\/uploads\/FH_PH_TI_0108-edited-768x432.jpg 768w, https:\/\/www.tele-radio.com\/app\/uploads\/FH_PH_TI_0108-edited-1536x865.jpg 1536w, https:\/\/www.tele-radio.com\/app\/uploads\/FH_PH_TI_0108-edited-2048x1153.jpg 2048w, https:\/\/www.tele-radio.com\/app\/uploads\/FH_PH_TI_0108-edited-750x422.jpg 750w, https:\/\/www.tele-radio.com\/app\/uploads\/FH_PH_TI_0108-edited-500x281.jpg 500w, https:\/\/www.tele-radio.com\/app\/uploads\/FH_PH_TI_0108-edited-1600x901.jpg 1600w, https:\/\/www.tele-radio.com\/app\/uploads\/FH_PH_TI_0108-edited-800x450.jpg 800w\" sizes=\"auto, (max-width: 2560px) 100vw, 2560px\" \/><\/a><\/figure>\n\n\n\n<div class=\"wp-block-buttons is-layout-flex wp-block-buttons-is-layout-flex\">\n<div class=\"wp-block-button has-custom-width wp-block-button__width-100\"><a class=\"wp-block-button__link has-black-color has-luminous-vivid-amber-background-color has-text-color has-background has-link-color wp-element-button\" href=\"https:\/\/www.tele-radio.com\/de\/karriere\/\"><strong>Jetzt bewerben<\/strong><\/a><\/div>\n<\/div>\n<\/div>\n<\/div>\n<\/div>\n\n\n\n<div class=\"wp-block-column is-layout-flow wp-block-column-is-layout-flow\">\n<h2 class=\"wp-block-heading\">Produkte<\/h2>\n\n\n\n<p>Was macht unsere Produkte aus? Worin liegen die Vorteile von Funkfernsteuerungen und welche kundenspezifischen L\u00f6sungen bieten wir an? Erfahren Sie hier mehr. <\/p>\n\n\n\n<div class=\"wp-block-columns is-layout-flex wp-container-core-columns-is-layout-9d6595d7 wp-block-columns-is-layout-flex\">\n<div class=\"wp-block-column is-layout-flow wp-block-column-is-layout-flow\">\n<figure class=\"wp-block-image size-large\"><a href=\"https:\/\/www.tele-radio.com\/de\/sicherheits-funkfernsteuerung\/\"><img loading=\"lazy\" decoding=\"async\" width=\"1200\" height=\"1200\" src=\"https:\/\/www.tele-radio.com\/app\/uploads\/Web_800_x_800_300dpi-21-1200x1200.jpg\" alt=\"\" class=\"wp-image-226067\" style=\"aspect-ratio:1;object-fit:cover\" srcset=\"https:\/\/www.tele-radio.com\/app\/uploads\/Web_800_x_800_300dpi-21-1200x1200.jpg 1200w, https:\/\/www.tele-radio.com\/app\/uploads\/Web_800_x_800_300dpi-21-400x400.jpg 400w, https:\/\/www.tele-radio.com\/app\/uploads\/Web_800_x_800_300dpi-21-150x150.jpg 150w, https:\/\/www.tele-radio.com\/app\/uploads\/Web_800_x_800_300dpi-21-768x768.jpg 768w, https:\/\/www.tele-radio.com\/app\/uploads\/Web_800_x_800_300dpi-21-1536x1536.jpg 1536w, https:\/\/www.tele-radio.com\/app\/uploads\/Web_800_x_800_300dpi-21-2048x2048.jpg 2048w, https:\/\/www.tele-radio.com\/app\/uploads\/Web_800_x_800_300dpi-21-250x250.jpg 250w, https:\/\/www.tele-radio.com\/app\/uploads\/Web_800_x_800_300dpi-21-750x750.jpg 750w, https:\/\/www.tele-radio.com\/app\/uploads\/Web_800_x_800_300dpi-21-500x500.jpg 500w, https:\/\/www.tele-radio.com\/app\/uploads\/Web_800_x_800_300dpi-21-1600x1600.jpg 1600w, https:\/\/www.tele-radio.com\/app\/uploads\/Web_800_x_800_300dpi-21-800x800.jpg 800w\" sizes=\"auto, (max-width: 1200px) 100vw, 1200px\" \/><\/a><\/figure>\n<\/div>\n\n\n\n<div class=\"wp-block-column is-layout-flow wp-block-column-is-layout-flow\">\n<figure class=\"wp-block-image size-large is-style-default\"><a href=\"https:\/\/www.tele-radio.com\/de\/kundenspezifische-funkfernsteuerung\/\"><img loading=\"lazy\" decoding=\"async\" width=\"1200\" height=\"499\" src=\"https:\/\/www.tele-radio.com\/app\/uploads\/custom_remotes_from_Tele_Radio-1200x499.jpg\" alt=\"\" class=\"wp-image-11787\" style=\"aspect-ratio:1;object-fit:cover\" srcset=\"https:\/\/www.tele-radio.com\/app\/uploads\/custom_remotes_from_Tele_Radio.jpg 1200w, https:\/\/www.tele-radio.com\/app\/uploads\/custom_remotes_from_Tele_Radio-400x166.jpg 400w, https:\/\/www.tele-radio.com\/app\/uploads\/custom_remotes_from_Tele_Radio-768x319.jpg 768w, https:\/\/www.tele-radio.com\/app\/uploads\/custom_remotes_from_Tele_Radio-750x312.jpg 750w, https:\/\/www.tele-radio.com\/app\/uploads\/custom_remotes_from_Tele_Radio-500x208.jpg 500w, https:\/\/www.tele-radio.com\/app\/uploads\/custom_remotes_from_Tele_Radio-800x333.jpg 800w\" sizes=\"auto, (max-width: 1200px) 100vw, 1200px\" \/><\/a><\/figure>\n<\/div>\n<\/div>\n\n\n\n<div class=\"wp-block-columns is-layout-flex wp-container-core-columns-is-layout-9d6595d7 wp-block-columns-is-layout-flex\">\n<div class=\"wp-block-column is-layout-flow wp-block-column-is-layout-flow\">\n<div class=\"wp-block-buttons is-layout-flex wp-block-buttons-is-layout-flex\">\n<div class=\"wp-block-button has-custom-width wp-block-button__width-100\"><a class=\"wp-block-button__link has-black-color has-luminous-vivid-amber-background-color has-text-color has-background has-link-color wp-element-button\" href=\"https:\/\/www.tele-radio.com\/de\/sicherheits-funkfernsteuerung\/\"><strong>Vorteile von Funkfernsteuerungen<\/strong><\/a><\/div>\n<\/div>\n<\/div>\n\n\n\n<div class=\"wp-block-column is-layout-flow wp-block-column-is-layout-flow\">\n<div class=\"wp-block-buttons is-layout-flex wp-block-buttons-is-layout-flex\">\n<div class=\"wp-block-button has-custom-width wp-block-button__width-100\"><a class=\"wp-block-button__link has-black-color has-luminous-vivid-amber-background-color has-text-color has-background has-link-color wp-element-button\" href=\"https:\/\/www.tele-radio.com\/de\/kundenspezifische-funkfernsteuerung\/\"><strong>Kundenspezifische L\u00f6sungen<\/strong><\/a><\/div>\n<\/div>\n<\/div>\n<\/div>\n<\/div>\n<\/div>\n\n\n\n<p><\/p>\n","protected":false},"excerpt":{"rendered":"<p>Willkommen bei Tele Radio Tele Radio ist ein f\u00fchrender Hersteller von drahtlosen Sicherheits-Funkfernsteuerungen. Das Unternehmen bietet L\u00f6sungen f\u00fcr eine Vielzahl von Anwendungen u.a. f\u00fcr die Industrie, den Mobil- und Hydraulikbereich sowie Hebeanwendungen. Das Produktangebot reicht von kompakten, standardisierten Funkfernsteuerungen bis hin zu hochmodernen, kundenspezifischen Systemen. Wir stellen Gesamtl\u00f6sungen bereit, mit dem obersten Ziel einen Mehrwert [&hellip;]<\/p>\n","protected":false},"author":81,"featured_media":0,"parent":0,"menu_order":0,"comment_status":"closed","ping_status":"closed","template":"","meta":{"_acf_changed":false,"footnotes":""},"class_list":["post-227017","page","type-page","status-publish","hentry"],"acf":[],"_links":{"self":[{"href":"https:\/\/www.tele-radio.com\/de\/wp-json\/wp\/v2\/pages\/227017","targetHints":{"allow":["GET"]}}],"collection":[{"href":"https:\/\/www.tele-radio.com\/de\/wp-json\/wp\/v2\/pages"}],"about":[{"href":"https:\/\/www.tele-radio.com\/de\/wp-json\/wp\/v2\/types\/page"}],"author":[{"embeddable":true,"href":"https:\/\/www.tele-radio.com\/de\/wp-json\/wp\/v2\/users\/81"}],"replies":[{"embeddable":true,"href":"https:\/\/www.tele-radio.com\/de\/wp-json\/wp\/v2\/comments?post=227017"}],"version-history":[{"count":16,"href":"https:\/\/www.tele-radio.com\/de\/wp-json\/wp\/v2\/pages\/227017\/revisions"}],"predecessor-version":[{"id":273311,"href":"https:\/\/www.tele-radio.com\/de\/wp-json\/wp\/v2\/pages\/227017\/revisions\/273311"}],"wp:attachment":[{"href":"https:\/\/www.tele-radio.com\/de\/wp-json\/wp\/v2\/media?parent=227017"}],"curies":[{"name":"wp","href":"https:\/\/api.w.org\/{rel}","templated":true}]}}