{"id":200072,"date":"2022-06-29T12:40:34","date_gmt":"2022-06-29T12:40:34","guid":{"rendered":"https:\/\/www.tele-radio.com\/custom-line-solutions\/"},"modified":"2024-01-03T14:18:19","modified_gmt":"2024-01-03T14:18:19","slug":"custom-line-solutions","status":"publish","type":"page","link":"https:\/\/www.tele-radio.com\/de\/custom-line-solutions\/","title":{"rendered":"KUNDENSPEZIFISCHE L\u00d6SUNGEN"},"content":{"rendered":"\n<h1 class=\"wp-block-heading\">KUNDENSPEZIFISCHE L\u00d6SUNGEN<\/h1>\n\n\n\n<div style=\"height:24px\" aria-hidden=\"true\" class=\"wp-block-spacer\"><\/div>\n\n\n\n<div class=\"wp-block-cover\" style=\"min-height:698px;aspect-ratio:unset;\"><span aria-hidden=\"true\" class=\"wp-block-cover__background has-black-background-color has-background-dim-10 has-background-dim\"><\/span><img loading=\"lazy\" decoding=\"async\" width=\"2560\" height=\"1707\" class=\"wp-block-cover__image-background wp-image-106791\" alt=\"\" src=\"https:\/\/www.tele-radio.com\/app\/uploads\/TW78_4-scaled.jpg\" data-object-fit=\"cover\" srcset=\"https:\/\/www.tele-radio.com\/app\/uploads\/TW78_4-scaled.jpg 2560w, https:\/\/www.tele-radio.com\/app\/uploads\/TW78_4-400x267.jpg 400w, https:\/\/www.tele-radio.com\/app\/uploads\/TW78_4-1200x800.jpg 1200w, https:\/\/www.tele-radio.com\/app\/uploads\/TW78_4-768x512.jpg 768w, https:\/\/www.tele-radio.com\/app\/uploads\/TW78_4-1536x1024.jpg 1536w\" sizes=\"auto, (max-width: 2560px) 100vw, 2560px\" \/><div class=\"wp-block-cover__inner-container is-layout-flow wp-block-cover-is-layout-flow\">\n<h2 class=\"wp-block-heading has-text-align-center has-large-font-size\">Unsere Individualisierung bis ins kleinste Detail<\/h2>\n<\/div><\/div>\n\n\n\n<div style=\"height:37px\" aria-hidden=\"true\" class=\"wp-block-spacer\"><\/div>\n\n\n\n<h2 class=\"wp-block-heading\"><meta charset=\"utf-8\"><\/meta>F\u00fcr unsere Modellreihen VERSATEQ und SUPRATEQ<\/h2>\n\n\n\n<p>Aufgrund des modularen Designs des VersaTEQ und des SupraTEQ ist die Flexibilit\u00e4t dieser Produkte extrem hoch. Es beginnt mit der Wahl des Geh\u00e4uses: der gro\u00dfe SupraTEQ oder der mittlere VersaTEQ. Auch unter der Haube der Sender k\u00f6nnen Sie aus einer breiten Palette technischer M\u00f6glichkeiten w\u00e4hlen. Alle Sender k\u00f6nnen nach Ihren genauen Spezifikationen konfiguriert werden. Neben diesen technischen Optionen stehen nat\u00fcrlich auch alle denkbaren Standard-Steuerelemente zur Auswahl, bis hin zum letzten Knopf, Joystick oder Paddle. Die Frontplatte kann entweder mit einem Farbdruck oder einer Gravur versehen werden: Sie haben die Wahl.<\/p>\n\n\n\n<p>Die kompakten Empf\u00e4nger sind auch sehr anpassungsf\u00e4hig an Ihre W\u00fcnsche: mehrere programmierbare E\/A, mehrere Feldbusprotokolle, alle Ausg\u00e4nge\/Eing\u00e4nge sind programmierbar, eine externe Antenne und kundenspezifische Verkabelung sind verf\u00fcgbar.<\/p>\n\n\n\n<p>Ihr Custom Line H\u00fcftgurtsystem passt sich nahtlos an Ihre Bed\u00fcrfnisse an. Das ist die St\u00e4rke der Personalisierung, die wir f\u00fcr die VersaTEQ- und SupraTEQ-Systeme anbieten.<\/p>\n\n\n\n<div style=\"height:33px\" aria-hidden=\"true\" class=\"wp-block-spacer\"><\/div>\n\n\n\n<h2 class=\"wp-block-heading has-text-align-center has-luminous-vivid-amber-color has-black-background-color has-text-color has-background has-large-font-size\">ENTDECKEN SIE DIE FLEXIBILIT\u00c4T UNSERER MASSGESCHNEIDERTEN H\u00dcFTGURTSYSTEME<\/h2>\n\n\n\n<div style=\"height:39px\" aria-hidden=\"true\" class=\"wp-block-spacer\"><\/div>\n\n\n\n<h2 class=\"wp-block-heading has-text-align-center\">W\u00c4HLEN SIE IHR GEH\u00c4USE<\/h2>\n\n\n\n<div style=\"height:46px\" aria-hidden=\"true\" class=\"wp-block-spacer\"><\/div>\n\n\n\n<figure class=\"wp-block-table is-style-stripes\"><table class=\"has-black-color has-luminous-vivid-amber-background-color has-text-color has-background\"><thead><tr><th class=\"has-text-align-center\" data-align=\"center\"><meta charset=\"utf-8\"><strong>VersaTEQ TW57<\/strong><\/th><th class=\"has-text-align-center\" data-align=\"center\"><meta charset=\"utf-8\"><strong>SupraTEQ TW77<\/strong><\/th><th class=\"has-text-align-center\" data-align=\"center\"><meta charset=\"utf-8\"><strong>SupraTEQ TW78<\/strong><\/th><\/tr><\/thead><tbody><tr><td class=\"has-text-align-center\" data-align=\"center\">24 cm<\/td><td class=\"has-text-align-center\" data-align=\"center\">33 cm<\/td><td class=\"has-text-align-center\" data-align=\"center\">33 cm<\/td><\/tr><tr><td class=\"has-text-align-center\" data-align=\"center\">320 x 240 px Bildschirm<\/td><td class=\"has-text-align-center\" data-align=\"center\">320 x 240 px Bildschirm<\/td><td class=\"has-text-align-center\" data-align=\"center\">480 x 272 px Bildschirm<\/td><\/tr><\/tbody><\/table><\/figure>\n\n\n\n<div style=\"height:68px\" aria-hidden=\"true\" class=\"wp-block-spacer\"><\/div>\n\n\n\n<h2 class=\"wp-block-heading has-text-align-center\">IHRE AUF BESTELLUNG GEBAUTEN OPTIONEN<\/h2>\n\n\n\n<div style=\"height:67px\" aria-hidden=\"true\" class=\"wp-block-spacer\"><\/div>\n\n\n<div class=\"wp-block-image\">\n<figure class=\"aligncenter size-large is-resized\"><img loading=\"lazy\" decoding=\"async\" src=\"https:\/\/www.tele-radio.com\/app\/uploads\/\/PUMA_CUSTOM_OPTIONS-1200x632.png\" alt=\"UPPT\u00c4CK FLEXIBLITETEN MED V\u00c5RA PUMA\u00a0CUSTOM LINE-S\u00c4NDARE\" class=\"wp-image-42772\" width=\"680\" height=\"358\" srcset=\"https:\/\/www.tele-radio.com\/app\/uploads\/PUMA_CUSTOM_OPTIONS-1200x632.png 1200w, https:\/\/www.tele-radio.com\/app\/uploads\/PUMA_CUSTOM_OPTIONS-400x211.png 400w, https:\/\/www.tele-radio.com\/app\/uploads\/PUMA_CUSTOM_OPTIONS-768x405.png 768w, https:\/\/www.tele-radio.com\/app\/uploads\/PUMA_CUSTOM_OPTIONS-750x395.png 750w, https:\/\/www.tele-radio.com\/app\/uploads\/PUMA_CUSTOM_OPTIONS-500x264.png 500w, https:\/\/www.tele-radio.com\/app\/uploads\/PUMA_CUSTOM_OPTIONS-1600x843.png 1600w, https:\/\/www.tele-radio.com\/app\/uploads\/PUMA_CUSTOM_OPTIONS-800x422.png 800w, https:\/\/www.tele-radio.com\/app\/uploads\/PUMA_CUSTOM_OPTIONS.png 2000w\" sizes=\"auto, (max-width: 680px) 100vw, 680px\" \/><\/figure><\/div>\n\n\n<div style=\"height:28px\" aria-hidden=\"true\" class=\"wp-block-spacer\"><\/div>\n\n\n<div class=\"wp-block-image\">\n<figure class=\"aligncenter size-large is-resized\"><img loading=\"lazy\" decoding=\"async\" src=\"https:\/\/www.tele-radio.com\/app\/uploads\/\/icons_banner_UK-1200x266.jpg\" alt=\"\" width=\"537\" height=\"119\"\/><\/figure><\/div>\n\n\n<div style=\"height:100px\" aria-hidden=\"true\" class=\"wp-block-spacer\"><\/div>\n\n\n\n<figure class=\"wp-block-table\"><table><tbody><tr><td><img decoding=\"async\" src=\"https:\/\/www.tele-radio.com\/app\/uploads\/PM_PM_HY-T24_0002.jpg\" alt=\"\" style=\"width: 500px;\"><\/td><td><span style=\"text-decoration: underline;\"><strong>Flexible<\/strong><br><\/span><br>Die Custom Line bietet noch nie dagewesene M\u00f6glichkeiten im Bereich der Softwareanpassung. In Absprache mit unserer Verkaufsabteilung bestimmen Sie die gew\u00fcnschte Funktionalit\u00e4t des Systems, zugeschnitten auf Ihre W\u00fcnsche und die M\u00f6glichkeiten der gesteuerten Maschine, des Krans, des Fahrzeugs oder des Schiffs.<br>Es besteht zum Beispiel die M\u00f6glichkeit, die R\u00fcckmeldungen Ihrer Anwendung auf dem Bildschirm anzuzeigen. Es gibt viele Optionen zur Einstellung der Steuerung vom Sender zu Ihrer Maschine und auch der LCD-Bildschirm kann nach Ihren W\u00fcnschen gestaltet werden. Zudem kann Ihr firmeneigener Stil in das System integriert werden, Signale k\u00f6nnen als Graphen dargestellt werden, Animationen sind m\u00f6glich und vieles mehr.<\/td><\/tr><\/tbody><\/table><\/figure>\n\n\n\n<figure class=\"wp-block-table\"><table><tbody><tr><td><img decoding=\"async\" src=\"https:\/\/www.tele-radio.com\/app\/uploads\/PM_PM_HY-T24_0006.jpg\" alt=\"\" style=\"width: 603px;\"><\/td><td><strong><span style=\"text-decoration: underline;\">Hardware-Anpassungen<br><\/span><\/strong><br>Neben der Wahl eines normalen oder gro\u00dfen Geh\u00e4uses f\u00fcr den Sender, kann vieles an der Hardware an die eigenen Vorstellungen und Bed\u00fcrfnisse angepasst werden. Der Tele Radio H\u00fcftgurtsender ist f\u00fcr viele Sonderfunktionen eingerichtet.<br>So k\u00f6nnen beispielsweise die Griffe des Senders mit einer LED-Beleuchtung zur Beleuchtung der Frontplatte und der Steuerelemente im Dunkeln ausgestattet werden. Der Einbau eines optionalen Vibrationsmotors bietet eine taktile R\u00fcckmeldung. Auch die Anbringung eines physischen Schlosses am Sender ist m\u00f6glich. Nat\u00fcrlich kann auch der Empf\u00e4nger an Ihre W\u00fcnsche angepasst werden. Er kann mit einer internen oder externen Antenne, einer Aktivantenne, zus\u00e4tzlichen Relais, BUS-Modulen oder einer speziellen Verkabelung ausgestattet werden.<\/td><\/tr><\/tbody><\/table><\/figure>\n\n\n\n<figure class=\"wp-block-table\"><table><tbody><tr><td><img decoding=\"async\" src=\"https:\/\/www.tele-radio.com\/app\/uploads\/PM_PM_HY-T24_0004-1.jpg\" alt=\"\" style=\"width: 500px;\"><\/td><td><span style=\"text-decoration: underline;\"><strong>Steuerelemente<\/strong><\/span><strong><span style=\"text-decoration: underline;\"><br><\/span><\/strong><br>Die Steuerelemente bestimmen ma\u00dfgeblich, wie einfach Sie Ihre Maschine, Ihr Ger\u00e4t, Ihr Fahrzeug oder Ihr Schiff bedienen k\u00f6nnen. Es ist wichtig, die Komponenten sorgf\u00e4ltig auszuw\u00e4hlen und einzustellen. Wir haben eine breite Palette von Steuerelementen zur Auswahl.<br>Sie k\u00f6nnen Ihren Sender mit verschiedenen Arten von Joysticks mit oder ohne Knopf auf der Oberseite ausstatten: es gibt Paddles, (Druck-)Schalter mit mehreren Positionen, Kippschalter, Potentiometer usw. Einige Steuerelemente k\u00f6nnen mit einer eingebauten LED oder LED-Anzeige neben der Taste in der Frontplatte ausgestattet werden. Die Tasten k\u00f6nnen auch mit speziellen Farben zur intuitiven Bedienung versehen werden.<\/td><\/tr><\/tbody><\/table><\/figure>\n\n\n\n<figure class=\"wp-block-table\"><table><tbody><tr><td><img decoding=\"async\" src=\"https:\/\/www.tele-radio.com\/app\/uploads\/PH_PM_HY-T24_0016.jpg\" alt=\"\" style=\"width: 449px;\"><\/td><td><span style=\"text-decoration: underline;\"><strong>Frontplatte<\/strong><\/span><strong><span style=\"text-decoration: underline;\"><br><\/span><\/strong><br>Die Frontplatte des Senders ist ein unverwechselbarer Teil der Custom Line. Durch die Gestaltung und Herstellung der Frontplatte nach Ihren W\u00fcnschen gewinnt der Sender an Benutzerfreundlichkeit und Aussehen. Sie k\u00f6nnen Ihre eigene Corporate Identity in die Frontplatte integrieren. Mit den richtigen Anzeigen und Symbolen auf der Frontplatte sorgen Sie f\u00fcr eine effizientere und sicherere Nutzung.<br>Die Frontplatte kann bedruckt oder graviert werden. Bei der Art der Symbole, Logos, Schriftarten usw. besteht v\u00f6llige Freiheit. Die Frontplatte ist, wie der Rest des Senders, sehr widerstandsf\u00e4hig gegen Schmutz, Fl\u00fcssigkeiten, Fett usw. Unsere Verkaufsabteilung ber\u00e4t Sie gerne \u00fcber das bestm\u00f6gliche System.<\/td><\/tr><\/tbody><\/table><\/figure>\n\n\n\n<figure class=\"wp-block-table\"><table><tbody><tr><td><img decoding=\"async\" src=\"https:\/\/www.tele-radio.com\/app\/uploads\/Certificaten.jpg\" alt=\"\" style=\"width: 348px;\"><\/td><td><strong><span style=\"text-decoration: underline;\">Zertifizierung<\/span><\/strong><br><br>Tele Radio-Systeme \u00a0werden h\u00e4ufig in Hochrisikobereichen eingesetzt. In diesen Situationen sollten Sie sich immer auf die Sicherheit des Systems verlassen k\u00f6nnen. Im Notfall sollte die sicherheitsrelevante Stopp-Funktion das tun, wof\u00fcr sie gedacht ist: Ihre Anwendung anzuhalten!<br>Die Zuverl\u00e4ssigkeit des Sicherheitsstopps des Senders zeigt sich in verschiedenen offiziell definierten Sicherheitsstufen (<strong>SIL3, PLd, PLe<\/strong>, etc.). Einzigartig ist die unabh\u00e4ngige Zertifizierung, die Tele Radio f\u00fcr diese Sicherheitsstufen erhalten hat.<br>Die Custom Line kann mit der gew\u00fcnschten Sicherheitsstufe ausgestattet werden. Auf diese Weise kann das System unter allen Umst\u00e4nden sicher verwendet werden.<\/td><\/tr><\/tbody><\/table><\/figure>\n\n\n\n<div style=\"height:71px\" aria-hidden=\"true\" class=\"wp-block-spacer\"><\/div>\n\n\n\n<h2 class=\"wp-block-heading has-text-align-center has-luminous-vivid-amber-color has-black-background-color has-text-color has-background\">DER MEHRWERT UNSERER PRODUKTE<\/h2>\n\n\n\n<div style=\"height:50px\" aria-hidden=\"true\" class=\"wp-block-spacer\"><\/div>\n\n\n<div class=\"wp-block-image is-style-rounded\">\n<figure class=\"alignleft size-full is-resized\"><img loading=\"lazy\" decoding=\"async\" src=\"https:\/\/www.tele-radio.com\/app\/uploads\/Contact-1.png\" alt=\"\" class=\"wp-image-106305\" width=\"111\" height=\"111\" srcset=\"https:\/\/www.tele-radio.com\/app\/uploads\/Contact-1.png 417w, https:\/\/www.tele-radio.com\/app\/uploads\/Contact-1-400x400.png 400w, https:\/\/www.tele-radio.com\/app\/uploads\/Contact-1-150x150.png 150w, https:\/\/www.tele-radio.com\/app\/uploads\/Contact-1-250x250.png 250w\" sizes=\"auto, (max-width: 111px) 100vw, 111px\" \/><\/figure><\/div>\n\n\n<h3 class=\"wp-block-heading\"><strong>Solide Beratung durch unsere Verkaufsabteilung<\/strong><\/h3>\n\n\n\n<p>Setzen Sie sich mit uns in <a href=\"https:\/\/www.tele-radio.com\/de\/kontakt\/\">Verbindung<\/a> und lassen Sie sich \u00fcber das geeignetste System f\u00fcr Ihre Anwendung beraten.<\/p>\n\n\n\n<p><\/p>\n\n\n\n<div style=\"height:15px\" aria-hidden=\"true\" class=\"wp-block-spacer\"><\/div>\n\n\n<div class=\"wp-block-image is-style-rounded\">\n<figure class=\"alignleft is-resized\"><img loading=\"lazy\" decoding=\"async\" src=\"https:\/\/www.tele-radio.com\/app\/uploads\/Signaal2.png\" alt=\"\" class=\"wp-image-40681\" width=\"111\" height=\"111\" srcset=\"https:\/\/www.tele-radio.com\/app\/uploads\/Signaal2.png 162w, https:\/\/www.tele-radio.com\/app\/uploads\/Signaal2-150x150.png 150w\" sizes=\"auto, (max-width: 111px) 100vw, 111px\" \/><\/figure><\/div>\n\n\n<h3 class=\"wp-block-heading\">Eigener technischer Dienst<\/h3>\n\n\n\n<p>Tele Radio verf\u00fcgt \u00fcber eine eigene technische Serviceabteilung f\u00fcr <a href=\"https:\/\/www.tele-radio.com\/de\/support\/\">Support<\/a>, Installation und Reparatur vor Ort.<\/p>\n\n\n\n<p><\/p>\n\n\n\n<p><\/p>\n\n\n\n<div style=\"height:15px\" aria-hidden=\"true\" class=\"wp-block-spacer\"><\/div>\n\n\n<div class=\"wp-block-image is-style-rounded\">\n<figure class=\"alignleft is-resized\"><img loading=\"lazy\" decoding=\"async\" src=\"https:\/\/www.tele-radio.com\/app\/uploads\/Icon_safety.png\" alt=\"\" class=\"wp-image-42940\" width=\"111\" height=\"111\" srcset=\"https:\/\/www.tele-radio.com\/app\/uploads\/Icon_safety.png 162w, https:\/\/www.tele-radio.com\/app\/uploads\/Icon_safety-150x150.png 150w\" sizes=\"auto, (max-width: 111px) 100vw, 111px\" \/><\/figure><\/div>\n\n\n<h3 class=\"wp-block-heading\">Diverse unabh\u00e4ngige Sicherheitszertifikate<\/h3>\n\n\n\n<p>F\u00fcr alle Tele Radio Produkte mit einer Sicherheitszertifizierung k\u00f6nnen wir Ihnen die Zulassungsberichte der unabh\u00e4ngigen Pr\u00fcfstelle zur Verf\u00fcgung stellen. Lesen Sie <a href=\"https:\/\/www.tele-radio.com\/de\/iso-zertifikate\/\">HIER<\/a> mehr dar\u00fcber.<\/p>\n\n\n\n<p><\/p>\n\n\n\n<p><\/p>\n\n\n\n<p><\/p>\n\n\n\n<p><\/p>\n\n\n\n<div style=\"height:55px\" aria-hidden=\"true\" class=\"wp-block-spacer\"><\/div>\n\n\n\n<div class=\"wp-block-columns is-layout-flex wp-container-core-columns-is-layout-9d6595d7 wp-block-columns-is-layout-flex\">\n<div class=\"wp-block-column is-layout-flow wp-block-column-is-layout-flow\"><div class=\"wp-block-image is-style-default\">\n<figure class=\"aligncenter size-large\"><a href=\"https:\/\/www.tele-radio.com\/suprateq\/\"><img loading=\"lazy\" decoding=\"async\" width=\"1200\" height=\"1032\" src=\"https:\/\/www.tele-radio.com\/app\/uploads\/\/SUPRATEQ_Banner_website-2-1200x1032.jpg\" alt=\"\" class=\"wp-image-106817\" srcset=\"https:\/\/www.tele-radio.com\/app\/uploads\/SUPRATEQ_Banner_website-2-1200x1032.jpg 1200w, https:\/\/www.tele-radio.com\/app\/uploads\/SUPRATEQ_Banner_website-2-400x344.jpg 400w, https:\/\/www.tele-radio.com\/app\/uploads\/SUPRATEQ_Banner_website-2-768x661.jpg 768w, https:\/\/www.tele-radio.com\/app\/uploads\/SUPRATEQ_Banner_website-2-750x645.jpg 750w, https:\/\/www.tele-radio.com\/app\/uploads\/SUPRATEQ_Banner_website-2-500x430.jpg 500w, https:\/\/www.tele-radio.com\/app\/uploads\/SUPRATEQ_Banner_website-2-800x688.jpg 800w, https:\/\/www.tele-radio.com\/app\/uploads\/SUPRATEQ_Banner_website-2.jpg 1425w\" sizes=\"auto, (max-width: 1200px) 100vw, 1200px\" \/><\/a><\/figure><\/div><\/div>\n\n\n\n<div class=\"wp-block-column is-layout-flow wp-block-column-is-layout-flow\"><div class=\"wp-block-image is-style-default\">\n<figure class=\"aligncenter size-large\"><a href=\"https:\/\/www.tele-radio.com\/versateq\/\"><img loading=\"lazy\" decoding=\"async\" width=\"1200\" height=\"1032\" src=\"https:\/\/www.tele-radio.com\/app\/uploads\/\/VERSATEQ_Banner_website-3-1200x1032.jpg\" alt=\"\" class=\"wp-image-106840\" srcset=\"https:\/\/www.tele-radio.com\/app\/uploads\/VERSATEQ_Banner_website-3-1200x1032.jpg 1200w, https:\/\/www.tele-radio.com\/app\/uploads\/VERSATEQ_Banner_website-3-400x344.jpg 400w, https:\/\/www.tele-radio.com\/app\/uploads\/VERSATEQ_Banner_website-3-768x660.jpg 768w, https:\/\/www.tele-radio.com\/app\/uploads\/VERSATEQ_Banner_website-3-750x645.jpg 750w, https:\/\/www.tele-radio.com\/app\/uploads\/VERSATEQ_Banner_website-3-500x430.jpg 500w, https:\/\/www.tele-radio.com\/app\/uploads\/VERSATEQ_Banner_website-3-800x688.jpg 800w, https:\/\/www.tele-radio.com\/app\/uploads\/VERSATEQ_Banner_website-3.jpg 1426w\" sizes=\"auto, (max-width: 1200px) 100vw, 1200px\" \/><\/a><\/figure><\/div><\/div>\n<\/div>\n","protected":false},"excerpt":{"rendered":"<p>KUNDENSPEZIFISCHE L\u00d6SUNGEN F\u00fcr unsere Modellreihen VERSATEQ und SUPRATEQ Aufgrund des modularen Designs des VersaTEQ und des SupraTEQ ist die Flexibilit\u00e4t dieser Produkte extrem hoch. Es beginnt mit der Wahl des Geh\u00e4uses: der gro\u00dfe SupraTEQ oder der mittlere VersaTEQ. Auch unter der Haube der Sender k\u00f6nnen Sie aus einer breiten Palette technischer M\u00f6glichkeiten w\u00e4hlen. Alle Sender [&hellip;]<\/p>\n","protected":false},"author":29,"featured_media":0,"parent":0,"menu_order":0,"comment_status":"closed","ping_status":"closed","template":"","meta":{"_acf_changed":false,"footnotes":""},"class_list":["post-200072","page","type-page","status-publish","hentry"],"acf":[],"_links":{"self":[{"href":"https:\/\/www.tele-radio.com\/de\/wp-json\/wp\/v2\/pages\/200072","targetHints":{"allow":["GET"]}}],"collection":[{"href":"https:\/\/www.tele-radio.com\/de\/wp-json\/wp\/v2\/pages"}],"about":[{"href":"https:\/\/www.tele-radio.com\/de\/wp-json\/wp\/v2\/types\/page"}],"author":[{"embeddable":true,"href":"https:\/\/www.tele-radio.com\/de\/wp-json\/wp\/v2\/users\/29"}],"replies":[{"embeddable":true,"href":"https:\/\/www.tele-radio.com\/de\/wp-json\/wp\/v2\/comments?post=200072"}],"version-history":[{"count":4,"href":"https:\/\/www.tele-radio.com\/de\/wp-json\/wp\/v2\/pages\/200072\/revisions"}],"predecessor-version":[{"id":200104,"href":"https:\/\/www.tele-radio.com\/de\/wp-json\/wp\/v2\/pages\/200072\/revisions\/200104"}],"wp:attachment":[{"href":"https:\/\/www.tele-radio.com\/de\/wp-json\/wp\/v2\/media?parent=200072"}],"curies":[{"name":"wp","href":"https:\/\/api.w.org\/{rel}","templated":true}]}}