{"id":198187,"date":"2023-12-05T14:58:22","date_gmt":"2023-12-05T14:58:22","guid":{"rendered":"https:\/\/www.tele-radio.com\/?page_id=198187"},"modified":"2024-08-28T07:16:32","modified_gmt":"2024-08-28T07:16:32","slug":"datenschutzrichtlinie","status":"publish","type":"page","link":"https:\/\/www.tele-radio.com\/de\/datenschutzrichtlinie\/","title":{"rendered":"Datenschutzrichtlinie"},"content":{"rendered":"\n<p><strong>EINLEITUNG<\/strong><\/p>\n\n\n\n<p>Tele Radio verpflichtet sich, die Privatsph\u00e4re und Vertraulichkeit der uns anvertrauten Informationen zu sch\u00fctzen. Das bedeutet, dass Tele Radio bestrebt ist, den Schutz und die korrekte Verwendung Ihrer personenbezogenen Daten (im Folgenden als &#8222;personenbezogene Daten&#8220; bezeichnet) zu gew\u00e4hrleisten.<\/p>\n\n\n\n<p>Diese Datenschutzerkl\u00e4rung gilt f\u00fcr die Webseiten von Tele Radio. Der Zweck dieser Datenschutzerkl\u00e4rung ist es, die Besucher der Websites und die Nutzer der von Tele Radio bereitgestellten Dienste und Informationen dar\u00fcber zu informieren, wie Tele Radio mit personenbezogenen Daten umgeht. Diese Datenschutzerkl\u00e4rung beschreibt, wie wir personenbezogene Daten sammeln, verwenden, weitergeben und sch\u00fctzen.<\/p>\n\n\n\n<p><strong><em>Welche Informationen sammeln wir?<\/em><\/strong><\/p>\n\n\n\n<p><br>Tele Radio bietet Ihnen die M\u00f6glichkeit, \u00fcber unsere Website, per Telefon oder E-Mail Produkte und Dienstleistungen zu bestellen, Anfragen zu stellen oder sich f\u00fcr den Erhalt verschiedener Arten von Materialien anzumelden. Dadurch erhalten wir Informationen wie Ihren Namen, wie wir Sie erreichen k\u00f6nnen und Informationen, die f\u00fcr die Rechnungsstellung und Lieferung erforderlich sind. Wir erhalten auch Informationen \u00fcber den Gesch\u00e4ftsvorfall. Neben den oben genannten Informationen bitten wir Sie auch, Informationen anzugeben, die Ihre beruflichen Interessen betreffen k\u00f6nnten, damit wir unsere Produkte und Dienstleistungen verbessern und unsere Kommunikation mit Ihnen anpassen k\u00f6nnen.<\/p>\n\n\n\n<p>Tele Radio verwendet die erhobenen Daten f\u00fcr verschiedene Zwecke:<\/p>\n\n\n\n<ul class=\"wp-block-list\">\n<li>Um unseren Service bereitzustellen und aufrechtzuerhalten<\/li>\n\n\n\n<li>Um Sie \u00fcber \u00c4nderungen an unserem Service zu informieren<\/li>\n\n\n\n<li>Um Ihnen die Teilnahme an interaktiven Funktionen unseres Dienstes zu erm\u00f6glichen, wenn Sie dies w\u00fcnschen<\/li>\n\n\n\n<li>Um Kundensupport zu bieten<\/li>\n\n\n\n<li>Um Analysen oder wertvolle Informationen zu sammeln, damit wir unseren Service verbessern k\u00f6nnen<\/li>\n\n\n\n<li>Um die Nutzung unseres Dienstes zu \u00fcberwachen<\/li>\n\n\n\n<li>Um technische Probleme zu erkennen, zu verhindern und zu beheben<\/li>\n\n\n\n<li>Um Ihnen Neuigkeiten, Sonderangebote und allgemeine Informationen \u00fcber andere Waren, Dienstleistungen und Veranstaltungen zukommen zu lassen, die wir anbieten und die denen \u00e4hneln, die Sie bereits gekauft oder angefragt haben, es sei denn, Sie haben sich daf\u00fcr entschieden, solche Informationen nicht zu erhalten.<\/li>\n<\/ul>\n\n\n\n<p><strong>UNSERE VERWENDUNG VON COOKIES<\/strong><strong><\/strong><\/p>\n\n\n\n<p><strong>GOOGLE ANALYTICS<\/strong><strong><\/strong><\/p>\n\n\n\n<p>Tele Radio verwendet Google Analytics, um zu analysieren, wie Benutzer die Website nutzen. Dieses Analysetool verwendet &#8222;Cookies&#8220;, d. h. Textdateien, die auf Ihrem Computer abgelegt werden, um Standard-Internetprotokollinformationen und Informationen \u00fcber das Besucherverhalten in anonymisierter Form zu sammeln.<\/p>\n\n\n\n<p>Die durch den Cookie erzeugten Informationen \u00fcber Ihre Benutzung der Website (einschlie\u00dflich Ihrer IP-Adresse) werden an Google \u00fcbertragen. Diese Informationen werden dann verwendet, um die Nutzung der Website durch die Besucher auszuwerten und statistische Berichte \u00fcber die Websiteaktivit\u00e4ten f\u00fcr Tele Radio zusammenzustellen.<\/p>\n\n\n\n<p>Tele Radio wird das statistische Analysetool nicht verwenden (und wird es auch keinem Dritten erlauben), personenbezogene Daten von Besuchern unserer Website zu verfolgen oder zu sammeln. Wir werden keine Daten, die auf dieser Website gesammelt werden, mit personenbezogenen Daten aus irgendeiner Quelle im Rahmen unserer Nutzung des statistischen Analysetools von Google in Verbindung bringen.<\/p>\n\n\n\n<p>Google wird Ihre IP-Adresse nicht mit anderen Daten von Google in Verbindung bringen. Weder Tele Radio noch Google werden eine IP-Adresse mit der Identit\u00e4t eines Computernutzers verkn\u00fcpfen oder dies versuchen.<\/p>\n\n\n\n<p>Durch die Nutzung dieser Website erkl\u00e4ren Sie sich mit der Bearbeitung der \u00fcber Sie erhobenen Daten durch Google in der zuvor beschriebenen Art und Weise und zu dem zuvor benannten Zweck einverstanden. Weitere Informationen finden Sie in <a href=\"https:\/\/support.google.com\/analytics\/answer\/6004245\" target=\"_blank\" rel=\"noreferrer noopener\">der Analytics-\u00dcbersicht von Google<\/a>.<\/p>\n\n\n\n<p><strong>GOOGLE-ANZEIGEN<\/strong><strong><\/strong><\/p>\n\n\n\n<p>Tele Radio verwendet Google Analytics-Cookies von Erstanbietern, um anonyme Informationen \u00fcber das Verhalten der Besucher auf der Website zu sammeln. Diese Informationen werden verwendet, um Remarketing-Zielgruppen auf der Grundlage spezifischer Verhaltens-, demografischer und Interessendaten zu erstellen. Diese Listen werden f\u00fcr Google Ads freigegeben.<\/p>\n\n\n\n<p>Diese Zielgruppen k\u00f6nnen dann durch Onlinewerbung \u00fcber Google Ads angesprochen werden, wenn Besucher auf Websites von Google oder seinen Partnern surfen.<\/p>\n\n\n\n<p>Tele Radio wird Google Analytics oder Google Ads nicht verwenden (und wird es auch keinem Dritten erlauben), personenbezogene Daten von Besuchern unserer Website zu verfolgen oder zu sammeln.<\/p>\n\n\n\n<p>Erfahren Sie, wie Sie <a href=\"https:\/\/support.google.com\/ads\/answer\/2662922?hl=en-GB\">personalisierte Online-Werbung deaktivieren<\/a> k\u00f6nnen.<\/p>\n\n\n\n<h4 class=\"wp-block-heading\">FACEBOOK<\/h4>\n\n\n\n<p>Tele Radio verwendet ein Facebook-Cookie, das eine Verbindung zwischen Ihrem Besuch auf dieser Website und Facebook herstellt. Dies hilft uns, Nutzern relevante Inhalte auf Facebook anzuzeigen und zu erfahren, wie Nutzer mit unseren Inhalten auf Facebook interagieren. Facebook wird Daten erheben, um dies zu erm\u00f6glichen. Informationen zum Umgang von Facebook mit den Daten seiner Nutzer finden Sie <a href=\"https:\/\/www.facebook.com\/about\/privacy\">hier<\/a>. Nachfolgend finden Sie Informationen dar\u00fcber, wie Sie dieses Cookie deaktivieren k\u00f6nnen.<\/p>\n\n\n\n<h4 class=\"wp-block-heading\">LEADINFO<\/h4>\n\n\n\n<p>\u00dcber seinen Online-Dienst verarbeitet Leadinfo datenschutzsensible oder personenbezogene Daten. Leadinfo sch\u00e4tzt die Privatsph\u00e4re seiner Kunden und achtet bei der Verarbeitung und dem Schutz personenbezogener Daten auf die gebotene Sorgfalt.<\/p>\n\n\n\n<p>Bei der Verarbeitung halten wir uns an die Anforderungen der geltenden Datenschutzgesetzgebung. Das bedeutet, dass wir:<\/p>\n\n\n\n<ul class=\"wp-block-list\">\n<li><strong>unsere Zwecke klar zu spezifizieren, <\/strong>&nbsp;bevor wir personenbezogene Daten verarbeiten, indem wir diese Datenschutzerkl\u00e4rung verwenden;<\/li>\n\n\n\n<li><strong>Beschr\u00e4nken Sie unsere Erhebung personenbezogener Daten <\/strong>&nbsp;auf die personenbezogenen Daten, die f\u00fcr legitime Zwecke erforderlich sind<\/li>\n\n\n\n<li>Bitten Sie zun\u00e4chst <strong>um die ausdr\u00fcckliche Zustimmung <\/strong>&nbsp;zur Verarbeitung Ihrer personenbezogenen Daten in F\u00e4llen, in denen Ihre Zustimmung erforderlich ist;<\/li>\n\n\n\n<li>&nbsp;<strong>angemessene Sicherheitsma\u00dfnahmen<\/strong> ergreifen, um Ihre personenbezogenen Daten zu sch\u00fctzen, und wir verlangen dasselbe von Parteien, die personenbezogene Daten in unserem Auftrag verarbeiten;<\/li>\n\n\n\n<li><strong>Respektieren<\/strong> Sie Ihr Recht auf Einsichtnahme, Berichtigung oder L\u00f6schung Ihrer bei uns gespeicherten personenbezogenen Daten.<\/li>\n<\/ul>\n\n\n\n<p>Durch die Nutzung unseres Dienstes stellen Sie uns bestimmte Daten zur Verf\u00fcgung. Dabei kann es sich um personenbezogene Daten handeln. Wir speichern und verwenden nur die personenbezogenen Daten, die Sie uns direkt zur Verf\u00fcgung stellen oder bei denen klar ist, dass sie uns zur Verarbeitung zur Verf\u00fcgung gestellt wurden.<\/p>\n\n\n\n<p>Wir verwenden die folgenden Daten f\u00fcr die in dieser Datenschutzerkl\u00e4rung genannten Zwecke:<\/p>\n\n\n\n<ul class=\"wp-block-list\">\n<li>Name und Anschrift<\/li>\n\n\n\n<li>Telefonnummer<\/li>\n\n\n\n<li>Rechnungsadresse<\/li>\n\n\n\n<li>E-Mail-Adresse<\/li>\n\n\n\n<li>Zahlungsdetails<\/li>\n\n\n\n<li>IP-Adresse<\/li>\n<\/ul>\n\n\n\n<p><strong>VERTRAULICHKEIT UND SICHERHEIT<\/strong><\/p>\n\n\n\n<ul class=\"wp-block-list\">\n<li>Um Ihre Sicherheit und Privatsph\u00e4re zu sch\u00fctzen, werden Ihre Daten durch ein Passwort gesch\u00fctzt.<br><br><\/li>\n\n\n\n<li>Wir beschr\u00e4nken den Zugriff auf personenbezogene Daten \u00fcber Sie auf Mitarbeiter, von denen wir glauben, dass sie vern\u00fcnftigerweise mit diesen Informationen in Kontakt kommen m\u00fcssen, um Ihnen Produkte oder Dienstleistungen zur Verf\u00fcgung zu stellen oder um ihre Arbeit zu erledigen.<br><br><\/li>\n\n\n\n<li>Wir werden angemessene und geeignete Ma\u00dfnahmen ergreifen, wie z. B. physische, elektronische und verfahrenstechnische Sicherheitsvorkehrungen, die den geltenden Gesetzen zum Schutz der Privatsph\u00e4re und der Sicherheit personenbezogener Daten entsprechen, um personenbezogene Daten \u00fcber Sie zu sch\u00fctzen.<br><br><\/li>\n\n\n\n<li>Obwohl wir angemessene Schritte unternehmen, um verschiedene Sicherheitsvorkehrungen zu ergreifen und zu verbessern, erkennen Sie an und stimmen zu, dass kein System oder keine Technologie vollst\u00e4ndig sicher und gesch\u00fctzt ist. Wenn Sie auf eine Schwachstelle unserer Website aufmerksam werden, kontaktieren Sie uns bitte, um diese Schwachstelle zu melden.<\/li>\n<\/ul>\n\n\n\n<p><strong>KONTROLLE UND ZUGRIFF AUF IHRE DATEN<\/strong><\/p>\n\n\n\n<p>Sie k\u00f6nnen sich jederzeit an uns wenden, wenn Sie Anfragen und Anfragen zu Ihren personenbezogenen Daten im Rahmen Ihrer von Tele Radio erfassten personenbezogenen Daten haben, wie z. B. Anfragen f\u00fcr Zugang, Berichtigung, Download, L\u00f6schung, einige oder alle Ihrer personenbezogenen Daten.<\/p>\n\n\n\n<p>Wenn wir einige personenbezogene Daten nicht entfernen k\u00f6nnen, werden wir Sie dar\u00fcber informieren, warum. Wenn Sie Marketing-E-Mails abonniert haben, k\u00f6nnen Sie die Zustellung stoppen, indem Sie die Anweisungen zum Abbestellen befolgen, die in der erhaltenen E-Mail enthalten sind.<br><br>Wenn Sie Fragen oder Anmerkungen haben oder eine Anfrage zu Ihren personenbezogenen Daten oder zu unserer Erkl\u00e4rung und unseren Datenpraktiken stellen m\u00f6chten, kontaktieren Sie uns bitte auf folgende Weise:<\/p>\n\n\n\n<p><strong>Tele Radio Nord GmbH<\/strong><br>M\u00fchlenweg 143<br>22844 Norderstedt<br>Tel.: +49 40 325 9585 0<br>E-Mail: contact@teleradio-nord.de<\/p>\n\n\n\n<p><br><\/p>\n","protected":false},"excerpt":{"rendered":"<p>EINLEITUNG Tele Radio verpflichtet sich, die Privatsph\u00e4re und Vertraulichkeit der uns anvertrauten Informationen zu sch\u00fctzen. Das bedeutet, dass Tele Radio bestrebt ist, den Schutz und die korrekte Verwendung Ihrer personenbezogenen Daten (im Folgenden als &#8222;personenbezogene Daten&#8220; bezeichnet) zu gew\u00e4hrleisten. Diese Datenschutzerkl\u00e4rung gilt f\u00fcr die Webseiten von Tele Radio. Der Zweck dieser Datenschutzerkl\u00e4rung ist es, die [&hellip;]<\/p>\n","protected":false},"author":29,"featured_media":0,"parent":0,"menu_order":0,"comment_status":"closed","ping_status":"closed","template":"","meta":{"_acf_changed":false,"footnotes":""},"class_list":["post-198187","page","type-page","status-publish","hentry"],"acf":[],"_links":{"self":[{"href":"https:\/\/www.tele-radio.com\/de\/wp-json\/wp\/v2\/pages\/198187","targetHints":{"allow":["GET"]}}],"collection":[{"href":"https:\/\/www.tele-radio.com\/de\/wp-json\/wp\/v2\/pages"}],"about":[{"href":"https:\/\/www.tele-radio.com\/de\/wp-json\/wp\/v2\/types\/page"}],"author":[{"embeddable":true,"href":"https:\/\/www.tele-radio.com\/de\/wp-json\/wp\/v2\/users\/29"}],"replies":[{"embeddable":true,"href":"https:\/\/www.tele-radio.com\/de\/wp-json\/wp\/v2\/comments?post=198187"}],"version-history":[{"count":2,"href":"https:\/\/www.tele-radio.com\/de\/wp-json\/wp\/v2\/pages\/198187\/revisions"}],"predecessor-version":[{"id":227009,"href":"https:\/\/www.tele-radio.com\/de\/wp-json\/wp\/v2\/pages\/198187\/revisions\/227009"}],"wp:attachment":[{"href":"https:\/\/www.tele-radio.com\/de\/wp-json\/wp\/v2\/media?parent=198187"}],"curies":[{"name":"wp","href":"https:\/\/api.w.org\/{rel}","templated":true}]}}