{"id":242887,"date":"2024-12-19T13:17:45","date_gmt":"2024-12-19T13:17:45","guid":{"rendered":"https:\/\/www.tele-radio.com\/akerstroms\/"},"modified":"2025-03-17T10:01:44","modified_gmt":"2025-03-17T10:01:44","slug":"akerstroms","status":"publish","type":"page","link":"https:\/\/www.tele-radio.com\/da\/other-brands\/akerstroms\/","title":{"rendered":"\u00c5kerstr\u00f6ms"},"content":{"rendered":"\n<div style=\"height:71px\" aria-hidden=\"true\" class=\"wp-block-spacer\"><\/div>\n\n\n\n<h2 class=\"wp-block-heading has-x-large-font-size\"><strong>Tele Radio Denmark ApS \u2013 Autoriseret Distribut\u00f8r af \u00c5kerstr\u00f6ms Radiostyringsl\u00f8sninger<\/strong><\/h2>\n\n\n\n<div style=\"height:39px\" aria-hidden=\"true\" class=\"wp-block-spacer\"><\/div>\n\n\n\n<p class=\"has-medium-font-size\">Tele Radio Denmark Aps er autoriseret distribut\u00f8r af \u00c5kerstr\u00f6ms radiostyringsl\u00f8sninger. \u00c5kerstr\u00f6ms tilbyder robuste og p\u00e5lidelige systemer til industriel radiostyring \u2013 velegnet til brug inden for l\u00f8fte- og materialeh\u00e5ndtering, k\u00f8ret\u00f8jer og maskiner, industriporte, porte, liftbagsm\u00e6k, spil m.m.<\/p>\n\n\n\n<p class=\"has-medium-font-size\">Ud over salg af \u00c5kerstr\u00f6ms produkter tilbyder vi ogs\u00e5 service, reparationer og originale reservedele for at sikre optimal funktion og maksimal driftssikkerhed.<\/p>\n\n\n\n<p class=\"has-medium-font-size\">Se hele \u00c5kerstr\u00f6ms produktsortiment her:&nbsp;<\/p>\n\n\n\n<div class=\"wp-block-buttons is-layout-flex wp-block-buttons-is-layout-flex\">\n<div class=\"wp-block-button has-custom-width wp-block-button__width-25 has-custom-font-size has-medium-font-size\"><a class=\"wp-block-button__link has-black-color has-text-color has-background has-link-color wp-element-button\" href=\"https:\/\/akerstroms.se\/en\/product-overview\/\" style=\"border-radius:0px;background-color:#ef7f00\"><strong>Klik her<\/strong><\/a><\/div>\n<\/div>\n\n\n\n<div style=\"height:70px\" aria-hidden=\"true\" class=\"wp-block-spacer\"><\/div>\n\n\n\n<h2 class=\"wp-block-heading\">For mere information eller support, kontakt os:<\/h2>\n\n\n\n<div style=\"height:30px\" aria-hidden=\"true\" class=\"wp-block-spacer\"><\/div>\n\n\n\n<p>\ud83d\udcde&nbsp;<a href=\"tel:+4578799222\">+45 7879 9222<\/a><\/p>\n\n\n\n<p>\ud83d\udce7&nbsp;<a href=\"mailto:h.johansen@akerstroms.com\">h.johansen@akerstroms.com<\/a><\/p>\n\n\n\n<div style=\"height:60px\" aria-hidden=\"true\" class=\"wp-block-spacer\"><\/div>\n\n\n\n<div class=\"wp-block-media-text is-stacked-on-mobile has-black-background-color has-background\"><figure class=\"wp-block-media-text__media\"><img loading=\"lazy\" decoding=\"async\" width=\"1200\" height=\"1128\" src=\"https:\/\/www.tele-radio.com\/app\/uploads\/\/web-om-akerstroms-1536x1444-1-1200x1128.jpeg\" alt=\"\" class=\"wp-image-238410 size-full\" srcset=\"https:\/\/www.tele-radio.com\/app\/uploads\/web-om-akerstroms-1536x1444-1-1200x1128.jpeg 1200w, https:\/\/www.tele-radio.com\/app\/uploads\/web-om-akerstroms-1536x1444-1-400x376.jpeg 400w, https:\/\/www.tele-radio.com\/app\/uploads\/web-om-akerstroms-1536x1444-1-768x722.jpeg 768w, https:\/\/www.tele-radio.com\/app\/uploads\/web-om-akerstroms-1536x1444-1-750x705.jpeg 750w, https:\/\/www.tele-radio.com\/app\/uploads\/web-om-akerstroms-1536x1444-1-500x470.jpeg 500w, https:\/\/www.tele-radio.com\/app\/uploads\/web-om-akerstroms-1536x1444-1-800x752.jpeg 800w, https:\/\/www.tele-radio.com\/app\/uploads\/web-om-akerstroms-1536x1444-1.jpeg 1536w\" sizes=\"auto, (max-width: 1200px) 100vw, 1200px\" \/><\/figure><div class=\"wp-block-media-text__content\">\n<h2 class=\"wp-block-heading aker-head-bold-36-orange has-text-color has-link-color wp-elements-4668ccc3217eedbd55d84575dbcef4be\" style=\"color:#ef7f00\">\u00c5kerstr\u00f6ms&#8217; offer<\/h2>\n\n\n\n<p class=\"aker-para-bold-18-white has-white-color has-text-color has-link-color wp-elements-098f96b5c22473b7f78a4466a12f1483\">We offer our customers safe and sustainable solutions for remote control and digitization of their industrial operations and applications. Solutions that provide control and safety, both now and in the future.<\/p>\n\n\n\n<p class=\"aker-para-bold-18-white has-white-color has-text-color has-link-color wp-elements-6488cdb392eff22e536a49c57f7f421f\">We do this by delivering safe remote control systems for heavy and light lifting, controls for doors, gates and barriers, sludge tankers, roadside assistance vehicles, superstructures and other machinery. We offer complete systems either in combination or for single applications. And of course they are designed for connection to Industry 4.0.<\/p>\n\n\n\n<p><\/p>\n<\/div><\/div>\n\n\n\n<div style=\"height:25px\" aria-hidden=\"true\" class=\"wp-block-spacer\"><\/div>\n","protected":false},"excerpt":{"rendered":"<p>Tele Radio Denmark ApS \u2013 Autoriseret Distribut\u00f8r af \u00c5kerstr\u00f6ms Radiostyringsl\u00f8sninger Tele Radio Denmark Aps er autoriseret distribut\u00f8r af \u00c5kerstr\u00f6ms radiostyringsl\u00f8sninger. \u00c5kerstr\u00f6ms tilbyder robuste og p\u00e5lidelige systemer til industriel radiostyring \u2013 velegnet til brug inden for l\u00f8fte- og materialeh\u00e5ndtering, k\u00f8ret\u00f8jer og maskiner, industriporte, porte, liftbagsm\u00e6k, spil m.m. Ud over salg af \u00c5kerstr\u00f6ms produkter tilbyder vi ogs\u00e5 [&hellip;]<\/p>\n","protected":false},"author":78,"featured_media":237214,"parent":242951,"menu_order":0,"comment_status":"closed","ping_status":"closed","template":"","meta":{"_acf_changed":false,"footnotes":""},"class_list":["post-242887","page","type-page","status-publish","has-post-thumbnail","hentry"],"acf":[],"_links":{"self":[{"href":"https:\/\/www.tele-radio.com\/da\/wp-json\/wp\/v2\/pages\/242887","targetHints":{"allow":["GET"]}}],"collection":[{"href":"https:\/\/www.tele-radio.com\/da\/wp-json\/wp\/v2\/pages"}],"about":[{"href":"https:\/\/www.tele-radio.com\/da\/wp-json\/wp\/v2\/types\/page"}],"author":[{"embeddable":true,"href":"https:\/\/www.tele-radio.com\/da\/wp-json\/wp\/v2\/users\/78"}],"replies":[{"embeddable":true,"href":"https:\/\/www.tele-radio.com\/da\/wp-json\/wp\/v2\/comments?post=242887"}],"version-history":[{"count":8,"href":"https:\/\/www.tele-radio.com\/da\/wp-json\/wp\/v2\/pages\/242887\/revisions"}],"predecessor-version":[{"id":248321,"href":"https:\/\/www.tele-radio.com\/da\/wp-json\/wp\/v2\/pages\/242887\/revisions\/248321"}],"up":[{"embeddable":true,"href":"https:\/\/www.tele-radio.com\/da\/wp-json\/wp\/v2\/pages\/242951"}],"wp:featuredmedia":[{"embeddable":true,"href":"https:\/\/www.tele-radio.com\/da\/wp-json\/wp\/v2\/media\/237214"}],"wp:attachment":[{"href":"https:\/\/www.tele-radio.com\/da\/wp-json\/wp\/v2\/media?parent=242887"}],"curies":[{"name":"wp","href":"https:\/\/api.w.org\/{rel}","templated":true}]}}