{"id":197087,"date":"2018-05-04T14:35:06","date_gmt":"2018-05-04T14:35:06","guid":{"rendered":"https:\/\/www.tele-radio.com\/start\/"},"modified":"2024-11-06T14:14:03","modified_gmt":"2024-11-06T14:14:03","slug":"start","status":"publish","type":"page","link":"https:\/\/www.tele-radio.com\/da\/","title":{"rendered":"Start"},"content":{"rendered":"\n<h1 class=\"wp-block-heading\">Sikker industriel fjernbetjening<\/h1>\n\n\n\n<p>Tele Radio er eksperter i sikker tr\u00e5dl\u00f8s og radiobaseret fjernstyring. Vores prim\u00e6re forretningsomr\u00e5der er inden for industri-, lift-, mobil-, d\u00f8r-, port- og afsp\u00e6rringsapplikationer. Vi tilbyder ogs\u00e5 fjernbetjeninger til hydrauliske maskiner.<\/p>\n\n\n\n<figure class=\"wp-block-image size-large nomarginpic\"><img loading=\"lazy\" decoding=\"async\" width=\"1200\" height=\"239\" src=\"https:\/\/www.tele-radio.com\/app\/uploads\/Controles-remotos-industriales-teleradio.jpg\" alt=\"\" class=\"wp-image-61016\" srcset=\"https:\/\/www.tele-radio.com\/app\/uploads\/Controles-remotos-industriales-teleradio.jpg 1200w, https:\/\/www.tele-radio.com\/app\/uploads\/Controles-remotos-industriales-teleradio-400x80.jpg 400w, https:\/\/www.tele-radio.com\/app\/uploads\/Controles-remotos-industriales-teleradio-768x153.jpg 768w, https:\/\/www.tele-radio.com\/app\/uploads\/Controles-remotos-industriales-teleradio-750x149.jpg 750w, https:\/\/www.tele-radio.com\/app\/uploads\/Controles-remotos-industriales-teleradio-500x100.jpg 500w, https:\/\/www.tele-radio.com\/app\/uploads\/Controles-remotos-industriales-teleradio-800x159.jpg 800w\" sizes=\"auto, (max-width: 1200px) 100vw, 1200px\" \/><\/figure>\n\n\n\n<div style=\"height:31px\" aria-hidden=\"true\" class=\"wp-block-spacer\"><\/div>\n\n\n\n<h2 class=\"wp-block-heading\">Vi laver vores egen forskning og udvikling<\/h2>\n\n\n\n<p>Med mere end 60 \u00e5rs erfaring har vi solid viden og erfaring med radiostyringssystemer. Vores mission er at levere end-to-end produktl\u00f8sninger, teknologier og tjenester inden for tr\u00e5dl\u00f8s styring af udstyr og maskinkommunikation, hvor p\u00e5lidelighed og sikkerhed er de afg\u00f8rende faktorer. Vi n\u00e5r disse m\u00e5l ved at lade alle vores medarbejdere v\u00e6re en del af processen og tage ansvar for deres respektive arbejdsomr\u00e5der. Vores st\u00f8rste m\u00e5l er at give dig l\u00f8sninger, der vil tilf\u00f8re v\u00e6rdi til din virksomhed, samtidig med at vi yder up\u00e5klagelig support, n\u00e5r du har brug for det.<\/p>\n\n\n\n<figure class=\"wp-block-image size-large nomarginpic\"><img loading=\"lazy\" decoding=\"async\" width=\"324\" height=\"154\" src=\"https:\/\/www.tele-radio.com\/app\/uploads\/teleradio-remotes-product-range.jpg\" alt=\"\" class=\"wp-image-34919\"\/><\/figure>\n\n\n\n<p><\/p>\n\n\n\n<h2 class=\"wp-block-heading\">Sikre radiofjernbetjeninger<\/h2>\n\n\n\n<p>Sikkerhed er en stor bekymring for os, som en svensk virksomhed er det en del af vores essens. Vi g\u00f8r en stor indsats for at g\u00f8re vores produkter s\u00e5 sikre som muligt. Vi bruger mange kr\u00e6fter p\u00e5 at sikre, at vores produkter lever op til de h\u00f8jest mulige sikkerhedsstandarder, og vi har certifikaterne til at bakke den p\u00e5stand op.<br>Som du sikkert allerede har g\u00e6ttet, er vores produkter ikke kun sikre, de er ogs\u00e5 robuste og kan t\u00e5le at f\u00e5 t\u00e6sk. Vi ved, at vores fjernbetjeninger bliver kastet rundt, tabt, k\u00f8rt over, bliver v\u00e5de &#8211; og det er helt fint, det havde vi i tankerne, da vi designede dem. De er beregnet til at blive brugt.<\/p>\n\n\n\n<h2 class=\"wp-block-heading\">Hvorfor fjernbetjening?<\/h2>\n\n\n\n<p>En tr\u00e5dl\u00f8s fjernbetjening er et sikkerheds- og bekvemmelighedsorienteret system til styring af et stykke maskineri. Den placerer operat\u00f8ren pr\u00e6cis, hvor hun har brug for at v\u00e6re, i stedet for de naturlige begr\u00e6nsninger ved et kontrolpanel eller en kablet kontrol. En tr\u00e5dl\u00f8s fjernbetjening er heller ikke i vejen for operat\u00f8ren, som et kabelbundet system ville v\u00e6re. Kablet er b\u00e5de en hindring for arbejdet og en sikkerhedsrisiko, en snublefare og ogs\u00e5 modtagelig for skader.<\/p>\n","protected":false},"excerpt":{"rendered":"<p>Sikker industriel fjernbetjening Tele Radio er eksperter i sikker tr\u00e5dl\u00f8s og radiobaseret fjernstyring. Vores prim\u00e6re forretningsomr\u00e5der er inden for industri-, lift-, mobil-, d\u00f8r-, port- og afsp\u00e6rringsapplikationer. Vi tilbyder ogs\u00e5 fjernbetjeninger til hydrauliske maskiner. Vi laver vores egen forskning og udvikling Med mere end 60 \u00e5rs erfaring har vi solid viden og erfaring med radiostyringssystemer. Vores [&hellip;]<\/p>\n","protected":false},"author":29,"featured_media":0,"parent":0,"menu_order":0,"comment_status":"closed","ping_status":"closed","template":"","meta":{"_acf_changed":false,"footnotes":""},"class_list":["post-197087","page","type-page","status-publish","hentry"],"acf":[],"_links":{"self":[{"href":"https:\/\/www.tele-radio.com\/da\/wp-json\/wp\/v2\/pages\/197087","targetHints":{"allow":["GET"]}}],"collection":[{"href":"https:\/\/www.tele-radio.com\/da\/wp-json\/wp\/v2\/pages"}],"about":[{"href":"https:\/\/www.tele-radio.com\/da\/wp-json\/wp\/v2\/types\/page"}],"author":[{"embeddable":true,"href":"https:\/\/www.tele-radio.com\/da\/wp-json\/wp\/v2\/users\/29"}],"replies":[{"embeddable":true,"href":"https:\/\/www.tele-radio.com\/da\/wp-json\/wp\/v2\/comments?post=197087"}],"version-history":[{"count":18,"href":"https:\/\/www.tele-radio.com\/da\/wp-json\/wp\/v2\/pages\/197087\/revisions"}],"predecessor-version":[{"id":231848,"href":"https:\/\/www.tele-radio.com\/da\/wp-json\/wp\/v2\/pages\/197087\/revisions\/231848"}],"wp:attachment":[{"href":"https:\/\/www.tele-radio.com\/da\/wp-json\/wp\/v2\/media?parent=197087"}],"curies":[{"name":"wp","href":"https:\/\/api.w.org\/{rel}","templated":true}]}}