{"id":197073,"date":"2018-05-04T14:47:03","date_gmt":"2018-05-04T14:47:03","guid":{"rendered":"https:\/\/www.tele-radio.com\/about-us\/"},"modified":"2024-01-05T10:48:39","modified_gmt":"2024-01-05T10:48:39","slug":"om-os","status":"publish","type":"page","link":"https:\/\/www.tele-radio.com\/da\/om-os\/","title":{"rendered":"Om os"},"content":{"rendered":"<h1>Vi har udviklet radiostyringssystemer i mere end 60 \u00e5r<\/h1>\n<p>Tele Radio udvikler, producerer og markedsf\u00f8rer sikre radiostyringssystemer til industriel brug. Virksomheden blev grundlagt i 1955 i Sverige og har siden udviklet sig til en stor, international virksomhed; the Tele Radio Group. Hovedkontoret ligger i n\u00e6rheden af G\u00f6teborg i Sverige, og der er adskillige datterselskaber i Europa, USA, Australien og Asien. Ud over vores datterselskaber samarbejder vi ogs\u00e5 med vores distribut\u00f8rer og partnere over hele verden.<\/p>\n<h2>Vi laver vores egen forskning og udvikling<\/h2>\n<p>Vi udf\u00f8rer al vores forskning og udvikling selv. Med mere end 60 \u00e5rs erfaring i branchen, har vi en solid viden og erfaring inden for radiokontrolsystemer. Vores prim\u00e6re m\u00e5l er at levere end-to-end produktl\u00f8sninger, teknologier og services inden for tr\u00e5dl\u00f8s radiostyring og maskinkommunikation, hvor p\u00e5lidelighed og sikkerhed er afg\u00f8rende n\u00f8glefaktorer. Vi n\u00e5r disse m\u00e5l ved at involvere alle vores medarbejdere i processen og give dem ansvar for deres egne arbejdsomr\u00e5der. Vi tilstr\u00e6ber at levere dig l\u00f8sninger, der vil tilf\u00f8re v\u00e6rdi til din virksomhed, samtidig med at vi yder fremragende support, n\u00e5r du har brug for det.<\/p>\n<blockquote>\n<h3><em>\u201cVi bruger Tele Radio p\u00e5 grund af deres fremragende service- og supportorganisation, hvilket er meget vigtigt for os og vores virksomhed.\u201d<\/em><\/h3>\n<h3><em>-Rune Wab\u00f8, adm. direkt\u00f8r i Munck Cranes.<\/em><\/h3>\n<\/blockquote>\n<p>Vi har en bred vifte af produkter, der sp\u00e6nder fra sm\u00e5 sendere til store joystick-platforme. Hvis produktet ikke opfylder dit behov, tilpasser vi os dig, ikke omvendt, hvilket ellers er almindeligt. Vi \u00f8nsker at levere noget, som forbedrer den m\u00e5de, som din virksomhed arbejder p\u00e5. Vi tror ogs\u00e5 p\u00e5 langvarige relationer med vores kunder, hvilket g\u00e5r forud for salget. Vi \u00f8nsker, at vores produkter skal g\u00f8re din arbejdsdag lettere.<\/p>\n<h2>Sikker radiostyring<\/h2>\n<p>Som en svensk virksomhed har vi et st\u00e6rkt fokus p\u00e5 sikkerhed. Vi g\u00f8r en stor indsats for at g\u00f8re vores produkter s\u00e5 sikre som muligt. Vi bruger betydelige kr\u00e6fter p\u00e5 at sikre, at vores produkter lever op til de h\u00f8jst mulige sikkerhedsstandarder, og vi har de n\u00f8dvendige certifikater til at underst\u00f8tte det.<\/p>\n<p>Som du sikkert har forst\u00e5et, er vores produkter ikke kun sikre, men de kan ogs\u00e5 modst\u00e5 h\u00e5rdh\u00e6ndet h\u00e5ndtering. Vi ved, at vores fjernbetjeninger bliver kastet rundt, tabt p\u00e5 gulvet, k\u00f8rt over og bliver v\u00e5de &#8211; og det var netop, hvad vi t\u00e6nkte p\u00e5, da vi designede dem.<br \/>\nDe er beregnet til at blive brugt.<\/p>\n<blockquote>\n<h3>\u201cTele Radio-fjernbetjeninger kan h\u00e5ndtere masser af mekanisk misbrug uden at g\u00e5 i stykker, og batterilevetiden er imponerende.\u201d<\/h3>\n<h3>-Tomasz Fraczek, maintenance manager, Thames Reinforcements Ltd.<\/h3>\n<\/blockquote>\n<h4>Vi bekymrer os<\/h4>\n<p>For os er det vigtigt at passe p\u00e5 milj\u00f8et. Vi opererer over hele verden, og vi bruger planetens ressourcer til at konstruere vores produkter. Vi bekymrer os om det globale klima og planeten, og vi tager udfordringerne alvorligt. Derfor er Tele Radio ISO 14001-certificeret. ISO 14001 kr\u00e6ver, at vi p\u00e5tager os ansvaret for at undg\u00e5 forurening, og at vores virksomhedsledelse p\u00e5tager sig fuldt ansvar for at forbedre sig \u00e5r efter \u00e5r.<\/p>\n<p>Det er vigtigt for os at reducere vores CO2-aftryk gennem mere effektiv transport. Vi begr\u00e6nser brugen af skadelige kemikalier og grundstoffer i vores produkter for at beskytte b\u00e5de vores kunder og milj\u00f8et.<\/p>\n<p>Vi er bevidste om det bidrag, vi skal yde til en fremtidssikret verden. For hvert skridt vi tager i den m\u00e5de, vi driver virksomheden p\u00e5, fokuserer vi mere og mere p\u00e5 klimaet og p\u00e5 menneskene. For os betyder sund virksomhedsdrift, at vi tager et socialt ansvar, at vi fremstiller sikre og b\u00e6redygtige produkter, samt at vi reducerer vores milj\u00f8p\u00e5virkning. Vi \u00f8nsker at reducere vores \u00f8kologiske footprint.<\/p>\n","protected":false},"excerpt":{"rendered":"<p>Vi har udviklet radiostyringssystemer i mere end 60 \u00e5r Tele Radio udvikler, producerer og markedsf\u00f8rer sikre radiostyringssystemer til industriel brug. Virksomheden blev grundlagt i 1955 i Sverige og har siden udviklet sig til en stor, international virksomhed; the Tele Radio Group. Hovedkontoret ligger i n\u00e6rheden af G\u00f6teborg i Sverige, og der er adskillige datterselskaber i [&hellip;]<\/p>\n","protected":false},"author":1,"featured_media":197077,"parent":0,"menu_order":0,"comment_status":"closed","ping_status":"closed","template":"","meta":{"_acf_changed":false,"footnotes":""},"class_list":["post-197073","page","type-page","status-publish","has-post-thumbnail","hentry"],"acf":[],"_links":{"self":[{"href":"https:\/\/www.tele-radio.com\/da\/wp-json\/wp\/v2\/pages\/197073","targetHints":{"allow":["GET"]}}],"collection":[{"href":"https:\/\/www.tele-radio.com\/da\/wp-json\/wp\/v2\/pages"}],"about":[{"href":"https:\/\/www.tele-radio.com\/da\/wp-json\/wp\/v2\/types\/page"}],"author":[{"embeddable":true,"href":"https:\/\/www.tele-radio.com\/da\/wp-json\/wp\/v2\/users\/1"}],"replies":[{"embeddable":true,"href":"https:\/\/www.tele-radio.com\/da\/wp-json\/wp\/v2\/comments?post=197073"}],"version-history":[{"count":8,"href":"https:\/\/www.tele-radio.com\/da\/wp-json\/wp\/v2\/pages\/197073\/revisions"}],"predecessor-version":[{"id":200837,"href":"https:\/\/www.tele-radio.com\/da\/wp-json\/wp\/v2\/pages\/197073\/revisions\/200837"}],"wp:featuredmedia":[{"embeddable":true,"href":"https:\/\/www.tele-radio.com\/da\/wp-json\/wp\/v2\/media\/197077"}],"wp:attachment":[{"href":"https:\/\/www.tele-radio.com\/da\/wp-json\/wp\/v2\/media?parent=197073"}],"curies":[{"name":"wp","href":"https:\/\/api.w.org\/{rel}","templated":true}]}}