{"id":197069,"date":"2018-05-04T14:47:12","date_gmt":"2018-05-04T14:47:12","guid":{"rendered":"https:\/\/www.tele-radio.com\/support\/"},"modified":"2024-01-04T14:08:03","modified_gmt":"2024-01-04T14:08:03","slug":"support","status":"publish","type":"page","link":"https:\/\/www.tele-radio.com\/da\/support\/","title":{"rendered":"St\u00f8tte"},"content":{"rendered":"\n<p>Vores kundeservice og support st\u00e5r altid klar til at hj\u00e6lpe dig! Hvis du har sp\u00f8rgsm\u00e5l om bestillinger, leverancer eller lagerstatus, bedes du kontakte dit lokale Tele Radio-datterselskab. Alle kontaktoplysninger kan findes&nbsp;<a href=\"https:\/\/www.tele-radio.com\/da\/contact-us\/\">her<\/a>.<\/p>\n\n\n\n<p>Du kan ogs\u00e5 tjekke vores&nbsp;<a href=\"https:\/\/www.youtube.com\/channel\/UC-qsxgQWLHU0c_o2XFBD28Q\">YouTube-kanal<\/a>&nbsp;for at finde instruktionsvideoer og tutorials om, hvordan man s\u00e6tter vores systemer op.<\/p>\n\n\n\n<p><\/p>\n\n\n\n<div class=\"wp-block-columns is-layout-flex wp-container-core-columns-is-layout-9d6595d7 wp-block-columns-is-layout-flex\">\n<div class=\"wp-block-column is-layout-flow wp-block-column-is-layout-flow\">\n<div class=\"wp-block-cover is-light\"><span aria-hidden=\"true\" class=\"wp-block-cover__background has-background-dim-100 has-background-dim\" style=\"background-color:#f7f7f7\"><\/span><div class=\"wp-block-cover__inner-container is-layout-flow wp-block-cover-is-layout-flow\"><div class=\"wp-block-image\">\n<figure class=\"aligncenter size-large is-resized\"><img loading=\"lazy\" decoding=\"async\" src=\"https:\/\/www.tele-radio.com\/app\/uploads\/certification.png\" alt=\"\" class=\"wp-image-46654\" width=\"64\" height=\"64\"\/><\/figure><\/div>\n\n\n<h2 class=\"wp-block-heading has-text-align-center has-very-dark-gray-color has-text-color\">Downloads<\/h2>\n\n\n\n<p class=\"has-text-align-center has-very-dark-gray-color has-text-color\">Find og download installationsvejledninger, tekniske dokumenter, certifikater og andet.<\/p>\n\n\n\n<div class=\"wp-block-buttons is-content-justification-center is-layout-flex wp-container-core-buttons-is-layout-16018d1d wp-block-buttons-is-layout-flex\">\n<div class=\"wp-block-button\"><a class=\"wp-block-button__link has-black-color has-text-color has-background wp-element-button\" href=\"https:\/\/www.tele-radio.com\/da\/support\/downloads\/\" style=\"border-radius:7px;background-color:#feb914\">Downloadside<\/a><\/div>\n<\/div>\n\n\n\n<div style=\"height:30px\" aria-hidden=\"true\" class=\"wp-block-spacer\"><\/div>\n<\/div><\/div>\n<\/div>\n\n\n\n<div class=\"wp-block-column is-layout-flow wp-block-column-is-layout-flow\">\n<div class=\"wp-block-cover is-light\"><span aria-hidden=\"true\" class=\"wp-block-cover__background has-background-dim-100 has-background-dim\" style=\"background-color:#f7f7f7\"><\/span><div class=\"wp-block-cover__inner-container is-layout-flow wp-block-cover-is-layout-flow\"><div class=\"wp-block-image\">\n<figure class=\"aligncenter size-large is-resized\"><img loading=\"lazy\" decoding=\"async\" src=\"https:\/\/www.tele-radio.com\/app\/uploads\/box.png\" alt=\"\" class=\"wp-image-50841\" width=\"64\" height=\"64\"\/><\/figure><\/div>\n\n\n<h2 class=\"wp-block-heading has-text-align-center has-very-dark-gray-color has-text-color\">Udg\u00e5ede produkter<\/h2>\n\n\n\n<p class=\"has-text-align-center has-very-dark-gray-color has-text-color\">Information om vores udg\u00e5ede produkter og deres erstatninger.<\/p>\n\n\n\n<div class=\"wp-block-buttons is-content-justification-center is-layout-flex wp-container-core-buttons-is-layout-16018d1d wp-block-buttons-is-layout-flex\">\n<div class=\"wp-block-button\"><a class=\"wp-block-button__link has-black-color has-text-color has-background wp-element-button\" href=\"https:\/\/www.tele-radio.com\/da\/retired-products\/\" style=\"border-radius:7px;background-color:#feb914\">Udg\u00e5ede produkter<\/a><\/div>\n<\/div>\n\n\n\n<div style=\"height:30px\" aria-hidden=\"true\" class=\"wp-block-spacer\"><\/div>\n<\/div><\/div>\n<\/div>\n<\/div>\n\n\n\n<div style=\"height:70px\" aria-hidden=\"true\" class=\"wp-block-spacer\"><\/div>\n","protected":false},"excerpt":{"rendered":"<p>Vores kundeservice og support st\u00e5r altid klar til at hj\u00e6lpe dig! Hvis du har sp\u00f8rgsm\u00e5l om bestillinger, leverancer eller lagerstatus, bedes du kontakte dit lokale Tele Radio-datterselskab. Alle kontaktoplysninger kan findes&nbsp;her. Du kan ogs\u00e5 tjekke vores&nbsp;YouTube-kanal&nbsp;for at finde instruktionsvideoer og tutorials om, hvordan man s\u00e6tter vores systemer op.<\/p>\n","protected":false},"author":1,"featured_media":0,"parent":0,"menu_order":0,"comment_status":"closed","ping_status":"closed","template":"","meta":{"_acf_changed":false,"footnotes":""},"class_list":["post-197069","page","type-page","status-publish","hentry"],"acf":[],"_links":{"self":[{"href":"https:\/\/www.tele-radio.com\/da\/wp-json\/wp\/v2\/pages\/197069","targetHints":{"allow":["GET"]}}],"collection":[{"href":"https:\/\/www.tele-radio.com\/da\/wp-json\/wp\/v2\/pages"}],"about":[{"href":"https:\/\/www.tele-radio.com\/da\/wp-json\/wp\/v2\/types\/page"}],"author":[{"embeddable":true,"href":"https:\/\/www.tele-radio.com\/da\/wp-json\/wp\/v2\/users\/1"}],"replies":[{"embeddable":true,"href":"https:\/\/www.tele-radio.com\/da\/wp-json\/wp\/v2\/comments?post=197069"}],"version-history":[{"count":10,"href":"https:\/\/www.tele-radio.com\/da\/wp-json\/wp\/v2\/pages\/197069\/revisions"}],"predecessor-version":[{"id":200864,"href":"https:\/\/www.tele-radio.com\/da\/wp-json\/wp\/v2\/pages\/197069\/revisions\/200864"}],"wp:attachment":[{"href":"https:\/\/www.tele-radio.com\/da\/wp-json\/wp\/v2\/media?parent=197069"}],"curies":[{"name":"wp","href":"https:\/\/api.w.org\/{rel}","templated":true}]}}