{"id":197052,"date":"2018-05-10T13:36:29","date_gmt":"2018-05-10T13:36:29","guid":{"rendered":"https:\/\/www.tele-radio.com\/why-remote-control\/"},"modified":"2024-01-05T12:18:03","modified_gmt":"2024-01-05T12:18:03","slug":"sikker-radiostyring","status":"publish","type":"page","link":"https:\/\/www.tele-radio.com\/da\/sikker-radiostyring\/","title":{"rendered":"Sikker radiostyring"},"content":{"rendered":"<h1>Hvorfor radiostyring?<\/h1>\n<h2>Praktisk men ogs\u00e5 sikkert<\/h2>\n<p>Radiostyring er et sikkert og praktisk system til at styre maskineri. En af de mest \u00e5benlyse fordele er, at du ikke beh\u00f8ver at g\u00e5 frem og tilbage til maskinen for at betjene den. Med andre ord kan brugerne arbejde n\u00f8jagtig, hvor de har brug for det i stedet for at v\u00e6re begr\u00e6nsede af f.eks. et kontrolpanel. Den tr\u00e5dl\u00f8se radiostyring er heller ikke i vejen for operat\u00f8ren, som et kablet system ville v\u00e6re det. Kablet er b\u00e5de h\u00e6mmende for arbejdet og en sikkerhedsfare. For eksempel giver det \u00f8get snublefare og er ofte udsat for skade of korrosion. Det kan v\u00e6re b\u00e5de dyrt og tidskr\u00e6vende at f\u00e5 en kablet radiokontrol repareret midt p\u00e5 arbejdsdagen, for ikke at n\u00e6vne hvis det skulle ske uden for vanlig kontortid. Der skal ogs\u00e5 tages hensyn til omkostningen ved et produktionsstop, som i mange tilf\u00e6lde kan v\u00e6re h\u00f8jere end reparationsomkostningerne.<\/p>\n<p><img loading=\"lazy\" decoding=\"async\" class=\"size-full wp-image-6288 aligncenter\" src=\"https:\/\/www.tele-radio.com\/app\/uploads\/eot_lifting.jpg\" alt=\"crane operator using Tele Radio remote\" width=\"1200\" height=\"515\" srcset=\"https:\/\/www.tele-radio.com\/app\/uploads\/eot_lifting.jpg 1200w, https:\/\/www.tele-radio.com\/app\/uploads\/eot_lifting-400x172.jpg 400w, https:\/\/www.tele-radio.com\/app\/uploads\/eot_lifting-768x330.jpg 768w, https:\/\/www.tele-radio.com\/app\/uploads\/eot_lifting-750x322.jpg 750w, https:\/\/www.tele-radio.com\/app\/uploads\/eot_lifting-500x215.jpg 500w, https:\/\/www.tele-radio.com\/app\/uploads\/eot_lifting-800x343.jpg 800w\" sizes=\"auto, (max-width: 1200px) 100vw, 1200px\" \/><\/p>\n<h2>Frihed ved radiostyring af maskiner<\/h2>\n<p>Radiostyring giver dig fuld bev\u00e6gelsesfrihed, n\u00e5r en kran, presse, flishugger eller h\u00f8jtrykspumpe skal betjenes. Samtidig har man altid visheden om, at stopknappen er inden for r\u00e6kkevidde. Derfor bidrager radiostyring ogs\u00e5 med at begr\u00e6nse risiciene p\u00e5 arbejdspladsen. Tele Radio giver dig mange sikkerhedsfunktioner lige der, hvor du beh\u00f8ver dem. Vi s\u00f8rger for, at vores systemer overholder de h\u00f8jeste industristandarder for at alt skal kunne fungere under de mest kr\u00e6vende forhold. Systemerne med de h\u00f8jeste sikkerhedskrav er certificeret i henhold til ISO 13849-1 CAT3 PLd-\/Ple SIL3-niveau for STOP-funktionen. For disse systemer er der i modtageren to stoprel\u00e6er, der overv\u00e5ges af to uafh\u00e6ngige sikkerhedsmikroprocessorer, der begge arbejder sammen og krydsoverv\u00e5ger hinanden. Derudover er disse stoprel\u00e6er normalt forbundet i serier for at sikre, at du bevarer kontrollen over din maskine. En enkelt fejl f\u00f8rer ikke til tab af sikkerhedsfunktionen, s\u00e5 hvis en af dem svigter, vil maskinen stoppe p\u00e5 sikker vis.<\/p>\n<p><img loading=\"lazy\" decoding=\"async\" class=\"size-full wp-image-6287 aligncenter\" src=\"https:\/\/www.tele-radio.com\/app\/uploads\/tow.jpg\" alt=\"Towing a car with radop remote control from Tele Radio\" width=\"1200\" height=\"612\" srcset=\"https:\/\/www.tele-radio.com\/app\/uploads\/tow.jpg 1200w, https:\/\/www.tele-radio.com\/app\/uploads\/tow-400x204.jpg 400w, https:\/\/www.tele-radio.com\/app\/uploads\/tow-768x392.jpg 768w, https:\/\/www.tele-radio.com\/app\/uploads\/tow-750x383.jpg 750w, https:\/\/www.tele-radio.com\/app\/uploads\/tow-500x255.jpg 500w, https:\/\/www.tele-radio.com\/app\/uploads\/tow-800x408.jpg 800w\" sizes=\"auto, (max-width: 1200px) 100vw, 1200px\" \/><\/p>\n<h2>Hvordan radiostyring faktisk er mere sikkert end kabelkontroller<\/h2>\n<p>Enhver maskine kan v\u00e6re usikker, hvis man bruger den forkert, men ved rigtig brug har radiostyring mange fordele i forhold til kabelkontroller. I till\u00e6g til fordelene n\u00e6vnt ovenfor har vores systemer ogs\u00e5 flere sikkerhedsfunktioner, s\u00e5som det justerbare arbejdsomr\u00e5de. Et specifikt arbejdsomr\u00e5de kan ops\u00e6ttes for senderen, hvori den vil virke. Dette g\u00f8r arbejdet mere sikkert, f\u00f8rst og fremmest ved at den ikke kan bruges umiddelbart n\u00e6r maskinen, hvor det er farligt, men heller ikke for langt v\u00e6k, hvor brugeren har et utilstr\u00e6kkeligt overblik. Med en kablet l\u00f8sning er det sv\u00e6rt at opn\u00e5 en s\u00e5dan funktionalitet, og m\u00e5ske er det endda umuligt.<br \/>\nFor at undg\u00e5 at en maskine styres af en uautoriseret sender eller at et signal afbrydes, benytter vores sendere ogs\u00e5 en unik n\u00f8gle, der sendes via dens egen software. Selve opstartsproceduren kan sikres med en PIN-kode og\/eller afstandsdetektion.<\/p>\n<p><img loading=\"lazy\" decoding=\"async\" class=\"alignnone size-medium wp-image-5984\" src=\"https:\/\/www.tele-radio.com\/app\/uploads\/\/Certified-400x400.jpg\" alt=\"\" width=\"400\" height=\"400\" data-wp-editing=\"1\" srcset=\"https:\/\/www.tele-radio.com\/app\/uploads\/Certified-400x400.jpg 400w, https:\/\/www.tele-radio.com\/app\/uploads\/Certified-150x150.jpg 150w, https:\/\/www.tele-radio.com\/app\/uploads\/Certified-768x768.jpg 768w, https:\/\/www.tele-radio.com\/app\/uploads\/Certified-250x250.jpg 250w, https:\/\/www.tele-radio.com\/app\/uploads\/Certified-750x750.jpg 750w, https:\/\/www.tele-radio.com\/app\/uploads\/Certified-500x500.jpg 500w, https:\/\/www.tele-radio.com\/app\/uploads\/Certified.jpg 800w\" sizes=\"auto, (max-width: 400px) 100vw, 400px\" \/><\/p>\n<h2>Uafh\u00e6ngig testning og certificering<\/h2>\n<p>I 95% af tilf\u00e6ldene udf\u00f8rer leverand\u00f8rerne af maskiner og komponenter selv inspektionerne for de obligatoriske sikkerhedsm\u00e6rkninger og erkl\u00e6ringer. Men det er fortsat uklart for slutbrugeren i hvilken grad producenten rent faktisk har udf\u00f8rt testene og analyserne i overensstemmelse med kravene.<br \/>\nTele Radio er klar over, at deres sendere og modtageres bruges p\u00e5 vigtige steder. For at garantere det h\u00f8jeste sikkerhedsniveau inspiceres produkterne uafh\u00e6ngigt af et anerkendt kontrolorgan. Certifikaterne kan altid vises, hvis du beder om dem. Som slutbruger skal du v\u00e6re 100% sikker p\u00e5, at Tele Radios produkter er sikre!<\/p>\n","protected":false},"excerpt":{"rendered":"<p>Hvorfor radiostyring? Praktisk men ogs\u00e5 sikkert Radiostyring er et sikkert og praktisk system til at styre maskineri. En af de mest \u00e5benlyse fordele er, at du ikke beh\u00f8ver at g\u00e5 frem og tilbage til maskinen for at betjene den. Med andre ord kan brugerne arbejde n\u00f8jagtig, hvor de har brug for det i stedet for [&hellip;]<\/p>\n","protected":false},"author":29,"featured_media":197056,"parent":0,"menu_order":0,"comment_status":"closed","ping_status":"closed","template":"","meta":{"_acf_changed":false,"footnotes":""},"class_list":["post-197052","page","type-page","status-publish","has-post-thumbnail","hentry"],"acf":[],"_links":{"self":[{"href":"https:\/\/www.tele-radio.com\/da\/wp-json\/wp\/v2\/pages\/197052","targetHints":{"allow":["GET"]}}],"collection":[{"href":"https:\/\/www.tele-radio.com\/da\/wp-json\/wp\/v2\/pages"}],"about":[{"href":"https:\/\/www.tele-radio.com\/da\/wp-json\/wp\/v2\/types\/page"}],"author":[{"embeddable":true,"href":"https:\/\/www.tele-radio.com\/da\/wp-json\/wp\/v2\/users\/29"}],"replies":[{"embeddable":true,"href":"https:\/\/www.tele-radio.com\/da\/wp-json\/wp\/v2\/comments?post=197052"}],"version-history":[{"count":2,"href":"https:\/\/www.tele-radio.com\/da\/wp-json\/wp\/v2\/pages\/197052\/revisions"}],"predecessor-version":[{"id":201031,"href":"https:\/\/www.tele-radio.com\/da\/wp-json\/wp\/v2\/pages\/197052\/revisions\/201031"}],"wp:featuredmedia":[{"embeddable":true,"href":"https:\/\/www.tele-radio.com\/da\/wp-json\/wp\/v2\/media\/197056"}],"wp:attachment":[{"href":"https:\/\/www.tele-radio.com\/da\/wp-json\/wp\/v2\/media?parent=197052"}],"curies":[{"name":"wp","href":"https:\/\/api.w.org\/{rel}","templated":true}]}}