{"id":197031,"date":"2018-05-10T13:36:49","date_gmt":"2018-05-10T13:36:49","guid":{"rendered":"https:\/\/www.tele-radio.com\/custom-products\/"},"modified":"2023-12-30T21:35:05","modified_gmt":"2023-12-30T21:35:05","slug":"custom-products","status":"publish","type":"page","link":"https:\/\/www.tele-radio.com\/da\/custom-products\/","title":{"rendered":"Radiostyring tilpasset din brug"},"content":{"rendered":"\n<h1 class=\"wp-block-heading\">Radiostyring tilpasset din brug<\/h1>\n\n\n\n<p>Hos Tele Radio tror vi p\u00e5, at det er n\u00f8dvendigt at tilpasse produktet til hver enkelt kundes behov. For at g\u00f8re dette har vi et teknisk team, som udelukkende laver tilpassede l\u00f8sninger. Det kan for eksempel v\u00e6re, at kunden har brug for en specialiseret softwarel\u00f8sning til at styre deres maskine p\u00e5 en unik m\u00e5de. Nogle gange har vores hardwarekontroll\u00f8sninger ogs\u00e5 brug for tilpasninger, og nogle gange er det begge dele. Vi kan ogs\u00e5 levere <a href=\"https:\/\/www.tele-radio.com\/da\/custom-foils\/\">tilpassede folier og frontplader<\/a> til vores kunder, som de selv kan designe med eget logo, symbol, tekst, osv. Uanset hvilke behov kunden m\u00e5tte have, g\u00f8r vi vores bedste for at finde en l\u00f8sning, der er b\u00e5de kosteffektiv og l\u00f8ser kundernes problemer.<\/p>\n\n\n<div class=\"wp-block-image is-style-default\">\n<figure class=\"aligncenter size-large\"><img loading=\"lazy\" decoding=\"async\" width=\"1200\" height=\"432\" src=\"https:\/\/www.tele-radio.com\/app\/uploads\/Banner_Custom_Line-1-1200x432.png\" alt=\"\" class=\"wp-image-108139\" srcset=\"https:\/\/www.tele-radio.com\/app\/uploads\/Banner_Custom_Line-1-1200x432.png 1200w, https:\/\/www.tele-radio.com\/app\/uploads\/Banner_Custom_Line-1-400x144.png 400w, https:\/\/www.tele-radio.com\/app\/uploads\/Banner_Custom_Line-1-768x276.png 768w, https:\/\/www.tele-radio.com\/app\/uploads\/Banner_Custom_Line-1-1536x553.png 1536w, https:\/\/www.tele-radio.com\/app\/uploads\/Banner_Custom_Line-1-2048x737.png 2048w, https:\/\/www.tele-radio.com\/app\/uploads\/Banner_Custom_Line-1-750x270.png 750w, https:\/\/www.tele-radio.com\/app\/uploads\/Banner_Custom_Line-1-500x180.png 500w, https:\/\/www.tele-radio.com\/app\/uploads\/Banner_Custom_Line-1-1600x576.png 1600w, https:\/\/www.tele-radio.com\/app\/uploads\/Banner_Custom_Line-1-800x288.png 800w\" sizes=\"auto, (max-width: 1200px) 100vw, 1200px\" \/><\/figure><\/div>\n\n\n<h2 class=\"wp-block-heading\">Software eller hardware?<\/h2>\n\n\n\n<p>Projektets kompleksitet kan variere. De enkleste og hurtigste projekter er ofte softwarerelaterede. Det tager blot nogle dage, fra kunden f\u00e5r id\u00e9en, til softwaren er f\u00e6rdig. 90% af alle tilpasningsprojekter handler blot om software\u00e6ndringer. Vi tilbyder ogs\u00e5 <a href=\"https:\/\/www.tele-radio.com\/da\/custom-line-solutions\/\">l\u00f8sninger til mere komplekse tilpasninger<\/a>. Disse projekter inkluderer ofte b\u00e5de software- og hardware\u00e6ndringer og giver kunden en meget unik l\u00f8sning. Projekterne h\u00e5ndteres p\u00e5 omtrent sasmme m\u00e5de, men med nogle ekstra inspektionsrunder for at v\u00e6re sikker p\u00e5, at alt virker lige s\u00e5 godt, som kunder forventer. Vi udf\u00f8rer flere hundrede tilpasningsprojekter hvert \u00e5r.<\/p>\n\n\n\n<h2 class=\"wp-block-heading\">Du er unik!<\/h2>\n\n\n\n<p>Vi ved, at vores kunders brugsomr\u00e5der for radiostyring ofte er unikke, og vi tror ikke p\u00e5, at der er et standardprodukt, der vil d\u00e6kke alles behov. Derfor kan vi godt lide at have ontakt med vores kunder og opbygge et godt samarbejde. Hos Tele Radio tror vi, at dette er b\u00e5de gensidigt og fordelagtigt. Det bringer os t\u00e6ttere p\u00e5 kunden og hj\u00e6lper os med at forst\u00e5 dem bedre, som igen g\u00f8r det muligt for os at udvikle bedre produkter. Det er en win-win-situation for alle.<\/p>\n\n\n<div class=\"wp-block-image is-style-default\">\n<figure class=\"aligncenter\"><a href=\"https:\/\/www.tele-radio.com\/contact-us\/\"><img loading=\"lazy\" decoding=\"async\" width=\"400\" height=\"167\" src=\"https:\/\/www.tele-radio.com\/app\/uploads\/\/Custom_Solutions_Banner_Contact_UK-400x167.jpg\" alt=\"\" class=\"wp-image-40993\" srcset=\"https:\/\/www.tele-radio.com\/app\/uploads\/Custom_Solutions_Banner_Contact_UK-400x167.jpg 400w, https:\/\/www.tele-radio.com\/app\/uploads\/Custom_Solutions_Banner_Contact_UK-768x321.jpg 768w, https:\/\/www.tele-radio.com\/app\/uploads\/Custom_Solutions_Banner_Contact_UK-1200x502.jpg 1200w, https:\/\/www.tele-radio.com\/app\/uploads\/Custom_Solutions_Banner_Contact_UK-750x314.jpg 750w, https:\/\/www.tele-radio.com\/app\/uploads\/Custom_Solutions_Banner_Contact_UK-500x209.jpg 500w, https:\/\/www.tele-radio.com\/app\/uploads\/Custom_Solutions_Banner_Contact_UK-1600x669.jpg 1600w, https:\/\/www.tele-radio.com\/app\/uploads\/Custom_Solutions_Banner_Contact_UK-800x335.jpg 800w\" sizes=\"auto, (max-width: 400px) 100vw, 400px\" \/><\/a><\/figure><\/div>","protected":false},"excerpt":{"rendered":"<p>Radiostyring tilpasset din brug Hos Tele Radio tror vi p\u00e5, at det er n\u00f8dvendigt at tilpasse produktet til hver enkelt kundes behov. For at g\u00f8re dette har vi et teknisk team, som udelukkende laver tilpassede l\u00f8sninger. Det kan for eksempel v\u00e6re, at kunden har brug for en specialiseret softwarel\u00f8sning til at styre deres maskine p\u00e5 [&hellip;]<\/p>\n","protected":false},"author":29,"featured_media":197035,"parent":0,"menu_order":0,"comment_status":"closed","ping_status":"closed","template":"","meta":{"_acf_changed":false,"footnotes":""},"class_list":["post-197031","page","type-page","status-publish","has-post-thumbnail","hentry"],"acf":[],"_links":{"self":[{"href":"https:\/\/www.tele-radio.com\/da\/wp-json\/wp\/v2\/pages\/197031","targetHints":{"allow":["GET"]}}],"collection":[{"href":"https:\/\/www.tele-radio.com\/da\/wp-json\/wp\/v2\/pages"}],"about":[{"href":"https:\/\/www.tele-radio.com\/da\/wp-json\/wp\/v2\/types\/page"}],"author":[{"embeddable":true,"href":"https:\/\/www.tele-radio.com\/da\/wp-json\/wp\/v2\/users\/29"}],"replies":[{"embeddable":true,"href":"https:\/\/www.tele-radio.com\/da\/wp-json\/wp\/v2\/comments?post=197031"}],"version-history":[{"count":2,"href":"https:\/\/www.tele-radio.com\/da\/wp-json\/wp\/v2\/pages\/197031\/revisions"}],"predecessor-version":[{"id":199926,"href":"https:\/\/www.tele-radio.com\/da\/wp-json\/wp\/v2\/pages\/197031\/revisions\/199926"}],"wp:featuredmedia":[{"embeddable":true,"href":"https:\/\/www.tele-radio.com\/da\/wp-json\/wp\/v2\/media\/197035"}],"wp:attachment":[{"href":"https:\/\/www.tele-radio.com\/da\/wp-json\/wp\/v2\/media?parent=197031"}],"curies":[{"name":"wp","href":"https:\/\/api.w.org\/{rel}","templated":true}]}}