{"id":197027,"date":"2018-05-10T13:37:03","date_gmt":"2018-05-10T13:37:03","guid":{"rendered":"https:\/\/www.tele-radio.com\/iso-certifications\/"},"modified":"2023-12-19T17:06:47","modified_gmt":"2023-12-19T17:06:47","slug":"iso-certifications","status":"publish","type":"page","link":"https:\/\/www.tele-radio.com\/da\/iso-certifications\/","title":{"rendered":"ISO-certifikationer"},"content":{"rendered":"\n<h1 class=\"wp-block-heading\">Tele Radio er en ISO-certificeret virksomhed<\/h1>\n\n\n\n<p>Tele Radio AB er certificeret i henhold til ISO 9001 kvalitetsledelsessystem og ISO 14001 milj\u00f8ledelsessystem. Dette betyder, at du kan stole p\u00e5 vores evner og kapacitet til at gennemf\u00f8re vores arbejde, at vi kontinuerligt arbejder for at undg\u00e5 at gentage fejl, at vi bruger s\u00e5 milj\u00f8venlige komponenter som muligt, og at vi bruger de bedst mulige transportmetoder \u2013 b\u00e5de til forretningsrejser og til fragt for milj\u00f8ets skyld.<\/p>\n\n\n\n<h2 class=\"wp-block-heading\">ISO9001<\/h2>\n\n\n\n<p>De vigtigste dele af ISO 9001-certificering af ledelsessystemer er kvalitet, ansvarlighed, ressourcer, produktudvikling s\u00e5vel som m\u00e5ling, analyse og forbedring.<\/p>\n\n\n<a href=\"https:\/\/www.tele-radio.com\/app\/uploads\/Tele-Radio-i-Lysekil-AB-Certificate-SE007699-V2-9k-2023.pdf\" class=\"pdfemb-viewer\" style=\"\" data-width=\"max\" data-height=\"max\" data-toolbar=\"bottom\" data-toolbar-fixed=\"off\">Tele-Radio-i-Lysekil-AB-Certificate-SE007699-V2-9k-2023<\/a>\n<p class=\"wp-block-pdfemb-pdf-embedder-viewer\"><\/p>\n\n\n\n<h2 class=\"wp-block-heading\">ISO14001<\/h2>\n\n\n\n<p> ISO 14001 kr\u00e6ver, at vi tager ansvar for at forhindre forurening, og at vores ledelse p\u00e5tager sig fuldt ansvar for at blive bedre \u00e5r efter \u00e5r. I vores forskning og udvikling har vi sat os et m\u00e5l om, at vores produkter opfylder standarderne til REACH og RoHS. REACH er en EU-forskrift, indf\u00f8rt for at beskytte menneskers sundhed og milj\u00f8et mod de risici, som kemikalierne kan udg\u00f8re og samtidig forbedre EU\u2019s kemikalieindustris konkurrencedygtighed.<\/p>\n\n\n<a href=\"https:\/\/www.tele-radio.com\/app\/uploads\/Tele-Radio-i-Lysekil-AB-Certificate-SE007700-V2-14k-2023-2.pdf\" class=\"pdfemb-viewer\" style=\"\" data-width=\"max\" data-height=\"max\" data-toolbar=\"bottom\" data-toolbar-fixed=\"off\">Tele-Radio-i-Lysekil-AB-Certificate-SE007700-V2-14k-2023-2<\/a>\n<p class=\"wp-block-pdfemb-pdf-embedder-viewer\"><\/p>\n","protected":false},"excerpt":{"rendered":"<p>Tele Radio er en ISO-certificeret virksomhed Tele Radio AB er certificeret i henhold til ISO 9001 kvalitetsledelsessystem og ISO 14001 milj\u00f8ledelsessystem. Dette betyder, at du kan stole p\u00e5 vores evner og kapacitet til at gennemf\u00f8re vores arbejde, at vi kontinuerligt arbejder for at undg\u00e5 at gentage fejl, at vi bruger s\u00e5 milj\u00f8venlige komponenter som muligt, [&hellip;]<\/p>\n","protected":false},"author":29,"featured_media":197030,"parent":0,"menu_order":0,"comment_status":"closed","ping_status":"closed","template":"","meta":{"_acf_changed":false,"footnotes":""},"class_list":["post-197027","page","type-page","status-publish","has-post-thumbnail","hentry"],"acf":[],"_links":{"self":[{"href":"https:\/\/www.tele-radio.com\/da\/wp-json\/wp\/v2\/pages\/197027","targetHints":{"allow":["GET"]}}],"collection":[{"href":"https:\/\/www.tele-radio.com\/da\/wp-json\/wp\/v2\/pages"}],"about":[{"href":"https:\/\/www.tele-radio.com\/da\/wp-json\/wp\/v2\/types\/page"}],"author":[{"embeddable":true,"href":"https:\/\/www.tele-radio.com\/da\/wp-json\/wp\/v2\/users\/29"}],"replies":[{"embeddable":true,"href":"https:\/\/www.tele-radio.com\/da\/wp-json\/wp\/v2\/comments?post=197027"}],"version-history":[{"count":1,"href":"https:\/\/www.tele-radio.com\/da\/wp-json\/wp\/v2\/pages\/197027\/revisions"}],"predecessor-version":[{"id":199528,"href":"https:\/\/www.tele-radio.com\/da\/wp-json\/wp\/v2\/pages\/197027\/revisions\/199528"}],"wp:featuredmedia":[{"embeddable":true,"href":"https:\/\/www.tele-radio.com\/da\/wp-json\/wp\/v2\/media\/197030"}],"wp:attachment":[{"href":"https:\/\/www.tele-radio.com\/da\/wp-json\/wp\/v2\/media?parent=197027"}],"curies":[{"name":"wp","href":"https:\/\/api.w.org\/{rel}","templated":true}]}}