{"id":196973,"date":"2020-05-06T10:54:53","date_gmt":"2020-05-06T10:54:53","guid":{"rendered":"https:\/\/www.tele-radio.com\/custom-foils\/"},"modified":"2024-01-05T11:15:46","modified_gmt":"2024-01-05T11:15:46","slug":"custom-foils","status":"publish","type":"page","link":"https:\/\/www.tele-radio.com\/da\/custom-foils\/","title":{"rendered":"Skr\u00e6ddersyede folier"},"content":{"rendered":"\n<h1 class=\"wp-block-heading\">Skr\u00e6ddersyede folier<\/h1>\n\n\n<h2><em>Dit eget logo, farver, symboler eller tekst. For ekstra beskyttelse, sikkerhed og genkendelighed!<\/em><\/h2>\n<p><\/p>\n<p><img loading=\"lazy\" decoding=\"async\" class=\"alignnone wp-image-40459 \" src=\"https:\/\/www.tele-radio.com\/app\/uploads\/custom-foils-button-1.png\" alt=\"\" width=\"354\" height=\"76\" data-wp-editing=\"1\"><\/p>\n<p style=\"padding-left: 390px;\">Alle vores sendere og modtagere kan tilpasses med skr\u00e6ddersyede folier. Disse folier hj\u00e6lper med at beskytte senderen, s\u00f8rger for sikker brug og bidrager til genkendeligheden. Folierne er lavet af <strong>h\u00f8jkvalitets industrielt (3M) materiale.<\/strong>&nbsp;De t\u00e5ler h\u00e5rd brug og er modstandsdygtige over for misfarvning og v\u00e6sker. Folierne tilbyder et ekstra beskyttende lag til vores produkter. Skr\u00e6ddersyede folier har ogs\u00e5 en <strong>sikkerhedsfunktion.<\/strong>&nbsp;Ved at bruge tydelige symboler, skr\u00e6ddersyet til din egen specifikke brug, kan fejl undg\u00e5s. Og selvf\u00f8lgelig kan du ogs\u00e5 give senderen din egen virksomhedssignatur med farver, logo osv.<\/p>\n<p><img loading=\"lazy\" decoding=\"async\" class=\"alignnone wp-image-40501 \" src=\"https:\/\/www.tele-radio.com\/app\/uploads\/custom-foils-button-2-1.png\" alt=\"\" width=\"345\" height=\"74\"><\/p>\n<p style=\"padding-left: 390px;\">Tilpassede folier kan leveres enkeltvis. Du kan frit v\u00e6lge dine <strong>egne farver, logoer, symboler, skrifttyper, billeder osv.<\/strong>&nbsp;Du kan give os din f\u00e6rdige (digitale) skabelon eller bede os om at lave et design baseret p\u00e5 dine egne id\u00e9er.<\/p>\n<p><\/p>\n<p><img loading=\"lazy\" decoding=\"async\" class=\"wp-image-40429 alignleft\" src=\"https:\/\/www.tele-radio.com\/app\/uploads\/contact-button-e1595575389212.png\" alt=\"\" width=\"354\" height=\"75\"><\/p>\n<p>Vi kan tilbyde en tilpasset folie for hver sender og modtager som tilbeh\u00f8r. Hvis du gerne vil bestille en tilpasset folie, kan du <a href=\"https:\/\/www.tele-radio.com\/contact-us\/\">kontakte<\/a> din lokale account manager.&nbsp;De kan give dig alle de n\u00f8dvendige priser, instruktioner, skabeloner eller digitale designmateriale. Baseret p\u00e5 dine input vil et design blive lavet og sendt til dig, s\u00e5 du kan godkende det.<\/p>\n<p><\/p>\n<p><img loading=\"lazy\" decoding=\"async\" class=\"aligncenter wp-image-144020\" src=\"https:\/\/www.tele-radio.com\/app\/uploads\/\/24694-TELE-RADIO-leaflet-custom-foils-A4_2-400x78.jpg\" alt=\"\" width=\"985\" height=\"192\" srcset=\"https:\/\/www.tele-radio.com\/app\/uploads\/24694-TELE-RADIO-leaflet-custom-foils-A4_2-400x78.jpg 400w, https:\/\/www.tele-radio.com\/app\/uploads\/24694-TELE-RADIO-leaflet-custom-foils-A4_2-1200x234.jpg 1200w, https:\/\/www.tele-radio.com\/app\/uploads\/24694-TELE-RADIO-leaflet-custom-foils-A4_2-768x149.jpg 768w, https:\/\/www.tele-radio.com\/app\/uploads\/24694-TELE-RADIO-leaflet-custom-foils-A4_2-1536x299.jpg 1536w, https:\/\/www.tele-radio.com\/app\/uploads\/24694-TELE-RADIO-leaflet-custom-foils-A4_2-2048x399.jpg 2048w, https:\/\/www.tele-radio.com\/app\/uploads\/24694-TELE-RADIO-leaflet-custom-foils-A4_2-750x146.jpg 750w, https:\/\/www.tele-radio.com\/app\/uploads\/24694-TELE-RADIO-leaflet-custom-foils-A4_2-500x97.jpg 500w, https:\/\/www.tele-radio.com\/app\/uploads\/24694-TELE-RADIO-leaflet-custom-foils-A4_2-1600x311.jpg 1600w, https:\/\/www.tele-radio.com\/app\/uploads\/24694-TELE-RADIO-leaflet-custom-foils-A4_2-800x156.jpg 800w\" sizes=\"auto, (max-width: 985px) 100vw, 985px\" \/><\/p>\n<table style=\"height: 181px;\" width=\"996\">\n<tbody>\n<tr style=\"height: 27px;\">\n<td style=\"background-color: #fabb00; width: 302px; height: 27px;\" width=\"302\"><strong>PLEXIFOLIER<\/strong><\/td>\n<td style=\"background-color: #fabb00; width: 302px; height: 27px;\" width=\"302\"><strong>PU-FOLIER<\/strong><\/td>\n<\/tr>\n<tr style=\"height: 167px;\">\n<td style=\"height: 167px;\" width=\"302\"><span style=\"font-family: inherit; font-size: inherit;\">En folie af plexiglas, der passer godt rundt om knapperne. Tilg\u00e6ngelig i&nbsp;<strong>tre tykkelser.<\/strong> Med den tykkeste version ligger knapperne dybere nede i kapslingen og kan ikke trykkes ind ved et uheld. Plexifolier bruges p\u00e5&nbsp;<a href=\"https:\/\/www.tele-radio.com\/products\/panther\/\">mini- and midi-sendere <\/a>men ogs\u00e5 p\u00e5 de st\u00f8rre joystick-sendere. Folierne er lavet af h\u00f8jkvalitetsmateriale og er modstandsdygtige mod misfarvning, ridser, v\u00e6sker osv.<\/span><\/td>\n<td style=\"height: 167px;\" width=\"302\">Dette er skr\u00e6ddersyede folier lavet af fleksibel, <strong>h\u00f8jkvalitetsgummi (pu)<\/strong>, som er<strong> modstandsdygtig mod misfarvning og v\u00e6sker.<\/strong> Folien d\u00e6kker knapperne helt. De bruges p\u00e5 <a href=\"https:\/\/www.tele-radio.com\/products\/puma_basic_line\/\">st\u00f8rre h\u00e5ndholdte sendere<\/a> men kan ogs\u00e5 bruges p\u00e5 <a href=\"https:\/\/www.tele-radio.com\/products\/tiger-g2\/\">mindre sendere<\/a> som et alternativ til plexifolie i tilf\u00e6lde af, at du \u00e6nsker at d\u00e6kke knapperne <strong>helt for mere beskyttelse.<\/strong><\/td>\n<\/tr>\n<\/tbody>\n<\/table>\n\n\n<div class=\"wp-block-columns is-layout-flex wp-container-core-columns-is-layout-9d6595d7 wp-block-columns-is-layout-flex\">\n<div class=\"wp-block-column is-layout-flow wp-block-column-is-layout-flow\">\n<figure class=\"wp-block-video\"><video autoplay loop muted src=\"https:\/\/www.tele-radio.com\/app\/uploads\/Custom_Foils_3.mp4\"><\/video><\/figure>\n<\/div>\n\n\n\n<div class=\"wp-block-column is-layout-flow wp-block-column-is-layout-flow\">\n<figure class=\"wp-block-video\"><video autoplay loop muted src=\"https:\/\/www.tele-radio.com\/app\/uploads\/Custom_Foils_2.mp4\"><\/video><\/figure>\n<\/div>\n<\/div>\n","protected":false},"excerpt":{"rendered":"<p>Skr\u00e6ddersyede folier Dit eget logo, farver, symboler eller tekst. For ekstra beskyttelse, sikkerhed og genkendelighed! Alle vores sendere og modtagere kan tilpasses med skr\u00e6ddersyede folier. Disse folier hj\u00e6lper med at beskytte senderen, s\u00f8rger for sikker brug og bidrager til genkendeligheden. Folierne er lavet af h\u00f8jkvalitets industrielt (3M) materiale.&nbsp;De t\u00e5ler h\u00e5rd brug og er modstandsdygtige over [&hellip;]<\/p>\n","protected":false},"author":29,"featured_media":196978,"parent":0,"menu_order":0,"comment_status":"closed","ping_status":"closed","template":"","meta":{"_acf_changed":false,"footnotes":""},"class_list":["post-196973","page","type-page","status-publish","has-post-thumbnail","hentry"],"acf":[],"_links":{"self":[{"href":"https:\/\/www.tele-radio.com\/da\/wp-json\/wp\/v2\/pages\/196973","targetHints":{"allow":["GET"]}}],"collection":[{"href":"https:\/\/www.tele-radio.com\/da\/wp-json\/wp\/v2\/pages"}],"about":[{"href":"https:\/\/www.tele-radio.com\/da\/wp-json\/wp\/v2\/types\/page"}],"author":[{"embeddable":true,"href":"https:\/\/www.tele-radio.com\/da\/wp-json\/wp\/v2\/users\/29"}],"replies":[{"embeddable":true,"href":"https:\/\/www.tele-radio.com\/da\/wp-json\/wp\/v2\/comments?post=196973"}],"version-history":[{"count":5,"href":"https:\/\/www.tele-radio.com\/da\/wp-json\/wp\/v2\/pages\/196973\/revisions"}],"predecessor-version":[{"id":201021,"href":"https:\/\/www.tele-radio.com\/da\/wp-json\/wp\/v2\/pages\/196973\/revisions\/201021"}],"wp:featuredmedia":[{"embeddable":true,"href":"https:\/\/www.tele-radio.com\/da\/wp-json\/wp\/v2\/media\/196978"}],"wp:attachment":[{"href":"https:\/\/www.tele-radio.com\/da\/wp-json\/wp\/v2\/media?parent=196973"}],"curies":[{"name":"wp","href":"https:\/\/api.w.org\/{rel}","templated":true}]}}