{"id":196932,"date":"2021-10-19T06:27:26","date_gmt":"2021-10-19T06:27:26","guid":{"rendered":"https:\/\/www.tele-radio.com\/teilnahmebedingungen-gewinnspiel-immerbestensinformiert\/"},"modified":"2021-10-19T06:27:26","modified_gmt":"2021-10-19T06:27:26","slug":"teilnahmebedingungen-gewinnspiel-immerbestensinformiert","status":"publish","type":"page","link":"https:\/\/www.tele-radio.com\/da\/teilnahmebedingungen-gewinnspiel-immerbestensinformiert\/","title":{"rendered":"Teilnahmebedingungen zum Gewinnspiel \u201eImmer bestens informiert\u201c in unserem Newsletter"},"content":{"rendered":"\n<h2 class=\"wp-block-heading\"><u>Teilnahmebedingungen zum Gewinnspiel \u201eImmer bestens informiert\u201c in unserem Newsletter<\/u><\/h2>\n\n\n\n<p><strong><u>I. Geltungsbereich<\/u><\/strong><\/p>\n\n\n\n<p>1. Das Gewinnspiel \u201eImmer bestens informiert\u201c gilt ausschlie\u00dflich f\u00fcr den Newsletter der Tele Radio GmbH Funkfernsteuerungen (newsletter@tele-radio-gmbh.de).<\/p>\n\n\n\n<p>2. Veranstalter dieses Gewinnspiels ist: Tele Radio GmbH Funkfernsteuerungen, Flurweg 12, 84069 Schierling, Deutschland, vertreten durch: Gesch\u00e4ftsf\u00fchrer Andreas Blank. Im Folgenden genannt: Tele Radio.<\/p>\n\n\n\n<p>3. Der\/ die Teilnehmer\/-in erkennt mit der Teilnahme an diesem Gewinnspiel die unten angef\u00fchrten Teilnahmebedingungen an.<\/p>\n\n\n\n<p>4. Aus Gr\u00fcnden der besseren Lesbarkeit wird nachfolgend ausschlie\u00dflich die m\u00e4nnliche Form Teilnehmer \/ Gewinner verwendet. Wir betonen jedoch an dieser Stelle ausdr\u00fccklich, dass sich das Gewinnspiel und die damit verbundenen Teilnahmebedingungen gleicherma\u00dfen an Frauen sowie Personen des dritten Geschlechts richten.<\/p>\n\n\n\n<p><strong><u>II. Teilnahme<\/u><\/strong><\/p>\n\n\n\n<p>1. Teilnahmeberechtigt sind alle nat\u00fcrlichen Personen mit Hauptwohnsitz und Adresse in Deutschland, die zum Zeitpunkt des Gewinnspiel-Beginns das 18. Lebensjahr bereits vollendet haben. Sollte ein Teilnehmer in seiner Gesch\u00e4ftsf\u00e4higkeit beschr\u00e4nkt sein, bedarf es der Einwilligung seines gesetzlichen Vertreters. Tele Radio ist nicht verpflichtet, dies zu \u00fcberpr\u00fcfen.<\/p>\n\n\n\n<p>2. Die Teilnahme beschr\u00e4nkt sich nicht auf Kunden von Tele Radio und ist nicht vom Erwerb einer Ware abh\u00e4ngig.<\/p>\n\n\n\n<p>3. Mitarbeiter\/-innen der Tele Radio GmbH sowie der gesamten Tele Radio Group sind von der Teilnahme am Gewinnspiel ausgeschlossen.<\/p>\n\n\n\n<p>4. Gewinnspielteilnehmer ist, wer den Newsletter von Tele Radio abonniert, den November-Newsletter \u00f6ffnet und diese Bewertung jedenfalls bis zur Auswahl der Gewinner bel\u00e4sst. Hierbei ist es v\u00f6llig unerheblich, wie lange der Teilnehmer den Newsletter bereits abonniert hat.<\/p>\n\n\n\n<p>5. Das Gewinnspiel endet zwei Wochen nach Versand des November-Newsletters (30.11.2021 um 00:00 Uhr).<\/p>\n\n\n\n<p>6. Jeder Teilnehmer kann nur einmalig am Gewinnspiel teilnehmen. Es ist strengstens untersagt, mehrere E-Mail-Profile zur Erh\u00f6hung der Gewinnchancen zu verwenden.<\/p>\n\n\n\n<p>7. Die Teilnahme am Gewinnspiel ist kostenlos.<\/p>\n\n\n\n<p><strong><u>III. Gewinn, Benachrichtigung und \u00dcbermittlung des Gewinns<\/u><\/strong><\/p>\n\n\n\n<p>1. Die Gewinner werden nach Teilnahmeschluss mittels eines auf dem Zufallsprinzip beruhenden Losverfahrens unter allen Teilnehmern ermittelt. Ist das Gewinnspiel mit einer Aufgabe verkn\u00fcpft, in diesem Fall den November-Newsletter \u00f6ffnen, kommen ausschlie\u00dflich jene Teilnehmer in die Verlosung, welche die Aufgabe korrekt durchgef\u00fchrt haben.<\/p>\n\n\n\n<p>2. Eine Barauszahlung des Gewinns ist nicht m\u00f6glich.<\/p>\n\n\n\n<p>3. Der Gewinn kann weder ausgesucht, umgetauscht noch \u00fcbertragen werden.<\/p>\n\n\n\n<p>4. F\u00fcr jeden Teilnehmer ist nur ein Gewinn m\u00f6glich.<\/p>\n\n\n\n<p>5. Die Gewinner werden per separater E-Mail benachrichtigt.<\/p>\n\n\n\n<p>6. Der Gewinner hat ab dem Zeitpunkt der Benachrichtigung 72 Stunden Zeit sich r\u00fcckzumelden. Sollte der Zeitraum verstreichen, ohne dass sich der Gewinner gemeldet hat, verf\u00e4llt der Gewinn ohne jeglichen Ersatzanspruch.<\/p>\n\n\n\n<p>7. Im Falle eines Gewinns, erkl\u00e4rt sich der Gewinner mit der Ver\u00f6ffentlichung seines vollst\u00e4ndigen Namens \/ seines Benutzernamens in den von Tele Radio genutzten Werbemedien einverstanden. Dies schlie\u00dft die Bekanntgabe des Gewinners auf der Webseite, im Newsletter und den Social Media Plattformen mit ein.<\/p>\n\n\n\n<p>8. Sollte der Gewinner ein Foto mit dem Gewinn einsenden, erkl\u00e4rt sich dieser ausdr\u00fccklich mit der Ver\u00f6ffentlichung seines vollst\u00e4ndigen Namens \/ seines Benutzernamens sowie des Fotos in den von Tele Radio genutzten Werbemedien einverstanden. Dies schlie\u00dft die Bekanntgabe des Gewinners auf der Webseite, im Newsletter und den Social Media Plattformen mit ein.<\/p>\n\n\n\n<p>9. Die Aush\u00e4ndigung des Gewinns erfolgt ausschlie\u00dflich an den Gewinner oder an dessen gesetzlichen Vertreter.<\/p>\n\n\n\n<p>10. Die Gewinne werden per Post versandt. Die hierf\u00fcr anfallenden Portokosten werden von Tele Radio \u00fcbernommen. Mit \u00dcbergabe des Gewinns an eine Transportperson geht die Gefahr auf den Gewinner \u00fcber. F\u00fcr Liefersch\u00e4den ist Tele Radio nicht verantwortlich.<\/p>\n\n\n\n<p>11. Folgender Preis ist festgesetzt: 5x Glas-Schreibger\u00e4thalter mit Weltkugel.<\/p>\n\n\n\n<p><strong><u>IV. Vorzeitige Beendigung, Ausschluss<\/u><\/strong><\/p>\n\n\n\n<p>1. Tele Radio beh\u00e4lt sich vor, das Gewinnspiel jederzeit, auch ohne Einhaltung von Fristen, und ohne vorherige Ank\u00fcndigung oder Angabe von Gr\u00fcnden, abzubrechen, auszusetzen, zu beenden oder in seinem Verlauf zu \u00e4ndern. Dies gilt insbesondere, sofern eine ordnungsgem\u00e4\u00dfe Durchf\u00fchrung aus technischen, rechtlichen oder anderen Gr\u00fcnden nicht gew\u00e4hrleistet werden kann. In diesem Fall stehen den Teilnehmern keinerlei Anspr\u00fcche gegen\u00fcber Tele Radio zu.<\/p>\n\n\n\n<p>2. Tele Radio beh\u00e4lt sich zudem vor, einzelne Teilnehmer vom Gewinnspiel auszuschlie\u00dfen. Dies gilt insbesondere bei Verst\u00f6\u00dfen gegen die Teilnahmebedingungen, mehrfacher Teilnahme, unlauterem Handel, falschen oder irref\u00fchrenden Angaben im Zusammenhang mit der Teilnahme oder Manipulationen im Zusammenhang mit Zugang und Durchf\u00fchrung des Gewinnspiels. Ferner beh\u00e4lt sich Tele Radio vor, einen solchen Ausschluss nachtr\u00e4glich aussprechen und folglich die Gewinne aberkennen und zur\u00fcckfordern zu k\u00f6nnen.<\/p>\n\n\n\n<p><strong><u>V. Datenschutz<\/u><\/strong><\/p>\n\n\n\n<p>1. Die personenbezogenen Daten werden im Zuge des Gewinnspiels gespeichert und verwendet. Die Daten werden nicht an Dritte weitergegeben und nicht f\u00fcr andere Zwecke verwendet.<\/p>\n\n\n\n<p>2. Da wir unseren Newsletter \u00fcber die externe Plattform \u201eSendinblue\u201c vertreiben, akzeptiert der Teilnehmer in dem Moment, in dem er den Newsletter abonniert, die <a href=\"https:\/\/de.sendinblue.com\/legal\/privacypolicy\/\">Datenschutzerkl\u00e4rung von Sendinblue<\/a>.<\/p>\n\n\n\n<p>3. Der Newsletter kann ausschlie\u00dflich \u00fcber das Double-Opt-In-Verfahren auf der <a href=\"https:\/\/newsletter.tele-radio-gmbh.de\/\">Webseite<\/a> abonniert werden.<\/p>\n\n\n\n<p>4. Der Teilnehmer ist sich bewusst, dass sein vollst\u00e4ndiger Name \/ Benutzername sowie ggf. das eingesandte Foto im Falle eines Gewinns gem\u00e4\u00df der Teilnahmebedingungen III. (7)\/(8) ver\u00f6ffentlicht werden k\u00f6nnen.<\/p>\n\n\n\n<p>5. Der Teilnehmer kann seine erkl\u00e4rte Einwilligung jederzeit ohne Angabe von Gr\u00fcnden widerrufen. Der Widerruf ist schriftlich an <a href=\"mailto:v.forsthuber@tele-radio-gmbh.de\">v.forsthuber@tele-radio-gmbh.de<\/a> zu richten. Nach Widerruf der Einwilligung werden die erhobenen und gespeicherten personenbezogenen Daten des Teilnehmers umgehend gel\u00f6scht.<\/p>\n\n\n\n<p><strong><u>VI. Sonstiges<\/u><\/strong><\/p>\n\n\n\n<p>1. Der Rechtsweg ist ausgeschlossen.<\/p>\n\n\n\n<p>2. Fragen oder Beanstandungen im Zusammenhang mit dem Gewinnspiel sind direkt an Tele Radio zu richten. Kontaktm\u00f6glichkeiten hierzu finden Sie im Impressumsbereich unter www.tele-radio.com\/de.<\/p>\n\n\n\n<p>3. Das Gewinnspiel steht in keinerlei Verbindung zu Sendinblue. Es wird in keiner Weise von Sendinblue gesponsert, unterst\u00fctzt oder organisiert. Ansprechpartner und Verantwortlicher ist lediglich Tele Radio.<\/p>\n\n\n\n<p><strong><u>VII. Salvatorische Klausel<\/u><\/strong><\/p>\n\n\n\n<p>1. Sollte eine Bestimmung dieser Teilnahmebedingungen ganz oder teilweise unwirksam sein oder werden, so wird dadurch die G\u00fcltigkeit dieser Teilnahmebedingungen im \u00dcbrigen nicht ber\u00fchrt. Statt der unwirksamen Bestimmung gilt diejenige gesetzlich zul\u00e4ssige Regelung, die dem in der unwirksamen Bestimmung zum Ausdruck gekommenen Sinn und Zweck wirtschaftlich am n\u00e4chsten kommt. Entsprechendes gilt f\u00fcr den Fall des Vorliegens einer Regelungsl\u00fccke in diesen Teilnahmebedingungen.<\/p>\n\n\n\n<p><strong>Viel Gl\u00fcck und Erfolg w\u00fcnscht das Team von Tele Radio!<\/strong><\/p>\n","protected":false},"excerpt":{"rendered":"<p>Teilnahmebedingungen zum Gewinnspiel \u201eImmer bestens informiert\u201c in unserem Newsletter I. Geltungsbereich 1. Das Gewinnspiel \u201eImmer bestens informiert\u201c gilt ausschlie\u00dflich f\u00fcr den Newsletter der Tele Radio GmbH Funkfernsteuerungen (newsletter@tele-radio-gmbh.de). 2. Veranstalter dieses Gewinnspiels ist: Tele Radio GmbH Funkfernsteuerungen, Flurweg 12, 84069 Schierling, Deutschland, vertreten durch: Gesch\u00e4ftsf\u00fchrer Andreas Blank. Im Folgenden genannt: Tele Radio. 3. Der\/ die [&hellip;]<\/p>\n","protected":false},"author":66,"featured_media":0,"parent":0,"menu_order":0,"comment_status":"closed","ping_status":"closed","template":"","meta":{"_acf_changed":false,"footnotes":""},"class_list":["post-196932","page","type-page","status-publish","hentry"],"acf":[],"_links":{"self":[{"href":"https:\/\/www.tele-radio.com\/da\/wp-json\/wp\/v2\/pages\/196932","targetHints":{"allow":["GET"]}}],"collection":[{"href":"https:\/\/www.tele-radio.com\/da\/wp-json\/wp\/v2\/pages"}],"about":[{"href":"https:\/\/www.tele-radio.com\/da\/wp-json\/wp\/v2\/types\/page"}],"author":[{"embeddable":true,"href":"https:\/\/www.tele-radio.com\/da\/wp-json\/wp\/v2\/users\/66"}],"replies":[{"embeddable":true,"href":"https:\/\/www.tele-radio.com\/da\/wp-json\/wp\/v2\/comments?post=196932"}],"version-history":[{"count":0,"href":"https:\/\/www.tele-radio.com\/da\/wp-json\/wp\/v2\/pages\/196932\/revisions"}],"wp:attachment":[{"href":"https:\/\/www.tele-radio.com\/da\/wp-json\/wp\/v2\/media?parent=196932"}],"curies":[{"name":"wp","href":"https:\/\/api.w.org\/{rel}","templated":true}]}}