{"id":196915,"date":"2022-04-13T12:14:51","date_gmt":"2022-04-13T12:14:51","guid":{"rendered":"https:\/\/www.tele-radio.com\/agriculture\/"},"modified":"2024-10-10T08:10:00","modified_gmt":"2024-10-10T08:10:00","slug":"agriculture","status":"publish","type":"page","link":"https:\/\/www.tele-radio.com\/da\/agriculture\/","title":{"rendered":"LANDBRUG"},"content":{"rendered":"\n<div style=\"height:31px\" aria-hidden=\"true\" class=\"wp-block-spacer\"><\/div>\n\n<h1 class=\"wp-block-heading has-text-align-center\">AGRICULTURE<\/h1>\n\n<div style=\"height:26px\" aria-hidden=\"true\" class=\"wp-block-spacer\"><\/div>\n\n<div class=\"wp-block-columns is-layout-flex wp-container-core-columns-is-layout-9d6595d7 wp-block-columns-is-layout-flex\">\n<div class=\"wp-block-column is-layout-flow wp-block-column-is-layout-flow\">\n<h1 class=\"wp-block-heading\">Small farm or large scale agriculture?<\/h1>\n\n\n\n<p>Whether you work on a small family farm or you manage tens of thousands of acres, we have solutions that will help you be more productive in agriculture. Everything from scale-integrated seed or fertilizer tenders to cab controlled tractor attachments, we\u2019ve done it all. Wireless remote control offers ease of installation, durability, exceptional control, and many advantages for today\u2019s farming or agricultural needs, without sacrificing safety.<\/p>\n\n\n\n<p><br\/>With the sophistication of the advanced functional control that we see in the cab, comes the need to integrate GPS automation, laser control, data logging and transfer, and much more with the precision of the operator controls in order to become even more efficient.<\/p>\n\n\n\n<p><br\/>That\u2019s where Tele Radio remote control solutions come in. Perhaps you need a better view of your implement during operation or maybe you just want to stay in out of the rain, wind, sun, and the elements; let us help you optimize your machinery and bring ergonomic comfort to your long hard days out in the field.<\/p>\n\n\n\n<p><br\/>Operate any piece of agricultural equipment or tractor attachment, either proportional or digital actuation; integrate scales, disbursement rate controls, automation, data management systems; customize your equipment to maximize your time and effort with Tele Radio agricultural remote control solutions.<\/p>\n<\/div>\n\n\n\n<div class=\"wp-block-column is-layout-flow wp-block-column-is-layout-flow\" style=\"flex-basis:100px\"><\/div>\n\n\n\n<div class=\"wp-block-column is-layout-flow wp-block-column-is-layout-flow\">\n<div style=\"height:31px\" aria-hidden=\"true\" class=\"wp-block-spacer\"><\/div>\n\n\n\n<div class=\"wp-block-cover\" style=\"min-height:788px;aspect-ratio:unset;\"><span aria-hidden=\"true\" class=\"wp-block-cover__background has-black-background-color has-background-dim-20 has-background-dim\"><\/span><img loading=\"lazy\" decoding=\"async\" width=\"1602\" height=\"2400\" class=\"wp-block-cover__image-background wp-image-98510\" alt=\"\" src=\"https:\/\/www.tele-radio.com\/app\/uploads\/FM_MI_PN_0086.jpg\" style=\"object-position:62% 56%\" data-object-fit=\"cover\" data-object-position=\"62% 56%\" srcset=\"https:\/\/www.tele-radio.com\/app\/uploads\/FM_MI_PN_0086.jpg 1602w, https:\/\/www.tele-radio.com\/app\/uploads\/FM_MI_PN_0086-267x400.jpg 267w, https:\/\/www.tele-radio.com\/app\/uploads\/FM_MI_PN_0086-801x1200.jpg 801w, https:\/\/www.tele-radio.com\/app\/uploads\/FM_MI_PN_0086-768x1151.jpg 768w, https:\/\/www.tele-radio.com\/app\/uploads\/FM_MI_PN_0086-1025x1536.jpg 1025w, https:\/\/www.tele-radio.com\/app\/uploads\/FM_MI_PN_0086-1367x2048.jpg 1367w, https:\/\/www.tele-radio.com\/app\/uploads\/FM_MI_PN_0086-501x750.jpg 501w, https:\/\/www.tele-radio.com\/app\/uploads\/FM_MI_PN_0086-334x500.jpg 334w, https:\/\/www.tele-radio.com\/app\/uploads\/FM_MI_PN_0086-1068x1600.jpg 1068w, https:\/\/www.tele-radio.com\/app\/uploads\/FM_MI_PN_0086-534x800.jpg 534w\" sizes=\"auto, (max-width: 1602px) 100vw, 1602px\" \/><div class=\"wp-block-cover__inner-container is-layout-flow wp-block-cover-is-layout-flow\">\n<p class=\"has-text-align-center has-large-font-size\"><\/p>\n<\/div><\/div>\n<\/div>\n<\/div>\n\n<div style=\"height:100px\" aria-hidden=\"true\" class=\"wp-block-spacer\"><\/div>\n\n<div style=\"height:100px\" aria-hidden=\"true\" class=\"wp-block-spacer\"><\/div>\n\n<h2 class=\"wp-block-heading has-text-align-center\">APPLICATIONS<\/h2>\n\n<p class=\"has-text-align-center\"><em>To give an idea of the possibilities, we have some examples of applications and their typical products below:<\/em><\/p>\n\n<div class=\"wp-block-columns is-layout-flex wp-container-core-columns-is-layout-9d6595d7 wp-block-columns-is-layout-flex\">\n<div class=\"wp-block-column is-layout-flow wp-block-column-is-layout-flow\">\n<div class=\"wp-block-cover is-light\"><span aria-hidden=\"true\" class=\"wp-block-cover__background has-white-background-color has-background-dim-100 has-background-dim\"><\/span><div class=\"wp-block-cover__inner-container is-layout-flow wp-block-cover-is-layout-flow\"><div class=\"wp-block-image is-style-default\">\n<figure class=\"aligncenter size-full is-resized\"><img decoding=\"async\" src=\"https:\/\/www.tele-radio.com\/app\/uploads\/harvester-1.png\" alt=\"\" class=\"wp-image-117791\" width=\"64\"\/><\/figure><\/div>\n\n\n<p class=\"has-text-align-center has-black-color has-text-color\"><strong>HARVESTING MACHINES<\/strong><\/p>\n\n\n\n<p class=\"has-text-align-center has-black-color has-text-color\">A wide array of harvesters &#8211; alfalfa, garlic, carrots, beets, etc. can all be controlled with ease and efficiency. Pull behind attachments or application specific machinery, with a Tele Radio wireless remote control solution installed on this equipment, you can could control speed, turn on and off functions, adjusting harvesting settings and more.<\/p>\n<\/div><\/div>\n<\/div>\n\n\n\n<div class=\"wp-block-column is-vertically-aligned-top is-layout-flow wp-block-column-is-layout-flow\">\n<div class=\"wp-block-cover is-light\"><span aria-hidden=\"true\" class=\"wp-block-cover__background has-white-background-color has-background-dim-100 has-background-dim\"><\/span><div class=\"wp-block-cover__inner-container is-layout-flow wp-block-cover-is-layout-flow\"><div class=\"wp-block-image is-style-default\">\n<figure class=\"aligncenter size-full is-resized\"><img loading=\"lazy\" decoding=\"async\" src=\"https:\/\/www.tele-radio.com\/app\/uploads\/conveyor.png\" alt=\"\" class=\"wp-image-117887\" width=\"71\" height=\"71\"\/><\/figure><\/div>\n\n\n<p class=\"has-text-align-center has-black-color has-text-color\"><strong>BALE BEDS<\/strong><\/p>\n\n\n\n<p class=\"has-text-align-center has-black-color has-text-color\">Rugged, durable, and ready for anything; the Tele Radio transmitters works as hard as you do. From sun up to sun down, the livestock need your attention, choose a partner that will be dependable and safe to use all day long. With a variety of features, this wireless control solution allows you to pick up, move, release, and unroll bales well into the night if need be. With options like our cake feeder control, you can create a solution that works well and lets you keep track of what you\u2019ve already done.<\/p>\n<\/div><\/div>\n<\/div>\n\n\n\n<div class=\"wp-block-column is-vertically-aligned-top is-layout-flow wp-block-column-is-layout-flow\">\n<div style=\"height:65px\" aria-hidden=\"true\" class=\"wp-block-spacer\"><\/div>\n\n\n<div class=\"wp-block-image is-style-default\">\n<figure class=\"aligncenter size-full is-resized\"><img loading=\"lazy\" decoding=\"async\" src=\"https:\/\/www.tele-radio.com\/app\/uploads\/sprout.png\" alt=\"\" class=\"wp-image-117837\" width=\"64\" height=\"64\"\/><\/figure><\/div>\n\n\n<p class=\"has-text-align-center\"><strong>SEED TENDER<\/strong><\/p>\n\n\n\n<p class=\"has-text-align-center\">Whether with scales, automation, or simple operator control, both the Tiger and the Panther transmitters offer robust, intuitive control of the tender. Any agricultural or construction bulk material transfer application can be controlled easily with our systems which provide safe operation for thousands of hours; out in the field or inside the mixing facility. Contact us today to find out how we can help you benefit from including wireless remote control on your machinery.<\/p>\n<\/div>\n<\/div>\n\n<div style=\"height:50px\" aria-hidden=\"true\" class=\"wp-block-spacer\"><\/div>\n\n<h3 class=\"wp-block-heading has-text-align-center\">Dine pr\u00e6ferencer for sikkerhed og funktionalitet<\/h3>\n\n<p>Valget af den rigtige sender til din brug sker bedst i samr\u00e5d med Tele Radios medarbejdere. Vi leverer forskellige sendere med specifikke egenskaber. F\u00f8lgende tre ting er afg\u00f8rende for dit valg:<\/p>\n\n<div class=\"wp-block-media-text alignwide is-stacked-on-mobile is-vertically-aligned-center\" style=\"grid-template-columns:15% auto\"><figure class=\"wp-block-media-text__media\"><img loading=\"lazy\" decoding=\"async\" width=\"404\" height=\"404\" src=\"https:\/\/www.tele-radio.com\/app\/uploads\/Safety_level_2.png\" alt=\"\" class=\"wp-image-68198 size-full\" srcset=\"https:\/\/www.tele-radio.com\/app\/uploads\/Safety_level_2.png 404w, https:\/\/www.tele-radio.com\/app\/uploads\/Safety_level_2-400x400.png 400w, https:\/\/www.tele-radio.com\/app\/uploads\/Safety_level_2-150x150.png 150w, https:\/\/www.tele-radio.com\/app\/uploads\/Safety_level_2-250x250.png 250w\" sizes=\"auto, (max-width: 404px) 100vw, 404px\" \/><\/figure><div class=\"wp-block-media-text__content\">\n<p><strong>Sikkerhedsniveau<\/strong><\/p>\n\n\n\n<p>Vores sendere er sikre, og mange modeller har uafh\u00e6ngig sikkerhedscertificering. Det betyder, at stopknappens funktion er testet og verificeret af en ekstern, uafh\u00e6ngig part. Det anbefales at v\u00e6lge et system med uafh\u00e6ngig sikkerhedscertificering, hvis man \u00f8nsker at minimere risikoen for skader ved brug af maskiner. Ingen sikkerhedsrisiko? S\u00e5 kan du v\u00e6lge en sender uden certificering.<\/p>\n<\/div><\/div>\n\n<div class=\"wp-block-media-text alignwide is-stacked-on-mobile is-vertically-aligned-center\" style=\"grid-template-columns:15% auto\"><figure class=\"wp-block-media-text__media\"><img loading=\"lazy\" decoding=\"async\" width=\"404\" height=\"404\" src=\"https:\/\/www.tele-radio.com\/app\/uploads\/Control_element_2.png\" alt=\"\" class=\"wp-image-68176 size-full\" srcset=\"https:\/\/www.tele-radio.com\/app\/uploads\/Control_element_2.png 404w, https:\/\/www.tele-radio.com\/app\/uploads\/Control_element_2-400x400.png 400w, https:\/\/www.tele-radio.com\/app\/uploads\/Control_element_2-150x150.png 150w, https:\/\/www.tele-radio.com\/app\/uploads\/Control_element_2-250x250.png 250w\" sizes=\"auto, (max-width: 404px) 100vw, 404px\" \/><\/figure><div class=\"wp-block-media-text__content\">\n<p><strong>Knapper eller joysticks<\/strong><\/p>\n\n\n\n<p>Med brug af trykknapper er en sender mere overskuelig, men bestemt ikke mindre pr\u00e6cis. En sender med proportionelle trykknapper har for eksempel pr\u00e6cisionen som en joysticksender. Ved at trykke l\u00e6ngere ind p\u00e5 knappen \u00f8ges aktiveringsgraden. En joysticksender er st\u00f8rre, men har for eksempel flere muligheder for tilpasning i form af specielle knapper og kontakter.<\/p>\n<\/div><\/div>\n\n<div class=\"wp-block-media-text alignwide is-stacked-on-mobile\" style=\"grid-template-columns:15% auto\"><figure class=\"wp-block-media-text__media\"><img loading=\"lazy\" decoding=\"async\" width=\"404\" height=\"404\" src=\"https:\/\/www.tele-radio.com\/app\/uploads\/Feedback_2.png\" alt=\"\" class=\"wp-image-68223 size-full\" srcset=\"https:\/\/www.tele-radio.com\/app\/uploads\/Feedback_2.png 404w, https:\/\/www.tele-radio.com\/app\/uploads\/Feedback_2-400x400.png 400w, https:\/\/www.tele-radio.com\/app\/uploads\/Feedback_2-150x150.png 150w, https:\/\/www.tele-radio.com\/app\/uploads\/Feedback_2-250x250.png 250w\" sizes=\"auto, (max-width: 404px) 100vw, 404px\" \/><\/figure><div class=\"wp-block-media-text__content\">\n<p><strong>Feedbackinformation<\/strong><\/p>\n\n\n\n<p>Visse sendere kan modtage information fra en kontrolleret modtager. Afh\u00e6ngigt af systemet kan du g\u00f8re informationen synlig ved hj\u00e6lp af lysdioder p\u00e5 senderen eller via et display. N\u00e5r du styrer en kran er det for eksempel muligt at bruge displayet til at vise information s\u00e5som l\u00f8ftev\u00e6gt eller advarsler. Denne funktion vil v\u00e6re mindre relevant til mindre komplicerede applikationer, s\u00e5som lastbilspil.<\/p>\n\n\n\n<p><\/p>\n<\/div><\/div>\n\n<div style=\"height:50px\" aria-hidden=\"true\" class=\"wp-block-spacer\"><\/div>\n<div class=\"wp-block-image is-style-default\">\n<figure class=\"aligncenter size-large is-resized\"><img loading=\"lazy\" decoding=\"async\" src=\"https:\/\/www.tele-radio.com\/app\/uploads\/\/Assortiment_2019_zonder_spiegeling_en_schaduw-1200x614.jpg\" alt=\"\" width=\"771\" height=\"394\"\/><\/figure><\/div>\n<div class=\"wp-block-buttons is-horizontal is-content-justification-center is-layout-flex wp-container-core-buttons-is-layout-499968f5 wp-block-buttons-is-layout-flex\">\n<div class=\"wp-block-button\"><a class=\"wp-block-button__link has-black-color has-text-color has-background wp-element-button\" href=\"https:\/\/www.tele-radio.com\/da\/contact-us\/\" style=\"border-radius:7px;background-color:#fabb00\"><strong>Talk To An Expert <\/strong><\/a><\/div>\n<\/div>\n","protected":false},"excerpt":{"rendered":"<p>AGRICULTURE Small farm or large scale agriculture? Whether you work on a small family farm or you manage tens of thousands of acres, we have solutions that will help you be more productive in agriculture. Everything from scale-integrated seed or fertilizer tenders to cab controlled tractor attachments, we\u2019ve done it all. Wireless remote control offers [&hellip;]<\/p>\n","protected":false},"author":29,"featured_media":0,"parent":0,"menu_order":0,"comment_status":"closed","ping_status":"closed","template":"","meta":{"_acf_changed":false,"footnotes":""},"class_list":["post-196915","page","type-page","status-publish","hentry"],"acf":[],"_links":{"self":[{"href":"https:\/\/www.tele-radio.com\/da\/wp-json\/wp\/v2\/pages\/196915","targetHints":{"allow":["GET"]}}],"collection":[{"href":"https:\/\/www.tele-radio.com\/da\/wp-json\/wp\/v2\/pages"}],"about":[{"href":"https:\/\/www.tele-radio.com\/da\/wp-json\/wp\/v2\/types\/page"}],"author":[{"embeddable":true,"href":"https:\/\/www.tele-radio.com\/da\/wp-json\/wp\/v2\/users\/29"}],"replies":[{"embeddable":true,"href":"https:\/\/www.tele-radio.com\/da\/wp-json\/wp\/v2\/comments?post=196915"}],"version-history":[{"count":6,"href":"https:\/\/www.tele-radio.com\/da\/wp-json\/wp\/v2\/pages\/196915\/revisions"}],"predecessor-version":[{"id":205896,"href":"https:\/\/www.tele-radio.com\/da\/wp-json\/wp\/v2\/pages\/196915\/revisions\/205896"}],"wp:attachment":[{"href":"https:\/\/www.tele-radio.com\/da\/wp-json\/wp\/v2\/media?parent=196915"}],"curies":[{"name":"wp","href":"https:\/\/api.w.org\/{rel}","templated":true}]}}