{"id":196804,"date":"2022-06-13T07:32:16","date_gmt":"2022-06-13T07:32:16","guid":{"rendered":"https:\/\/www.tele-radio.com\/teq-waist-transmitters\/"},"modified":"2024-01-10T10:27:57","modified_gmt":"2024-01-10T10:27:57","slug":"teq-waist-transmitters","status":"publish","type":"page","link":"https:\/\/www.tele-radio.com\/da\/teq-waist-transmitters\/","title":{"rendered":"TEQ TALJESENDERE"},"content":{"rendered":"\n<h1 class=\"wp-block-heading\">TEQ TALJESENDERE<\/h1>\n\n\n<div class=\"wp-block-image is-style-rounded\">\n<figure class=\"alignright size-large is-resized\"><img loading=\"lazy\" decoding=\"async\" src=\"https:\/\/www.tele-radio.com\/app\/uploads\/\/Waist_Band_Transmitter_Collage_v2-2-1200x1200.png\" alt=\"\" class=\"wp-image-105482\" width=\"425\" height=\"425\" srcset=\"https:\/\/www.tele-radio.com\/app\/uploads\/Waist_Band_Transmitter_Collage_v2-2.png 1200w, https:\/\/www.tele-radio.com\/app\/uploads\/Waist_Band_Transmitter_Collage_v2-2-400x400.png 400w, https:\/\/www.tele-radio.com\/app\/uploads\/Waist_Band_Transmitter_Collage_v2-2-150x150.png 150w, https:\/\/www.tele-radio.com\/app\/uploads\/Waist_Band_Transmitter_Collage_v2-2-768x768.png 768w, https:\/\/www.tele-radio.com\/app\/uploads\/Waist_Band_Transmitter_Collage_v2-2-250x250.png 250w, https:\/\/www.tele-radio.com\/app\/uploads\/Waist_Band_Transmitter_Collage_v2-2-750x750.png 750w, https:\/\/www.tele-radio.com\/app\/uploads\/Waist_Band_Transmitter_Collage_v2-2-500x500.png 500w, https:\/\/www.tele-radio.com\/app\/uploads\/Waist_Band_Transmitter_Collage_v2-2-800x800.png 800w\" sizes=\"auto, (max-width: 425px) 100vw, 425px\" \/><\/figure><\/div>\n\n\n<h2 class=\"wp-block-heading\">Til det bredeste udvalg af applikationer<\/h2>\n\n\n\n<p>Med mere end 65 \u00e5rs erfaring inden for tr\u00e5dl\u00f8se industrielle kontrolenheder har Tele Radio et bredt udvalg af sendere. Disse sendere skr\u00e6ddersys problemfrit til slutbrugerens pr\u00e6cise \u00f8nsker og applikationens specifikke egenskaber.<\/p>\n\n\n\n<p>Tele Radio TEQ-taljesendere er tilg\u00e6ngelige til de mest komplekse kontroll\u00f8sninger. Disse sendere b\u00e6res ved hj\u00e6lp af et nakke-, skulder- eller hofteb\u00e6lte. I mods\u00e6tning til vores h\u00e5ndholdte sendere giver vores industrielle taljesendere mulighed for toh\u00e5ndsbetjening. De store, robuste h\u00e5ndtag sikrer en afslappet arbejdsstilling.<\/p>\n\n\n\n<p>Vi leverer vores TEQ-taljesendere i to forskellige st\u00f8rrelser. Enten som standardudgave eller bygget eksklusivt til din applikation inklusive trykknapper, kontakter, joysticks, feedbackinformation osv. Valget er dit: V\u00e6lg enten en kompakt og derfor praktisk sender eller en af de st\u00f8rre versioner, der har masser af plads til ekstra betjeningselementer og et display p\u00e5 op til 4,3 tommer til feedback-information fra den styrede maskine eller det styrede k\u00f8ret\u00f8j.<\/p>\n\n\n\n<p>Med Tele Radio TEQ taljesendere er anvendelsesmulighederne n\u00e6sten uendelige.\u00a0\u00a0\u00a0<\/p>\n\n\n\n<div style=\"height:37px\" aria-hidden=\"true\" class=\"wp-block-spacer\"><\/div>\n\n\n\n<div class=\"wp-block-columns is-layout-flex wp-container-core-columns-is-layout-9d6595d7 wp-block-columns-is-layout-flex\">\n<div class=\"wp-block-column is-layout-flow wp-block-column-is-layout-flow\">\n<h2 class=\"wp-block-heading has-text-align-center has-luminous-vivid-amber-color has-black-background-color has-text-color has-background\" style=\"font-size:30px\">V\u00c6LG DIN MODELR\u00c6KKE<\/h2>\n\n\n\n<div style=\"height:52px\" aria-hidden=\"true\" class=\"wp-block-spacer\"><\/div>\n\n\n\n<div class=\"wp-block-columns is-layout-flex wp-container-core-columns-is-layout-9d6595d7 wp-block-columns-is-layout-flex\">\n<div class=\"wp-block-column is-layout-flow wp-block-column-is-layout-flow\">\n<figure class=\"wp-block-image size-large\"><a href=\"https:\/\/www.tele-radio.com\/da\/primateq\/\"><img loading=\"lazy\" decoding=\"async\" width=\"700\" height=\"1200\" src=\"https:\/\/www.tele-radio.com\/app\/uploads\/\/image-23-700x1200.png\" alt=\"\" class=\"wp-image-201119\" srcset=\"https:\/\/www.tele-radio.com\/app\/uploads\/image-23-700x1200.png 700w, https:\/\/www.tele-radio.com\/app\/uploads\/image-23-233x400.png 233w, https:\/\/www.tele-radio.com\/app\/uploads\/image-23-438x750.png 438w, https:\/\/www.tele-radio.com\/app\/uploads\/image-23-292x500.png 292w, https:\/\/www.tele-radio.com\/app\/uploads\/image-23-467x800.png 467w, https:\/\/www.tele-radio.com\/app\/uploads\/image-23.png 717w\" sizes=\"auto, (max-width: 700px) 100vw, 700px\" \/><\/a><\/figure>\n<\/div>\n\n\n\n<div class=\"wp-block-column is-layout-flow wp-block-column-is-layout-flow\">\n<figure class=\"wp-block-image size-large\"><a href=\"https:\/\/www.tele-radio.com\/da\/versateq\/\"><img loading=\"lazy\" decoding=\"async\" width=\"697\" height=\"1200\" src=\"https:\/\/www.tele-radio.com\/app\/uploads\/\/image-22-697x1200.png\" alt=\"\" class=\"wp-image-201094\" srcset=\"https:\/\/www.tele-radio.com\/app\/uploads\/image-22-697x1200.png 697w, https:\/\/www.tele-radio.com\/app\/uploads\/image-22-232x400.png 232w, https:\/\/www.tele-radio.com\/app\/uploads\/image-22-436x750.png 436w, https:\/\/www.tele-radio.com\/app\/uploads\/image-22-290x500.png 290w, https:\/\/www.tele-radio.com\/app\/uploads\/image-22-465x800.png 465w, https:\/\/www.tele-radio.com\/app\/uploads\/image-22.png 712w\" sizes=\"auto, (max-width: 697px) 100vw, 697px\" \/><\/a><\/figure>\n<\/div>\n\n\n\n<div class=\"wp-block-column is-layout-flow wp-block-column-is-layout-flow\">\n<figure class=\"wp-block-image size-large\"><a href=\"https:\/\/www.tele-radio.com\/da\/suprateq\/\"><img loading=\"lazy\" decoding=\"async\" width=\"693\" height=\"1200\" src=\"https:\/\/www.tele-radio.com\/app\/uploads\/\/image-24-693x1200.png\" alt=\"\" class=\"wp-image-201145\" srcset=\"https:\/\/www.tele-radio.com\/app\/uploads\/image-24-693x1200.png 693w, https:\/\/www.tele-radio.com\/app\/uploads\/image-24-231x400.png 231w, https:\/\/www.tele-radio.com\/app\/uploads\/image-24-433x750.png 433w, https:\/\/www.tele-radio.com\/app\/uploads\/image-24-289x500.png 289w, https:\/\/www.tele-radio.com\/app\/uploads\/image-24-462x800.png 462w, https:\/\/www.tele-radio.com\/app\/uploads\/image-24.png 710w\" sizes=\"auto, (max-width: 693px) 100vw, 693px\" \/><\/a><\/figure>\n<\/div>\n<\/div>\n\n\n\n<hr class=\"wp-block-separator has-text-color has-black-color has-css-opacity has-black-background-color has-background aligncenter is-style-thick\"\/>\n\n\n\n<div style=\"height:67px\" aria-hidden=\"true\" class=\"wp-block-spacer\"><\/div>\n\n\n\n<div class=\"wp-block-columns is-layout-flex wp-container-core-columns-is-layout-9d6595d7 wp-block-columns-is-layout-flex\">\n<div class=\"wp-block-column is-layout-flow wp-block-column-is-layout-flow\">\n<h2 class=\"wp-block-heading has-text-align-center has-luminous-vivid-amber-color has-black-background-color has-text-color has-background\" style=\"font-size:30px\">V\u00c6LG STANDARD ELLER SPECIALBYGGET<\/h2>\n<\/div>\n<\/div>\n\n\n\n<div style=\"height:16px\" aria-hidden=\"true\" class=\"wp-block-spacer\"><\/div>\n\n\n\n<p>Har du brug for en sender til en (mere eller mindre) standardiseret applikation? S\u00e5 anbefaler vi, at du v\u00e6lger PrimaTEQ-, VersaTEQ- eller SupraTEQ Basic Line-versionen. Disse transmittere har et fast s\u00e6t betjeningselementer, er meget justerbare, har en uafh\u00e6ngigt certificeret stopknap og tilbyder det bedste forhold mellem pris og kvalitet.<\/p>\n\n\n\n<p>For at opfylde de g\u00e6ldende industristandarder er Tele Radio taljesenderne kompatible med en bred vifte af BUS-systemer.<\/p>\n\n\n\n<p>Hvis du har specifikke \u00f8nsker til din applikation, anbefaler vi, at du bygger din egen Custom Line-version i samr\u00e5d med vores specialister.<\/p>\n\n\n\n<p>Se de vigtigste forskelle nedenfor:<\/p>\n\n\n\n<div class=\"wp-block-columns is-layout-flex wp-container-core-columns-is-layout-9d6595d7 wp-block-columns-is-layout-flex\">\n<div class=\"wp-block-column is-layout-flow wp-block-column-is-layout-flow\">\n<h2 class=\"wp-block-heading has-text-align-center has-medium-font-size\"><\/h2>\n\n\n\n<h2 class=\"wp-block-heading has-text-align-center has-luminous-vivid-amber-color has-text-color has-medium-font-size\"><strong>BASIC LINE<\/strong><\/h2>\n<\/div>\n\n\n\n<div class=\"wp-block-column is-layout-flow wp-block-column-is-layout-flow\">\n<h2 class=\"wp-block-heading has-text-align-center has-medium-font-size\"><\/h2>\n\n\n\n<h2 class=\"wp-block-heading has-text-align-center has-luminous-vivid-amber-color has-text-color has-medium-font-size\"><strong>CUSTOM LINE<\/strong><\/h2>\n<\/div>\n<\/div>\n\n\n\n<div class=\"wp-block-columns is-layout-flex wp-container-core-columns-is-layout-9d6595d7 wp-block-columns-is-layout-flex\">\n<div class=\"wp-block-column is-layout-flow wp-block-column-is-layout-flow\">\n<figure class=\"wp-block-table is-style-stripes\"><table class=\"has-fixed-layout\"><thead><tr><th class=\"has-text-align-center\" data-align=\"center\"><meta charset=\"utf-8\"><\/meta>SENDER<\/th><th class=\"has-text-align-center\" data-align=\"center\"><meta charset=\"utf-8\"><\/meta>MODTAGER<\/th><\/tr><\/thead><tbody><tr><td class=\"has-text-align-center\" data-align=\"center\">Velegnet til de fleste anvendelser<\/td><td class=\"has-text-align-center\" data-align=\"center\"><meta charset=\"utf-8\"><\/meta>Forprogrammerede I\/O&#8217;er<\/td><\/tr><tr><td class=\"has-text-align-center\" data-align=\"center\">Standard kontrolelementer<\/td><td class=\"has-text-align-center\" data-align=\"center\">M12-stik, klar til kabelstyring<\/td><\/tr><tr><td class=\"has-text-align-center\" data-align=\"center\">Grundl\u00e6ggende sort frontplade<\/td><td class=\"has-text-align-center\" data-align=\"center\">RPSMA-stik, klar til ekstern antenne<\/td><\/tr><tr><td class=\"has-text-align-center\" data-align=\"center\">Bedste pris<\/td><td class=\"has-text-align-center\" data-align=\"center\">Valg mellem 2 typer modtagere<\/td><\/tr><\/tbody><\/table><\/figure>\n<\/div>\n\n\n\n<div class=\"wp-block-column is-layout-flow wp-block-column-is-layout-flow\">\n<figure class=\"wp-block-table is-style-stripes\"><table class=\"has-fixed-layout\"><thead><tr><th class=\"has-text-align-center\" data-align=\"center\"><meta charset=\"utf-8\"><\/meta>SENDER<\/th><th class=\"has-text-align-center\" data-align=\"center\"><meta charset=\"utf-8\"><\/meta>MODTAGER<\/th><\/tr><\/thead><tbody><tr><td class=\"has-text-align-center\" data-align=\"center\">Skr\u00e6ddersyet<\/td><td class=\"has-text-align-center\" data-align=\"center\">Flere programmerbare I\/O&#8217;er<\/td><\/tr><tr><td class=\"has-text-align-center\" data-align=\"center\">Alle kontrolelementer mulige<\/td><td class=\"has-text-align-center\" data-align=\"center\">Multiple feltbusprotokoller mulige<\/td><\/tr><tr><td class=\"has-text-align-center\" data-align=\"center\">Tilpasset frontplade<br><br><\/td><td class=\"has-text-align-center\" data-align=\"center\">Alle udgange og indgange er mulige<br><\/td><\/tr><tr><td class=\"has-text-align-center\" data-align=\"center\">Pris baseret p\u00e5 foresp\u00f8rgsel<\/td><td class=\"has-text-align-center\" data-align=\"center\">Tilpasset l\u00f8sning til ledningsf\u00f8ring<\/td><\/tr><\/tbody><\/table><\/figure>\n<\/div>\n<\/div>\n<\/div>\n<\/div>\n\n\n\n<div style=\"height:20px\" aria-hidden=\"true\" class=\"wp-block-spacer\"><\/div>\n\n\n\n<h2 class=\"wp-block-heading has-text-align-center has-luminous-vivid-amber-color has-black-background-color has-text-color has-background\" style=\"font-size:30px\">V\u00c6LG DIT TILBEH\u00d8R<\/h2>\n\n\n\n<div style=\"height:21px\" aria-hidden=\"true\" class=\"wp-block-spacer\"><\/div>\n\n\n\n<p class=\"has-text-align-center\">Vi tilbyder et bredt udvalg af tilbeh\u00f8r til dit system, herunder repeater\/aktiv antenne, batterisystem, ekstern antenne osv.<\/p>\n\n\n\n<div style=\"height:13px\" aria-hidden=\"true\" class=\"wp-block-spacer\"><\/div>\n\n\n\n<div class=\"wp-block-columns is-layout-flex wp-container-core-columns-is-layout-9d6595d7 wp-block-columns-is-layout-flex\">\n<div class=\"wp-block-column is-layout-flow wp-block-column-is-layout-flow\">\n<div class=\"wp-block-media-text alignwide is-stacked-on-mobile is-vertically-aligned-center\" style=\"grid-template-columns:41% auto\"><figure class=\"wp-block-media-text__media\"><a href=\"https:\/\/www.tele-radio.com\/products\/accessories\/d5-21\/\"><img decoding=\"async\" src=\"https:\/\/www.tele-radio.com\/app\/uploads\/New_logo_Repeater_Active_Antenna_vrijstaand-kopi\u00ebren-1200x1200.jpg\" alt=\"\" class=\"wp-image-106551 size-full\"\/><\/a><\/figure><div class=\"wp-block-media-text__content\">\n<p class=\"has-normal-font-size\"><strong>AKTIV ANTENNE<\/strong><br><br>Repeateren\/den aktive antenne er en effektiv m\u00e5de at \u00f8ge din r\u00e6kkevidde med op til 2 kilometer i terr\u00e6n (ved maksimalt 16 repeatere).<\/p>\n\n\n\n<ul class=\"wp-block-list\">\n<li>Aktiv antenne i samme kabinet<\/li>\n\n\n\n<li>2 kilometer\/1,25 mil i r\u00e6kkevidde<\/li>\n\n\n\n<li>Underst\u00f8ttelse af antennediversitet<\/li>\n<\/ul>\n<\/div><\/div>\n\n\n\n<p><\/p>\n<\/div>\n\n\n\n<div class=\"wp-block-column is-layout-flow wp-block-column-is-layout-flow\">\n<div class=\"wp-block-media-text alignwide is-stacked-on-mobile is-vertically-aligned-center\"><figure class=\"wp-block-media-text__media\"><a href=\"https:\/\/www.tele-radio.com\/products\/accessories\/m769755-2\/\"><img loading=\"lazy\" decoding=\"async\" width=\"1200\" height=\"830\" src=\"https:\/\/www.tele-radio.com\/app\/uploads\/\/PM_M769755_2-1-1200x830.png\" alt=\"\" class=\"wp-image-106528 size-full\" srcset=\"https:\/\/www.tele-radio.com\/app\/uploads\/PM_M769755_2-1-1200x830.png 1200w, https:\/\/www.tele-radio.com\/app\/uploads\/PM_M769755_2-1-400x277.png 400w, https:\/\/www.tele-radio.com\/app\/uploads\/PM_M769755_2-1-768x531.png 768w, https:\/\/www.tele-radio.com\/app\/uploads\/PM_M769755_2-1-1536x1062.png 1536w, https:\/\/www.tele-radio.com\/app\/uploads\/PM_M769755_2-1-750x519.png 750w, https:\/\/www.tele-radio.com\/app\/uploads\/PM_M769755_2-1-500x346.png 500w, https:\/\/www.tele-radio.com\/app\/uploads\/PM_M769755_2-1-1600x1107.png 1600w, https:\/\/www.tele-radio.com\/app\/uploads\/PM_M769755_2-1-800x553.png 800w, https:\/\/www.tele-radio.com\/app\/uploads\/PM_M769755_2-1.png 1800w\" sizes=\"auto, (max-width: 1200px) 100vw, 1200px\" \/><\/a><\/figure><div class=\"wp-block-media-text__content\">\n<p class=\"has-normal-font-size\"><strong>BATTERISYSTEM<\/strong><\/p>\n\n\n\n<p>Li-ion-batterierne med h\u00f8j kapacitet til Tele Radio TEQ er udstyret med RFID*-tags og kan ogs\u00e5 udskiftes under drift for uafbrudt kontrol.<\/p>\n\n\n\n<ul class=\"wp-block-list\">\n<li>Hot-swappable kan udskiftes under drift<\/li>\n<\/ul>\n\n\n\n<ul class=\"wp-block-list\">\n<li>RFID<\/li>\n<\/ul>\n\n\n\n<ul class=\"wp-block-list\">\n<li>V\u00e6g-\/bordoplader tilg\u00e6ngelig<\/li>\n<\/ul>\n\n\n\n<p>*Ikke standard<\/p>\n<\/div><\/div>\n<\/div>\n<\/div>\n\n\n\n<div class=\"wp-block-columns is-layout-flex wp-container-core-columns-is-layout-9d6595d7 wp-block-columns-is-layout-flex\">\n<div class=\"wp-block-column is-layout-flow wp-block-column-is-layout-flow\">\n<div class=\"wp-block-media-text alignwide is-stacked-on-mobile\"><figure class=\"wp-block-media-text__media\"><img loading=\"lazy\" decoding=\"async\" width=\"1200\" height=\"1200\" src=\"https:\/\/www.tele-radio.com\/app\/uploads\/\/Belly_Belt-1200x1200.png\" alt=\"\" class=\"wp-image-106576 size-full\" srcset=\"https:\/\/www.tele-radio.com\/app\/uploads\/Belly_Belt-1200x1200.png 1200w, https:\/\/www.tele-radio.com\/app\/uploads\/Belly_Belt-400x400.png 400w, https:\/\/www.tele-radio.com\/app\/uploads\/Belly_Belt-150x150.png 150w, https:\/\/www.tele-radio.com\/app\/uploads\/Belly_Belt-768x768.png 768w, https:\/\/www.tele-radio.com\/app\/uploads\/Belly_Belt-1536x1536.png 1536w, https:\/\/www.tele-radio.com\/app\/uploads\/Belly_Belt-2048x2048.png 2048w, https:\/\/www.tele-radio.com\/app\/uploads\/Belly_Belt-250x250.png 250w, https:\/\/www.tele-radio.com\/app\/uploads\/Belly_Belt-750x750.png 750w, https:\/\/www.tele-radio.com\/app\/uploads\/Belly_Belt-500x500.png 500w, https:\/\/www.tele-radio.com\/app\/uploads\/Belly_Belt-1600x1600.png 1600w, https:\/\/www.tele-radio.com\/app\/uploads\/Belly_Belt-800x800.png 800w\" sizes=\"auto, (max-width: 1200px) 100vw, 1200px\" \/><\/figure><div class=\"wp-block-media-text__content\">\n<p><strong>TALJEB\u00c6LTE<\/strong><\/p>\n\n\n\n<p class=\"has-normal-font-size\">Taljeb\u00e6lte for maksimal komfort. Justerbar i l\u00e6ngden. Passer til alle <strong>TEQ-taljesendere<\/strong>. Giver ekstra komfort, n\u00e5r du b\u00e6rer din sender.<\/p>\n<\/div><\/div>\n<\/div>\n<\/div>\n\n\n\n<div style=\"height:60px\" aria-hidden=\"true\" class=\"wp-block-spacer\"><\/div>\n\n\n\n<h2 class=\"wp-block-heading\"><br><\/h2>\n","protected":false},"excerpt":{"rendered":"<p>TEQ TALJESENDERE Til det bredeste udvalg af applikationer Med mere end 65 \u00e5rs erfaring inden for tr\u00e5dl\u00f8se industrielle kontrolenheder har Tele Radio et bredt udvalg af sendere. Disse sendere skr\u00e6ddersys problemfrit til slutbrugerens pr\u00e6cise \u00f8nsker og applikationens specifikke egenskaber. Tele Radio TEQ-taljesendere er tilg\u00e6ngelige til de mest komplekse kontroll\u00f8sninger. Disse sendere b\u00e6res ved hj\u00e6lp af [&hellip;]<\/p>\n","protected":false},"author":29,"featured_media":196809,"parent":0,"menu_order":0,"comment_status":"closed","ping_status":"closed","template":"","meta":{"_acf_changed":false,"footnotes":""},"class_list":["post-196804","page","type-page","status-publish","has-post-thumbnail","hentry"],"acf":[],"_links":{"self":[{"href":"https:\/\/www.tele-radio.com\/da\/wp-json\/wp\/v2\/pages\/196804","targetHints":{"allow":["GET"]}}],"collection":[{"href":"https:\/\/www.tele-radio.com\/da\/wp-json\/wp\/v2\/pages"}],"about":[{"href":"https:\/\/www.tele-radio.com\/da\/wp-json\/wp\/v2\/types\/page"}],"author":[{"embeddable":true,"href":"https:\/\/www.tele-radio.com\/da\/wp-json\/wp\/v2\/users\/29"}],"replies":[{"embeddable":true,"href":"https:\/\/www.tele-radio.com\/da\/wp-json\/wp\/v2\/comments?post=196804"}],"version-history":[{"count":6,"href":"https:\/\/www.tele-radio.com\/da\/wp-json\/wp\/v2\/pages\/196804\/revisions"}],"predecessor-version":[{"id":201345,"href":"https:\/\/www.tele-radio.com\/da\/wp-json\/wp\/v2\/pages\/196804\/revisions\/201345"}],"wp:featuredmedia":[{"embeddable":true,"href":"https:\/\/www.tele-radio.com\/da\/wp-json\/wp\/v2\/media\/196809"}],"wp:attachment":[{"href":"https:\/\/www.tele-radio.com\/da\/wp-json\/wp\/v2\/media?parent=196804"}],"curies":[{"name":"wp","href":"https:\/\/api.w.org\/{rel}","templated":true}]}}