{"id":196801,"date":"2022-06-29T12:40:34","date_gmt":"2022-06-29T12:40:34","guid":{"rendered":"https:\/\/www.tele-radio.com\/custom-line-solutions-2\/"},"modified":"2024-01-10T10:55:27","modified_gmt":"2024-01-10T10:55:27","slug":"custom-line-solutions","status":"publish","type":"page","link":"https:\/\/www.tele-radio.com\/da\/custom-line-solutions\/","title":{"rendered":"SKR\u00c6DDERSYEDE CUSTOM LINE-L\u00d8SNINGER"},"content":{"rendered":"\n<h1 class=\"wp-block-heading\">SKR\u00c6DDERSYEDE CUSTOM LINE-L\u00d8SNINGER<\/h1>\n\n\n\n<div style=\"height:24px\" aria-hidden=\"true\" class=\"wp-block-spacer\"><\/div>\n\n\n\n<div class=\"wp-block-cover\" style=\"min-height:698px;aspect-ratio:unset;\"><span aria-hidden=\"true\" class=\"wp-block-cover__background has-black-background-color has-background-dim-10 has-background-dim\"><\/span><img loading=\"lazy\" decoding=\"async\" width=\"2560\" height=\"1707\" class=\"wp-block-cover__image-background wp-image-106791\" alt=\"\" src=\"https:\/\/www.tele-radio.com\/app\/uploads\/TW78_4-scaled.jpg\" data-object-fit=\"cover\" srcset=\"https:\/\/www.tele-radio.com\/app\/uploads\/TW78_4-scaled.jpg 2560w, https:\/\/www.tele-radio.com\/app\/uploads\/TW78_4-400x267.jpg 400w, https:\/\/www.tele-radio.com\/app\/uploads\/TW78_4-1200x800.jpg 1200w, https:\/\/www.tele-radio.com\/app\/uploads\/TW78_4-768x512.jpg 768w, https:\/\/www.tele-radio.com\/app\/uploads\/TW78_4-1536x1024.jpg 1536w\" sizes=\"auto, (max-width: 2560px) 100vw, 2560px\" \/><div class=\"wp-block-cover__inner-container is-layout-flow wp-block-cover-is-layout-flow\">\n<h2 class=\"wp-block-heading has-text-align-center has-large-font-size\">Vores tilpasning til de mindste detaljer<\/h2>\n<\/div><\/div>\n\n\n\n<div style=\"height:37px\" aria-hidden=\"true\" class=\"wp-block-spacer\"><\/div>\n\n\n\n<h2 class=\"wp-block-heading\"><meta charset=\"utf-8\"><\/meta>Til vores VERSATEQ- og SUPRATEQ-modelserie<\/h2>\n\n\n\n<p>Til vores VERSATEQ- og SUPRATEQ-modelserie<\/p>\n\n\n\n<p>P\u00e5 grund af den modul\u00e6re opbygning af b\u00e5de VersaTEQ og SupraTEQ er disse produkters fleksibilitet ekstrem. Du starter med at v\u00e6lge hus; den store SupraTEQ eller den mellemstore VersaTEQ. Derefter kan du v\u00e6lge mellem en bred vifte af tekniske muligheder under transmitterens motorhjelm. Alle transmittere kan konfigureres til dine n\u00f8jagtige specifikationer. Udover disse tekniske muligheder er alle t\u00e6nkelige standardbetjeningselementer naturligvis mulige, helt ned til den sidste knap, joystick eller paddle. Frontpladen kan tilpasses med enten fuldfarvetryk eller gravering, det er dit valg.<\/p>\n\n\n\n<p>De kompakte modtagere kan ogs\u00e5 i h\u00f8j grad tilpasses dine \u00f8nsker: flere programmerbare I\/O&#8217;er, flere feltbus-protokoller, alle udgange\/indgange kan programmeres, en ekstern antenne og brugerdefineret kabling er mulig.<\/p>\n\n\n\n<p>Dit Custom Line taljeb\u00e5ndssystem passer perfekt til dine behov. Det er styrken ved den personlige tilpasning, vi tilbyder til VersaTEQ- og SupraTEQ-systemerne.<\/p>\n\n\n\n<div style=\"height:33px\" aria-hidden=\"true\" class=\"wp-block-spacer\"><\/div>\n\n\n\n<h2 class=\"wp-block-heading has-text-align-center has-luminous-vivid-amber-color has-black-background-color has-text-color has-background has-large-font-size\">OPDAG FLEKSIBILITETEN I VORES SKR\u00c6DDERSYEDE TALJEB\u00c5NDSSYSTEMER<\/h2>\n\n\n\n<div style=\"height:39px\" aria-hidden=\"true\" class=\"wp-block-spacer\"><\/div>\n\n\n\n<h2 class=\"wp-block-heading has-text-align-center\">CHOOSE YOUR HOUSING<\/h2>\n\n\n\n<div style=\"height:46px\" aria-hidden=\"true\" class=\"wp-block-spacer\"><\/div>\n\n\n\n<figure class=\"wp-block-table is-style-stripes\"><table class=\"has-black-color has-luminous-vivid-amber-background-color has-text-color has-background\"><thead><tr><th class=\"has-text-align-center\" data-align=\"center\"><meta charset=\"utf-8\"><strong>VersaTEQ TW57<\/strong><\/th><th class=\"has-text-align-center\" data-align=\"center\"><meta charset=\"utf-8\"><strong>SupraTEQ TW77<\/strong><\/th><th class=\"has-text-align-center\" data-align=\"center\"><meta charset=\"utf-8\"><strong>SupraTEQ TW78<\/strong><\/th><\/tr><\/thead><tbody><tr><td class=\"has-text-align-center\" data-align=\"center\">24 cm<\/td><td class=\"has-text-align-center\" data-align=\"center\">33 cm<\/td><td class=\"has-text-align-center\" data-align=\"center\">33 cm<\/td><\/tr><tr><td class=\"has-text-align-center\" data-align=\"center\">320 x 240 px k\u00e6rm<\/td><td class=\"has-text-align-center\" data-align=\"center\">320 x 240 px k\u00e6rm<\/td><td class=\"has-text-align-center\" data-align=\"center\">480 x 272 px k\u00e6rm<\/td><\/tr><\/tbody><\/table><\/figure>\n\n\n\n<div style=\"height:68px\" aria-hidden=\"true\" class=\"wp-block-spacer\"><\/div>\n\n\n\n<h2 class=\"wp-block-heading has-text-align-center\">DINE MULIGHEDER FOR AT BYGGE P\u00c5 BESTILLING<\/h2>\n\n\n\n<div style=\"height:67px\" aria-hidden=\"true\" class=\"wp-block-spacer\"><\/div>\n\n\n<div class=\"wp-block-image\">\n<figure class=\"aligncenter size-large is-resized\"><img loading=\"lazy\" decoding=\"async\" src=\"https:\/\/www.tele-radio.com\/app\/uploads\/PUMA_CUSTOM_OPTIONS-1200x632.png\" alt=\"UPPT\u00c4CK FLEXIBLITETEN MED V\u00c5RA PUMA\u00a0CUSTOM LINE-S\u00c4NDARE\" class=\"wp-image-42772\" width=\"680\" height=\"358\" srcset=\"https:\/\/www.tele-radio.com\/app\/uploads\/PUMA_CUSTOM_OPTIONS-1200x632.png 1200w, https:\/\/www.tele-radio.com\/app\/uploads\/PUMA_CUSTOM_OPTIONS-400x211.png 400w, https:\/\/www.tele-radio.com\/app\/uploads\/PUMA_CUSTOM_OPTIONS-768x405.png 768w, https:\/\/www.tele-radio.com\/app\/uploads\/PUMA_CUSTOM_OPTIONS-750x395.png 750w, https:\/\/www.tele-radio.com\/app\/uploads\/PUMA_CUSTOM_OPTIONS-500x264.png 500w, https:\/\/www.tele-radio.com\/app\/uploads\/PUMA_CUSTOM_OPTIONS-1600x843.png 1600w, https:\/\/www.tele-radio.com\/app\/uploads\/PUMA_CUSTOM_OPTIONS-800x422.png 800w, https:\/\/www.tele-radio.com\/app\/uploads\/PUMA_CUSTOM_OPTIONS.png 2000w\" sizes=\"auto, (max-width: 680px) 100vw, 680px\" \/><\/figure><\/div>\n\n\n<div style=\"height:28px\" aria-hidden=\"true\" class=\"wp-block-spacer\"><\/div>\n\n\n<div class=\"wp-block-image\">\n<figure class=\"aligncenter size-large is-resized\"><img loading=\"lazy\" decoding=\"async\" src=\"https:\/\/www.tele-radio.com\/app\/uploads\/\/icons_banner_UK-1200x266.jpg\" alt=\"\" width=\"537\" height=\"119\"\/><\/figure><\/div>\n\n\n<div style=\"height:100px\" aria-hidden=\"true\" class=\"wp-block-spacer\"><\/div>\n\n\n\n<figure class=\"wp-block-table\"><table><tbody><tr><td><img decoding=\"async\" style=\"width: 800px;\" src=\"https:\/\/www.tele-radio.com\/app\/uploads\/PM_PM_HY-T24_0002.jpg\" alt=\"\"><\/td><td><strong><span style=\"text-decoration: underline;\">Fleksibel<\/span><\/strong><span style=\"text-decoration: underline;\"><br><\/span><br>Custom Line tilbyder hidtil usete muligheder inden for softwarejusteringer. I samr\u00e5d med vores salgsafdeling bestemmer du den \u00f8nskede funktionalitet i systemet, skr\u00e6ddersyet til dine \u00f8nsker og mulighederne i den styrede maskine, kran, k\u00f8ret\u00f8j eller fart\u00f8j.Der er for eksempel mulighed for at vise feedback-signalerne fra din applikation p\u00e5 sk\u00e6rmen. Der er mange muligheder for indstillinger af styringen fra transmitteren til din maskine, og LCD-sk\u00e6rmen kan designes efter dine \u00f8nsker. Din egen stil kan ogs\u00e5 inkorporeres i systemet, signaler kan vises som grafer, animationer er mulige og meget mere.<\/td><\/tr><\/tbody><\/table><\/figure>\n\n\n\n<figure class=\"wp-block-table\"><table><tbody><tr><td><img decoding=\"async\" src=\"https:\/\/www.tele-radio.com\/app\/uploads\/PM_PM_HY-T24_0006.jpg\" alt=\"\" style=\"width: 603px;\"><\/td><td><strong><span style=\"text-decoration: underline;\">Justeringer af hardware<br><\/span><\/strong><br>Ud over valget af en almindelig eller stor st\u00f8rrelse hus til senderen, kan meget af hardwaren tilpasses til din egen indsigt og behov. Tele Radio waist-sendere er beregnet til mange specielle funktioner.<br>Senderens h\u00e5ndtag kan for eksempel udstyres med LED-belysning, som oplyser frontpladen og betjeningselementerne i m\u00f8rke. Der kan installeres en vibrationsmotor til et taktilt feedbacksignal. Det er ogs\u00e5 muligt at anvende en fysisk l\u00e5s p\u00e5 senderen. Modtageren kan selvf\u00f8lgelig ogs\u00e5 tilpasses efter dine \u00f8nsker. Den kan udstyres med en intern eller ekstern antenne, en aktiv antenne, ekstra rel\u00e6er, BUS-moduler eller en s\u00e6rlig type kabelf\u00f8ring.<\/td><\/tr><\/tbody><\/table><\/figure>\n\n\n\n<figure class=\"wp-block-table\"><table><tbody><tr><td><img decoding=\"async\" src=\"https:\/\/www.tele-radio.com\/app\/uploads\/PM_PM_HY-T24_0004-1.jpg\" alt=\"\" style=\"width: 500px;\"><\/td><td><strong><span style=\"text-decoration: underline;\">Betjeningselementer<br><\/span><\/strong><br>Betjeningselementerne har stor betydning for, hvor nemt du kan betjene din maskine, dit apparat, k\u00f8ret\u00f8j eller fart\u00f8j. Det er vigtigt at v\u00e6lge og indstille komponenterne omhyggeligt. Vi har et bredt udvalg af betjeningselementer at v\u00e6lge imellem.<br>Du kan forsyne din sender med forskellige typer joysticks med eller uden en knap p\u00e5 toppen, der er paddles, (tryk)kontakter med flere positioner, vippekontakter, potentiometre osv. Nogle kontrolelementer kan udstyres med en indbygget LED eller LED-indikator ved siden af knappen i frontpladen. Knapperne kan ogs\u00e5 v\u00e6re forsynet med specielle farver for intuitiv betjening.<\/td><\/tr><\/tbody><\/table><\/figure>\n\n\n\n<figure class=\"wp-block-table\"><table><tbody><tr><td><img decoding=\"async\" src=\"https:\/\/www.tele-radio.com\/app\/uploads\/PH_PM_HY-T24_0016.jpg\" alt=\"\" style=\"width: 449px;\"><\/td><td><strong><span style=\"text-decoration: underline;\">Frontplade<br><\/span><\/strong><br>Senderens frontplade er en karakteristisk del af Custom Line. Ved at designe og producere frontpladen efter dine \u00f8nsker, bliver senderen mere brugervenlig og flottere at se p\u00e5. Du kan integrere din egen virksomhedsidentitet p\u00e5 frontpladen. Med de korrekte indikationer og ikoner p\u00e5 frontpladen sikrer du en mere effektiv og sikker brug.<br>Frontpladen kan trykkes eller graveres. Der er fuld frihed med hensyn til typen af ikoner, logoer, skrifttyper osv. Frontpladen er, ligesom resten af senderen, meget modstandsdygtig over for snavs, v\u00e6sker, fedt osv. Vores salgsafdeling vil med gl\u00e6de r\u00e5dgive dig om det bedst mulige system.<\/td><\/tr><\/tbody><\/table><\/figure>\n\n\n\n<figure class=\"wp-block-table\"><table><tbody><tr><td><img decoding=\"async\" src=\"https:\/\/www.tele-radio.com\/app\/uploads\/Certificaten.jpg\" alt=\"\" style=\"width: 348px;\"><\/td><td><strong><span style=\"text-decoration: underline;\">Certificering<\/span><\/strong><br><br>Teleradiosystemer bruges ofte i h\u00f8jrisikoomr\u00e5der. I disse situationer skal du altid kunne stole p\u00e5 systemets sikkerhed. I en n\u00f8dsituation skal den sikkerhedsrelaterede stopfunktion g\u00f8re det, den er designet til; fastfryse din applikation!<br>P\u00e5lideligheden af transmitterens sikkerhedsstop er vist i forskellige officielt definerede sikkerhedsniveauer (<strong>SIL3, PLd, PLe osv.<\/strong>). Det unikke er den uafh\u00e6ngige certificering, som Tele Radio har opn\u00e5et for disse sikkerhedsniveauer.<br>Custom Line kan forsynes med det \u00f8nskede sikkerhedsniveau. P\u00e5 den m\u00e5de kan systemet bruges sikkert i alle situationer.<\/td><\/tr><\/tbody><\/table><\/figure>\n\n\n\n<div style=\"height:71px\" aria-hidden=\"true\" class=\"wp-block-spacer\"><\/div>\n\n\n\n<h2 class=\"wp-block-heading has-text-align-center has-luminous-vivid-amber-color has-black-background-color has-text-color has-background\">MERV\u00c6RDIEN AF VORES PRODUKTER<\/h2>\n\n\n\n<div style=\"height:50px\" aria-hidden=\"true\" class=\"wp-block-spacer\"><\/div>\n\n\n<div class=\"wp-block-image is-style-rounded\">\n<figure class=\"alignleft size-full is-resized\"><img loading=\"lazy\" decoding=\"async\" src=\"https:\/\/www.tele-radio.com\/app\/uploads\/Contact-1.png\" alt=\"\" class=\"wp-image-106305\" width=\"111\" height=\"111\" srcset=\"https:\/\/www.tele-radio.com\/app\/uploads\/Contact-1.png 417w, https:\/\/www.tele-radio.com\/app\/uploads\/Contact-1-400x400.png 400w, https:\/\/www.tele-radio.com\/app\/uploads\/Contact-1-150x150.png 150w, https:\/\/www.tele-radio.com\/app\/uploads\/Contact-1-250x250.png 250w\" sizes=\"auto, (max-width: 111px) 100vw, 111px\" \/><\/figure><\/div>\n\n\n<p><strong>Kompetent r\u00e5dgivning fra vores salgsafdeling<\/strong><\/p>\n\n\n\n<p><a href=\"https:\/\/www.tele-radio.com\/da\/contact-us\/\">Kontakt<\/a> os for at f\u00e5 r\u00e5dgivning om det bedst egnede monteringssystem til din applikation.<\/p>\n\n\n\n<p><\/p>\n\n\n\n<p><\/p>\n\n\n\n<div style=\"height:15px\" aria-hidden=\"true\" class=\"wp-block-spacer\"><\/div>\n\n\n<div class=\"wp-block-image is-style-rounded\">\n<figure class=\"alignleft is-resized\"><img loading=\"lazy\" decoding=\"async\" src=\"https:\/\/www.tele-radio.com\/app\/uploads\/Signaal2.png\" alt=\"\" class=\"wp-image-40681\" width=\"111\" height=\"111\" srcset=\"https:\/\/www.tele-radio.com\/app\/uploads\/Signaal2.png 162w, https:\/\/www.tele-radio.com\/app\/uploads\/Signaal2-150x150.png 150w\" sizes=\"auto, (max-width: 111px) 100vw, 111px\" \/><\/figure><\/div>\n\n\n<h3 class=\"wp-block-heading\">Egen teknisk service<\/h3>\n\n\n\n<p>Tele Radio har sin egen tekniske serviceafdeling til support, installation og reparation p\u00e5 stedet.<\/p>\n\n\n\n<p><\/p>\n\n\n\n<p><\/p>\n\n\n\n<div style=\"height:15px\" aria-hidden=\"true\" class=\"wp-block-spacer\"><\/div>\n\n\n<div class=\"wp-block-image is-style-rounded\">\n<figure class=\"alignleft is-resized\"><img loading=\"lazy\" decoding=\"async\" src=\"https:\/\/www.tele-radio.com\/app\/uploads\/Icon_safety.png\" alt=\"\" class=\"wp-image-42940\" width=\"111\" height=\"111\" srcset=\"https:\/\/www.tele-radio.com\/app\/uploads\/Icon_safety.png 162w, https:\/\/www.tele-radio.com\/app\/uploads\/Icon_safety-150x150.png 150w\" sizes=\"auto, (max-width: 111px) 100vw, 111px\" \/><\/figure><\/div>\n\n\n<h3 class=\"wp-block-heading\">De forskellige uafh\u00e6ngige sikkerhedscertifikater<\/h3>\n\n\n\n<p>For alle Tele Radio-produkter med en sikkerhedscertificering g\u00e6lder, at vi kan give dig godkendelsesrapporterne fra den uafh\u00e6ngige testmyndighed. L\u00e6s mere om det <a href=\"https:\/\/www.tele-radio.com\/da\/iso-certifications\/\">HER.<\/a><\/p>\n\n\n\n<p><\/p>\n\n\n\n<p><\/p>\n\n\n\n<p><\/p>\n\n\n\n<div style=\"height:55px\" aria-hidden=\"true\" class=\"wp-block-spacer\"><\/div>\n\n\n\n<div class=\"wp-block-columns is-layout-flex wp-container-core-columns-is-layout-9d6595d7 wp-block-columns-is-layout-flex\">\n<div class=\"wp-block-column is-layout-flow wp-block-column-is-layout-flow\"><div class=\"wp-block-image is-style-default\">\n<figure class=\"aligncenter size-large\"><a href=\"https:\/\/www.tele-radio.com\/suprateq\/\"><img loading=\"lazy\" decoding=\"async\" width=\"1200\" height=\"1032\" src=\"https:\/\/www.tele-radio.com\/app\/uploads\/\/SUPRATEQ_Banner_website-2-1200x1032.jpg\" alt=\"\" class=\"wp-image-106817\" srcset=\"https:\/\/www.tele-radio.com\/app\/uploads\/SUPRATEQ_Banner_website-2-1200x1032.jpg 1200w, https:\/\/www.tele-radio.com\/app\/uploads\/SUPRATEQ_Banner_website-2-400x344.jpg 400w, https:\/\/www.tele-radio.com\/app\/uploads\/SUPRATEQ_Banner_website-2-768x661.jpg 768w, https:\/\/www.tele-radio.com\/app\/uploads\/SUPRATEQ_Banner_website-2-750x645.jpg 750w, https:\/\/www.tele-radio.com\/app\/uploads\/SUPRATEQ_Banner_website-2-500x430.jpg 500w, https:\/\/www.tele-radio.com\/app\/uploads\/SUPRATEQ_Banner_website-2-800x688.jpg 800w, https:\/\/www.tele-radio.com\/app\/uploads\/SUPRATEQ_Banner_website-2.jpg 1425w\" sizes=\"auto, (max-width: 1200px) 100vw, 1200px\" \/><\/a><\/figure><\/div><\/div>\n\n\n\n<div class=\"wp-block-column is-layout-flow wp-block-column-is-layout-flow\"><div class=\"wp-block-image is-style-default\">\n<figure class=\"aligncenter size-large\"><a href=\"https:\/\/www.tele-radio.com\/versateq\/\"><img loading=\"lazy\" decoding=\"async\" width=\"1200\" height=\"1032\" src=\"https:\/\/www.tele-radio.com\/app\/uploads\/\/VERSATEQ_Banner_website-3-1200x1032.jpg\" alt=\"\" class=\"wp-image-106840\" srcset=\"https:\/\/www.tele-radio.com\/app\/uploads\/VERSATEQ_Banner_website-3-1200x1032.jpg 1200w, https:\/\/www.tele-radio.com\/app\/uploads\/VERSATEQ_Banner_website-3-400x344.jpg 400w, https:\/\/www.tele-radio.com\/app\/uploads\/VERSATEQ_Banner_website-3-768x660.jpg 768w, https:\/\/www.tele-radio.com\/app\/uploads\/VERSATEQ_Banner_website-3-750x645.jpg 750w, https:\/\/www.tele-radio.com\/app\/uploads\/VERSATEQ_Banner_website-3-500x430.jpg 500w, https:\/\/www.tele-radio.com\/app\/uploads\/VERSATEQ_Banner_website-3-800x688.jpg 800w, https:\/\/www.tele-radio.com\/app\/uploads\/VERSATEQ_Banner_website-3.jpg 1426w\" sizes=\"auto, (max-width: 1200px) 100vw, 1200px\" \/><\/a><\/figure><\/div><\/div>\n<\/div>\n","protected":false},"excerpt":{"rendered":"<p>SKR\u00c6DDERSYEDE CUSTOM LINE-L\u00d8SNINGER Til vores VERSATEQ- og SUPRATEQ-modelserie Til vores VERSATEQ- og SUPRATEQ-modelserie P\u00e5 grund af den modul\u00e6re opbygning af b\u00e5de VersaTEQ og SupraTEQ er disse produkters fleksibilitet ekstrem. Du starter med at v\u00e6lge hus; den store SupraTEQ eller den mellemstore VersaTEQ. Derefter kan du v\u00e6lge mellem en bred vifte af tekniske muligheder under transmitterens [&hellip;]<\/p>\n","protected":false},"author":29,"featured_media":0,"parent":0,"menu_order":0,"comment_status":"closed","ping_status":"closed","template":"","meta":{"_acf_changed":false,"footnotes":""},"class_list":["post-196801","page","type-page","status-publish","hentry"],"acf":[],"_links":{"self":[{"href":"https:\/\/www.tele-radio.com\/da\/wp-json\/wp\/v2\/pages\/196801","targetHints":{"allow":["GET"]}}],"collection":[{"href":"https:\/\/www.tele-radio.com\/da\/wp-json\/wp\/v2\/pages"}],"about":[{"href":"https:\/\/www.tele-radio.com\/da\/wp-json\/wp\/v2\/types\/page"}],"author":[{"embeddable":true,"href":"https:\/\/www.tele-radio.com\/da\/wp-json\/wp\/v2\/users\/29"}],"replies":[{"embeddable":true,"href":"https:\/\/www.tele-radio.com\/da\/wp-json\/wp\/v2\/comments?post=196801"}],"version-history":[{"count":4,"href":"https:\/\/www.tele-radio.com\/da\/wp-json\/wp\/v2\/pages\/196801\/revisions"}],"predecessor-version":[{"id":201380,"href":"https:\/\/www.tele-radio.com\/da\/wp-json\/wp\/v2\/pages\/196801\/revisions\/201380"}],"wp:attachment":[{"href":"https:\/\/www.tele-radio.com\/da\/wp-json\/wp\/v2\/media?parent=196801"}],"curies":[{"name":"wp","href":"https:\/\/api.w.org\/{rel}","templated":true}]}}