{"id":196794,"date":"2022-06-30T13:49:32","date_gmt":"2022-06-30T13:49:32","guid":{"rendered":"https:\/\/www.tele-radio.com\/versateq\/"},"modified":"2024-01-10T10:57:29","modified_gmt":"2024-01-10T10:57:29","slug":"versateq","status":"publish","type":"page","link":"https:\/\/www.tele-radio.com\/da\/versateq\/","title":{"rendered":"VERSATEQ"},"content":{"rendered":"\n<div style=\"height:11px\" aria-hidden=\"true\" class=\"wp-block-spacer\"><\/div>\n\n\n<div class=\"wp-block-image is-style-rounded\">\n<figure class=\"alignright size-large is-resized\"><img loading=\"lazy\" decoding=\"async\" src=\"https:\/\/www.tele-radio.com\/app\/uploads\/\/VersaTEQ_Collage-1200x1200.jpg\" alt=\"\" class=\"wp-image-106602\" width=\"426\" height=\"426\" srcset=\"https:\/\/www.tele-radio.com\/app\/uploads\/VersaTEQ_Collage.jpg 1200w, https:\/\/www.tele-radio.com\/app\/uploads\/VersaTEQ_Collage-400x400.jpg 400w, https:\/\/www.tele-radio.com\/app\/uploads\/VersaTEQ_Collage-150x150.jpg 150w, https:\/\/www.tele-radio.com\/app\/uploads\/VersaTEQ_Collage-768x768.jpg 768w, https:\/\/www.tele-radio.com\/app\/uploads\/VersaTEQ_Collage-250x250.jpg 250w, https:\/\/www.tele-radio.com\/app\/uploads\/VersaTEQ_Collage-750x750.jpg 750w, https:\/\/www.tele-radio.com\/app\/uploads\/VersaTEQ_Collage-500x500.jpg 500w, https:\/\/www.tele-radio.com\/app\/uploads\/VersaTEQ_Collage-800x800.jpg 800w\" sizes=\"auto, (max-width: 426px) 100vw, 426px\" \/><\/figure><\/div>\n\n\n<h1 class=\"wp-block-heading has-huge-font-size\">VERSATEQ<\/h1>\n\n\n\n<h2 class=\"wp-block-heading\">Vores multifunktionelle taljesender<\/h2>\n\n\n\n<p>Vores innovative mellemklasse-l\u00f8sning til taljesendere med et glat og ergonomisk design. Cirka 24 centimeter bred. Udstyret med h\u00e5ndtag, der f\u00f8lger h\u00e6ndernes naturlige kurver. For at garantere din sikkerhed er alle <strong>VersaTEQ<\/strong>-sendere udstyret med en uafh\u00e6ngig certificeret PLe\/CAT 3, SIL3-stopfunktion. <strong>VersaTEQ<\/strong> er robust, alsidig og fleksibel til mange operationer. Baseret p\u00e5 60 \u00e5rs viden har Tele Radio udviklet denne serie af produkter til hydrauliske, mobile og industrielle applikationer.<\/p>\n\n\n\n<div style=\"height:11px\" aria-hidden=\"true\" class=\"wp-block-spacer\"><\/div>\n\n\n\n<h2 class=\"wp-block-heading has-text-align-center has-large-font-size\">UNIK TEKNOLOGI<\/h2>\n\n\n\n<p>Vi tror p\u00e5 innovation. Tele Radio har udviklet forskellige applikationer, der giver dig mulighed for bedre at betjene og kontrollere dit udstyr ved hj\u00e6lp af den nyeste teknologi. Tele Radio <strong>VersaTEQ<\/strong> har bl.a. f\u00f8lgende s\u00e6rlige funktioner og muligheder.<\/p>\n\n\n<div class=\"wp-block-image is-style-rounded\">\n<figure class=\"alignleft is-resized\"><img loading=\"lazy\" decoding=\"async\" src=\"https:\/\/www.tele-radio.com\/app\/uploads\/Webpaginaopbouw_Puma-1.png\" alt=\"\" class=\"wp-image-38105\" width=\"110\" height=\"110\" srcset=\"https:\/\/www.tele-radio.com\/app\/uploads\/Webpaginaopbouw_Puma-1.png 162w, https:\/\/www.tele-radio.com\/app\/uploads\/Webpaginaopbouw_Puma-1-150x150.png 150w\" sizes=\"auto, (max-width: 110px) 100vw, 110px\" \/><\/figure><\/div>\n\n\n<h3 class=\"wp-block-heading\">Aktiv antenne<\/h3>\n\n\n\n<p>Den aktive antenne kan ogs\u00e5 fungere som en selvst\u00e6ndig repeater. Det \u00f8ger r\u00e6kkevidden mellem sender og modtager betydeligt. Det g\u00f8r det muligt at bruge dette system under meget kr\u00e6vende forhold, f.eks. i minedrift, i bjergomr\u00e5der eller i store bygninger, uden at miste signalet.<\/p>\n\n\n\n<p><\/p>\n\n\n\n<div style=\"height:20px\" aria-hidden=\"true\" class=\"wp-block-spacer\"><\/div>\n\n\n<div class=\"wp-block-image is-style-rounded\">\n<figure class=\"alignleft is-resized\"><img loading=\"lazy\" decoding=\"async\" src=\"https:\/\/www.tele-radio.com\/app\/uploads\/RFID-ICON.png\" alt=\"\" class=\"wp-image-38126\" width=\"110\" height=\"110\" srcset=\"https:\/\/www.tele-radio.com\/app\/uploads\/RFID-ICON.png 162w, https:\/\/www.tele-radio.com\/app\/uploads\/RFID-ICON-150x150.png 150w\" sizes=\"auto, (max-width: 110px) 100vw, 110px\" \/><\/figure><\/div>\n\n\n<h3 class=\"wp-block-heading\">RFID control<\/h3>\n\n\n\n<p><meta charset=\"utf-8\"><\/meta>RFID er en tr\u00e5dl\u00f8s teknik til genkendelse af en unik kode for systemet, produktet eller brugeren. En brugers indstillinger kan gemmes p\u00e5 et smartcard med RFID, som genkendes af systemet under brug. Der kan oprettes forskellige brugerniveauer.<\/p>\n\n\n\n<div style=\"height:21px\" aria-hidden=\"true\" class=\"wp-block-spacer\"><\/div>\n\n\n<div class=\"wp-block-image is-style-rounded\">\n<figure class=\"alignleft is-resized\"><img loading=\"lazy\" decoding=\"async\" src=\"https:\/\/www.tele-radio.com\/app\/uploads\/BUS-Systemen.png\" alt=\"\" class=\"wp-image-38147\" width=\"110\" height=\"110\" srcset=\"https:\/\/www.tele-radio.com\/app\/uploads\/BUS-Systemen.png 162w, https:\/\/www.tele-radio.com\/app\/uploads\/BUS-Systemen-150x150.png 150w\" sizes=\"auto, (max-width: 110px) 100vw, 110px\" \/><\/figure><\/div>\n\n\n<h3 class=\"wp-block-heading\">BUS-systemer<\/h3>\n\n\n\n<p>For at opfylde de nuv\u00e6rende industristandarder er Tele Radio VersaTEQ-fjernbetjeningerne kompatible med en bred vifte af BUS-systemer. Du kan v\u00e6re sikker p\u00e5 et problemfrit samarbejde med softwaren p\u00e5 din maskine. Tele Radio VersaTEQ-fjernbetjeningerne kan h\u00e5ndtere CANOPEN, MODBUS og SAE J1939.<\/p>\n\n\n\n<div style=\"height:75px\" aria-hidden=\"true\" class=\"wp-block-spacer\"><\/div>\n\n\n\n<div class=\"wp-block-columns is-layout-flex wp-container-core-columns-is-layout-9d6595d7 wp-block-columns-is-layout-flex\">\n<div class=\"wp-block-column is-layout-flow wp-block-column-is-layout-flow\">\n<div class=\"wp-block-cover is-light\" style=\"min-height:472px;aspect-ratio:unset;\"><span aria-hidden=\"true\" class=\"wp-block-cover__background has-luminous-vivid-amber-background-color has-background-dim-100 has-background-dim\"><\/span><div class=\"wp-block-cover__inner-container is-layout-flow wp-block-cover-is-layout-flow\">\n<p class=\"has-black-color has-text-color has-medium-font-size\">Afh\u00e6ngigt af din applikation kan du enten v\u00e6lge en af de to VersaTEQ Basic Line-modeller eller v\u00e6lge en Custom Line-l\u00f8sning. Det giver dig fuld frihed til at konfigurere din hardware og software inden for dette senderhus og de tilh\u00f8rende modtagere. Vores Tele Radio-salgsafdeling kan r\u00e5dgive dig om den bedste l\u00f8sning til dit job.<\/p>\n\n\n\n<p class=\"has-black-color has-text-color has-medium-font-size\">VERSATEQ GRUNDL\u00c6GGENDE SPECIFIKATIONER<\/p>\n\n\n\n<div class=\"wp-block-columns is-layout-flex wp-container-core-columns-is-layout-9d6595d7 wp-block-columns-is-layout-flex\">\n<div class=\"wp-block-column is-layout-flow wp-block-column-is-layout-flow\">\n<p class=\"has-black-color has-text-color\">\u2713 Frekvens 2,4 GHz, 16 kanaler<br>\u2713 2\u2033 farvedisplay<br>\u2713 IP65-beskyttelse<br>\u2713 Duplex-kommunikation til feedback<br>\u2713 PLe\/CAT 3, SIL3 sikkerhedsniveau stopfunktion<br>\u2713 Vibration til opvarmning og alarmfeedback<br><\/p>\n<\/div>\n\n\n\n<div class=\"wp-block-column is-layout-flow wp-block-column-is-layout-flow\">\n<p class=\"has-black-color has-text-color\">\u2713 Inpact-type og drejelig stopkontakt p\u00e5 siden<br>\u2713 M12-stik til kabelstyring<br>\u2713 Belyst frontplade<br>\u2713 LED&#8217;er i h\u00e5ndtaget til panelbelysning<br>\u2713 Genopladelige og udskiftelige batterier<br>\u2713 Op til 10 timer p\u00e5 et batteri, afh\u00e6ngigt af konfigurationen<\/p>\n<\/div>\n<\/div>\n<\/div><\/div>\n<\/div>\n<\/div>\n\n\n\n<div style=\"height:32px\" aria-hidden=\"true\" class=\"wp-block-spacer\"><\/div>\n\n\n\n<h2 class=\"wp-block-heading has-text-align-center has-luminous-vivid-amber-color has-black-background-color has-text-color has-background has-large-font-size\">DIT VALG TIL TELE RADIO VERSATEQ BASIC LINE<\/h2>\n\n\n\n<div style=\"height:15px\" aria-hidden=\"true\" class=\"wp-block-spacer\"><\/div>\n\n\n\n<p class=\"has-text-align-center has-medium-font-size\">Tilbyder Tele Radio-kvalitet til den bedste pris. Velegnet til de fleste opgaver og udstyret med standardbetjeningselementer og sort frontplade. Serien best\u00e5r af to grundl\u00e6ggende sendere og to typer modtagere.\u00a0\u00a0\u00a0<\/p>\n\n\n\n<div style=\"height:29px\" aria-hidden=\"true\" class=\"wp-block-spacer\"><\/div>\n\n\n\n<h2 class=\"wp-block-heading has-text-align-center has-medium-font-size\"><meta charset=\"utf-8\"><\/meta>VORES TELE RADIO VERSATEQ-SENDERE<\/h2>\n\n\n\n<div class=\"wp-block-columns is-layout-flex wp-container-core-columns-is-layout-9d6595d7 wp-block-columns-is-layout-flex\">\n<div class=\"wp-block-column is-layout-flow wp-block-column-is-layout-flow\"><div class=\"wp-block-image\">\n<figure class=\"aligncenter size-large\"><a href=\"https:\/\/www.tele-radio.com\/products\/teq-waist-transmitters\/versateq-tw57-t26-02\/\"><img loading=\"lazy\" decoding=\"async\" width=\"657\" height=\"1200\" src=\"https:\/\/www.tele-radio.com\/app\/uploads\/\/Versateq_TW57_Product_Description-2-657x1200.png\" alt=\"\" class=\"wp-image-109541\" srcset=\"https:\/\/www.tele-radio.com\/app\/uploads\/Versateq_TW57_Product_Description-2-657x1200.png 657w, https:\/\/www.tele-radio.com\/app\/uploads\/Versateq_TW57_Product_Description-2-219x400.png 219w, https:\/\/www.tele-radio.com\/app\/uploads\/Versateq_TW57_Product_Description-2-768x1402.png 768w, https:\/\/www.tele-radio.com\/app\/uploads\/Versateq_TW57_Product_Description-2-841x1536.png 841w, https:\/\/www.tele-radio.com\/app\/uploads\/Versateq_TW57_Product_Description-2-1122x2048.png 1122w, https:\/\/www.tele-radio.com\/app\/uploads\/Versateq_TW57_Product_Description-2-411x750.png 411w, https:\/\/www.tele-radio.com\/app\/uploads\/Versateq_TW57_Product_Description-2-274x500.png 274w, https:\/\/www.tele-radio.com\/app\/uploads\/Versateq_TW57_Product_Description-2-876x1600.png 876w, https:\/\/www.tele-radio.com\/app\/uploads\/Versateq_TW57_Product_Description-2-438x800.png 438w, https:\/\/www.tele-radio.com\/app\/uploads\/Versateq_TW57_Product_Description-2.png 1188w\" sizes=\"auto, (max-width: 657px) 100vw, 657px\" \/><\/a><\/figure><\/div><\/div>\n\n\n\n<div class=\"wp-block-column is-layout-flow wp-block-column-is-layout-flow\"><div class=\"wp-block-image is-style-default\">\n<figure class=\"aligncenter size-large\"><a href=\"https:\/\/www.tele-radio.com\/products\/teq-waist-transmitters\/versateq-tw57-t26-03\/\"><img loading=\"lazy\" decoding=\"async\" width=\"657\" height=\"1200\" src=\"https:\/\/www.tele-radio.com\/app\/uploads\/\/Versateq_TW57_T26-03_Product_Description-2-657x1200.png\" alt=\"\" class=\"wp-image-109565\" srcset=\"https:\/\/www.tele-radio.com\/app\/uploads\/Versateq_TW57_T26-03_Product_Description-2-657x1200.png 657w, https:\/\/www.tele-radio.com\/app\/uploads\/Versateq_TW57_T26-03_Product_Description-2-219x400.png 219w, https:\/\/www.tele-radio.com\/app\/uploads\/Versateq_TW57_T26-03_Product_Description-2-768x1402.png 768w, https:\/\/www.tele-radio.com\/app\/uploads\/Versateq_TW57_T26-03_Product_Description-2-841x1536.png 841w, https:\/\/www.tele-radio.com\/app\/uploads\/Versateq_TW57_T26-03_Product_Description-2-1122x2048.png 1122w, https:\/\/www.tele-radio.com\/app\/uploads\/Versateq_TW57_T26-03_Product_Description-2-411x750.png 411w, https:\/\/www.tele-radio.com\/app\/uploads\/Versateq_TW57_T26-03_Product_Description-2-274x500.png 274w, https:\/\/www.tele-radio.com\/app\/uploads\/Versateq_TW57_T26-03_Product_Description-2-876x1600.png 876w, https:\/\/www.tele-radio.com\/app\/uploads\/Versateq_TW57_T26-03_Product_Description-2-438x800.png 438w, https:\/\/www.tele-radio.com\/app\/uploads\/Versateq_TW57_T26-03_Product_Description-2.png 1188w\" sizes=\"auto, (max-width: 657px) 100vw, 657px\" \/><\/a><\/figure><\/div><\/div>\n<\/div>\n\n\n\n<div style=\"height:43px\" aria-hidden=\"true\" class=\"wp-block-spacer\"><\/div>\n\n\n\n<h2 class=\"wp-block-heading has-text-align-center\"><meta charset=\"utf-8\"><\/meta>VORES MATCHENDE BASIC LINE-MODTAGERE<\/h2>\n\n\n\n<div class=\"wp-block-columns is-layout-flex wp-container-core-columns-is-layout-9d6595d7 wp-block-columns-is-layout-flex\">\n<div class=\"wp-block-column is-layout-flow wp-block-column-is-layout-flow\"><div class=\"wp-block-image\">\n<figure class=\"aligncenter size-large\"><a href=\"https:\/\/www.tele-radio.com\/products\/teq-waist-transmitters\/receiver-r20-1\/\"><img loading=\"lazy\" decoding=\"async\" width=\"657\" height=\"1200\" src=\"https:\/\/www.tele-radio.com\/app\/uploads\/\/Receivers_R20-RS0X_Product_Description-657x1200.png\" alt=\"\" class=\"wp-image-152765\" srcset=\"https:\/\/www.tele-radio.com\/app\/uploads\/Receivers_R20-RS0X_Product_Description-657x1200.png 657w, https:\/\/www.tele-radio.com\/app\/uploads\/Receivers_R20-RS0X_Product_Description-219x400.png 219w, https:\/\/www.tele-radio.com\/app\/uploads\/Receivers_R20-RS0X_Product_Description-768x1402.png 768w, https:\/\/www.tele-radio.com\/app\/uploads\/Receivers_R20-RS0X_Product_Description-841x1536.png 841w, https:\/\/www.tele-radio.com\/app\/uploads\/Receivers_R20-RS0X_Product_Description-1122x2048.png 1122w, https:\/\/www.tele-radio.com\/app\/uploads\/Receivers_R20-RS0X_Product_Description-411x750.png 411w, https:\/\/www.tele-radio.com\/app\/uploads\/Receivers_R20-RS0X_Product_Description-274x500.png 274w, https:\/\/www.tele-radio.com\/app\/uploads\/Receivers_R20-RS0X_Product_Description-876x1600.png 876w, https:\/\/www.tele-radio.com\/app\/uploads\/Receivers_R20-RS0X_Product_Description-438x800.png 438w, https:\/\/www.tele-radio.com\/app\/uploads\/Receivers_R20-RS0X_Product_Description.png 1650w\" sizes=\"auto, (max-width: 657px) 100vw, 657px\" \/><\/a><\/figure><\/div><\/div>\n\n\n\n<div class=\"wp-block-column is-layout-flow wp-block-column-is-layout-flow\"><div class=\"wp-block-image\">\n<figure class=\"aligncenter size-large\"><a href=\"https:\/\/www.tele-radio.com\/products\/teq-waist-transmitters\/receiver-r21-1\/\"><img loading=\"lazy\" decoding=\"async\" width=\"658\" height=\"1200\" src=\"https:\/\/www.tele-radio.com\/app\/uploads\/\/Receivers_R21-RS0X_Product_Description-658x1200.png\" alt=\"\" class=\"wp-image-152740\" srcset=\"https:\/\/www.tele-radio.com\/app\/uploads\/Receivers_R21-RS0X_Product_Description-658x1200.png 658w, https:\/\/www.tele-radio.com\/app\/uploads\/Receivers_R21-RS0X_Product_Description-219x400.png 219w, https:\/\/www.tele-radio.com\/app\/uploads\/Receivers_R21-RS0X_Product_Description-768x1402.png 768w, https:\/\/www.tele-radio.com\/app\/uploads\/Receivers_R21-RS0X_Product_Description-842x1536.png 842w, https:\/\/www.tele-radio.com\/app\/uploads\/Receivers_R21-RS0X_Product_Description-1122x2048.png 1122w, https:\/\/www.tele-radio.com\/app\/uploads\/Receivers_R21-RS0X_Product_Description-411x750.png 411w, https:\/\/www.tele-radio.com\/app\/uploads\/Receivers_R21-RS0X_Product_Description-274x500.png 274w, https:\/\/www.tele-radio.com\/app\/uploads\/Receivers_R21-RS0X_Product_Description-877x1600.png 877w, https:\/\/www.tele-radio.com\/app\/uploads\/Receivers_R21-RS0X_Product_Description-438x800.png 438w, https:\/\/www.tele-radio.com\/app\/uploads\/Receivers_R21-RS0X_Product_Description.png 1651w\" sizes=\"auto, (max-width: 658px) 100vw, 658px\" \/><\/a><\/figure><\/div><\/div>\n<\/div>\n\n\n\n<div style=\"height:87px\" aria-hidden=\"true\" class=\"wp-block-spacer\"><\/div>\n\n\n\n<h2 class=\"wp-block-heading has-text-align-center has-luminous-vivid-amber-color has-black-background-color has-text-color has-background\">MERV\u00c6RDIEN AF VORES PRODUKTER<\/h2>\n\n\n\n<div style=\"height:50px\" aria-hidden=\"true\" class=\"wp-block-spacer\"><\/div>\n\n\n<div class=\"wp-block-image is-style-rounded\">\n<figure class=\"alignleft size-full is-resized\"><img loading=\"lazy\" decoding=\"async\" src=\"https:\/\/www.tele-radio.com\/app\/uploads\/Contact-1.png\" alt=\"\" class=\"wp-image-106305\" width=\"111\" height=\"111\" srcset=\"https:\/\/www.tele-radio.com\/app\/uploads\/Contact-1.png 417w, https:\/\/www.tele-radio.com\/app\/uploads\/Contact-1-400x400.png 400w, https:\/\/www.tele-radio.com\/app\/uploads\/Contact-1-150x150.png 150w, https:\/\/www.tele-radio.com\/app\/uploads\/Contact-1-250x250.png 250w\" sizes=\"auto, (max-width: 111px) 100vw, 111px\" \/><\/figure><\/div>\n\n\n<p><strong>Kompetent r\u00e5dgivning fra vores salgsafdeling<\/strong><\/p>\n\n\n\n<p><a href=\"https:\/\/www.tele-radio.com\/da\/contact-us\/\">Kontakt<\/a> os for at f\u00e5 r\u00e5dgivning om det bedst egnede monteringssystem til din applikation.<\/p>\n\n\n\n<p><\/p>\n\n\n\n<p><\/p>\n\n\n\n<div style=\"height:15px\" aria-hidden=\"true\" class=\"wp-block-spacer\"><\/div>\n\n\n<div class=\"wp-block-image is-style-rounded\">\n<figure class=\"alignleft is-resized\"><img loading=\"lazy\" decoding=\"async\" src=\"https:\/\/www.tele-radio.com\/app\/uploads\/Signaal2.png\" alt=\"\" class=\"wp-image-40681\" width=\"111\" height=\"111\" srcset=\"https:\/\/www.tele-radio.com\/app\/uploads\/Signaal2.png 162w, https:\/\/www.tele-radio.com\/app\/uploads\/Signaal2-150x150.png 150w\" sizes=\"auto, (max-width: 111px) 100vw, 111px\" \/><\/figure><\/div>\n\n\n<h3 class=\"wp-block-heading\">Egen teknisk service<\/h3>\n\n\n\n<p>Tele Radio har sin egen tekniske serviceafdeling til support, installation og reparation p\u00e5 stedet.<\/p>\n\n\n\n<p><\/p>\n\n\n\n<p><\/p>\n\n\n\n<div style=\"height:15px\" aria-hidden=\"true\" class=\"wp-block-spacer\"><\/div>\n\n\n<div class=\"wp-block-image is-style-rounded\">\n<figure class=\"alignleft is-resized\"><img loading=\"lazy\" decoding=\"async\" src=\"https:\/\/www.tele-radio.com\/app\/uploads\/Icon_safety.png\" alt=\"\" class=\"wp-image-42940\" width=\"111\" height=\"111\" srcset=\"https:\/\/www.tele-radio.com\/app\/uploads\/Icon_safety.png 162w, https:\/\/www.tele-radio.com\/app\/uploads\/Icon_safety-150x150.png 150w\" sizes=\"auto, (max-width: 111px) 100vw, 111px\" \/><\/figure><\/div>\n\n\n<h3 class=\"wp-block-heading\">De forskellige uafh\u00e6ngige sikkerhedscertifikater<\/h3>\n\n\n\n<p>For alle Tele Radio-produkter med en sikkerhedscertificering g\u00e6lder, at vi kan give dig godkendelsesrapporterne fra den uafh\u00e6ngige testmyndighed. L\u00e6s mere om det <a href=\"https:\/\/www.tele-radio.com\/da\/iso-certifications\/\">HER.<\/a><\/p>\n\n\n\n<p><\/p>\n\n\n\n<div style=\"height:100px\" aria-hidden=\"true\" class=\"wp-block-spacer\"><\/div>\n\n\n\n<figure class=\"wp-block-image size-full is-style-default\"><a href=\"https:\/\/www.tele-radio.com\/da\/custom-line-solutions\/\"><img loading=\"lazy\" decoding=\"async\" width=\"1061\" height=\"439\" src=\"https:\/\/www.tele-radio.com\/app\/uploads\/Banner_Custom_Line_DEN-1.png\" alt=\"\" class=\"wp-image-201382\" srcset=\"https:\/\/www.tele-radio.com\/app\/uploads\/Banner_Custom_Line_DEN-1.png 1061w, https:\/\/www.tele-radio.com\/app\/uploads\/Banner_Custom_Line_DEN-1-400x166.png 400w, https:\/\/www.tele-radio.com\/app\/uploads\/Banner_Custom_Line_DEN-1-768x318.png 768w, https:\/\/www.tele-radio.com\/app\/uploads\/Banner_Custom_Line_DEN-1-750x310.png 750w, https:\/\/www.tele-radio.com\/app\/uploads\/Banner_Custom_Line_DEN-1-500x207.png 500w, https:\/\/www.tele-radio.com\/app\/uploads\/Banner_Custom_Line_DEN-1-800x331.png 800w\" sizes=\"auto, (max-width: 1061px) 100vw, 1061px\" \/><\/a><\/figure>\n","protected":false},"excerpt":{"rendered":"<p>VERSATEQ Vores multifunktionelle taljesender Vores innovative mellemklasse-l\u00f8sning til taljesendere med et glat og ergonomisk design. Cirka 24 centimeter bred. Udstyret med h\u00e5ndtag, der f\u00f8lger h\u00e6ndernes naturlige kurver. For at garantere din sikkerhed er alle VersaTEQ-sendere udstyret med en uafh\u00e6ngig certificeret PLe\/CAT 3, SIL3-stopfunktion. VersaTEQ er robust, alsidig og fleksibel til mange operationer. Baseret p\u00e5 60 [&hellip;]<\/p>\n","protected":false},"author":29,"featured_media":0,"parent":0,"menu_order":0,"comment_status":"closed","ping_status":"closed","template":"","meta":{"_acf_changed":false,"footnotes":""},"class_list":["post-196794","page","type-page","status-publish","hentry"],"acf":[],"_links":{"self":[{"href":"https:\/\/www.tele-radio.com\/da\/wp-json\/wp\/v2\/pages\/196794","targetHints":{"allow":["GET"]}}],"collection":[{"href":"https:\/\/www.tele-radio.com\/da\/wp-json\/wp\/v2\/pages"}],"about":[{"href":"https:\/\/www.tele-radio.com\/da\/wp-json\/wp\/v2\/types\/page"}],"author":[{"embeddable":true,"href":"https:\/\/www.tele-radio.com\/da\/wp-json\/wp\/v2\/users\/29"}],"replies":[{"embeddable":true,"href":"https:\/\/www.tele-radio.com\/da\/wp-json\/wp\/v2\/comments?post=196794"}],"version-history":[{"count":7,"href":"https:\/\/www.tele-radio.com\/da\/wp-json\/wp\/v2\/pages\/196794\/revisions"}],"predecessor-version":[{"id":201437,"href":"https:\/\/www.tele-radio.com\/da\/wp-json\/wp\/v2\/pages\/196794\/revisions\/201437"}],"wp:attachment":[{"href":"https:\/\/www.tele-radio.com\/da\/wp-json\/wp\/v2\/media?parent=196794"}],"curies":[{"name":"wp","href":"https:\/\/api.w.org\/{rel}","templated":true}]}}