{"id":196790,"date":"2022-06-30T13:50:49","date_gmt":"2022-06-30T13:50:49","guid":{"rendered":"https:\/\/www.tele-radio.com\/suprateq\/"},"modified":"2024-01-10T10:57:29","modified_gmt":"2024-01-10T10:57:29","slug":"suprateq","status":"publish","type":"page","link":"https:\/\/www.tele-radio.com\/da\/suprateq\/","title":{"rendered":"SUPRATEQ"},"content":{"rendered":"\n<div style=\"height:15px\" aria-hidden=\"true\" class=\"wp-block-spacer\"><\/div>\n\n\n<div class=\"wp-block-image is-style-rounded\">\n<figure class=\"alignright size-large is-resized\"><img loading=\"lazy\" decoding=\"async\" src=\"https:\/\/www.tele-radio.com\/app\/uploads\/\/SupraTEQ_Collage_v2-1200x1200.png\" alt=\"\" class=\"wp-image-106741\" width=\"422\" height=\"422\" srcset=\"https:\/\/www.tele-radio.com\/app\/uploads\/SupraTEQ_Collage_v2.png 1200w, https:\/\/www.tele-radio.com\/app\/uploads\/SupraTEQ_Collage_v2-400x400.png 400w, https:\/\/www.tele-radio.com\/app\/uploads\/SupraTEQ_Collage_v2-150x150.png 150w, https:\/\/www.tele-radio.com\/app\/uploads\/SupraTEQ_Collage_v2-768x768.png 768w, https:\/\/www.tele-radio.com\/app\/uploads\/SupraTEQ_Collage_v2-250x250.png 250w, https:\/\/www.tele-radio.com\/app\/uploads\/SupraTEQ_Collage_v2-750x750.png 750w, https:\/\/www.tele-radio.com\/app\/uploads\/SupraTEQ_Collage_v2-500x500.png 500w, https:\/\/www.tele-radio.com\/app\/uploads\/SupraTEQ_Collage_v2-800x800.png 800w\" sizes=\"auto, (max-width: 422px) 100vw, 422px\" \/><\/figure><\/div>\n\n\n<h1 class=\"wp-block-heading has-text-align-left has-huge-font-size\">SUPRATEQ<\/h1>\n\n\n\n<h2 class=\"wp-block-heading\">Vores suver\u00e6ne taljesender i fuld st\u00f8rrelse<\/h2>\n\n\n\n<p>Vores topmoderne allrounder inden for vores produktsortiment af TEQ-taljesendere. Omkring 33 centimeter i st\u00f8rrelse med naturligt formede greb og et buet, ergonomisk designet hus. P\u00e5 grund af st\u00f8rrelsen er der masser af plads p\u00e5 frontpladen til et stort antal betjeningselementer, der kan h\u00e5ndtere de mest omfattende opgaver. SupraTEQ er din l\u00f8sning til styring af komplekse hydrauliske, mobile og industrielle maskiner. SupraTEQ er robust og sikker p\u00e5 grund af den standardiserede, uafh\u00e6ngigt certificerede stopfunktion med PLe\/CAT3, SIL3-sikkerhedsniveau.\u00a0\u00a0\u00a0<\/p>\n\n\n\n<div style=\"height:35px\" aria-hidden=\"true\" class=\"wp-block-spacer\"><\/div>\n\n\n\n<h2 class=\"wp-block-heading has-text-align-center has-large-font-size\">UNIK TEKNOLOGI<\/h2>\n\n\n\n<p>Vi tror p\u00e5 innovation. Tele Radio har udviklet forskellige applikationer, der giver dig mulighed for bedre at betjene og kontrollere dit udstyr ved hj\u00e6lp af den nyeste teknologi. Tele Radio <strong>SupraTEQ<\/strong> har bl.a. f\u00f8lgende s\u00e6rlige funktioner og muligheder.<\/p>\n\n\n<div class=\"wp-block-image is-style-rounded\">\n<figure class=\"alignleft is-resized\"><img loading=\"lazy\" decoding=\"async\" src=\"https:\/\/www.tele-radio.com\/app\/uploads\/Webpaginaopbouw_Puma-1.png\" alt=\"\" class=\"wp-image-38105\" width=\"110\" height=\"110\" srcset=\"https:\/\/www.tele-radio.com\/app\/uploads\/Webpaginaopbouw_Puma-1.png 162w, https:\/\/www.tele-radio.com\/app\/uploads\/Webpaginaopbouw_Puma-1-150x150.png 150w\" sizes=\"auto, (max-width: 110px) 100vw, 110px\" \/><\/figure><\/div>\n\n\n<h3 class=\"wp-block-heading\">Aktiv antenne<\/h3>\n\n\n\n<p>Den aktive antenne kan ogs\u00e5 fungere som en selvst\u00e6ndig repeater. Det \u00f8ger r\u00e6kkevidden mellem sender og modtager betydeligt. Det g\u00f8r det muligt at bruge dette system under meget kr\u00e6vende forhold, som f.eks. minedrift, i bjergomr\u00e5der eller i store bygninger, uden at miste signalet.<\/p>\n\n\n\n<p><\/p>\n\n\n\n<div style=\"height:20px\" aria-hidden=\"true\" class=\"wp-block-spacer\"><\/div>\n\n\n<div class=\"wp-block-image is-style-rounded\">\n<figure class=\"alignleft is-resized\"><img loading=\"lazy\" decoding=\"async\" src=\"https:\/\/www.tele-radio.com\/app\/uploads\/RFID-ICON.png\" alt=\"\" class=\"wp-image-38126\" width=\"110\" height=\"110\" srcset=\"https:\/\/www.tele-radio.com\/app\/uploads\/RFID-ICON.png 162w, https:\/\/www.tele-radio.com\/app\/uploads\/RFID-ICON-150x150.png 150w\" sizes=\"auto, (max-width: 110px) 100vw, 110px\" \/><\/figure><\/div>\n\n\n<h3 class=\"wp-block-heading\">RFID-kontrol<\/h3>\n\n\n\n<p>RFID er en tr\u00e5dl\u00f8s teknik til genkendelse af en unik kode for systemet, produktet eller brugeren. En brugers indstillinger kan gemmes p\u00e5 et smartcard med RFID, som genkendes af systemet under brug. Der kan oprettes forskellige brugerniveauer.<\/p>\n\n\n\n<div style=\"height:21px\" aria-hidden=\"true\" class=\"wp-block-spacer\"><\/div>\n\n\n<div class=\"wp-block-image is-style-rounded\">\n<figure class=\"alignleft is-resized\"><img loading=\"lazy\" decoding=\"async\" src=\"https:\/\/www.tele-radio.com\/app\/uploads\/BUS-Systemen.png\" alt=\"\" class=\"wp-image-38147\" width=\"110\" height=\"110\" srcset=\"https:\/\/www.tele-radio.com\/app\/uploads\/BUS-Systemen.png 162w, https:\/\/www.tele-radio.com\/app\/uploads\/BUS-Systemen-150x150.png 150w\" sizes=\"auto, (max-width: 110px) 100vw, 110px\" \/><\/figure><\/div>\n\n\n<h3 class=\"wp-block-heading\">BUS-systemer<\/h3>\n\n\n\n<p>For at opfylde de nuv\u00e6rende industristandarder er Tele Radios SupraTEQ-fjernbetjeninger kompatible med en bred vifte af BUS-systemer. Du kan v\u00e6re sikker p\u00e5 et problemfrit samarbejde med softwaren p\u00e5 din maskine. Tele Radio SupraTEQ-fjernbetjeningerne kan h\u00e5ndtere CANOPEN, MODBUS og SAE J1939.<\/p>\n\n\n\n<div style=\"height:111px\" aria-hidden=\"true\" class=\"wp-block-spacer\"><\/div>\n\n\n\n<div class=\"wp-block-cover is-light\" style=\"min-height:472px;aspect-ratio:unset;\"><span aria-hidden=\"true\" class=\"wp-block-cover__background has-luminous-vivid-amber-background-color has-background-dim-100 has-background-dim\"><\/span><div class=\"wp-block-cover__inner-container is-layout-flow wp-block-cover-is-layout-flow\">\n<p class=\"has-black-color has-text-color has-medium-font-size\">Afh\u00e6ngigt af din applikation kan du v\u00e6lge <strong>SupraTEQ TW77 Basic Line-modellerne<\/strong> eller v\u00e6lge en Custom Line-l\u00f8sning. Det giver dig fuld frihed til at konfigurere din hardware og software inden for dette senderhus og de tilh\u00f8rende modtagere. Du kan endda opgradere dit system til et st\u00f8rre 4,3 tommer display (<strong>SupraTEQ TW78 Custom Line<\/strong>). Vores Tele Radio-salgsafdeling kan r\u00e5dgive dig om den bedste l\u00f8sning til dit job.<\/p>\n\n\n\n<p class=\"has-black-color has-text-color has-medium-font-size\">SUPRATEQ GRUNDL\u00c6GGENDE SPECIFIKATIONER<\/p>\n\n\n\n<div class=\"wp-block-columns is-layout-flex wp-container-core-columns-is-layout-9d6595d7 wp-block-columns-is-layout-flex\">\n<div class=\"wp-block-column is-layout-flow wp-block-column-is-layout-flow\">\n<p class=\"has-black-color has-text-color\">\u2713 St\u00f8rrelse 330 x 147 x 179 mm<br>\u2713 V\u00e6gt, 2.000 gram<br>\u2713 Frekvens 2,4 GHz, 16 kanaler<br>\u2713 2&#8243; farvedisplay<br>\u2713 IP65-beskyttelse<br>\u2713 PLe\/CAT3, SIL3 safety level stop function<br><meta charset=\"utf-8\"><\/meta><meta charset=\"utf-8\"><\/meta>\u2713Vibration til advarsel og alarmfeedback<\/p>\n<\/div>\n\n\n\n<div class=\"wp-block-column is-layout-flow wp-block-column-is-layout-flow\">\n<p class=\"has-black-color has-text-color\">\u2713 Duplex-kommunikation til feedback<br>\u2713 Inpact-type og drejelig stopkontakt p\u00e5 siden<br>\u2713 M12-stik til kabelstyring<br>\u2713 Opyst frontplade<br>\u2713 LED&#8217;er i h\u00e5ndtaget til panelbelysning<br><meta charset=\"utf-8\"><\/meta>\u2713 Genopladelige og udskiftelige batterier<br><meta charset=\"utf-8\"><\/meta>\u2713 Op til 10 timer med et batteri, afh\u00e6ngigt af konfigurationen<\/p>\n<\/div>\n<\/div>\n<\/div><\/div>\n\n\n\n<div style=\"height:32px\" aria-hidden=\"true\" class=\"wp-block-spacer\"><\/div>\n\n\n\n<h2 class=\"wp-block-heading has-text-align-center has-luminous-vivid-amber-color has-black-background-color has-text-color has-background has-large-font-size\">M\u00d8D TELE RADIO SUPRATEQ BASIC LINE<\/h2>\n\n\n\n<div style=\"height:15px\" aria-hidden=\"true\" class=\"wp-block-spacer\"><\/div>\n\n\n\n<p class=\"has-text-align-center has-medium-font-size\">Velegnet til mange opgaver og tilbydes til en attraktiv pris. Udstyret med standardbetjeningselementer, et 2&#8243; display og sort frontplade. Hvis du vil have detaljerede, grafiske feedbackoplysninger p\u00e5 senderen, anbefaler vi Custom Line-l\u00f8sningen SupraTEQ TW78 med 4,3&#8243; farvedisplay.\u00a0\u00a0\u00a0\u00a0\u00a0\u00a0\u00a0<\/p>\n\n\n\n<div style=\"height:29px\" aria-hidden=\"true\" class=\"wp-block-spacer\"><\/div>\n\n\n\n<h2 class=\"wp-block-heading has-text-align-center\">VORES SUPRATEQ BASIC LINE TRANSMITTER<\/h2>\n\n\n\n<div class=\"wp-block-columns is-layout-flex wp-container-core-columns-is-layout-9d6595d7 wp-block-columns-is-layout-flex\">\n<div class=\"wp-block-column is-layout-flow wp-block-column-is-layout-flow\"><div class=\"wp-block-image is-style-default\">\n<figure class=\"aligncenter size-large\"><a href=\"https:\/\/www.tele-radio.com\/products\/teq-waist-transmitters\/suprateq-tw77\/\"><img loading=\"lazy\" decoding=\"async\" width=\"657\" height=\"1200\" src=\"https:\/\/www.tele-radio.com\/app\/uploads\/\/Suprateq_TW78_Product_Description_v2-657x1200.png\" alt=\"\" class=\"wp-image-109623\" srcset=\"https:\/\/www.tele-radio.com\/app\/uploads\/Suprateq_TW78_Product_Description_v2-657x1200.png 657w, https:\/\/www.tele-radio.com\/app\/uploads\/Suprateq_TW78_Product_Description_v2-219x400.png 219w, https:\/\/www.tele-radio.com\/app\/uploads\/Suprateq_TW78_Product_Description_v2-768x1402.png 768w, https:\/\/www.tele-radio.com\/app\/uploads\/Suprateq_TW78_Product_Description_v2-841x1536.png 841w, https:\/\/www.tele-radio.com\/app\/uploads\/Suprateq_TW78_Product_Description_v2-1122x2048.png 1122w, https:\/\/www.tele-radio.com\/app\/uploads\/Suprateq_TW78_Product_Description_v2-411x750.png 411w, https:\/\/www.tele-radio.com\/app\/uploads\/Suprateq_TW78_Product_Description_v2-274x500.png 274w, https:\/\/www.tele-radio.com\/app\/uploads\/Suprateq_TW78_Product_Description_v2-876x1600.png 876w, https:\/\/www.tele-radio.com\/app\/uploads\/Suprateq_TW78_Product_Description_v2-438x800.png 438w, https:\/\/www.tele-radio.com\/app\/uploads\/Suprateq_TW78_Product_Description_v2.png 1188w\" sizes=\"auto, (max-width: 657px) 100vw, 657px\" \/><\/a><\/figure><\/div><\/div>\n<\/div>\n\n\n\n<div style=\"height:43px\" aria-hidden=\"true\" class=\"wp-block-spacer\"><\/div>\n\n\n\n<h2 class=\"wp-block-heading has-text-align-center\">VORES MATCHENDE BASIC LINE-MODTAGERE<\/h2>\n\n\n\n<div class=\"wp-block-columns is-layout-flex wp-container-core-columns-is-layout-9d6595d7 wp-block-columns-is-layout-flex\">\n<div class=\"wp-block-column is-layout-flow wp-block-column-is-layout-flow\"><div class=\"wp-block-image\">\n<figure class=\"aligncenter size-large\"><a href=\"https:\/\/www.tele-radio.com\/products\/teq-waist-transmitters\/receiver-r20-1\/\"><img loading=\"lazy\" decoding=\"async\" width=\"657\" height=\"1200\" src=\"https:\/\/www.tele-radio.com\/app\/uploads\/\/Receivers_R20-RS0X_Product_Description-657x1200.png\" alt=\"\" class=\"wp-image-152765\" srcset=\"https:\/\/www.tele-radio.com\/app\/uploads\/Receivers_R20-RS0X_Product_Description-657x1200.png 657w, https:\/\/www.tele-radio.com\/app\/uploads\/Receivers_R20-RS0X_Product_Description-219x400.png 219w, https:\/\/www.tele-radio.com\/app\/uploads\/Receivers_R20-RS0X_Product_Description-768x1402.png 768w, https:\/\/www.tele-radio.com\/app\/uploads\/Receivers_R20-RS0X_Product_Description-841x1536.png 841w, https:\/\/www.tele-radio.com\/app\/uploads\/Receivers_R20-RS0X_Product_Description-1122x2048.png 1122w, https:\/\/www.tele-radio.com\/app\/uploads\/Receivers_R20-RS0X_Product_Description-411x750.png 411w, https:\/\/www.tele-radio.com\/app\/uploads\/Receivers_R20-RS0X_Product_Description-274x500.png 274w, https:\/\/www.tele-radio.com\/app\/uploads\/Receivers_R20-RS0X_Product_Description-876x1600.png 876w, https:\/\/www.tele-radio.com\/app\/uploads\/Receivers_R20-RS0X_Product_Description-438x800.png 438w, https:\/\/www.tele-radio.com\/app\/uploads\/Receivers_R20-RS0X_Product_Description.png 1650w\" sizes=\"auto, (max-width: 657px) 100vw, 657px\" \/><\/a><\/figure><\/div><\/div>\n\n\n\n<div class=\"wp-block-column is-layout-flow wp-block-column-is-layout-flow\"><div class=\"wp-block-image\">\n<figure class=\"aligncenter size-large\"><a href=\"https:\/\/www.tele-radio.com\/products\/teq-waist-transmitters\/receiver-r21-1\/\"><img loading=\"lazy\" decoding=\"async\" width=\"658\" height=\"1200\" src=\"https:\/\/www.tele-radio.com\/app\/uploads\/\/Receivers_R21-RS0X_Product_Description-658x1200.png\" alt=\"\" class=\"wp-image-152740\" srcset=\"https:\/\/www.tele-radio.com\/app\/uploads\/Receivers_R21-RS0X_Product_Description-658x1200.png 658w, https:\/\/www.tele-radio.com\/app\/uploads\/Receivers_R21-RS0X_Product_Description-219x400.png 219w, https:\/\/www.tele-radio.com\/app\/uploads\/Receivers_R21-RS0X_Product_Description-768x1402.png 768w, https:\/\/www.tele-radio.com\/app\/uploads\/Receivers_R21-RS0X_Product_Description-842x1536.png 842w, https:\/\/www.tele-radio.com\/app\/uploads\/Receivers_R21-RS0X_Product_Description-1122x2048.png 1122w, https:\/\/www.tele-radio.com\/app\/uploads\/Receivers_R21-RS0X_Product_Description-411x750.png 411w, https:\/\/www.tele-radio.com\/app\/uploads\/Receivers_R21-RS0X_Product_Description-274x500.png 274w, https:\/\/www.tele-radio.com\/app\/uploads\/Receivers_R21-RS0X_Product_Description-877x1600.png 877w, https:\/\/www.tele-radio.com\/app\/uploads\/Receivers_R21-RS0X_Product_Description-438x800.png 438w, https:\/\/www.tele-radio.com\/app\/uploads\/Receivers_R21-RS0X_Product_Description.png 1651w\" sizes=\"auto, (max-width: 658px) 100vw, 658px\" \/><\/a><\/figure><\/div><\/div>\n<\/div>\n\n\n\n<div style=\"height:87px\" aria-hidden=\"true\" class=\"wp-block-spacer\"><\/div>\n\n\n\n<h2 class=\"wp-block-heading has-text-align-center has-luminous-vivid-amber-color has-black-background-color has-text-color has-background\">THE ADDED VALUE OF OUR PRODUCTS<\/h2>\n\n\n\n<div style=\"height:50px\" aria-hidden=\"true\" class=\"wp-block-spacer\"><\/div>\n\n\n<div class=\"wp-block-image is-style-rounded\">\n<figure class=\"alignleft size-full is-resized\"><img loading=\"lazy\" decoding=\"async\" src=\"https:\/\/www.tele-radio.com\/app\/uploads\/Contact-1.png\" alt=\"\" class=\"wp-image-106305\" width=\"111\" height=\"111\" srcset=\"https:\/\/www.tele-radio.com\/app\/uploads\/Contact-1.png 417w, https:\/\/www.tele-radio.com\/app\/uploads\/Contact-1-400x400.png 400w, https:\/\/www.tele-radio.com\/app\/uploads\/Contact-1-150x150.png 150w, https:\/\/www.tele-radio.com\/app\/uploads\/Contact-1-250x250.png 250w\" sizes=\"auto, (max-width: 111px) 100vw, 111px\" \/><\/figure><\/div>\n\n\n<p><strong>Kompetent r\u00e5dgivning fra vores salgsafdeling<\/strong><\/p>\n\n\n\n<p><a href=\"https:\/\/www.tele-radio.com\/da\/contact-us\/\">Kontakt<\/a> os for at f\u00e5 r\u00e5dgivning om det bedst egnede monteringssystem til din applikation.<\/p>\n\n\n\n<p><\/p>\n\n\n\n<p><\/p>\n\n\n\n<div style=\"height:15px\" aria-hidden=\"true\" class=\"wp-block-spacer\"><\/div>\n\n\n<div class=\"wp-block-image is-style-rounded\">\n<figure class=\"alignleft is-resized\"><img loading=\"lazy\" decoding=\"async\" src=\"https:\/\/www.tele-radio.com\/app\/uploads\/Signaal2.png\" alt=\"\" class=\"wp-image-40681\" width=\"111\" height=\"111\" srcset=\"https:\/\/www.tele-radio.com\/app\/uploads\/Signaal2.png 162w, https:\/\/www.tele-radio.com\/app\/uploads\/Signaal2-150x150.png 150w\" sizes=\"auto, (max-width: 111px) 100vw, 111px\" \/><\/figure><\/div>\n\n\n<h3 class=\"wp-block-heading\">Egen teknisk service<\/h3>\n\n\n\n<p>Tele Radio har sin egen tekniske serviceafdeling til support, installation og reparation p\u00e5 stedet.<\/p>\n\n\n\n<p><\/p>\n\n\n\n<p><\/p>\n\n\n\n<div style=\"height:15px\" aria-hidden=\"true\" class=\"wp-block-spacer\"><\/div>\n\n\n<div class=\"wp-block-image is-style-rounded\">\n<figure class=\"alignleft is-resized\"><img loading=\"lazy\" decoding=\"async\" src=\"https:\/\/www.tele-radio.com\/app\/uploads\/Icon_safety.png\" alt=\"\" class=\"wp-image-42940\" width=\"111\" height=\"111\" srcset=\"https:\/\/www.tele-radio.com\/app\/uploads\/Icon_safety.png 162w, https:\/\/www.tele-radio.com\/app\/uploads\/Icon_safety-150x150.png 150w\" sizes=\"auto, (max-width: 111px) 100vw, 111px\" \/><\/figure><\/div>\n\n\n<h3 class=\"wp-block-heading\">De forskellige uafh\u00e6ngige sikkerhedscertifikater<\/h3>\n\n\n\n<p>For alle Tele Radio-produkter med en sikkerhedscertificering g\u00e6lder, at vi kan give dig godkendelsesrapporterne fra den uafh\u00e6ngige testmyndighed. L\u00e6s mere om det <a href=\"https:\/\/www.tele-radio.com\/da\/iso-certifications\/\">HER.<\/a><\/p>\n\n\n\n<div style=\"height:60px\" aria-hidden=\"true\" class=\"wp-block-spacer\"><\/div>\n\n\n\n<figure class=\"wp-block-image size-full is-style-default\"><a href=\"https:\/\/www.tele-radio.com\/da\/custom-line-solutions\/\"><img loading=\"lazy\" decoding=\"async\" width=\"1061\" height=\"439\" src=\"https:\/\/www.tele-radio.com\/app\/uploads\/Banner_Custom_Line_DEN-2.png\" alt=\"\" class=\"wp-image-201409\" srcset=\"https:\/\/www.tele-radio.com\/app\/uploads\/Banner_Custom_Line_DEN-2.png 1061w, https:\/\/www.tele-radio.com\/app\/uploads\/Banner_Custom_Line_DEN-2-400x166.png 400w, https:\/\/www.tele-radio.com\/app\/uploads\/Banner_Custom_Line_DEN-2-768x318.png 768w, https:\/\/www.tele-radio.com\/app\/uploads\/Banner_Custom_Line_DEN-2-750x310.png 750w, https:\/\/www.tele-radio.com\/app\/uploads\/Banner_Custom_Line_DEN-2-500x207.png 500w, https:\/\/www.tele-radio.com\/app\/uploads\/Banner_Custom_Line_DEN-2-800x331.png 800w\" sizes=\"auto, (max-width: 1061px) 100vw, 1061px\" \/><\/a><\/figure>\n","protected":false},"excerpt":{"rendered":"<p>SUPRATEQ Vores suver\u00e6ne taljesender i fuld st\u00f8rrelse Vores topmoderne allrounder inden for vores produktsortiment af TEQ-taljesendere. Omkring 33 centimeter i st\u00f8rrelse med naturligt formede greb og et buet, ergonomisk designet hus. P\u00e5 grund af st\u00f8rrelsen er der masser af plads p\u00e5 frontpladen til et stort antal betjeningselementer, der kan h\u00e5ndtere de mest omfattende opgaver. SupraTEQ [&hellip;]<\/p>\n","protected":false},"author":29,"featured_media":0,"parent":0,"menu_order":0,"comment_status":"closed","ping_status":"closed","template":"","meta":{"_acf_changed":false,"footnotes":""},"class_list":["post-196790","page","type-page","status-publish","hentry"],"acf":[],"_links":{"self":[{"href":"https:\/\/www.tele-radio.com\/da\/wp-json\/wp\/v2\/pages\/196790","targetHints":{"allow":["GET"]}}],"collection":[{"href":"https:\/\/www.tele-radio.com\/da\/wp-json\/wp\/v2\/pages"}],"about":[{"href":"https:\/\/www.tele-radio.com\/da\/wp-json\/wp\/v2\/types\/page"}],"author":[{"embeddable":true,"href":"https:\/\/www.tele-radio.com\/da\/wp-json\/wp\/v2\/users\/29"}],"replies":[{"embeddable":true,"href":"https:\/\/www.tele-radio.com\/da\/wp-json\/wp\/v2\/comments?post=196790"}],"version-history":[{"count":5,"href":"https:\/\/www.tele-radio.com\/da\/wp-json\/wp\/v2\/pages\/196790\/revisions"}],"predecessor-version":[{"id":201436,"href":"https:\/\/www.tele-radio.com\/da\/wp-json\/wp\/v2\/pages\/196790\/revisions\/201436"}],"wp:attachment":[{"href":"https:\/\/www.tele-radio.com\/da\/wp-json\/wp\/v2\/media?parent=196790"}],"curies":[{"name":"wp","href":"https:\/\/api.w.org\/{rel}","templated":true}]}}