{"id":196785,"date":"2022-09-21T13:17:20","date_gmt":"2022-09-21T13:17:20","guid":{"rendered":"https:\/\/www.tele-radio.com\/more-overview-and-safety-for-a-telehandler-with-a-versateq-waist-transmitter\/"},"modified":"2024-03-25T11:55:37","modified_gmt":"2024-03-25T11:55:37","slug":"more-overview-and-safety-for-a-telehandler-with-a-versateq-waist-transmitter","status":"publish","type":"page","link":"https:\/\/www.tele-radio.com\/da\/more-overview-and-safety-for-a-telehandler-with-a-versateq-waist-transmitter\/","title":{"rendered":"MERE OVERBLIK OG SIKKERHED FOR EN TELESKOPL\u00c6SSER MED EN VERSATEQ-TALJESENDER"},"content":{"rendered":"\n<h1 class=\"wp-block-heading\">MERE OVERBLIK OG SIKKERHED FOR EN TELESKOPL\u00c6SSER MED EN VERSATEQ-TALJESENDER<\/h1>\n\n\n<div class=\"wp-block-image is-style-rounded\">\n<figure class=\"alignright size-large is-resized\"><img loading=\"lazy\" decoding=\"async\" width=\"1200\" height=\"1200\" src=\"https:\/\/www.tele-radio.com\/app\/uploads\/\/PM_TW57_T26B_0002-1200x1200.png\" alt=\"\" class=\"wp-image-114989\" style=\"width:309px;height:309px\" srcset=\"https:\/\/www.tele-radio.com\/app\/uploads\/PM_TW57_T26B_0002-1200x1200.png 1200w, https:\/\/www.tele-radio.com\/app\/uploads\/PM_TW57_T26B_0002-400x400.png 400w, https:\/\/www.tele-radio.com\/app\/uploads\/PM_TW57_T26B_0002-150x150.png 150w, https:\/\/www.tele-radio.com\/app\/uploads\/PM_TW57_T26B_0002-768x768.png 768w, https:\/\/www.tele-radio.com\/app\/uploads\/PM_TW57_T26B_0002-1536x1536.png 1536w, https:\/\/www.tele-radio.com\/app\/uploads\/PM_TW57_T26B_0002-250x250.png 250w, https:\/\/www.tele-radio.com\/app\/uploads\/PM_TW57_T26B_0002-750x750.png 750w, https:\/\/www.tele-radio.com\/app\/uploads\/PM_TW57_T26B_0002-500x500.png 500w, https:\/\/www.tele-radio.com\/app\/uploads\/PM_TW57_T26B_0002-1600x1600.png 1600w, https:\/\/www.tele-radio.com\/app\/uploads\/PM_TW57_T26B_0002-800x800.png 800w, https:\/\/www.tele-radio.com\/app\/uploads\/PM_TW57_T26B_0002.png 1800w\" sizes=\"auto, (max-width: 1200px) 100vw, 1200px\" \/><\/figure><\/div>\n\n\n<p>Teleskopl\u00e6sseren fra virksomheden Carlo Industrie, der ligger i Stompetoren i Holland, bruges til alle former for nedrivnings-, bygge- og renoveringsprojekter i industrien. Fordi ejeren Carlo K\u00f6hne kan lide at arbejde hurtigt og m\u00e5lrettet, k\u00f8bte han en praktisk fjernbetjening for omkring to \u00e5r siden. <a href=\"https:\/\/www.tele-radio.com\/da\/versateq\/\">VersaTEQ TW57<\/a> med 6 proportionale padler er uundv\u00e6rlig, fordi den bogstaveligt talt s\u00e6tter teleskopl\u00e6sseren inden for r\u00e6kkevidde.<\/p>\n\n\n\n<p>At flytte en tung last med et s\u00e6t gafler eller arbejde med platformen p\u00e5 v\u00e6gbekl\u00e6dningen &#8211; teleskopl\u00e6ssere er superpraktiske maskiner til den slags opgaver. Desv\u00e6rre har man ofte ikke et godt udsyn til arbejdet fra f\u00f8rerhuset. Slet ikke n\u00e5r man selv giver en h\u00e5nd med. I de tilf\u00e6lde viser taljesenderen sig at v\u00e6re en rigtig god l\u00f8sning, fordi Carlo bliver p\u00e5 sin arbejdsplads eller v\u00e6lger en, der giver endnu bedre udsyn, og simpelthen fjernbetjener teleskopl\u00e6sseren. Tryk op, lidt til h\u00f8jre, str\u00e6k lidt mere ud, og s\u00e6nk den last.<\/p>\n\n\n\n<div style=\"height:34px\" aria-hidden=\"true\" class=\"wp-block-spacer\"><\/div>\n\n\n\n<blockquote class=\"wp-block-quote has-text-align-center is-layout-flow wp-block-quote-is-layout-flow\">\n<p>&#8220;At styre teleskopl\u00e6sseren p\u00e5 sikker afstand ved hj\u00e6lp af taljesenderen er den ideelle m\u00e5de.<\/p>\n\n\n\n<p>Du kan se, hvad du laver, og sikre dig, at du er langt nok v\u00e6k fra handlingen&#8221;<\/p>\n<\/blockquote>\n\n\n\n<div style=\"height:62px\" aria-hidden=\"true\" class=\"wp-block-spacer\"><\/div>\n\n\n\n<h2 class=\"wp-block-heading\">Arbejde fra en sikker afstand<\/h2>\n\n\n\n<p>Carlo lader s\u00e5 at sige teleskopl\u00e6sseren l\u00e6gge en tung last foran sine f\u00f8dder, uanset hvor han er: p\u00e5 taget, inde i hallen eller ved siden af tipvognen i sin veludstyrede maskinpark.<\/p>\n\n\n\n<p>Endnu vigtigere er brugen af taljesenderen <a href=\"https:\/\/www.tele-radio.com\/da\/versateq\/\">VersaTEQ TW57<\/a> under nedrivningsarbejde. Skader p\u00e5 teleskopl\u00e6sseren fra en faldende v\u00e6g kan stadig h\u00e5ndteres, men at skade en af dens medarbejdere er utilgiveligt. Det er ideelt at styre teleskopl\u00e6sseren fra en sikker afstand ved hj\u00e6lp af taljesenderen. Du kan se, hvad du laver, og sikre dig, at du er langt nok v\u00e6k fra det, der sker. Bare riv ned!<\/p>\n\n\n\n<h2 class=\"wp-block-heading\">Projekt for Containerbox.nl<\/h2>\n\n\n\n<p>Teleskopl\u00e6sseren fra Carlo Industrie er en Manitou NRT 1850 turbo. Det er en ca. 11,5 tons tung roterende teleskopl\u00e6sser af en tidligere generation. Den kan nemt l\u00f8fte op til 5 tons til en h\u00f8jde p\u00e5 ca. 18 meter. Billederne er taget under et projekt for Containerbox.nl, en udlejer af midlertidig lagerplads til private og virksomheder. Det er der stor eftersp\u00f8rgsel p\u00e5, s\u00e5 Carlo Industrie har f\u00e5et lov til at st\u00e5 for udvidelsen i byen Alkmaar. P\u00e5 den ene side betyder det renovering af bokse i en eksisterende hal, p\u00e5 den anden side nedrivning af den utidssvarende tilst\u00f8dende hal, s\u00e5 der kan bygges nyt der.<\/p>\n\n\n\n<h2 class=\"wp-block-heading\">Innovativ l\u00f8sning<\/h2>\n\n\n\n<p>Fjernbetjeningen, der bruges hos Carlo Industrie, er derfor en taljesender <a href=\"https:\/\/www.tele-radio.com\/da\/versateq\/\">VersaTEQ TW57<\/a> fra Tele Radio med 6 proportionale paddles. Taljesenderen er cirka 24 centimeter bred og udstyret med h\u00e5ndtag, der f\u00f8lger h\u00e6ndernes naturlige kurver. Paddlerne er nemme at betjene og har flere funktioner. For at garantere sikkerheden er hver <a href=\"https:\/\/www.tele-radio.com\/da\/versateq\/\">VersaTEQ<\/a>-sender udstyret med en uafh\u00e6ngig certificeret PLe\/CAT3, SIL3-stopfunktion.<\/p>\n\n\n\n<p>Er du interesseret i hele Tele Radios sortiment af taljesendere og alle deres muligheder? <a href=\"https:\/\/www.tele-radio.com\/teq-waist-transmitters\/\">S\u00e5 klik her<\/a>.<\/p>\n\n\n\n<div class=\"wp-block-buttons is-layout-flex wp-block-buttons-is-layout-flex\">\n<div class=\"wp-block-button\"><a class=\"wp-block-button__link has-black-color has-luminous-vivid-amber-background-color has-text-color has-background wp-element-button\" href=\"https:\/\/www.tele-radio.com\/da\/contact-us\/\" style=\"border-radius:12px\"><strong>Kontakt os<\/strong><\/a><\/div>\n<\/div>\n","protected":false},"excerpt":{"rendered":"<p>MERE OVERBLIK OG SIKKERHED FOR EN TELESKOPL\u00c6SSER MED EN VERSATEQ-TALJESENDER Teleskopl\u00e6sseren fra virksomheden Carlo Industrie, der ligger i Stompetoren i Holland, bruges til alle former for nedrivnings-, bygge- og renoveringsprojekter i industrien. Fordi ejeren Carlo K\u00f6hne kan lide at arbejde hurtigt og m\u00e5lrettet, k\u00f8bte han en praktisk fjernbetjening for omkring to \u00e5r siden. VersaTEQ TW57 [&hellip;]<\/p>\n","protected":false},"author":29,"featured_media":196789,"parent":0,"menu_order":0,"comment_status":"closed","ping_status":"closed","template":"","meta":{"_acf_changed":false,"footnotes":""},"class_list":["post-196785","page","type-page","status-publish","has-post-thumbnail","hentry"],"acf":[],"_links":{"self":[{"href":"https:\/\/www.tele-radio.com\/da\/wp-json\/wp\/v2\/pages\/196785","targetHints":{"allow":["GET"]}}],"collection":[{"href":"https:\/\/www.tele-radio.com\/da\/wp-json\/wp\/v2\/pages"}],"about":[{"href":"https:\/\/www.tele-radio.com\/da\/wp-json\/wp\/v2\/types\/page"}],"author":[{"embeddable":true,"href":"https:\/\/www.tele-radio.com\/da\/wp-json\/wp\/v2\/users\/29"}],"replies":[{"embeddable":true,"href":"https:\/\/www.tele-radio.com\/da\/wp-json\/wp\/v2\/comments?post=196785"}],"version-history":[{"count":4,"href":"https:\/\/www.tele-radio.com\/da\/wp-json\/wp\/v2\/pages\/196785\/revisions"}],"predecessor-version":[{"id":214730,"href":"https:\/\/www.tele-radio.com\/da\/wp-json\/wp\/v2\/pages\/196785\/revisions\/214730"}],"wp:featuredmedia":[{"embeddable":true,"href":"https:\/\/www.tele-radio.com\/da\/wp-json\/wp\/v2\/media\/196789"}],"wp:attachment":[{"href":"https:\/\/www.tele-radio.com\/da\/wp-json\/wp\/v2\/media?parent=196785"}],"curies":[{"name":"wp","href":"https:\/\/api.w.org\/{rel}","templated":true}]}}