{"id":196760,"date":"2022-11-23T08:20:05","date_gmt":"2022-11-23T08:20:05","guid":{"rendered":"https:\/\/www.tele-radio.com\/marine-offshore\/"},"modified":"2023-12-30T20:14:31","modified_gmt":"2023-12-30T20:14:31","slug":"marine-offshore","status":"publish","type":"page","link":"https:\/\/www.tele-radio.com\/da\/marine-offshore\/","title":{"rendered":"MARITIMT &#038; OFFSHORE"},"content":{"rendered":"\n<div style=\"height:31px\" aria-hidden=\"true\" class=\"wp-block-spacer\"><\/div>\n\n\n\n<h1 class=\"wp-block-heading has-text-align-center\">MARITIMT &amp; OFFSHORE<\/h1>\n\n\n\n<div style=\"height:26px\" aria-hidden=\"true\" class=\"wp-block-spacer\"><\/div>\n\n\n\n<div class=\"wp-block-columns is-layout-flex wp-container-core-columns-is-layout-9d6595d7 wp-block-columns-is-layout-flex\">\n<div class=\"wp-block-column is-layout-flow wp-block-column-is-layout-flow\">\n<h1 class=\"wp-block-heading\">Vi hj\u00e6lper den maritime sektor<\/h1>\n\n\n\n<p>Tele Radio leverer l\u00f8sninger til alle omr\u00e5der inden for den maritime sektor. Uanset om du ejer et lille privat fart\u00f8j eller et st\u00f8rre skib, har vi radiostyring, som passer til dig. N\u00e5r det kommer til en b\u00e5d eller et skib til floder og s\u00f8er eller ude p\u00e5 havet, er der mange forskellige brugsomr\u00e5der, og det er meget sv\u00e6rt at d\u00e6kke dem alle, men nogle f\u00e5 eksempler p\u00e5 de ting, vi tilbyder l\u00f8sninger til, er: portalkraner, landgangsbroer, lys, ankre, spil og meget mere. Nogle gange betyder det at skulle blive i f\u00f8rerhuset, at du ikke har det bedste overblik over handlinger, hvilket kan for\u00e5rsage ulykker eller h\u00e6mme produktiviteten. En l\u00f8sning med radiostyring giver dig mulighed for at st\u00e5 pr\u00e6cis, hvor du skal for det bedste overblik og ikke forankret til der, hvor kontrolpanelet er placeret.<\/p>\n<\/div>\n\n\n\n<div class=\"wp-block-column is-layout-flow wp-block-column-is-layout-flow\" style=\"flex-basis:100px\"><\/div>\n\n\n\n<div class=\"wp-block-column is-layout-flow wp-block-column-is-layout-flow\">\n<div style=\"height:31px\" aria-hidden=\"true\" class=\"wp-block-spacer\"><\/div>\n\n\n\n<div class=\"wp-block-cover\" style=\"min-height:368px;aspect-ratio:unset;\"><span aria-hidden=\"true\" class=\"wp-block-cover__background has-black-background-color has-background-dim-20 has-background-dim\"><\/span><img loading=\"lazy\" decoding=\"async\" width=\"2048\" height=\"1365\" class=\"wp-block-cover__image-background wp-image-116065\" alt=\"\" src=\"https:\/\/www.tele-radio.com\/app\/uploads\/FL_LC_PU_0002.jpg\" style=\"object-position:45% 59%\" data-object-fit=\"cover\" data-object-position=\"45% 59%\" srcset=\"https:\/\/www.tele-radio.com\/app\/uploads\/FL_LC_PU_0002.jpg 2048w, https:\/\/www.tele-radio.com\/app\/uploads\/FL_LC_PU_0002-400x267.jpg 400w, https:\/\/www.tele-radio.com\/app\/uploads\/FL_LC_PU_0002-1200x800.jpg 1200w, https:\/\/www.tele-radio.com\/app\/uploads\/FL_LC_PU_0002-768x512.jpg 768w, https:\/\/www.tele-radio.com\/app\/uploads\/FL_LC_PU_0002-1536x1024.jpg 1536w, https:\/\/www.tele-radio.com\/app\/uploads\/FL_LC_PU_0002-750x500.jpg 750w, https:\/\/www.tele-radio.com\/app\/uploads\/FL_LC_PU_0002-500x333.jpg 500w, https:\/\/www.tele-radio.com\/app\/uploads\/FL_LC_PU_0002-1600x1066.jpg 1600w, https:\/\/www.tele-radio.com\/app\/uploads\/FL_LC_PU_0002-800x533.jpg 800w\" sizes=\"auto, (max-width: 2048px) 100vw, 2048px\" \/><div class=\"wp-block-cover__inner-container is-layout-flow wp-block-cover-is-layout-flow\">\n<p class=\"has-text-align-center has-large-font-size\"><\/p>\n<\/div><\/div>\n<\/div>\n<\/div>\n\n\n\n<div style=\"height:54px\" aria-hidden=\"true\" class=\"wp-block-spacer\"><\/div>\n\n\n\n\n\n<div style=\"height:100px\" aria-hidden=\"true\" class=\"wp-block-spacer\"><\/div>\n\n\n\n<h2 class=\"wp-block-heading has-text-align-center\">ANVENDELSESMULIGHEDER<\/h2>\n\n\n\n<p class=\"has-text-align-center\">For at give en id\u00e9 om mulighederne har vi nogle eksempler p\u00e5 brugsomr\u00e5der og deres typiske produkter nedenfor:<\/p>\n\n\n\n<div class=\"wp-block-columns is-layout-flex wp-container-core-columns-is-layout-9d6595d7 wp-block-columns-is-layout-flex\">\n<div class=\"wp-block-column is-layout-flow wp-block-column-is-layout-flow\">\n<div class=\"wp-block-cover is-light\"><span aria-hidden=\"true\" class=\"wp-block-cover__background has-white-background-color has-background-dim-100 has-background-dim\"><\/span><div class=\"wp-block-cover__inner-container is-layout-flow wp-block-cover-is-layout-flow\"><div class=\"wp-block-image is-style-default\">\n<figure class=\"aligncenter size-full\"><img loading=\"lazy\" decoding=\"async\" width=\"64\" height=\"64\" src=\"https:\/\/www.tele-radio.com\/app\/uploads\/ladder.png\" alt=\"\" class=\"wp-image-119185\"\/><\/figure><\/div>\n\n\n<p class=\"has-text-align-center has-black-color has-text-color\"><strong>LANDGANGSBROER<\/strong><\/p>\n\n\n\n<p class=\"has-text-align-center has-black-color has-text-color\">Elektriske landgangsbroer til b\u00e5de og skibe er en almindelig anvendelse, der drager stor fordel af radiostyring. H\u00e6v eller s\u00e6nk landgangsbroerne fra kajerne, lige n\u00e5r du har brug for det.<\/p>\n<\/div><\/div>\n<\/div>\n\n\n\n<div class=\"wp-block-column is-vertically-aligned-top is-layout-flow wp-block-column-is-layout-flow\">\n<div class=\"wp-block-cover is-light\"><span aria-hidden=\"true\" class=\"wp-block-cover__background has-white-background-color has-background-dim-100 has-background-dim\"><\/span><div class=\"wp-block-cover__inner-container is-layout-flow wp-block-cover-is-layout-flow\"><div class=\"wp-block-image is-style-default\">\n<figure class=\"aligncenter size-full\"><img loading=\"lazy\" decoding=\"async\" width=\"64\" height=\"64\" src=\"https:\/\/www.tele-radio.com\/app\/uploads\/lamp.png\" alt=\"\" class=\"wp-image-119209\"\/><\/figure><\/div>\n\n\n<p class=\"has-text-align-center has-black-color has-text-color\"><strong>LYS<\/strong><\/p>\n\n\n\n<p class=\"has-text-align-center has-black-color has-text-color\">For et skib er det meget praktisk at have muligheden for at t\u00e6nde og slukke lys med radiostyring, mens du bev\u00e6ger dig gennem skibet. Hvis du har et st\u00f8rre skib, kan personalet have deres egne sendere, hvilket g\u00f8r det nemmere for dem at im\u00f8dekomme g\u00e6sternes behov.<\/p>\n<\/div><\/div>\n<\/div>\n\n\n\n<div class=\"wp-block-column is-vertically-aligned-top is-layout-flow wp-block-column-is-layout-flow\">\n<div style=\"height:65px\" aria-hidden=\"true\" class=\"wp-block-spacer\"><\/div>\n\n\n<div class=\"wp-block-image is-style-default\">\n<figure class=\"aligncenter size-full\"><img loading=\"lazy\" decoding=\"async\" width=\"64\" height=\"64\" src=\"https:\/\/www.tele-radio.com\/app\/uploads\/cruise.png\" alt=\"\" class=\"wp-image-119233\"\/><\/figure><\/div>\n\n\n<p class=\"has-text-align-center\"><strong>MUDDERFART\u00d8JER<\/strong><\/p>\n\n\n\n<p class=\"has-text-align-center\">Opmudring med farligt materiale og renseopmudring med hydraulikkomponenter har brug for s\u00e6rlige radiostyringssystemer, der kan klare ventilkontroller. Et omr\u00e5de Tele Radio er godt bekendt med. En liste over kontrolpunkter kunne indeholde graveudstyr, stabiliseringspontoner eller andre krantyper.<\/p>\n<\/div>\n<\/div>\n\n\n\n<div style=\"height:50px\" aria-hidden=\"true\" class=\"wp-block-spacer\"><\/div>\n\n\n\n<h3 class=\"wp-block-heading has-text-align-center\">Dine pr\u00e6ferencer for sikkerhed og funktionalitet<\/h3>\n\n<p>Valget af den rigtige sender til din brug sker bedst i samr\u00e5d med Tele Radios medarbejdere. Vi leverer forskellige sendere med specifikke egenskaber. F\u00f8lgende tre ting er afg\u00f8rende for dit valg:<\/p>\n\n<div class=\"wp-block-media-text alignwide is-stacked-on-mobile is-vertically-aligned-center\" style=\"grid-template-columns:15% auto\"><figure class=\"wp-block-media-text__media\"><img loading=\"lazy\" decoding=\"async\" width=\"404\" height=\"404\" src=\"https:\/\/www.tele-radio.com\/app\/uploads\/Safety_level_2.png\" alt=\"\" class=\"wp-image-68198 size-full\" srcset=\"https:\/\/www.tele-radio.com\/app\/uploads\/Safety_level_2.png 404w, https:\/\/www.tele-radio.com\/app\/uploads\/Safety_level_2-400x400.png 400w, https:\/\/www.tele-radio.com\/app\/uploads\/Safety_level_2-150x150.png 150w, https:\/\/www.tele-radio.com\/app\/uploads\/Safety_level_2-250x250.png 250w\" sizes=\"auto, (max-width: 404px) 100vw, 404px\" \/><\/figure><div class=\"wp-block-media-text__content\">\n<p><strong>Sikkerhedsniveau<\/strong><\/p>\n\n\n\n<p>Vores sendere er sikre, og mange modeller har uafh\u00e6ngig sikkerhedscertificering. Det betyder, at stopknappens funktion er testet og verificeret af en ekstern, uafh\u00e6ngig part. Det anbefales at v\u00e6lge et system med uafh\u00e6ngig sikkerhedscertificering, hvis man \u00f8nsker at minimere risikoen for skader ved brug af maskiner. Ingen sikkerhedsrisiko? S\u00e5 kan du v\u00e6lge en sender uden certificering.<\/p>\n<\/div><\/div>\n\n<div class=\"wp-block-media-text alignwide is-stacked-on-mobile is-vertically-aligned-center\" style=\"grid-template-columns:15% auto\"><figure class=\"wp-block-media-text__media\"><img loading=\"lazy\" decoding=\"async\" width=\"404\" height=\"404\" src=\"https:\/\/www.tele-radio.com\/app\/uploads\/Control_element_2.png\" alt=\"\" class=\"wp-image-68176 size-full\" srcset=\"https:\/\/www.tele-radio.com\/app\/uploads\/Control_element_2.png 404w, https:\/\/www.tele-radio.com\/app\/uploads\/Control_element_2-400x400.png 400w, https:\/\/www.tele-radio.com\/app\/uploads\/Control_element_2-150x150.png 150w, https:\/\/www.tele-radio.com\/app\/uploads\/Control_element_2-250x250.png 250w\" sizes=\"auto, (max-width: 404px) 100vw, 404px\" \/><\/figure><div class=\"wp-block-media-text__content\">\n<p><strong>Knapper eller joysticks<\/strong><\/p>\n\n\n\n<p>Med brug af trykknapper er en sender mere overskuelig, men bestemt ikke mindre pr\u00e6cis. En sender med proportionelle trykknapper har for eksempel pr\u00e6cisionen som en joysticksender. Ved at trykke l\u00e6ngere ind p\u00e5 knappen \u00f8ges aktiveringsgraden. En joysticksender er st\u00f8rre, men har for eksempel flere muligheder for tilpasning i form af specielle knapper og kontakter.<\/p>\n<\/div><\/div>\n\n<div class=\"wp-block-media-text alignwide is-stacked-on-mobile\" style=\"grid-template-columns:15% auto\"><figure class=\"wp-block-media-text__media\"><img loading=\"lazy\" decoding=\"async\" width=\"404\" height=\"404\" src=\"https:\/\/www.tele-radio.com\/app\/uploads\/Feedback_2.png\" alt=\"\" class=\"wp-image-68223 size-full\" srcset=\"https:\/\/www.tele-radio.com\/app\/uploads\/Feedback_2.png 404w, https:\/\/www.tele-radio.com\/app\/uploads\/Feedback_2-400x400.png 400w, https:\/\/www.tele-radio.com\/app\/uploads\/Feedback_2-150x150.png 150w, https:\/\/www.tele-radio.com\/app\/uploads\/Feedback_2-250x250.png 250w\" sizes=\"auto, (max-width: 404px) 100vw, 404px\" \/><\/figure><div class=\"wp-block-media-text__content\">\n<p><strong>Feedbackinformation<\/strong><\/p>\n\n\n\n<p>Visse sendere kan modtage information fra en kontrolleret modtager. Afh\u00e6ngigt af systemet kan du g\u00f8re informationen synlig ved hj\u00e6lp af lysdioder p\u00e5 senderen eller via et display. N\u00e5r du styrer en kran er det for eksempel muligt at bruge displayet til at vise information s\u00e5som l\u00f8ftev\u00e6gt eller advarsler. Denne funktion vil v\u00e6re mindre relevant til mindre komplicerede applikationer, s\u00e5som lastbilspil.<\/p>\n\n\n\n<p><\/p>\n<\/div><\/div>\n\n\n\n<div style=\"height:50px\" aria-hidden=\"true\" class=\"wp-block-spacer\"><\/div>\n\n\n<div class=\"wp-block-image is-style-default\">\n<figure class=\"aligncenter size-large is-resized\"><img loading=\"lazy\" decoding=\"async\" src=\"https:\/\/www.tele-radio.com\/app\/uploads\/\/Assortiment_2019_zonder_spiegeling_en_schaduw-1200x614.jpg\" alt=\"\" width=\"771\" height=\"394\"\/><\/figure><\/div>\n\n\n<div class=\"wp-block-buttons is-horizontal is-content-justification-center is-layout-flex wp-container-core-buttons-is-layout-499968f5 wp-block-buttons-is-layout-flex\">\n<div class=\"wp-block-button\"><a class=\"wp-block-button__link has-black-color has-text-color has-background wp-element-button\" style=\"border-radius:7px;background-color:#fabb00\"><strong>Kontakt os <\/strong><\/a><\/div>\n<\/div>\n","protected":false},"excerpt":{"rendered":"<p>MARITIMT &amp; OFFSHORE Vi hj\u00e6lper den maritime sektor Tele Radio leverer l\u00f8sninger til alle omr\u00e5der inden for den maritime sektor. Uanset om du ejer et lille privat fart\u00f8j eller et st\u00f8rre skib, har vi radiostyring, som passer til dig. N\u00e5r det kommer til en b\u00e5d eller et skib til floder og s\u00f8er eller ude p\u00e5 [&hellip;]<\/p>\n","protected":false},"author":29,"featured_media":0,"parent":0,"menu_order":0,"comment_status":"closed","ping_status":"closed","template":"","meta":{"_acf_changed":false,"footnotes":""},"class_list":["post-196760","page","type-page","status-publish","hentry"],"acf":[],"_links":{"self":[{"href":"https:\/\/www.tele-radio.com\/da\/wp-json\/wp\/v2\/pages\/196760","targetHints":{"allow":["GET"]}}],"collection":[{"href":"https:\/\/www.tele-radio.com\/da\/wp-json\/wp\/v2\/pages"}],"about":[{"href":"https:\/\/www.tele-radio.com\/da\/wp-json\/wp\/v2\/types\/page"}],"author":[{"embeddable":true,"href":"https:\/\/www.tele-radio.com\/da\/wp-json\/wp\/v2\/users\/29"}],"replies":[{"embeddable":true,"href":"https:\/\/www.tele-radio.com\/da\/wp-json\/wp\/v2\/comments?post=196760"}],"version-history":[{"count":3,"href":"https:\/\/www.tele-radio.com\/da\/wp-json\/wp\/v2\/pages\/196760\/revisions"}],"predecessor-version":[{"id":199748,"href":"https:\/\/www.tele-radio.com\/da\/wp-json\/wp\/v2\/pages\/196760\/revisions\/199748"}],"wp:attachment":[{"href":"https:\/\/www.tele-radio.com\/da\/wp-json\/wp\/v2\/media?parent=196760"}],"curies":[{"name":"wp","href":"https:\/\/api.w.org\/{rel}","templated":true}]}}