{"id":196755,"date":"2022-11-23T08:33:43","date_gmt":"2022-11-23T08:33:43","guid":{"rendered":"https:\/\/www.tele-radio.com\/mobile-hydraulic\/"},"modified":"2023-12-30T19:55:57","modified_gmt":"2023-12-30T19:55:57","slug":"mobile-hydraulic","status":"publish","type":"page","link":"https:\/\/www.tele-radio.com\/da\/mobile-hydraulic\/","title":{"rendered":"MOBIL &#038; HYDRAULIK"},"content":{"rendered":"\n<div style=\"height:31px\" aria-hidden=\"true\" class=\"wp-block-spacer\"><\/div>\n\n\n\n<h1 class=\"wp-block-heading has-text-align-center\">MOBIL &amp; HYDRAULIK<\/h1>\n\n\n\n<div style=\"height:26px\" aria-hidden=\"true\" class=\"wp-block-spacer\"><\/div>\n\n\n\n<div class=\"wp-block-columns is-layout-flex wp-container-core-columns-is-layout-9d6595d7 wp-block-columns-is-layout-flex\">\n<div class=\"wp-block-column is-layout-flow wp-block-column-is-layout-flow\">\n<h1 class=\"wp-block-heading\">Med vejen som arbejdsplads<\/h1>\n\n\n\n<p>Markedet for mobile k\u00f8ret\u00f8jer er stort og omfatter mange forskellige skr\u00e6ddersyede radiostyringer med unik funktionalitet. Nogle af de mest almindelige anvendelser er for eksempel til redningsudstyr, bj\u00e6rgningsbiler, slamsugere og lastbilmonterede kraner. Der er ogs\u00e5 mindre k\u00f8ret\u00f8jer s\u00e5som ATV&#8217;er og mobile projekt\u00f8rer, der bruger spilsystemer eller p\u00e5 anden vis kan drage fordel af radiostyring. Tele Radio har i \u00e5rtier leveret radiostyringssystemer til maskiner, der k\u00f8rer under disse sv\u00e6re forhold.<\/p>\n<\/div>\n\n\n\n<div class=\"wp-block-column is-layout-flow wp-block-column-is-layout-flow\" style=\"flex-basis:100px\"><\/div>\n\n\n\n<div class=\"wp-block-column is-layout-flow wp-block-column-is-layout-flow\">\n<div style=\"height:31px\" aria-hidden=\"true\" class=\"wp-block-spacer\"><\/div>\n\n\n\n<div class=\"wp-block-cover\" style=\"min-height:368px;aspect-ratio:unset;\"><span aria-hidden=\"true\" class=\"wp-block-cover__background has-black-background-color has-background-dim-20 has-background-dim\"><\/span><img loading=\"lazy\" decoding=\"async\" width=\"2400\" height=\"1597\" class=\"wp-block-cover__image-background wp-image-119332\" alt=\"\" src=\"https:\/\/www.tele-radio.com\/app\/uploads\/FM_MI_PU_0004.jpg\" style=\"object-position:59% 54%\" data-object-fit=\"cover\" data-object-position=\"59% 54%\" srcset=\"https:\/\/www.tele-radio.com\/app\/uploads\/FM_MI_PU_0004.jpg 2400w, https:\/\/www.tele-radio.com\/app\/uploads\/FM_MI_PU_0004-400x266.jpg 400w, https:\/\/www.tele-radio.com\/app\/uploads\/FM_MI_PU_0004-1200x799.jpg 1200w, https:\/\/www.tele-radio.com\/app\/uploads\/FM_MI_PU_0004-768x511.jpg 768w, https:\/\/www.tele-radio.com\/app\/uploads\/FM_MI_PU_0004-1536x1022.jpg 1536w, https:\/\/www.tele-radio.com\/app\/uploads\/FM_MI_PU_0004-2048x1363.jpg 2048w, https:\/\/www.tele-radio.com\/app\/uploads\/FM_MI_PU_0004-750x499.jpg 750w, https:\/\/www.tele-radio.com\/app\/uploads\/FM_MI_PU_0004-500x333.jpg 500w, https:\/\/www.tele-radio.com\/app\/uploads\/FM_MI_PU_0004-1600x1065.jpg 1600w, https:\/\/www.tele-radio.com\/app\/uploads\/FM_MI_PU_0004-800x532.jpg 800w\" sizes=\"auto, (max-width: 2400px) 100vw, 2400px\" \/><div class=\"wp-block-cover__inner-container is-layout-flow wp-block-cover-is-layout-flow\">\n<p class=\"has-text-align-center has-large-font-size\"><\/p>\n<\/div><\/div>\n<\/div>\n<\/div>\n\n\n\n<p>Tele Radio Exster g\u00f8r det muligt for chauff\u00f8ren at have fuld kontrol over ethvert tungt k\u00f8ret\u00f8j, mens han er udenfor f\u00f8rerhuset. P\u00e5 den m\u00e5de f\u00e5r brugeren mere fleksibilitet og overblik over situationen, hvilket \u00f8ger sikkerheden omkring lastbilen. Udover sikkerhed giver radiostyring ogs\u00e5 arbejdseffektivitet; \u00e9n person, der bruger radiostyring, kan udf\u00f8re to personers arbejde. Denne l\u00f8sning giver en v\u00e6sentlig forbedring af sikkerheden, da den \u00f8ger den visuelle synlighed for brugeren, fordi bilen kan styres udefra. Derudover f\u00f8les det mere ergonomisk, n\u00e5r du undg\u00e5r behovet for at klatre op og ned fra lastbilen flere gange om dagen (m\u00e5ske dusinvis) afh\u00e6ngig af arbejdsbelastningen. Effektiviteten resulterer i en forbedring af produktiviteten og en v\u00e6sentlig reduktion af tr\u00e6thed ved dagligt arbejde.<\/p>\n\n\n\n<p>Vi ved, hvilke funktioner der er vigtige, og vi fremstiller vores komponenter med holdbarhed, operat\u00f8rkomfort og sikkerhed for \u00f8je.<\/p>\n\n\n\n<div style=\"height:32px\" aria-hidden=\"true\" class=\"wp-block-spacer\"><\/div>\n\n\n\n<h2 class=\"wp-block-heading\">N\u00e5r ventiler og olietryk er vigtigt<\/h2>\n\n\n\n<p>Maskiner og udstyr drevet af hydrauliske systemer bruges overalt. N\u00e5r der skal ud\u00f8ves meget kraft med pr\u00e6cision, hurtig respons og brugervenlighed, er hydraulik normalt f\u00f8rstevalget. P\u00e5 alle omr\u00e5der, fra skovbrug til minedrift, fra byggeri til landbrug, flytter maskiner verden \u2013 og hydraulisk kraft flytter maskinerne. Det er op disse omr\u00e5der, at radiostyring fra Tele Radio giver dig kraften og p\u00e5lideligheden til at udnytte alle maskinens styrke. Proportionel kontrol, integreret logik og feedback fra hver maskinfunktion giver dig muligheden for at styre de hydrauliske kredsl\u00f8b i alle moderne, kraftfulde maskiner med lethed, sikkerhed og komfort. For maskiner, der opererer i farlige milj\u00f8er som f.eks. gravemaskiner til minebrug, bruges Tele Radio tr\u00e5dl\u00f8s radiostyring til at holde sig v\u00e6k fra de farlige arbejdsomr\u00e5der. Hindrer placeringen af \u200b\u200bdet integrerede kontrolpanel din evne til at overv\u00e5ge din produktion eller proces? Vores tr\u00e5dl\u00f8se l\u00f8sninger giver dig mulighed for at komme t\u00e6ttere p\u00e5, der hvor du har brug for at v\u00e6re; dermed kan du reagere hurtigere og mere effektivt, n\u00e5r det er n\u00f8dvendigt. Med alt fra simpel t\u00e6nd\/sluk-styring til de mest komplekse, tilpassede sendere st\u00e5r Tele Radio klar til at hj\u00e6lpe dig med at g\u00f8re det, du er bedst til.<\/p>\n\n\n\n<div style=\"height:54px\" aria-hidden=\"true\" class=\"wp-block-spacer\"><\/div>\n\n\n\n\n\n<div style=\"height:100px\" aria-hidden=\"true\" class=\"wp-block-spacer\"><\/div>\n\n\n\n<h2 class=\"wp-block-heading has-text-align-center\">ANVENDELSESMULIGHEDER<\/h2>\n\n\n\n<p class=\"has-text-align-center\">For at give en id\u00e9 om mulighederne har vi nogle eksempler p\u00e5 brugsomr\u00e5der og deres typiske produkter nedenfor<em>:<\/em><\/p>\n\n\n\n<div class=\"wp-block-columns is-layout-flex wp-container-core-columns-is-layout-9d6595d7 wp-block-columns-is-layout-flex\">\n<div class=\"wp-block-column is-layout-flow wp-block-column-is-layout-flow\">\n<div class=\"wp-block-cover is-light\"><span aria-hidden=\"true\" class=\"wp-block-cover__background has-white-background-color has-background-dim-100 has-background-dim\"><\/span><div class=\"wp-block-cover__inner-container is-layout-flow wp-block-cover-is-layout-flow\"><div class=\"wp-block-image is-style-default\">\n<figure class=\"aligncenter size-full\"><img loading=\"lazy\" decoding=\"async\" width=\"64\" height=\"64\" src=\"https:\/\/www.tele-radio.com\/app\/uploads\/trailer.png\" alt=\"\" class=\"wp-image-119260\"\/><\/figure><\/div>\n\n\n<p class=\"has-text-align-center has-black-color has-text-color\"><strong>TRANSPORTTRAILERE<\/strong><\/p>\n\n\n\n<p class=\"has-text-align-center has-black-color has-text-color\">Transporttrailere bruges til at fragte gods. At bruge radiostyring kan g\u00f8re dit liv nemmere, n\u00e5r du arbejder med disse slags brugsomr\u00e5der For eksempel kan du styre bagklappen med en lille sender i stedet for at bruge det indbyggede kontrolpanel. Der findes ogs\u00e5 forskellige rullepresenningssystemer, som kan bruges med radiostyring.<\/p>\n<\/div><\/div>\n<\/div>\n\n\n\n<div class=\"wp-block-column is-vertically-aligned-top is-layout-flow wp-block-column-is-layout-flow\">\n<div class=\"wp-block-cover is-light\"><span aria-hidden=\"true\" class=\"wp-block-cover__background has-white-background-color has-background-dim-100 has-background-dim\"><\/span><div class=\"wp-block-cover__inner-container is-layout-flow wp-block-cover-is-layout-flow\"><div class=\"wp-block-image is-style-default\">\n<figure class=\"aligncenter size-full\"><img loading=\"lazy\" decoding=\"async\" width=\"64\" height=\"64\" src=\"https:\/\/www.tele-radio.com\/app\/uploads\/equipment.png\" alt=\"\" class=\"wp-image-119284\"\/><\/figure><\/div>\n\n\n<p class=\"has-text-align-center has-black-color has-text-color\"><strong>H\u00d8STMASKINER<\/strong><\/p>\n\n\n\n<p class=\"has-text-align-center has-black-color has-text-color\">Alfafa, hvidl\u00f8g, guler\u00f8dder, r\u00f8dbeder, osv. kan alle kontrolleres med lethed og effektivitet. Med en tr\u00e5dl\u00f8s radiostyringsl\u00f8sning fra Tele Radio installeret p\u00e5 dette udstyr, kan du kontrollere hastigheden, slukke og t\u00e6nde for funktioner, justere h\u00f8steindstillinger og meget mere.<\/p>\n<\/div><\/div>\n<\/div>\n\n\n\n<div class=\"wp-block-column is-vertically-aligned-top is-layout-flow wp-block-column-is-layout-flow\">\n<div style=\"height:65px\" aria-hidden=\"true\" class=\"wp-block-spacer\"><\/div>\n\n\n<div class=\"wp-block-image is-style-default\">\n<figure class=\"aligncenter size-full\"><img loading=\"lazy\" decoding=\"async\" width=\"64\" height=\"64\" src=\"https:\/\/www.tele-radio.com\/app\/uploads\/cruise.png\" alt=\"\" class=\"wp-image-119233\"\/><\/figure><\/div>\n\n\n<p class=\"has-text-align-center\"><strong>GRAVEMASKINER TIL MINEBRUG<\/strong><\/p>\n\n\n\n<p class=\"has-text-align-center\">Ved arbejde p\u00e5 farligt og ustabilt underlag, som udg\u00f8r en klar fare for operat\u00f8ren, kan Tele Radios systemer v\u00e6re din l\u00f8sning til at skabe et mere sikkert milj\u00f8.<\/p>\n<\/div>\n<\/div>\n\n\n\n<div style=\"height:50px\" aria-hidden=\"true\" class=\"wp-block-spacer\"><\/div>\n\n\n\n<h3 class=\"wp-block-heading has-text-align-center\">Dine pr\u00e6ferencer for sikkerhed og funktionalitet<\/h3>\n\n<p>Valget af den rigtige sender til din brug sker bedst i samr\u00e5d med Tele Radios medarbejdere. Vi leverer forskellige sendere med specifikke egenskaber. F\u00f8lgende tre ting er afg\u00f8rende for dit valg:<\/p>\n\n<div class=\"wp-block-media-text alignwide is-stacked-on-mobile is-vertically-aligned-center\" style=\"grid-template-columns:15% auto\"><figure class=\"wp-block-media-text__media\"><img loading=\"lazy\" decoding=\"async\" width=\"404\" height=\"404\" src=\"https:\/\/www.tele-radio.com\/app\/uploads\/Safety_level_2.png\" alt=\"\" class=\"wp-image-68198 size-full\" srcset=\"https:\/\/www.tele-radio.com\/app\/uploads\/Safety_level_2.png 404w, https:\/\/www.tele-radio.com\/app\/uploads\/Safety_level_2-400x400.png 400w, https:\/\/www.tele-radio.com\/app\/uploads\/Safety_level_2-150x150.png 150w, https:\/\/www.tele-radio.com\/app\/uploads\/Safety_level_2-250x250.png 250w\" sizes=\"auto, (max-width: 404px) 100vw, 404px\" \/><\/figure><div class=\"wp-block-media-text__content\">\n<p><strong>Sikkerhedsniveau<\/strong><\/p>\n\n\n\n<p>Vores sendere er sikre, og mange modeller har uafh\u00e6ngig sikkerhedscertificering. Det betyder, at stopknappens funktion er testet og verificeret af en ekstern, uafh\u00e6ngig part. Det anbefales at v\u00e6lge et system med uafh\u00e6ngig sikkerhedscertificering, hvis man \u00f8nsker at minimere risikoen for skader ved brug af maskiner. Ingen sikkerhedsrisiko? S\u00e5 kan du v\u00e6lge en sender uden certificering.<\/p>\n<\/div><\/div>\n\n<div class=\"wp-block-media-text alignwide is-stacked-on-mobile is-vertically-aligned-center\" style=\"grid-template-columns:15% auto\"><figure class=\"wp-block-media-text__media\"><img loading=\"lazy\" decoding=\"async\" width=\"404\" height=\"404\" src=\"https:\/\/www.tele-radio.com\/app\/uploads\/Control_element_2.png\" alt=\"\" class=\"wp-image-68176 size-full\" srcset=\"https:\/\/www.tele-radio.com\/app\/uploads\/Control_element_2.png 404w, https:\/\/www.tele-radio.com\/app\/uploads\/Control_element_2-400x400.png 400w, https:\/\/www.tele-radio.com\/app\/uploads\/Control_element_2-150x150.png 150w, https:\/\/www.tele-radio.com\/app\/uploads\/Control_element_2-250x250.png 250w\" sizes=\"auto, (max-width: 404px) 100vw, 404px\" \/><\/figure><div class=\"wp-block-media-text__content\">\n<p><strong>Knapper eller joysticks<\/strong><\/p>\n\n\n\n<p>Med brug af trykknapper er en sender mere overskuelig, men bestemt ikke mindre pr\u00e6cis. En sender med proportionelle trykknapper har for eksempel pr\u00e6cisionen som en joysticksender. Ved at trykke l\u00e6ngere ind p\u00e5 knappen \u00f8ges aktiveringsgraden. En joysticksender er st\u00f8rre, men har for eksempel flere muligheder for tilpasning i form af specielle knapper og kontakter.<\/p>\n<\/div><\/div>\n\n<div class=\"wp-block-media-text alignwide is-stacked-on-mobile\" style=\"grid-template-columns:15% auto\"><figure class=\"wp-block-media-text__media\"><img loading=\"lazy\" decoding=\"async\" width=\"404\" height=\"404\" src=\"https:\/\/www.tele-radio.com\/app\/uploads\/Feedback_2.png\" alt=\"\" class=\"wp-image-68223 size-full\" srcset=\"https:\/\/www.tele-radio.com\/app\/uploads\/Feedback_2.png 404w, https:\/\/www.tele-radio.com\/app\/uploads\/Feedback_2-400x400.png 400w, https:\/\/www.tele-radio.com\/app\/uploads\/Feedback_2-150x150.png 150w, https:\/\/www.tele-radio.com\/app\/uploads\/Feedback_2-250x250.png 250w\" sizes=\"auto, (max-width: 404px) 100vw, 404px\" \/><\/figure><div class=\"wp-block-media-text__content\">\n<p><strong>Feedbackinformation<\/strong><\/p>\n\n\n\n<p>Visse sendere kan modtage information fra en kontrolleret modtager. Afh\u00e6ngigt af systemet kan du g\u00f8re informationen synlig ved hj\u00e6lp af lysdioder p\u00e5 senderen eller via et display. N\u00e5r du styrer en kran er det for eksempel muligt at bruge displayet til at vise information s\u00e5som l\u00f8ftev\u00e6gt eller advarsler. Denne funktion vil v\u00e6re mindre relevant til mindre komplicerede applikationer, s\u00e5som lastbilspil.<\/p>\n\n\n\n<p><\/p>\n<\/div><\/div>\n\n\n\n<div style=\"height:50px\" aria-hidden=\"true\" class=\"wp-block-spacer\"><\/div>\n\n\n<div class=\"wp-block-image is-style-default\">\n<figure class=\"aligncenter size-large is-resized\"><img loading=\"lazy\" decoding=\"async\" src=\"https:\/\/www.tele-radio.com\/app\/uploads\/\/Assortiment_2019_zonder_spiegeling_en_schaduw-1200x614.jpg\" alt=\"\" width=\"771\" height=\"394\"\/><\/figure><\/div>\n\n\n<div class=\"wp-block-buttons is-horizontal is-content-justification-center is-layout-flex wp-container-core-buttons-is-layout-499968f5 wp-block-buttons-is-layout-flex\">\n<div class=\"wp-block-button\"><a class=\"wp-block-button__link has-black-color has-text-color has-background wp-element-button\" style=\"border-radius:7px;background-color:#fabb00\"><strong>Talk To An Expert <\/strong><\/a><\/div>\n<\/div>\n","protected":false},"excerpt":{"rendered":"<p>MOBIL &amp; HYDRAULIK Med vejen som arbejdsplads Markedet for mobile k\u00f8ret\u00f8jer er stort og omfatter mange forskellige skr\u00e6ddersyede radiostyringer med unik funktionalitet. Nogle af de mest almindelige anvendelser er for eksempel til redningsudstyr, bj\u00e6rgningsbiler, slamsugere og lastbilmonterede kraner. Der er ogs\u00e5 mindre k\u00f8ret\u00f8jer s\u00e5som ATV&#8217;er og mobile projekt\u00f8rer, der bruger spilsystemer eller p\u00e5 anden vis [&hellip;]<\/p>\n","protected":false},"author":29,"featured_media":196759,"parent":0,"menu_order":0,"comment_status":"closed","ping_status":"closed","template":"","meta":{"_acf_changed":false,"footnotes":""},"class_list":["post-196755","page","type-page","status-publish","has-post-thumbnail","hentry"],"acf":[],"_links":{"self":[{"href":"https:\/\/www.tele-radio.com\/da\/wp-json\/wp\/v2\/pages\/196755","targetHints":{"allow":["GET"]}}],"collection":[{"href":"https:\/\/www.tele-radio.com\/da\/wp-json\/wp\/v2\/pages"}],"about":[{"href":"https:\/\/www.tele-radio.com\/da\/wp-json\/wp\/v2\/types\/page"}],"author":[{"embeddable":true,"href":"https:\/\/www.tele-radio.com\/da\/wp-json\/wp\/v2\/users\/29"}],"replies":[{"embeddable":true,"href":"https:\/\/www.tele-radio.com\/da\/wp-json\/wp\/v2\/comments?post=196755"}],"version-history":[{"count":6,"href":"https:\/\/www.tele-radio.com\/da\/wp-json\/wp\/v2\/pages\/196755\/revisions"}],"predecessor-version":[{"id":199717,"href":"https:\/\/www.tele-radio.com\/da\/wp-json\/wp\/v2\/pages\/196755\/revisions\/199717"}],"wp:featuredmedia":[{"embeddable":true,"href":"https:\/\/www.tele-radio.com\/da\/wp-json\/wp\/v2\/media\/196759"}],"wp:attachment":[{"href":"https:\/\/www.tele-radio.com\/da\/wp-json\/wp\/v2\/media?parent=196755"}],"curies":[{"name":"wp","href":"https:\/\/api.w.org\/{rel}","templated":true}]}}