{"id":196717,"date":"2022-11-23T10:24:20","date_gmt":"2022-11-23T10:24:20","guid":{"rendered":"https:\/\/www.tele-radio.com\/construction\/"},"modified":"2023-12-30T21:51:19","modified_gmt":"2023-12-30T21:51:19","slug":"construction","status":"publish","type":"page","link":"https:\/\/www.tele-radio.com\/da\/construction\/","title":{"rendered":"KONSTRUKTION"},"content":{"rendered":"\n<div style=\"height:31px\" aria-hidden=\"true\" class=\"wp-block-spacer\"><\/div>\n\n\n\n<h1 class=\"wp-block-heading has-text-align-center\"><strong><strong>KONSTRUKTION<\/strong><\/strong><\/h1>\n\n\n\n<div style=\"height:26px\" aria-hidden=\"true\" class=\"wp-block-spacer\"><\/div>\n\n\n\n<div class=\"wp-block-columns is-layout-flex wp-container-core-columns-is-layout-9d6595d7 wp-block-columns-is-layout-flex\">\n<div class=\"wp-block-column is-layout-flow wp-block-column-is-layout-flow\">\n<p>Byggebranchen er enorm og inkluderer mange forskellige maskiner, som vi effektivt kan radiostyre fra en sikker afstand. Gummigeder, stenknusere, vandpumper, aggregater og betonfabrikker er bare et par forslag til, hvad der kan styres tr\u00e5dl\u00f8st.<\/p>\n\n\n\n<p>Tele Radio kan tilbyde mange slags l\u00f8sninger til byggebranchen. Dette er virkelig en branche, hvor sikkert arbejde er af stor betydning. Vi certificerer vores systemer til de h\u00f8jeste industristandarder for at sikre, at alt forts\u00e6tter med at fungere under de sv\u00e6reste forhold. Systemer med de h\u00f8jeste sikkerhedskrav er certificeret for SIL3, PLd eller PLe. For at garantere det h\u00f8jeste sikkerhedsniveau er Tele Radios produkter derfor uafh\u00e6ngigt testet af et akkrediteret testbureau. Certifikaterne kan altid vises, n\u00e5r du anmoder om dem. Som bruger skal du kunne stole 100% p\u00e5 sikkerheden af Tele Radio-produkter.<\/p>\n\n\n\n<p>P\u00e5lidelige produkter er af stor betydning. En fabrik som er lukket ned p\u00e5 grund af udstyrssvigt, f\u00e5r store konsekvenser. Tele Radios systemer har en lang r\u00e6kkevidde og er p\u00e5lidelige og sikre &#8211; selv under de mest ekstreme forhold.<\/p>\n<\/div>\n\n\n\n<div class=\"wp-block-column is-layout-flow wp-block-column-is-layout-flow\" style=\"flex-basis:100px\"><\/div>\n\n\n\n<div class=\"wp-block-column is-layout-flow wp-block-column-is-layout-flow\">\n<div style=\"height:31px\" aria-hidden=\"true\" class=\"wp-block-spacer\"><\/div>\n\n\n\n<div class=\"wp-block-cover\" style=\"min-height:368px;aspect-ratio:unset;\"><span aria-hidden=\"true\" class=\"wp-block-cover__background has-black-background-color has-background-dim-20 has-background-dim\"><\/span><img loading=\"lazy\" decoding=\"async\" width=\"2400\" height=\"1597\" class=\"wp-block-cover__image-background wp-image-119802\" alt=\"\" src=\"https:\/\/www.tele-radio.com\/app\/uploads\/FM_MI_TI_0217-2.jpg\" style=\"object-position:59% 54%\" data-object-fit=\"cover\" data-object-position=\"59% 54%\" srcset=\"https:\/\/www.tele-radio.com\/app\/uploads\/FM_MI_TI_0217-2.jpg 2400w, https:\/\/www.tele-radio.com\/app\/uploads\/FM_MI_TI_0217-2-400x266.jpg 400w, https:\/\/www.tele-radio.com\/app\/uploads\/FM_MI_TI_0217-2-1200x799.jpg 1200w, https:\/\/www.tele-radio.com\/app\/uploads\/FM_MI_TI_0217-2-768x511.jpg 768w, https:\/\/www.tele-radio.com\/app\/uploads\/FM_MI_TI_0217-2-1536x1022.jpg 1536w, https:\/\/www.tele-radio.com\/app\/uploads\/FM_MI_TI_0217-2-2048x1363.jpg 2048w, https:\/\/www.tele-radio.com\/app\/uploads\/FM_MI_TI_0217-2-750x499.jpg 750w, https:\/\/www.tele-radio.com\/app\/uploads\/FM_MI_TI_0217-2-500x333.jpg 500w, https:\/\/www.tele-radio.com\/app\/uploads\/FM_MI_TI_0217-2-1600x1065.jpg 1600w, https:\/\/www.tele-radio.com\/app\/uploads\/FM_MI_TI_0217-2-800x532.jpg 800w\" sizes=\"auto, (max-width: 2400px) 100vw, 2400px\" \/><div class=\"wp-block-cover__inner-container is-layout-flow wp-block-cover-is-layout-flow\">\n<p class=\"has-text-align-center has-large-font-size\"><\/p>\n<\/div><\/div>\n<\/div>\n<\/div>\n\n\n\n<div style=\"height:32px\" aria-hidden=\"true\" class=\"wp-block-spacer\"><\/div>\n\n\n\n\n\n<div style=\"height:100px\" aria-hidden=\"true\" class=\"wp-block-spacer\"><\/div>\n\n\n\n<h2 class=\"wp-block-heading has-text-align-center\">ANVENDELSESMULIGHEDER<\/h2>\n\n\n\n<p class=\"has-text-align-center\">For at give en id\u00e9 om mulighederne har vi nogle eksempler p\u00e5 brugsomr\u00e5der og deres typiske produkter nedenfor:<\/p>\n\n\n\n<div class=\"wp-block-columns is-layout-flex wp-container-core-columns-is-layout-9d6595d7 wp-block-columns-is-layout-flex\">\n<div class=\"wp-block-column is-layout-flow wp-block-column-is-layout-flow\">\n<div class=\"wp-block-cover is-light\"><span aria-hidden=\"true\" class=\"wp-block-cover__background has-white-background-color has-background-dim-100 has-background-dim\"><\/span><div class=\"wp-block-cover__inner-container is-layout-flow wp-block-cover-is-layout-flow\"><div class=\"wp-block-image is-style-default\">\n<figure class=\"aligncenter size-full\"><img loading=\"lazy\" decoding=\"async\" width=\"64\" height=\"64\" src=\"https:\/\/www.tele-radio.com\/app\/uploads\/shovel.png\" alt=\"\" class=\"wp-image-119650\"\/><\/figure><\/div>\n\n\n<p class=\"has-text-align-center has-black-color has-text-color\"><strong>GUMMIGEDER<\/strong><\/p>\n\n\n\n<p class=\"has-text-align-center has-black-color has-text-color\">En gummiged er en maskine, der bruges i konstruktions- eller landskabsarbejde til at flytte jord eller sand. Dette kan g\u00f8res ved hj\u00e6lp af skovlen eller ved at skubbe sandet for at flytte det. For bedre oversigt kan gravemaskinen opereres uden for f\u00f8rerhuset med en sender.<\/p>\n<\/div><\/div>\n<\/div>\n\n\n\n<div class=\"wp-block-column is-vertically-aligned-top is-layout-flow wp-block-column-is-layout-flow\">\n<div class=\"wp-block-cover is-light\"><span aria-hidden=\"true\" class=\"wp-block-cover__background has-white-background-color has-background-dim-100 has-background-dim\"><\/span><div class=\"wp-block-cover__inner-container is-layout-flow wp-block-cover-is-layout-flow\"><div class=\"wp-block-image is-style-default\">\n<figure class=\"aligncenter size-full\"><img loading=\"lazy\" decoding=\"async\" width=\"64\" height=\"64\" src=\"https:\/\/www.tele-radio.com\/app\/uploads\/lighting.png\" alt=\"\" class=\"wp-image-119626\"\/><\/figure><\/div>\n\n\n<p class=\"has-text-align-center has-black-color has-text-color\"><strong>AGGREGATER<\/strong><\/p>\n\n\n\n<p class=\"has-text-align-center has-black-color has-text-color\">Et aggregat er en maskine, som genererer energi. Aggregater bruges ofte p\u00e5 steder, hvor der er ingen eller ikke tilstr\u00e6kkelig netstr\u00f8m eller p\u00e5 steder, hvor adgang til str\u00f8m er s\u00e5 vigtigt, at en backup skal v\u00e6re tilg\u00e6ngelig. Det er fordi aggregater kan k\u00f8re helt uafh\u00e6ngigt af str\u00f8mnettet og kabelfrit med radiostyring.<\/p>\n<\/div><\/div>\n<\/div>\n\n\n\n<div class=\"wp-block-column is-vertically-aligned-top is-layout-flow wp-block-column-is-layout-flow\">\n<div style=\"height:65px\" aria-hidden=\"true\" class=\"wp-block-spacer\"><\/div>\n\n\n<div class=\"wp-block-image is-style-default\">\n<figure class=\"aligncenter size-full\"><img loading=\"lazy\" decoding=\"async\" width=\"64\" height=\"64\" src=\"https:\/\/www.tele-radio.com\/app\/uploads\/pump.png\" alt=\"\" class=\"wp-image-119602\"\/><\/figure><\/div>\n\n\n<p class=\"has-text-align-center\"><strong>VANDPUMPER<\/strong><\/p>\n\n\n\n<p class=\"has-text-align-center\">En vandpumpe er en elektromekanisk maskine, der bruges til at \u00f8ge trykket p\u00e5 vand for at flytte det fra et punkt til et andet. Moderne vandpumper bruges over hele verden for at levere vand til kommunale, industrielle, landbrugs- og boligbrug og kan bruges tr\u00e5dl\u00f8st med radiostyring.<\/p>\n<\/div>\n<\/div>\n\n\n\n<div style=\"height:50px\" aria-hidden=\"true\" class=\"wp-block-spacer\"><\/div>\n\n\n\n<h3 class=\"wp-block-heading has-text-align-center\">Dine pr\u00e6ferencer for sikkerhed og funktionalitet<\/h3>\n\n<p>Valget af den rigtige sender til din brug sker bedst i samr\u00e5d med Tele Radios medarbejdere. Vi leverer forskellige sendere med specifikke egenskaber. F\u00f8lgende tre ting er afg\u00f8rende for dit valg:<\/p>\n\n<div class=\"wp-block-media-text alignwide is-stacked-on-mobile is-vertically-aligned-center\" style=\"grid-template-columns:15% auto\"><figure class=\"wp-block-media-text__media\"><img loading=\"lazy\" decoding=\"async\" width=\"404\" height=\"404\" src=\"https:\/\/www.tele-radio.com\/app\/uploads\/Safety_level_2.png\" alt=\"\" class=\"wp-image-68198 size-full\" srcset=\"https:\/\/www.tele-radio.com\/app\/uploads\/Safety_level_2.png 404w, https:\/\/www.tele-radio.com\/app\/uploads\/Safety_level_2-400x400.png 400w, https:\/\/www.tele-radio.com\/app\/uploads\/Safety_level_2-150x150.png 150w, https:\/\/www.tele-radio.com\/app\/uploads\/Safety_level_2-250x250.png 250w\" sizes=\"auto, (max-width: 404px) 100vw, 404px\" \/><\/figure><div class=\"wp-block-media-text__content\">\n<p><strong>Sikkerhedsniveau<\/strong><\/p>\n\n\n\n<p>Vores sendere er sikre, og mange modeller har uafh\u00e6ngig sikkerhedscertificering. Det betyder, at stopknappens funktion er testet og verificeret af en ekstern, uafh\u00e6ngig part. Det anbefales at v\u00e6lge et system med uafh\u00e6ngig sikkerhedscertificering, hvis man \u00f8nsker at minimere risikoen for skader ved brug af maskiner. Ingen sikkerhedsrisiko? S\u00e5 kan du v\u00e6lge en sender uden certificering.<\/p>\n<\/div><\/div>\n\n<div class=\"wp-block-media-text alignwide is-stacked-on-mobile is-vertically-aligned-center\" style=\"grid-template-columns:15% auto\"><figure class=\"wp-block-media-text__media\"><img loading=\"lazy\" decoding=\"async\" width=\"404\" height=\"404\" src=\"https:\/\/www.tele-radio.com\/app\/uploads\/Control_element_2.png\" alt=\"\" class=\"wp-image-68176 size-full\" srcset=\"https:\/\/www.tele-radio.com\/app\/uploads\/Control_element_2.png 404w, https:\/\/www.tele-radio.com\/app\/uploads\/Control_element_2-400x400.png 400w, https:\/\/www.tele-radio.com\/app\/uploads\/Control_element_2-150x150.png 150w, https:\/\/www.tele-radio.com\/app\/uploads\/Control_element_2-250x250.png 250w\" sizes=\"auto, (max-width: 404px) 100vw, 404px\" \/><\/figure><div class=\"wp-block-media-text__content\">\n<p><strong>Knapper eller joysticks<\/strong><\/p>\n\n\n\n<p>Med brug af trykknapper er en sender mere overskuelig, men bestemt ikke mindre pr\u00e6cis. En sender med proportionelle trykknapper har for eksempel pr\u00e6cisionen som en joysticksender. Ved at trykke l\u00e6ngere ind p\u00e5 knappen \u00f8ges aktiveringsgraden. En joysticksender er st\u00f8rre, men har for eksempel flere muligheder for tilpasning i form af specielle knapper og kontakter.<\/p>\n<\/div><\/div>\n\n<div class=\"wp-block-media-text alignwide is-stacked-on-mobile\" style=\"grid-template-columns:15% auto\"><figure class=\"wp-block-media-text__media\"><img loading=\"lazy\" decoding=\"async\" width=\"404\" height=\"404\" src=\"https:\/\/www.tele-radio.com\/app\/uploads\/Feedback_2.png\" alt=\"\" class=\"wp-image-68223 size-full\" srcset=\"https:\/\/www.tele-radio.com\/app\/uploads\/Feedback_2.png 404w, https:\/\/www.tele-radio.com\/app\/uploads\/Feedback_2-400x400.png 400w, https:\/\/www.tele-radio.com\/app\/uploads\/Feedback_2-150x150.png 150w, https:\/\/www.tele-radio.com\/app\/uploads\/Feedback_2-250x250.png 250w\" sizes=\"auto, (max-width: 404px) 100vw, 404px\" \/><\/figure><div class=\"wp-block-media-text__content\">\n<p><strong>Feedbackinformation<\/strong><\/p>\n\n\n\n<p>Visse sendere kan modtage information fra en kontrolleret modtager. Afh\u00e6ngigt af systemet kan du g\u00f8re informationen synlig ved hj\u00e6lp af lysdioder p\u00e5 senderen eller via et display. N\u00e5r du styrer en kran er det for eksempel muligt at bruge displayet til at vise information s\u00e5som l\u00f8ftev\u00e6gt eller advarsler. Denne funktion vil v\u00e6re mindre relevant til mindre komplicerede applikationer, s\u00e5som lastbilspil.<\/p>\n\n\n\n<p><\/p>\n<\/div><\/div>\n\n\n\n<div style=\"height:50px\" aria-hidden=\"true\" class=\"wp-block-spacer\"><\/div>\n\n\n<div class=\"wp-block-image is-style-default\">\n<figure class=\"aligncenter size-large is-resized\"><img loading=\"lazy\" decoding=\"async\" src=\"https:\/\/www.tele-radio.com\/app\/uploads\/\/Assortiment_2019_zonder_spiegeling_en_schaduw-1200x614.jpg\" alt=\"\" width=\"771\" height=\"394\"\/><\/figure><\/div>\n\n\n<div class=\"wp-block-buttons is-horizontal is-content-justification-center is-layout-flex wp-container-core-buttons-is-layout-499968f5 wp-block-buttons-is-layout-flex\">\n<div class=\"wp-block-button\"><a class=\"wp-block-button__link has-black-color has-text-color has-background wp-element-button\" style=\"border-radius:7px;background-color:#fabb00\"><strong>Kontakt os <\/strong><\/a><\/div>\n<\/div>\n\n\n\n<p><\/p>\n\n\n\n<p><\/p>\n\n\n\n<p><\/p>\n\n\n\n<p><\/p>\n","protected":false},"excerpt":{"rendered":"<p>KONSTRUKTION Byggebranchen er enorm og inkluderer mange forskellige maskiner, som vi effektivt kan radiostyre fra en sikker afstand. Gummigeder, stenknusere, vandpumper, aggregater og betonfabrikker er bare et par forslag til, hvad der kan styres tr\u00e5dl\u00f8st. Tele Radio kan tilbyde mange slags l\u00f8sninger til byggebranchen. Dette er virkelig en branche, hvor sikkert arbejde er af stor [&hellip;]<\/p>\n","protected":false},"author":29,"featured_media":0,"parent":0,"menu_order":0,"comment_status":"closed","ping_status":"closed","template":"","meta":{"_acf_changed":false,"footnotes":""},"class_list":["post-196717","page","type-page","status-publish","hentry"],"acf":[],"_links":{"self":[{"href":"https:\/\/www.tele-radio.com\/da\/wp-json\/wp\/v2\/pages\/196717","targetHints":{"allow":["GET"]}}],"collection":[{"href":"https:\/\/www.tele-radio.com\/da\/wp-json\/wp\/v2\/pages"}],"about":[{"href":"https:\/\/www.tele-radio.com\/da\/wp-json\/wp\/v2\/types\/page"}],"author":[{"embeddable":true,"href":"https:\/\/www.tele-radio.com\/da\/wp-json\/wp\/v2\/users\/29"}],"replies":[{"embeddable":true,"href":"https:\/\/www.tele-radio.com\/da\/wp-json\/wp\/v2\/comments?post=196717"}],"version-history":[{"count":2,"href":"https:\/\/www.tele-radio.com\/da\/wp-json\/wp\/v2\/pages\/196717\/revisions"}],"predecessor-version":[{"id":199931,"href":"https:\/\/www.tele-radio.com\/da\/wp-json\/wp\/v2\/pages\/196717\/revisions\/199931"}],"wp:attachment":[{"href":"https:\/\/www.tele-radio.com\/da\/wp-json\/wp\/v2\/media?parent=196717"}],"curies":[{"name":"wp","href":"https:\/\/api.w.org\/{rel}","templated":true}]}}