{"id":196713,"date":"2022-11-23T10:32:08","date_gmt":"2022-11-23T10:32:08","guid":{"rendered":"https:\/\/www.tele-radio.com\/other\/"},"modified":"2023-12-30T17:08:39","modified_gmt":"2023-12-30T17:08:39","slug":"other","status":"publish","type":"page","link":"https:\/\/www.tele-radio.com\/da\/other\/","title":{"rendered":"ANDET"},"content":{"rendered":"\n<div style=\"height:31px\" aria-hidden=\"true\" class=\"wp-block-spacer\"><\/div>\n\n\n\n<h1 class=\"wp-block-heading has-text-align-center\"><strong>ANDET<\/strong><\/h1>\n\n\n\n<div style=\"height:26px\" aria-hidden=\"true\" class=\"wp-block-spacer\"><\/div>\n\n\n\n<div class=\"wp-block-columns is-layout-flex wp-container-core-columns-is-layout-9d6595d7 wp-block-columns-is-layout-flex\">\n<div class=\"wp-block-column is-layout-flow wp-block-column-is-layout-flow\">\n<h2 class=\"wp-block-heading\">D\u00f8re, porte og barrierer; n\u00e5r du vil kontrollere adgang<\/h2>\n\n\n\n<p>At v\u00e6re i stand til at radiostyre \u00e5bning eller lukning af d\u00f8re, porte, hegn, pullerter og udtr\u00e6kkelige ramper er b\u00e5de praktisk og giver mere sikkerhed. Takket v\u00e6re mange \u00e5rs erfaring kan Tele Radio tilbyde dig de mest p\u00e5lidelige og effektive l\u00f8sninger. De er lavet til mange \u00e5rs brug og skr\u00e6ddersyet til dine specifikke behov og med et bredt udvalg af tilbeh\u00f8r, der g\u00f8r hverdagsbrug nemmere. Uanset om du skal h\u00e6ve en pullert p\u00e5 en travl vej eller kontrollere rulleportene i et distributionscenter med en personlig sender.<\/p>\n<\/div>\n\n\n\n<div class=\"wp-block-column is-layout-flow wp-block-column-is-layout-flow\" style=\"flex-basis:100px\"><\/div>\n\n\n\n<div class=\"wp-block-column is-layout-flow wp-block-column-is-layout-flow\">\n<div style=\"height:31px\" aria-hidden=\"true\" class=\"wp-block-spacer\"><\/div>\n\n\n\n<div class=\"wp-block-cover\" style=\"min-height:368px;aspect-ratio:unset;\"><span aria-hidden=\"true\" class=\"wp-block-cover__background has-black-background-color has-background-dim-20 has-background-dim\"><\/span><img loading=\"lazy\" decoding=\"async\" width=\"2400\" height=\"1602\" class=\"wp-block-cover__image-background wp-image-119677\" alt=\"\" src=\"https:\/\/www.tele-radio.com\/app\/uploads\/FM_MI_PN_0039.jpg\" style=\"object-position:59% 54%\" data-object-fit=\"cover\" data-object-position=\"59% 54%\" srcset=\"https:\/\/www.tele-radio.com\/app\/uploads\/FM_MI_PN_0039.jpg 2400w, https:\/\/www.tele-radio.com\/app\/uploads\/FM_MI_PN_0039-400x267.jpg 400w, https:\/\/www.tele-radio.com\/app\/uploads\/FM_MI_PN_0039-1200x801.jpg 1200w, https:\/\/www.tele-radio.com\/app\/uploads\/FM_MI_PN_0039-768x513.jpg 768w, https:\/\/www.tele-radio.com\/app\/uploads\/FM_MI_PN_0039-1536x1025.jpg 1536w, https:\/\/www.tele-radio.com\/app\/uploads\/FM_MI_PN_0039-2048x1367.jpg 2048w, https:\/\/www.tele-radio.com\/app\/uploads\/FM_MI_PN_0039-750x501.jpg 750w, https:\/\/www.tele-radio.com\/app\/uploads\/FM_MI_PN_0039-500x334.jpg 500w, https:\/\/www.tele-radio.com\/app\/uploads\/FM_MI_PN_0039-1600x1068.jpg 1600w, https:\/\/www.tele-radio.com\/app\/uploads\/FM_MI_PN_0039-800x534.jpg 800w\" sizes=\"auto, (max-width: 2400px) 100vw, 2400px\" \/><div class=\"wp-block-cover__inner-container is-layout-flow wp-block-cover-is-layout-flow\">\n<p class=\"has-text-align-center has-large-font-size\"><\/p>\n<\/div><\/div>\n<\/div>\n<\/div>\n\n\n\n<div style=\"height:32px\" aria-hidden=\"true\" class=\"wp-block-spacer\"><\/div>\n\n\n\n\n\n<div style=\"height:0px\" aria-hidden=\"true\" class=\"wp-block-spacer\"><\/div>\n\n\n\n<h3 class=\"wp-block-heading has-text-align-center\">Dine pr\u00e6ferencer for sikkerhed og funktionalitet<\/h3>\n\n<p>Valget af den rigtige sender til din brug sker bedst i samr\u00e5d med Tele Radios medarbejdere. Vi leverer forskellige sendere med specifikke egenskaber. F\u00f8lgende tre ting er afg\u00f8rende for dit valg:<\/p>\n\n<div class=\"wp-block-media-text alignwide is-stacked-on-mobile is-vertically-aligned-center\" style=\"grid-template-columns:15% auto\"><figure class=\"wp-block-media-text__media\"><img loading=\"lazy\" decoding=\"async\" width=\"404\" height=\"404\" src=\"https:\/\/www.tele-radio.com\/app\/uploads\/Safety_level_2.png\" alt=\"\" class=\"wp-image-68198 size-full\" srcset=\"https:\/\/www.tele-radio.com\/app\/uploads\/Safety_level_2.png 404w, https:\/\/www.tele-radio.com\/app\/uploads\/Safety_level_2-400x400.png 400w, https:\/\/www.tele-radio.com\/app\/uploads\/Safety_level_2-150x150.png 150w, https:\/\/www.tele-radio.com\/app\/uploads\/Safety_level_2-250x250.png 250w\" sizes=\"auto, (max-width: 404px) 100vw, 404px\" \/><\/figure><div class=\"wp-block-media-text__content\">\n<p><strong>Sikkerhedsniveau<\/strong><\/p>\n\n\n\n<p>Vores sendere er sikre, og mange modeller har uafh\u00e6ngig sikkerhedscertificering. Det betyder, at stopknappens funktion er testet og verificeret af en ekstern, uafh\u00e6ngig part. Det anbefales at v\u00e6lge et system med uafh\u00e6ngig sikkerhedscertificering, hvis man \u00f8nsker at minimere risikoen for skader ved brug af maskiner. Ingen sikkerhedsrisiko? S\u00e5 kan du v\u00e6lge en sender uden certificering.<\/p>\n<\/div><\/div>\n\n<div class=\"wp-block-media-text alignwide is-stacked-on-mobile is-vertically-aligned-center\" style=\"grid-template-columns:15% auto\"><figure class=\"wp-block-media-text__media\"><img loading=\"lazy\" decoding=\"async\" width=\"404\" height=\"404\" src=\"https:\/\/www.tele-radio.com\/app\/uploads\/Control_element_2.png\" alt=\"\" class=\"wp-image-68176 size-full\" srcset=\"https:\/\/www.tele-radio.com\/app\/uploads\/Control_element_2.png 404w, https:\/\/www.tele-radio.com\/app\/uploads\/Control_element_2-400x400.png 400w, https:\/\/www.tele-radio.com\/app\/uploads\/Control_element_2-150x150.png 150w, https:\/\/www.tele-radio.com\/app\/uploads\/Control_element_2-250x250.png 250w\" sizes=\"auto, (max-width: 404px) 100vw, 404px\" \/><\/figure><div class=\"wp-block-media-text__content\">\n<p><strong>Knapper eller joysticks<\/strong><\/p>\n\n\n\n<p>Med brug af trykknapper er en sender mere overskuelig, men bestemt ikke mindre pr\u00e6cis. En sender med proportionelle trykknapper har for eksempel pr\u00e6cisionen som en joysticksender. Ved at trykke l\u00e6ngere ind p\u00e5 knappen \u00f8ges aktiveringsgraden. En joysticksender er st\u00f8rre, men har for eksempel flere muligheder for tilpasning i form af specielle knapper og kontakter.<\/p>\n<\/div><\/div>\n\n<div class=\"wp-block-media-text alignwide is-stacked-on-mobile\" style=\"grid-template-columns:15% auto\"><figure class=\"wp-block-media-text__media\"><img loading=\"lazy\" decoding=\"async\" width=\"404\" height=\"404\" src=\"https:\/\/www.tele-radio.com\/app\/uploads\/Feedback_2.png\" alt=\"\" class=\"wp-image-68223 size-full\" srcset=\"https:\/\/www.tele-radio.com\/app\/uploads\/Feedback_2.png 404w, https:\/\/www.tele-radio.com\/app\/uploads\/Feedback_2-400x400.png 400w, https:\/\/www.tele-radio.com\/app\/uploads\/Feedback_2-150x150.png 150w, https:\/\/www.tele-radio.com\/app\/uploads\/Feedback_2-250x250.png 250w\" sizes=\"auto, (max-width: 404px) 100vw, 404px\" \/><\/figure><div class=\"wp-block-media-text__content\">\n<p><strong>Feedbackinformation<\/strong><\/p>\n\n\n\n<p>Visse sendere kan modtage information fra en kontrolleret modtager. Afh\u00e6ngigt af systemet kan du g\u00f8re informationen synlig ved hj\u00e6lp af lysdioder p\u00e5 senderen eller via et display. N\u00e5r du styrer en kran er det for eksempel muligt at bruge displayet til at vise information s\u00e5som l\u00f8ftev\u00e6gt eller advarsler. Denne funktion vil v\u00e6re mindre relevant til mindre komplicerede applikationer, s\u00e5som lastbilspil.<\/p>\n\n\n\n<p><\/p>\n<\/div><\/div>\n\n\n\n<div style=\"height:50px\" aria-hidden=\"true\" class=\"wp-block-spacer\"><\/div>\n\n\n<div class=\"wp-block-image is-style-default\">\n<figure class=\"aligncenter size-large is-resized\"><img loading=\"lazy\" decoding=\"async\" src=\"https:\/\/www.tele-radio.com\/app\/uploads\/\/Assortiment_2019_zonder_spiegeling_en_schaduw-1200x614.jpg\" alt=\"\" width=\"771\" height=\"394\"\/><\/figure><\/div>\n\n\n<div class=\"wp-block-buttons is-horizontal is-content-justification-center is-layout-flex wp-container-core-buttons-is-layout-499968f5 wp-block-buttons-is-layout-flex\">\n<div class=\"wp-block-button\"><a class=\"wp-block-button__link has-black-color has-text-color has-background wp-element-button\" style=\"border-radius:7px;background-color:#fabb00\"><strong>Tag kontakt til os<\/strong><\/a><\/div>\n<\/div>\n\n\n\n<p><\/p>\n","protected":false},"excerpt":{"rendered":"<p>ANDET D\u00f8re, porte og barrierer; n\u00e5r du vil kontrollere adgang At v\u00e6re i stand til at radiostyre \u00e5bning eller lukning af d\u00f8re, porte, hegn, pullerter og udtr\u00e6kkelige ramper er b\u00e5de praktisk og giver mere sikkerhed. Takket v\u00e6re mange \u00e5rs erfaring kan Tele Radio tilbyde dig de mest p\u00e5lidelige og effektive l\u00f8sninger. De er lavet til [&hellip;]<\/p>\n","protected":false},"author":29,"featured_media":0,"parent":0,"menu_order":0,"comment_status":"closed","ping_status":"closed","template":"","meta":{"_acf_changed":false,"footnotes":""},"class_list":["post-196713","page","type-page","status-publish","hentry"],"acf":[],"_links":{"self":[{"href":"https:\/\/www.tele-radio.com\/da\/wp-json\/wp\/v2\/pages\/196713","targetHints":{"allow":["GET"]}}],"collection":[{"href":"https:\/\/www.tele-radio.com\/da\/wp-json\/wp\/v2\/pages"}],"about":[{"href":"https:\/\/www.tele-radio.com\/da\/wp-json\/wp\/v2\/types\/page"}],"author":[{"embeddable":true,"href":"https:\/\/www.tele-radio.com\/da\/wp-json\/wp\/v2\/users\/29"}],"replies":[{"embeddable":true,"href":"https:\/\/www.tele-radio.com\/da\/wp-json\/wp\/v2\/comments?post=196713"}],"version-history":[{"count":4,"href":"https:\/\/www.tele-radio.com\/da\/wp-json\/wp\/v2\/pages\/196713\/revisions"}],"predecessor-version":[{"id":199627,"href":"https:\/\/www.tele-radio.com\/da\/wp-json\/wp\/v2\/pages\/196713\/revisions\/199627"}],"wp:attachment":[{"href":"https:\/\/www.tele-radio.com\/da\/wp-json\/wp\/v2\/media?parent=196713"}],"curies":[{"name":"wp","href":"https:\/\/api.w.org\/{rel}","templated":true}]}}