{"id":196706,"date":"2022-12-23T08:49:13","date_gmt":"2022-12-23T08:49:13","guid":{"rendered":"https:\/\/www.tele-radio.com\/efficient-hydraulic-seeding-with-a-tele-radio-remote-control\/"},"modified":"2024-03-25T10:51:22","modified_gmt":"2024-03-25T10:51:22","slug":"efficient-hydraulic-seeding-with-a-tele-radio-remote-control","status":"publish","type":"page","link":"https:\/\/www.tele-radio.com\/da\/efficient-hydraulic-seeding-with-a-tele-radio-remote-control\/","title":{"rendered":"Effektiv hydraulisk s\u00e5ning med en Tele Radio-fjernbetjening"},"content":{"rendered":"\n<h1 class=\"wp-block-heading\">Effektiv hydraulisk s\u00e5ning med en Tele Radio-fjernbetjening<\/h1>\n\n\n\n<p>En konventionel metode til s\u00e5ning er ikke mulig p\u00e5 mure og volde. De s\u00e6dvanlige maskiner kan kun s\u00e5 vandret, og de t\u00f8rre fr\u00f8 bl\u00e6ser eller vaskes v\u00e6k for hurtigt. En innovativ l\u00f8sning er hydraulisk s\u00e5ning. Fr\u00f8ene spr\u00f8jtes p\u00e5 underlaget i en blanding af vand, g\u00f8dning, lim og et b\u00e6restof, uanset profilering eller h\u00e6ldning.<\/p>\n\n\n\n<p><em><strong>Patrick Peters har arbejdet hos <a href=\"https:\/\/hydroseeding.eu\/\">Hydroseeding.eu<\/a> i Holland siden 2001 og er specialist inden for hydraulisk s\u00e5ning. I et stykke tid har han udf\u00f8rt sit arbejde meget mere effektivt takket v\u00e6re brugen af en Tele Radio-fjernbetjening.<\/strong><\/em><\/p>\n\n\n\n<p>Hos Hydroseeding har de forskellige separate pumpeinstallationer, der kan placeres p\u00e5 en lastbil, ponton eller for eksempel bag en traktor. Maskinerne, i kombination med en 175 meter lang spr\u00f8jteslange, g\u00f8r det muligt at n\u00e5 alle steder.<\/p>\n\n\n\n<p>&#8221;Vi har nu s\u00e5 meget erfaring, at vi kan udf\u00f8re ethvert job, uanset situationen. For at udf\u00f8re arbejdet endnu mere effektivt er vores maskiner udstyret med en radiofjernbetjening fra Tele Radio,&#8221;- Patrick<\/p>\n\n\n\n<p><\/p>\n\n\n\n<div class=\"wp-block-group\"><div class=\"wp-block-group__inner-container is-layout-flow wp-block-group-is-layout-flow\">\n<div class=\"wp-block-group has-black-color has-text-color\"><div class=\"wp-block-group__inner-container is-layout-flow wp-block-group-is-layout-flow\">\n<div class=\"wp-block-group has-black-background-color has-background\"><div class=\"wp-block-group__inner-container is-layout-flow wp-block-group-is-layout-flow\">\n<div class=\"wp-block-columns has-white-color has-black-background-color has-text-color has-background is-layout-flex wp-container-core-columns-is-layout-9d6595d7 wp-block-columns-is-layout-flex\">\n<div class=\"wp-block-column is-vertically-aligned-top is-layout-flow wp-block-column-is-layout-flow\" style=\"flex-basis:33.33%\">\n<div style=\"height:10px\" aria-hidden=\"true\" class=\"wp-block-spacer\"><\/div>\n\n\n<div class=\"wp-block-image\">\n<figure class=\"aligncenter size-large\"><img loading=\"lazy\" decoding=\"async\" width=\"1200\" height=\"1200\" src=\"https:\/\/www.tele-radio.com\/app\/uploads\/\/Naamloos-2-1200x1200.png\" alt=\"\" class=\"wp-image-121009\" srcset=\"https:\/\/www.tele-radio.com\/app\/uploads\/Naamloos-2-1200x1200.png 1200w, https:\/\/www.tele-radio.com\/app\/uploads\/Naamloos-2-400x400.png 400w, https:\/\/www.tele-radio.com\/app\/uploads\/Naamloos-2-150x150.png 150w, https:\/\/www.tele-radio.com\/app\/uploads\/Naamloos-2-768x768.png 768w, https:\/\/www.tele-radio.com\/app\/uploads\/Naamloos-2-1536x1536.png 1536w\" sizes=\"auto, (max-width: 1200px) 100vw, 1200px\" \/><\/figure><\/div><\/div>\n\n\n\n<div class=\"wp-block-column is-layout-flow wp-block-column-is-layout-flow\" style=\"flex-basis:66.67%\">\n<h2 class=\"wp-block-heading\">FORDELENE VED EN FJERNBETJENING<\/h2>\n\n\n\n<p>Hydroseeding fungerer med en Panther PN-T21-10 h\u00e5ndholdt sender. Med denne Panther-h\u00e5ndsender kan pumpeinstallationen fjernbetjenes. I kombination med den 175 meter lange spr\u00f8jteslange giver det mange fordele. Patrick forklarer: &#8220;Jeg kan nu g\u00e5 langt v\u00e6k fra pumpen og stadig betjene den. Det er slut med at skynde sig hen til maskinen for at slukke den. Med Tele Radio Panther kan jeg handle med det samme i tilf\u00e6lde af en blokering og justere trykket eller slukke for maskinen. Jeg kan endda udf\u00f8re mindre opgaver alene nu. Det sparer omkostninger&#8221;.<\/p>\n\n\n\n<h2 class=\"wp-block-heading\">TR\u00c5DL\u00d8S FJERNBETJENING I FREMTIDEN<\/h2>\n\n\n\n<p>Patrick er meget tilfreds med sin Panther-h\u00e5ndsender, som har gjort arbejdet meget mere effektivt. I fremtiden overvejer han at g\u00e5 et skridt videre med en taljesender fra Tele Radio. Med Tele Radio Exster-systemet kan han ikke kun fjernbetjene maskinerne til hydraulisk s\u00e5ning med \u00e9n og samme taljesender, han kan ogs\u00e5 styre og flytte sin lastbil udefra. En handling, hvor han nu stadig er n\u00f8dt til at g\u00e5 hen til lastbilen, s\u00e6tte sig i lastbilen og midlertidigt miste kontrollen over s\u00e5ningen. Dette forhindres med en taljesender.<\/p>\n<\/div>\n<\/div>\n<\/div><\/div>\n<\/div><\/div>\n<\/div><\/div>\n\n\n\n<div style=\"height:35px\" aria-hidden=\"true\" class=\"wp-block-spacer\"><\/div>\n\n\n\n<h2 class=\"wp-block-heading\">TELE RADIO PANTHER, BRUGERVENLIG OG FLEKSIBEL<\/h2>\n\n\n\n<p>Hydroseeding valgte Panther-sendere p\u00e5 grund af deres brugervenlighed og fleksibilitet. Panther opererer p\u00e5 2,4 GHz og bruger teknologi, der muligg\u00f8r interferensfri drift over lange afstande. Med beskyttelsesniveau IP67 er senderen meget modstandsdygtig over for st\u00f8v, vand og snavs, og til <a href=\"https:\/\/hydroseeding.eu\/\">Hydroseeding.eu<\/a> er den udstyret med en brugerdefineret folie af h\u00f8j kvalitet over trykknapperne for beskyttelse og mere sikker betjening.<\/p>\n\n\n\n<p><\/p>\n\n\n\n<div class=\"wp-block-columns is-layout-flex wp-container-core-columns-is-layout-9d6595d7 wp-block-columns-is-layout-flex\">\n<div class=\"wp-block-column is-layout-flow wp-block-column-is-layout-flow\" style=\"flex-basis:66.66%\">\n<p>Den brugte Panther <a href=\"https:\/\/www.tele-radio.com\/da\/products\/panther\/panther-transmitter-10x1-step-buttons-2\/\">PN-T21-10<\/a> er en lille h\u00e5ndholdt sender med 10 trykknapper. Senderen er en af de mange tr\u00e5dl\u00f8se fjernbetjeninger, som Tele Radio leverer til industrielle drev og styringer, enten med en certificeret stopknap eller ikke-certificeret. Tele Radio leverer ogs\u00e5 kundetilpassede versioner. Senderne er robuste og p\u00e5lidelige og derfor s\u00e6rdeles velegnede til arbejdet med Hydroseeding.<\/p>\n\n\n\n<h2 class=\"wp-block-heading\">HYDROSEEDING, SPECIALIST INDEN FOR HYDRAULISK S\u00c5NING<\/h2>\n\n\n\n<p>Jaap Sterk, ejeren af Hydroseeding, har i de seneste \u00e5r udviklet virksomheden til at v\u00e6re specialist inden for hydraulisk s\u00e5ning i Holland, Belgien og store dele af Tyskland. Hydroseeding leverer anl\u00e6g af gr\u00e6s- og blomstermarker til kommuner, entrepren\u00f8rer og gartnere. Derudover er Hydroseeding leverand\u00f8r af Hydroseeding-forbrugsvarer fra m\u00e6rket Profile.<\/p>\n<\/div>\n\n\n\n<div class=\"wp-block-column is-layout-flow wp-block-column-is-layout-flow\" style=\"flex-basis:33.33%\">\n<figure class=\"wp-block-image size-large\"><img loading=\"lazy\" decoding=\"async\" width=\"1200\" height=\"1200\" src=\"https:\/\/www.tele-radio.com\/app\/uploads\/\/Web_800_x_800_300dpi_2-1200x1200.png\" alt=\"\" class=\"wp-image-121093\" srcset=\"https:\/\/www.tele-radio.com\/app\/uploads\/Web_800_x_800_300dpi_2-1200x1200.png 1200w, https:\/\/www.tele-radio.com\/app\/uploads\/Web_800_x_800_300dpi_2-400x400.png 400w, https:\/\/www.tele-radio.com\/app\/uploads\/Web_800_x_800_300dpi_2-150x150.png 150w, https:\/\/www.tele-radio.com\/app\/uploads\/Web_800_x_800_300dpi_2-768x768.png 768w, https:\/\/www.tele-radio.com\/app\/uploads\/Web_800_x_800_300dpi_2-1536x1536.png 1536w, https:\/\/www.tele-radio.com\/app\/uploads\/Web_800_x_800_300dpi_2-2048x2048.png 2048w, https:\/\/www.tele-radio.com\/app\/uploads\/Web_800_x_800_300dpi_2-250x250.png 250w, https:\/\/www.tele-radio.com\/app\/uploads\/Web_800_x_800_300dpi_2-750x750.png 750w, https:\/\/www.tele-radio.com\/app\/uploads\/Web_800_x_800_300dpi_2-500x500.png 500w, https:\/\/www.tele-radio.com\/app\/uploads\/Web_800_x_800_300dpi_2-1600x1600.png 1600w, https:\/\/www.tele-radio.com\/app\/uploads\/Web_800_x_800_300dpi_2-800x800.png 800w\" sizes=\"auto, (max-width: 1200px) 100vw, 1200px\" \/><\/figure>\n<\/div>\n<\/div>\n\n\n\n<div class=\"wp-block-group\"><div class=\"wp-block-group__inner-container is-layout-flow wp-block-group-is-layout-flow\">\n<div style=\"height:35px\" aria-hidden=\"true\" class=\"wp-block-spacer\"><\/div>\n\n\n\n<figure class=\"wp-block-video\"><video autoplay loop muted src=\"https:\/\/www.tele-radio.com\/app\/uploads\/Hydroseeding_V3.mp4\"><\/video><\/figure>\n\n\n\n<div style=\"height:25px\" aria-hidden=\"true\" class=\"wp-block-spacer\"><\/div>\n\n\n\n<p><\/p>\n<\/div><\/div>\n\n\n\n<div style=\"height:100px\" aria-hidden=\"true\" class=\"wp-block-spacer\"><\/div>\n","protected":false},"excerpt":{"rendered":"<p>Effektiv hydraulisk s\u00e5ning med en Tele Radio-fjernbetjening En konventionel metode til s\u00e5ning er ikke mulig p\u00e5 mure og volde. De s\u00e6dvanlige maskiner kan kun s\u00e5 vandret, og de t\u00f8rre fr\u00f8 bl\u00e6ser eller vaskes v\u00e6k for hurtigt. En innovativ l\u00f8sning er hydraulisk s\u00e5ning. Fr\u00f8ene spr\u00f8jtes p\u00e5 underlaget i en blanding af vand, g\u00f8dning, lim og et [&hellip;]<\/p>\n","protected":false},"author":29,"featured_media":196710,"parent":0,"menu_order":0,"comment_status":"closed","ping_status":"closed","template":"","meta":{"_acf_changed":false,"footnotes":""},"class_list":["post-196706","page","type-page","status-publish","has-post-thumbnail","hentry"],"acf":[],"_links":{"self":[{"href":"https:\/\/www.tele-radio.com\/da\/wp-json\/wp\/v2\/pages\/196706","targetHints":{"allow":["GET"]}}],"collection":[{"href":"https:\/\/www.tele-radio.com\/da\/wp-json\/wp\/v2\/pages"}],"about":[{"href":"https:\/\/www.tele-radio.com\/da\/wp-json\/wp\/v2\/types\/page"}],"author":[{"embeddable":true,"href":"https:\/\/www.tele-radio.com\/da\/wp-json\/wp\/v2\/users\/29"}],"replies":[{"embeddable":true,"href":"https:\/\/www.tele-radio.com\/da\/wp-json\/wp\/v2\/comments?post=196706"}],"version-history":[{"count":4,"href":"https:\/\/www.tele-radio.com\/da\/wp-json\/wp\/v2\/pages\/196706\/revisions"}],"predecessor-version":[{"id":214725,"href":"https:\/\/www.tele-radio.com\/da\/wp-json\/wp\/v2\/pages\/196706\/revisions\/214725"}],"wp:featuredmedia":[{"embeddable":true,"href":"https:\/\/www.tele-radio.com\/da\/wp-json\/wp\/v2\/media\/196710"}],"wp:attachment":[{"href":"https:\/\/www.tele-radio.com\/da\/wp-json\/wp\/v2\/media?parent=196706"}],"curies":[{"name":"wp","href":"https:\/\/api.w.org\/{rel}","templated":true}]}}