{"id":182294,"date":"2023-04-05T11:24:55","date_gmt":"2023-04-05T11:24:55","guid":{"rendered":"https:\/\/www.tele-radio.com\/rom-bv-worldwide-specialist-in-high-pressure-and-vacuum-techniques\/"},"modified":"2024-03-25T08:50:02","modified_gmt":"2024-03-25T08:50:02","slug":"rom-bv-worldwide-specialist-in-high-pressure-and-vacuum-techniques","status":"publish","type":"page","link":"https:\/\/www.tele-radio.com\/da\/rom-bv-worldwide-specialist-in-high-pressure-and-vacuum-techniques\/","title":{"rendered":"ROM BV, verdensomsp\u00e6ndende specialist i h\u00f8jtryks- og vakuumteknikker"},"content":{"rendered":"\n<h1 class=\"wp-block-heading\">ROM BV, verdensomsp\u00e6ndende specialist i h\u00f8jtryks- og vakuumteknikker<\/h1>\n\n\n\n<p><strong><a aria-label=\"undefined (opens in a new tab)\" href=\"https:\/\/rombv.com\/en\" target=\"_blank\" rel=\"noreferrer noopener\"><em>ROM BV<\/em><\/a><em> <\/em><\/strong> er aktiv over hele verden som specialist i h\u00f8jtryks- og vakuumteknikker. Fra fabrikker i Holland og Tjekkiet producerer og leverer de reng\u00f8ringsudstyr til den professionelle reng\u00f8ringsindustri og den offentlige sektor. Mange af ROM BV&#8217;s maskiner, s\u00e5som h\u00f8jtryksrensere og kloakrensere, er udstyret med en fjernbetjening. ROM-kunder skal i alle tilf\u00e6lde kunne stole p\u00e5 p\u00e5lidelig og sikker drift.<\/p>\n\n\n\n<p>Med en tr\u00e5dl\u00f8s fjernbetjening f\u00e5r ROM BV&#8217;s kunder st\u00f8rre bev\u00e6gelsesfrihed, og da de kan holde afstand, er der mindre risiko for fysiske skader. Ud over at arbejde mere effektivt og sikkert giver tr\u00e5dl\u00f8s drift af h\u00f8jtryks- og kloakrensningsapplikationer flere fordele.<\/p>\n\n\n\n<h2 class=\"wp-block-heading\">FORDELE<\/h2>\n\n\n\n<div style=\"height:16px\" aria-hidden=\"true\" class=\"wp-block-spacer\"><\/div>\n\n\n\n<div class=\"wp-block-group\"><div class=\"wp-block-group__inner-container is-layout-flow wp-block-group-is-layout-flow\">\n<div class=\"wp-block-columns is-layout-flex wp-container-core-columns-is-layout-9d6595d7 wp-block-columns-is-layout-flex\">\n<div class=\"wp-block-column is-layout-flow wp-block-column-is-layout-flow\" style=\"flex-basis:66.66%\">\n<blockquote class=\"wp-block-quote is-style-plain\">\n<p><strong>Effektivitet<\/strong><\/p>\n<p>&#8211; Fjernbetjening af en kloakoprensningsmaskine eller h\u00f8jtryksrenser sparer tid.<\/p>\n<p>\u200e\u3164<\/p>\n<p><strong>Omkostningsbesparende<\/strong><\/p>\n<p>&#8211; Med en fjernbetjening kan du udf\u00f8re det samme arbejde med f\u00e6rre personer.<\/p>\n<p>\u3164<\/p>\n<p><strong>Beskyttelse<\/strong><\/p>\n<p>&#8211; Systemer med et beskyttelsesniveau p\u00e5 op til IP67 er beskyttet mod st\u00f8v, vand og fald.<\/p>\n<p>\u3164<\/p>\n<p><strong>Kort skiftetid<\/strong><\/p>\n<p>&#8211; Begr\u00e6nset vandforbrug og forhindrer un\u00f8dvendig oversv\u00f8mmelse<\/p>\n<p>\u3164<\/p>\n<p><strong>Sikkerhed<\/strong><\/p>\n<p>&#8211; Den certificerede stopknap p\u00e5 fjernbetjeningen er afg\u00f8rende for sikkerheden og garanterer en konstant, aktiv forbindelse til modtageren, der overholder PLd\/SIL3-sikkerhedsstandarderne.<\/p>\n<\/blockquote>\n<\/div>\n\n\n\n<div class=\"wp-block-column is-layout-flow wp-block-column-is-layout-flow\" style=\"flex-basis:33.33%\">\n<div style=\"height:50px\" aria-hidden=\"true\" class=\"wp-block-spacer\"><\/div>\n\n\n<div class=\"wp-block-image\">\n<figure class=\"aligncenter size-large\"><img loading=\"lazy\" decoding=\"async\" width=\"1200\" height=\"1200\" src=\"https:\/\/www.tele-radio.com\/app\/uploads\/\/Web_800_x_800_300dpi-5-1200x1200.jpg\" alt=\"\" class=\"wp-image-139328\" srcset=\"https:\/\/www.tele-radio.com\/app\/uploads\/Web_800_x_800_300dpi-5-1200x1200.jpg 1200w, https:\/\/www.tele-radio.com\/app\/uploads\/Web_800_x_800_300dpi-5-400x400.jpg 400w, https:\/\/www.tele-radio.com\/app\/uploads\/Web_800_x_800_300dpi-5-150x150.jpg 150w, https:\/\/www.tele-radio.com\/app\/uploads\/Web_800_x_800_300dpi-5-768x768.jpg 768w, https:\/\/www.tele-radio.com\/app\/uploads\/Web_800_x_800_300dpi-5-1536x1536.jpg 1536w, https:\/\/www.tele-radio.com\/app\/uploads\/Web_800_x_800_300dpi-5-2048x2048.jpg 2048w, https:\/\/www.tele-radio.com\/app\/uploads\/Web_800_x_800_300dpi-5-250x250.jpg 250w, https:\/\/www.tele-radio.com\/app\/uploads\/Web_800_x_800_300dpi-5-750x750.jpg 750w, https:\/\/www.tele-radio.com\/app\/uploads\/Web_800_x_800_300dpi-5-500x500.jpg 500w, https:\/\/www.tele-radio.com\/app\/uploads\/Web_800_x_800_300dpi-5-1600x1600.jpg 1600w, https:\/\/www.tele-radio.com\/app\/uploads\/Web_800_x_800_300dpi-5-800x800.jpg 800w\" sizes=\"auto, (max-width: 1200px) 100vw, 1200px\" \/><\/figure><\/div><\/div>\n<\/div>\n<\/div><\/div>\n\n\n\n<div class=\"wp-block-group\"><div class=\"wp-block-group__inner-container is-layout-flow wp-block-group-is-layout-flow\"><\/div><\/div>\n\n\n\n<div style=\"height:47px\" aria-hidden=\"true\" class=\"wp-block-spacer\"><\/div>\n\n\n\n<div class=\"wp-block-group\"><div class=\"wp-block-group__inner-container is-layout-flow wp-block-group-is-layout-flow\">\n<div class=\"wp-block-columns has-black-background-color has-background is-layout-flex wp-container-core-columns-is-layout-9d6595d7 wp-block-columns-is-layout-flex\">\n<div class=\"wp-block-column is-layout-flow wp-block-column-is-layout-flow\">\n<figure class=\"wp-block-image size-full\"><img loading=\"lazy\" decoding=\"async\" width=\"800\" height=\"496\" src=\"https:\/\/www.tele-radio.com\/app\/uploads\/Web_ROM.jpg\" alt=\"\" class=\"wp-image-143771\" srcset=\"https:\/\/www.tele-radio.com\/app\/uploads\/Web_ROM.jpg 800w, https:\/\/www.tele-radio.com\/app\/uploads\/Web_ROM-400x248.jpg 400w, https:\/\/www.tele-radio.com\/app\/uploads\/Web_ROM-768x476.jpg 768w, https:\/\/www.tele-radio.com\/app\/uploads\/Web_ROM-750x465.jpg 750w, https:\/\/www.tele-radio.com\/app\/uploads\/Web_ROM-500x310.jpg 500w\" sizes=\"auto, (max-width: 800px) 100vw, 800px\" \/><\/figure>\n<\/div>\n\n\n\n<div class=\"wp-block-column is-vertically-aligned-center is-layout-flow wp-block-column-is-layout-flow\">\n<p class=\"has-text-align-center has-white-color has-black-background-color has-text-color has-background\">&#8220;Fjernbetjeningen virker som en lille del af vores produkter, men den giver brugerne af vores reng\u00f8ringsudstyr mange fordele.<\/p>\n<\/div>\n<\/div>\n<\/div><\/div>\n\n\n\n<p>ROM BV har mange typer <a href=\"https:\/\/rombv.com\/en\/rom-remote-controls?AreaID=40&amp;switchLanguage=en-GB\">v\u00e6rkt\u00f8j og tilbeh\u00f8r<\/a> til kloakrensning. En fjernbetjening er et uundv\u00e6rligt redskab for kloakspecialisten, n\u00e5r han skal rense eller fjerne blokeringer.<\/p>\n\n\n\n<h2 class=\"wp-block-heading\">ROM BV<\/h2>\n\n\n\n<p>Siden starten i 1980 har familievirksomheden ROM BV, som er aktiv over hele verden, arbejdet h\u00e5rdt p\u00e5 at realisere deres vision: at skabe smarte l\u00f8sninger til spildevands- og mobiltoiletserviceindustrien ved l\u00f8bende at udvikle nye teknologier, produkter og metoder og markedsf\u00f8re dem over hele verden.<\/p>\n\n\n\n<p>ROM bv&#8217;s kunder er spredt over hele Europa, Asien, Afrika og Amerika. Ud over kontorer i Holland og Tjekkiet arbejder ROM med et netv\u00e6rk af mere end 50 specialiserede partnere i mere end 35 lande.<\/p>\n\n\n\n<div class=\"wp-block-group\"><div class=\"wp-block-group__inner-container is-layout-flow wp-block-group-is-layout-flow\">\n<div style=\"height:20px\" aria-hidden=\"true\" class=\"wp-block-spacer\"><\/div>\n\n\n\n<blockquote class=\"wp-block-quote has-text-align-center is-layout-flow wp-block-quote-is-layout-flow\">\n<p><strong>&#8220;Ved oprensning eller reng\u00f8ring er en fjernbetjening et uundv\u00e6rligt v\u00e6rkt\u00f8j for kloakspecialisten.&#8221;<\/strong><\/p>\n<\/blockquote>\n\n\n\n<div style=\"height:20px\" aria-hidden=\"true\" class=\"wp-block-spacer\"><\/div>\n<\/div><\/div>\n\n\n\n<h2 class=\"wp-block-heading\"><meta charset=\"utf-8\">TELE RADIO<\/h2>\n\n\n\n<p><meta charset=\"utf-8\"><\/meta>Tele Radio er stolt af at v\u00e6re leverand\u00f8r af fjernbetjeninger til forskellige maskiner fra ROM BV. Mange af vores produkter er uafh\u00e6ngigt certificeret med et SIL3-, PLd- og PLe-sikkerhedsniveau p\u00e5 stopfunktionen. Med over 60 \u00e5rs erfaring har vi en solid viden om radiostyrede systemer, og vi har et bredt udvalg af sm\u00e5 h\u00e5ndholdte sendere, mellemstore trykknapfjernbetjeninger og taljesendere med joysticks og paddles.<\/p>\n\n\n\n<div style=\"height:20px\" aria-hidden=\"true\" class=\"wp-block-spacer\"><\/div>\n\n\n\n<figure class=\"wp-block-image size-large\"><img loading=\"lazy\" decoding=\"async\" width=\"1200\" height=\"346\" src=\"https:\/\/www.tele-radio.com\/app\/uploads\/\/Family-photo-1200x346.jpg\" alt=\"\" class=\"wp-image-121991\" srcset=\"https:\/\/www.tele-radio.com\/app\/uploads\/Family-photo-1200x346.jpg 1200w, https:\/\/www.tele-radio.com\/app\/uploads\/Family-photo-400x115.jpg 400w, https:\/\/www.tele-radio.com\/app\/uploads\/Family-photo-768x221.jpg 768w, https:\/\/www.tele-radio.com\/app\/uploads\/Family-photo-1536x443.jpg 1536w, https:\/\/www.tele-radio.com\/app\/uploads\/Family-photo-750x216.jpg 750w, https:\/\/www.tele-radio.com\/app\/uploads\/Family-photo-500x144.jpg 500w, https:\/\/www.tele-radio.com\/app\/uploads\/Family-photo-800x231.jpg 800w, https:\/\/www.tele-radio.com\/app\/uploads\/Family-photo.jpg 1600w\" sizes=\"auto, (max-width: 1200px) 100vw, 1200px\" \/><\/figure>\n","protected":false},"excerpt":{"rendered":"<p>ROM BV, verdensomsp\u00e6ndende specialist i h\u00f8jtryks- og vakuumteknikker ROM BV er aktiv over hele verden som specialist i h\u00f8jtryks- og vakuumteknikker. Fra fabrikker i Holland og Tjekkiet producerer og leverer de reng\u00f8ringsudstyr til den professionelle reng\u00f8ringsindustri og den offentlige sektor. Mange af ROM BV&#8217;s maskiner, s\u00e5som h\u00f8jtryksrensere og kloakrensere, er udstyret med en fjernbetjening. ROM-kunder [&hellip;]<\/p>\n","protected":false},"author":29,"featured_media":182539,"parent":0,"menu_order":0,"comment_status":"closed","ping_status":"closed","template":"","meta":{"_acf_changed":false,"footnotes":""},"class_list":["post-182294","page","type-page","status-publish","has-post-thumbnail","hentry"],"acf":[],"_links":{"self":[{"href":"https:\/\/www.tele-radio.com\/da\/wp-json\/wp\/v2\/pages\/182294","targetHints":{"allow":["GET"]}}],"collection":[{"href":"https:\/\/www.tele-radio.com\/da\/wp-json\/wp\/v2\/pages"}],"about":[{"href":"https:\/\/www.tele-radio.com\/da\/wp-json\/wp\/v2\/types\/page"}],"author":[{"embeddable":true,"href":"https:\/\/www.tele-radio.com\/da\/wp-json\/wp\/v2\/users\/29"}],"replies":[{"embeddable":true,"href":"https:\/\/www.tele-radio.com\/da\/wp-json\/wp\/v2\/comments?post=182294"}],"version-history":[{"count":6,"href":"https:\/\/www.tele-radio.com\/da\/wp-json\/wp\/v2\/pages\/182294\/revisions"}],"predecessor-version":[{"id":214719,"href":"https:\/\/www.tele-radio.com\/da\/wp-json\/wp\/v2\/pages\/182294\/revisions\/214719"}],"wp:featuredmedia":[{"embeddable":true,"href":"https:\/\/www.tele-radio.com\/da\/wp-json\/wp\/v2\/media\/182539"}],"wp:attachment":[{"href":"https:\/\/www.tele-radio.com\/da\/wp-json\/wp\/v2\/media?parent=182294"}],"curies":[{"name":"wp","href":"https:\/\/api.w.org\/{rel}","templated":true}]}}