{"id":181421,"date":"2023-09-28T14:03:54","date_gmt":"2023-09-28T14:03:54","guid":{"rendered":"https:\/\/www.tele-radio.com\/sustainable-innovation-fully-electric-excavators-with-remote-control\/"},"modified":"2023-12-30T21:19:45","modified_gmt":"2023-12-30T21:19:45","slug":"sustainable-innovation-fully-electric-excavators-with-remote-control","status":"publish","type":"page","link":"https:\/\/www.tele-radio.com\/da\/sustainable-innovation-fully-electric-excavators-with-remote-control\/","title":{"rendered":"B\u00e6redygtig innovation: elektriske gravemaskiner med radiostyring"},"content":{"rendered":"\n<h1 class=\"wp-block-heading\">B\u00e6redygtig innovation: elektriske gravemaskiner med radiostyring<\/h1>\n\n\n\n<p class=\"has-text-align-left has-medium-font-size\"><em>I jagten p\u00e5 b\u00e6redygtige l\u00f8sninger i bygge- og anl\u00e6gsbranchen har Limach siden 2018 udviklet elektriske gravemaskiner. Udover integrering af en batteripakke, en elektrisk-hydraulisk drivlinje og det avancerede elektroniske system fra Limach er gravemaskinerne udstyret med et batteribyttesystem. Dette g\u00f8r ikke kun gravemaskiner fra Limach helt emissionsfrie, men ogs\u00e5 unikke og innovative.<\/em><\/p>\n\n\n\n<div style=\"height:0px\" aria-hidden=\"true\" class=\"wp-block-spacer\"><\/div>\n\n\n<div class=\"wp-block-image\">\n<figure class=\"alignright size-large is-resized\"><img loading=\"lazy\" decoding=\"async\" src=\"https:\/\/www.tele-radio.com\/app\/uploads\/\/Limach_E140.1_rev1_03_2022-scaled-1-1200x800.webp\" alt=\"\" class=\"wp-image-163688\" width=\"418\" height=\"279\" srcset=\"https:\/\/www.tele-radio.com\/app\/uploads\/Limach_E140.1_rev1_03_2022-scaled-1-1200x800.webp 1200w, https:\/\/www.tele-radio.com\/app\/uploads\/Limach_E140.1_rev1_03_2022-scaled-1-400x267.webp 400w, https:\/\/www.tele-radio.com\/app\/uploads\/Limach_E140.1_rev1_03_2022-scaled-1-768x512.webp 768w, https:\/\/www.tele-radio.com\/app\/uploads\/Limach_E140.1_rev1_03_2022-scaled-1-1536x1024.webp 1536w, https:\/\/www.tele-radio.com\/app\/uploads\/Limach_E140.1_rev1_03_2022-scaled-1-2048x1366.webp 2048w, https:\/\/www.tele-radio.com\/app\/uploads\/Limach_E140.1_rev1_03_2022-scaled-1-750x500.webp 750w, https:\/\/www.tele-radio.com\/app\/uploads\/Limach_E140.1_rev1_03_2022-scaled-1-500x333.webp 500w, https:\/\/www.tele-radio.com\/app\/uploads\/Limach_E140.1_rev1_03_2022-scaled-1-1600x1067.webp 1600w, https:\/\/www.tele-radio.com\/app\/uploads\/Limach_E140.1_rev1_03_2022-scaled-1-800x533.webp 800w\" sizes=\"auto, (max-width: 418px) 100vw, 418px\" \/><\/figure><\/div>\n\n\n<p><strong>Brugen af tr\u00e5dl\u00f8s radiostyring fra Tele Radio spiller en afg\u00f8rende rolle i batteribyttesystemet.<\/strong><\/p>\n\n\n\n<p>Limach f\u00f8rer an inden for innovationen ved at producere f\u00f8rsteklasses emissionsfrie gravemaskiner, der betydeligt forbedrer b\u00e6redygtigheden af bygge- og infrastrukturbrancherne. \u201dHos Limach arbejder vi hver dag for at skabe et bedre arbejds- og leveforhold for alle. Gennem en kombination af ingeni\u00f8rvidenskab og avanceret teknologi forts\u00e6tter vi med at udvikle og fintune vores produkter internt,\u201d siger Norbert ten Hove, R&amp;D Manager og softwareingeni\u00f8r hos Limach, som vi interviewede.<\/p>\n\n\n\n<p><\/p>\n\n\n\n<h2 class=\"wp-block-heading\"><strong>Hvorfor \u00f8nskede Limach at integrere radiostyring, selvom det blot af en lille del af gravemaskinen?<\/strong><\/h2>\n\n\n\n<p>\u2018Brugervenligheden af senderen g\u00f8r brugen af det unikke batteribyttesystem p\u00e5 gravemaskinen s\u00e5 let som en leg. Radiostyringen fra Tele Radio styrer fire funktioner: l\u00f8fte\/s\u00e6nke og l\u00e5sning\/opl\u00e5sning af batteripakkerne. Derudover kan operat\u00f8ren bev\u00e6ge sig rundt i maskinen, mens han placerer eller fjerner batteripakkerne, hvilket giver det bedste overblik og g\u00f8r arbejdet sikkert. Kort sagt giver brug af en industriel radiostyring p\u00e5 en gravemaskine mange fordele, herunder frihed, sikkerhed og \u00f8get effektivitet, n\u00e5r man arbejder.\u2019\u2019<\/p>\n\n\n\n<p><\/p>\n\n\n<div class=\"wp-block-image is-style-rounded\">\n<figure class=\"alignleft size-large is-resized\"><img loading=\"lazy\" decoding=\"async\" src=\"https:\/\/www.tele-radio.com\/app\/uploads\/\/Web_800_x_800_300dpi-20-1200x1200.jpg\" alt=\"\" class=\"wp-image-163738\" width=\"337\" height=\"337\" srcset=\"https:\/\/www.tele-radio.com\/app\/uploads\/Web_800_x_800_300dpi-20-1200x1200.jpg 1200w, https:\/\/www.tele-radio.com\/app\/uploads\/Web_800_x_800_300dpi-20-400x400.jpg 400w, https:\/\/www.tele-radio.com\/app\/uploads\/Web_800_x_800_300dpi-20-150x150.jpg 150w, https:\/\/www.tele-radio.com\/app\/uploads\/Web_800_x_800_300dpi-20-768x768.jpg 768w, https:\/\/www.tele-radio.com\/app\/uploads\/Web_800_x_800_300dpi-20-1536x1536.jpg 1536w, https:\/\/www.tele-radio.com\/app\/uploads\/Web_800_x_800_300dpi-20-2048x2048.jpg 2048w, https:\/\/www.tele-radio.com\/app\/uploads\/Web_800_x_800_300dpi-20-250x250.jpg 250w, https:\/\/www.tele-radio.com\/app\/uploads\/Web_800_x_800_300dpi-20-750x750.jpg 750w, https:\/\/www.tele-radio.com\/app\/uploads\/Web_800_x_800_300dpi-20-500x500.jpg 500w, https:\/\/www.tele-radio.com\/app\/uploads\/Web_800_x_800_300dpi-20-1600x1600.jpg 1600w, https:\/\/www.tele-radio.com\/app\/uploads\/Web_800_x_800_300dpi-20-800x800.jpg 800w\" sizes=\"auto, (max-width: 337px) 100vw, 337px\" \/><\/figure><\/div>\n\n\n<h2 class=\"wp-block-heading\"><strong>Hvorfor valgte Limach at bruge Tele Radio?<\/strong><\/h2>\n\n\n\n<p>\u2018Vi blev overbevist om at bruge Tele Radio baseret p\u00e5 de positive tilbagemeldinger, vi h\u00f8rte fra andre partnere. Derudover har modtageren en CANopen-gr\u00e6nseflade, som g\u00f8r integrationen med vores system til en enkel opgave.\u2019\u2019<\/p>\n\n\n\n<p><\/p>\n\n\n\n<h2 class=\"wp-block-heading\"><strong>Vil du anbefale andre virksomheder at bruge vores radiostyringsl\u00f8sninger og hvorfor?<\/strong><\/h2>\n\n\n\n<p>\u2018\u2019Helt sikkert. Radiostyringen virker altid, har en god r\u00e6kkevidde, og den er nem at integrere i vores eget system, n\u00e5r man bruger CANopen.\u2019\u2019<\/p>\n\n\n\n<p class=\"has-text-align-left has-black-color has-white-background-color has-text-color has-background\">Norbert ten Hove leader FoU-teamet hos Limach og skriver ogs\u00e5 softwaren til de elektriske komponenter i Limach-maskinerne. Som softwareingeni\u00f8r s\u00f8rger han for integration med eksterne systemer s\u00e5som Tele Radio radiostyring.<\/p>\n\n\n\n<figure class=\"wp-block-video\"><video autoplay controls loop src=\"https:\/\/www.tele-radio.com\/app\/uploads\/Social_1920_x_1080_Animation_ENG-2.mp4\"><\/video><\/figure>\n\n\n\n<h2 class=\"wp-block-heading has-text-align-center\">\u00d8nsker du at vide mere om Limachs emissionsfrie gravemaskiner?<strong> <\/strong><\/h2>\n\n\n\n<div class=\"wp-block-buttons is-content-justification-center is-layout-flex wp-container-core-buttons-is-layout-16018d1d wp-block-buttons-is-layout-flex\">\n<div class=\"wp-block-button is-style-fill\"><a class=\"wp-block-button__link has-black-background-color has-background wp-element-button\" href=\"https:\/\/limach.nl\/producten\/e140-1\" style=\"border-radius:12px\" target=\"_blank\" rel=\"noreferrer noopener\">KLIK HER<\/a><\/div>\n<\/div>\n\n\n\n<div style=\"height:100px\" aria-hidden=\"true\" class=\"wp-block-spacer\"><\/div>\n\n\n\n<h2 class=\"wp-block-heading has-text-align-center has-white-color has-black-background-color has-text-color has-background\">Tele Radio TIGER system<\/h2>\n\n\n\n<p>Senderen som bruges af Limach er Tele Radio TIGER (TG-T9). Denne PLe, SIL3-certificerede radiostyring indeholder 8&#215;2-trinknapper, der styrer 16 forskellige funktioner, har en robust kapsling, har en IP66-beskyttelsesgrad og er tilg\u00e6ngelig med 433 eller 915 MHz-frekvens. Klik\u00a0<a href=\"https:\/\/www.tele-radio.com\/products\/tiger-g2\/tiger-g2-transmitter-8x2-step-buttons-ple-sil3\/\">her<\/a>\u00a0for flere detaljer.<\/p>\n\n\n\n<p>Modtageren (TG-R4) har 7 rel\u00e6er, er PLe-, SIL3-certificeret, har en beskyttelsesgrad IP66 og er tilg\u00e6ngelig med 433 og 915 MHz frekvens. For flere detaljer klik\u00a0<a href=\"https:\/\/www.tele-radio.com\/products\/tiger-g2\/tiger-g2-receiver-7-function-relays\/\">her<\/a>.<\/p>\n\n\n\n<div class=\"wp-block-columns is-layout-flex wp-container-core-columns-is-layout-9d6595d7 wp-block-columns-is-layout-flex\">\n<div class=\"wp-block-column is-layout-flow wp-block-column-is-layout-flow\" style=\"flex-basis:50%\">\n<h2 class=\"wp-block-heading\">Tele Radio<\/h2>\n\n\n\n<p>Tele Radio leverer universel, tr\u00e5dl\u00f8s radiostyring og tilpassede l\u00f8sninger til industriel brug og kontroller. Vores produkter bidrager til en mere komfortabel og sikker arbejdsplads. Som det eneste firma i Holland med officielle, eksternt certificerede SIL3-, PLd-, og PLe-sikkerhedsniveauer.<\/p>\n<\/div>\n\n\n\n<div class=\"wp-block-column is-layout-flow wp-block-column-is-layout-flow\" style=\"flex-basis:50%\"><div class=\"wp-block-image\">\n<figure class=\"aligncenter size-large is-resized\"><img loading=\"lazy\" decoding=\"async\" src=\"https:\/\/www.tele-radio.com\/app\/uploads\/\/PH_TH55_T9-1C_0002_Limach-1125x1200.png\" alt=\"\" class=\"wp-image-164599\" width=\"196\" height=\"208\" srcset=\"https:\/\/www.tele-radio.com\/app\/uploads\/PH_TH55_T9-1C_0002_Limach-1125x1200.png 1125w, https:\/\/www.tele-radio.com\/app\/uploads\/PH_TH55_T9-1C_0002_Limach-375x400.png 375w, https:\/\/www.tele-radio.com\/app\/uploads\/PH_TH55_T9-1C_0002_Limach-768x819.png 768w, https:\/\/www.tele-radio.com\/app\/uploads\/PH_TH55_T9-1C_0002_Limach-1440x1536.png 1440w, https:\/\/www.tele-radio.com\/app\/uploads\/PH_TH55_T9-1C_0002_Limach-1920x2048.png 1920w, https:\/\/www.tele-radio.com\/app\/uploads\/PH_TH55_T9-1C_0002_Limach-703x750.png 703w, https:\/\/www.tele-radio.com\/app\/uploads\/PH_TH55_T9-1C_0002_Limach-469x500.png 469w, https:\/\/www.tele-radio.com\/app\/uploads\/PH_TH55_T9-1C_0002_Limach-1500x1600.png 1500w, https:\/\/www.tele-radio.com\/app\/uploads\/PH_TH55_T9-1C_0002_Limach-750x800.png 750w\" sizes=\"auto, (max-width: 196px) 100vw, 196px\" \/><\/figure><\/div><\/div>\n<\/div>\n\n\n\n<p><\/p>\n\n\n\n<h2 class=\"wp-block-heading\">Vil du gerne vide mere?<\/h2>\n\n\n\n<div class=\"wp-block-contact-form-7-contact-form-selector\">\n<div class=\"wpcf7 no-js\" id=\"wpcf7-f68842-o1\" lang=\"en-EN\" dir=\"ltr\" data-wpcf7-id=\"68842\">\n<div class=\"screen-reader-response\"><p role=\"status\" aria-live=\"polite\" aria-atomic=\"true\"><\/p> <ul><\/ul><\/div>\n<form action=\"\/da\/wp-json\/wp\/v2\/pages\/181421#wpcf7-f68842-o1\" method=\"post\" class=\"wpcf7-form init\" aria-label=\"Contact form\" novalidate=\"novalidate\" data-status=\"init\">\n<fieldset class=\"hidden-fields-container\"><input type=\"hidden\" name=\"_wpcf7\" value=\"68842\" \/><input type=\"hidden\" name=\"_wpcf7_version\" value=\"6.1\" \/><input type=\"hidden\" name=\"_wpcf7_locale\" value=\"en_EN\" \/><input type=\"hidden\" name=\"_wpcf7_unit_tag\" value=\"wpcf7-f68842-o1\" \/><input type=\"hidden\" name=\"_wpcf7_container_post\" value=\"0\" \/><input type=\"hidden\" name=\"_wpcf7_posted_data_hash\" value=\"\" \/><input type=\"hidden\" name=\"_wpcf7_recaptcha_response\" value=\"\" \/>\n<\/fieldset>\n<p>Fill in our contact form below. We will contact you as soon as possible.\n<\/p>\n<p><label> Your name<br \/>\n<span class=\"wpcf7-form-control-wrap\" data-name=\"your-name\"><input size=\"40\" maxlength=\"400\" class=\"wpcf7-form-control wpcf7-text wpcf7-validates-as-required\" aria-required=\"true\" aria-invalid=\"false\" value=\"\" type=\"text\" name=\"your-name\" \/><\/span> <\/label>\n<\/p>\n<p><label> Your email<br \/>\n<span class=\"wpcf7-form-control-wrap\" data-name=\"your-email\"><input size=\"40\" maxlength=\"400\" class=\"wpcf7-form-control wpcf7-email wpcf7-validates-as-required wpcf7-text wpcf7-validates-as-email\" aria-required=\"true\" aria-invalid=\"false\" value=\"\" type=\"email\" name=\"your-email\" \/><\/span> <\/label>\n<\/p>\n<p><label> Your message (optional)<br \/>\n<span class=\"wpcf7-form-control-wrap\" data-name=\"your-message\"><textarea cols=\"40\" rows=\"10\" maxlength=\"2000\" class=\"wpcf7-form-control wpcf7-textarea\" aria-invalid=\"false\" name=\"your-message\"><\/textarea><\/span> <\/label>\n<\/p>\n<p><input class=\"wpcf7-form-control wpcf7-submit has-spinner\" type=\"submit\" value=\"Submit\" \/>\n<\/p><div class=\"wpcf7-response-output\" aria-hidden=\"true\"><\/div>\n<\/form>\n<\/div>\n\r\n\t\t\t\t<script>\r\n\t\t\t\tif ( typeof huOptions !== 'undefined' ) {\r\n\t\t\t\t\tvar huFormData = {\"source\":\"contactform7\",\"id\":68842,\"title\":\"TRGLOBAL\",\"fields\":{\"subject\":{\"first_name\":\"your-name\",\"email\":\"your-email\"},\"preferences\":{\"terms\":\"your-consent\"}}};\r\n\t\t\t\t\tvar huFormNode = document.querySelector( '[id^=\"wpcf7-f68842-\"] form' );\r\n\r\n\t\t\t\t\thuFormData['node'] = huFormNode;\r\n\t\t\t\t\thuOptions['forms'].push( huFormData );\r\n\t\t\t\t}\r\n\t\t\t\t<\/script><\/div>\n\n\n\n<p><\/p>\n\n\n\n<p><\/p>\n","protected":false},"excerpt":{"rendered":"<p>B\u00e6redygtig innovation: elektriske gravemaskiner med radiostyring I jagten p\u00e5 b\u00e6redygtige l\u00f8sninger i bygge- og anl\u00e6gsbranchen har Limach siden 2018 udviklet elektriske gravemaskiner. Udover integrering af en batteripakke, en elektrisk-hydraulisk drivlinje og det avancerede elektroniske system fra Limach er gravemaskinerne udstyret med et batteribyttesystem. Dette g\u00f8r ikke kun gravemaskiner fra Limach helt emissionsfrie, men ogs\u00e5 unikke [&hellip;]<\/p>\n","protected":false},"author":29,"featured_media":181868,"parent":0,"menu_order":0,"comment_status":"closed","ping_status":"closed","template":"","meta":{"_acf_changed":false,"footnotes":""},"class_list":["post-181421","page","type-page","status-publish","has-post-thumbnail","hentry"],"acf":[],"_links":{"self":[{"href":"https:\/\/www.tele-radio.com\/da\/wp-json\/wp\/v2\/pages\/181421","targetHints":{"allow":["GET"]}}],"collection":[{"href":"https:\/\/www.tele-radio.com\/da\/wp-json\/wp\/v2\/pages"}],"about":[{"href":"https:\/\/www.tele-radio.com\/da\/wp-json\/wp\/v2\/types\/page"}],"author":[{"embeddable":true,"href":"https:\/\/www.tele-radio.com\/da\/wp-json\/wp\/v2\/users\/29"}],"replies":[{"embeddable":true,"href":"https:\/\/www.tele-radio.com\/da\/wp-json\/wp\/v2\/comments?post=181421"}],"version-history":[{"count":2,"href":"https:\/\/www.tele-radio.com\/da\/wp-json\/wp\/v2\/pages\/181421\/revisions"}],"predecessor-version":[{"id":199868,"href":"https:\/\/www.tele-radio.com\/da\/wp-json\/wp\/v2\/pages\/181421\/revisions\/199868"}],"wp:featuredmedia":[{"embeddable":true,"href":"https:\/\/www.tele-radio.com\/da\/wp-json\/wp\/v2\/media\/181868"}],"wp:attachment":[{"href":"https:\/\/www.tele-radio.com\/da\/wp-json\/wp\/v2\/media?parent=181421"}],"curies":[{"name":"wp","href":"https:\/\/api.w.org\/{rel}","templated":true}]}}