{"id":84112,"date":"2021-05-07T09:45:12","date_gmt":"2021-05-07T09:45:12","guid":{"rendered":"https:\/\/www.tele-radio.com\/produktekatalog\/"},"modified":"2023-09-14T11:57:34","modified_gmt":"2023-09-14T11:57:34","slug":"produktekatalog","status":"publish","type":"page","link":"https:\/\/www.tele-radio.com\/ch-fr\/produktekatalog\/","title":{"rendered":"Catalogues"},"content":{"rendered":"\n<h1 class=\"wp-block-heading\">Catalogues<\/h1>\n\n\n\n<hr class=\"wp-block-separator has-alpha-channel-opacity\"\/>\n\n\n\n<h2 class=\"wp-block-heading\">Gammes de produits<\/h2>\n\n\n\n<p class=\"has-vivid-red-color has-text-color\"><strong><em>IMPORTANT : Veuillez t\u00e9l\u00e9charger le fichier et l&#8217;ouvrir avec Acrobat Reader.<\/em><\/strong><br>En cas de consultation directe dans ce navigateur web, dans Microsoft Edge ou dans un autre programme PDF, il est possible que seule la table des mati\u00e8res soit affich\u00e9e.<\/p>\n\n\n\n<p>Vous pouvez ouvrir le prospectus de nos diff\u00e9rentes lignes de produits <strong><a href=\"https:\/\/www.tele-radio.com\/app\/uploads\/TRCHE-Prospekte-Produkt-Linien-V1.2.pdf\" target=\"_blank\" rel=\"noreferrer noopener\">ici<\/a><\/strong> et le t\u00e9l\u00e9charger ensuite.<\/p>\n\n\n\n<hr class=\"wp-block-separator has-alpha-channel-opacity\"\/>\n\n\n\n<h2 class=\"wp-block-heading\">Aper\u00e7u des produits<\/h2>\n\n\n\n<p>Vous pouvez t\u00e9l\u00e9charger le flyer avec l&#8217;aper\u00e7u de nos produits <strong><a href=\"https:\/\/www.tele-radio.com\/app\/uploads\/TRCHE-Flyer-Produktuebersicht-V1.1.pdf\" target=\"_blank\" rel=\"noreferrer noopener\">ici<\/a><\/strong>.<\/p>\n\n\n\n<hr class=\"wp-block-separator has-alpha-channel-opacity\"\/>\n\n\n\n<h2 class=\"wp-block-heading\">Accessoires et pi\u00e8ces d\u00e9tach\u00e9es<\/h2>\n\n\n\n<p>Le site web avec nos accessoires et les diff\u00e9rentes pi\u00e8ces d\u00e9tach\u00e9es se trouve <strong><a href=\"https:\/\/www.tele-radio.com\/ch-fr\/products\/accessories-2\/\" target=\"_blank\" rel=\"noreferrer noopener\">ici<\/a>.<\/strong><\/p>\n\n\n\n<hr class=\"wp-block-separator has-alpha-channel-opacity\"\/>\n\n\n\n<h2 class=\"wp-block-heading\">Tous les \u00e9metteurs et r\u00e9cepteurs<\/h2>\n\n\n\n<p>Le site web avec la liste de tous nos \u00e9metteurs et r\u00e9cepteurs se trouve <a href=\"https:\/\/www.tele-radio.com\/ch-fr\/produits\/\" target=\"_blank\" rel=\"noreferrer noopener\"><strong>ici<\/strong><\/a>.<\/p>\n\n\n\n<hr class=\"wp-block-separator has-alpha-channel-opacity\"\/>\n\n\n\n<p><em>Vous ne pouvez pas ouvrir les PDF ou vous ne voyez que la table des mati\u00e8res ? Ici vous pouvez t\u00e9l\u00e9charger gratuitement <a href=\"https:\/\/get.adobe.com\/de\/reader\/?promoid=TTGWL47M\" target=\"_blank\" rel=\"noreferrer noopener\">Acrobat Reader<\/a>.<\/em><\/p>\n","protected":false},"excerpt":{"rendered":"<p>Catalogues Gammes de produits IMPORTANT : Veuillez t\u00e9l\u00e9charger le fichier et l&#8217;ouvrir avec Acrobat Reader.En cas de consultation directe dans ce navigateur web, dans Microsoft Edge ou dans un autre programme PDF, il est possible que seule la table des mati\u00e8res soit affich\u00e9e. Vous pouvez ouvrir le prospectus de nos diff\u00e9rentes lignes de produits ici [&hellip;]<\/p>\n","protected":false},"author":23,"featured_media":0,"parent":0,"menu_order":0,"comment_status":"closed","ping_status":"closed","template":"","meta":{"_acf_changed":false,"footnotes":""},"class_list":["post-84112","page","type-page","status-publish","hentry"],"acf":[],"_links":{"self":[{"href":"https:\/\/www.tele-radio.com\/ch-fr\/wp-json\/wp\/v2\/pages\/84112","targetHints":{"allow":["GET"]}}],"collection":[{"href":"https:\/\/www.tele-radio.com\/ch-fr\/wp-json\/wp\/v2\/pages"}],"about":[{"href":"https:\/\/www.tele-radio.com\/ch-fr\/wp-json\/wp\/v2\/types\/page"}],"author":[{"embeddable":true,"href":"https:\/\/www.tele-radio.com\/ch-fr\/wp-json\/wp\/v2\/users\/23"}],"replies":[{"embeddable":true,"href":"https:\/\/www.tele-radio.com\/ch-fr\/wp-json\/wp\/v2\/comments?post=84112"}],"version-history":[{"count":7,"href":"https:\/\/www.tele-radio.com\/ch-fr\/wp-json\/wp\/v2\/pages\/84112\/revisions"}],"predecessor-version":[{"id":162867,"href":"https:\/\/www.tele-radio.com\/ch-fr\/wp-json\/wp\/v2\/pages\/84112\/revisions\/162867"}],"wp:attachment":[{"href":"https:\/\/www.tele-radio.com\/ch-fr\/wp-json\/wp\/v2\/media?parent=84112"}],"curies":[{"name":"wp","href":"https:\/\/api.w.org\/{rel}","templated":true}]}}