{"id":7007,"date":"2018-05-04T14:47:12","date_gmt":"2018-05-04T14:47:12","guid":{"rendered":"https:\/\/www.tele-radio.com\/support\/"},"modified":"2022-11-11T13:51:55","modified_gmt":"2022-11-11T13:51:55","slug":"support","status":"publish","type":"page","link":"https:\/\/www.tele-radio.com\/ch-fr\/support\/","title":{"rendered":"Support\/Download"},"content":{"rendered":"\n<h2 class=\"wp-block-heading\">Avez-vous besoin d&#8217;aide ?<\/h2>\n\n\n\n<p><\/p>\n\n\n\n<p>L&#8217;\u00e9quipe de Tele Radio Schweiz se fera un plaisir de vous aider.<\/p>\n\n\n\n<p>Que vous ayez des questions sur les commandes, les livraisons ou la disponibilit\u00e9 de nos produits, nous vous renseignerons. Nous vous aidons \u00e9galement \u00e0 r\u00e9pondre aux questions concernant une r\u00e9paration. Bien entendu nous sommes \u00e0 vos c\u00f4t\u00e9s pour toute question concernant l\u2019installation ou la programmation.<\/p>\n\n\n\n<p>En outre vous trouvez de plus amples informations dans notre section Download ou dans la vue d\u00e9taill\u00e9e des\u00a0<a href=\"https:\/\/www.tele-radio.com\/ch-fr\/produits\/\" target=\"_blank\" rel=\"noreferrer noopener\">Produits<\/a> respectifs.<\/p>\n\n\n\n<p><strong>Avez-vous besoin d&#8217;aide en dehors de nos heures de bureau ? <\/strong>Sur la cha\u00eene <a aria-label=\"undefined (opens in a new tab)\" href=\"https:\/\/www.youtube.com\/channel\/UCTyp6D2TC0QnVk0A3Xgzyrg\/videos\" target=\"_blank\" rel=\"noreferrer noopener\"><strong>YouTube<\/strong><\/a> de Tele Radio, vous trouvez <strong><span class=\"has-inline-color has-luminous-vivid-amber-color\">des vid\u00e9os l&#8217;installation de nos t\u00e9l\u00e9commandes les plus courantes<\/span><\/strong>.<\/p>\n\n\n\n<div class=\"wp-block-columns is-layout-flex wp-container-core-columns-is-layout-9d6595d7 wp-block-columns-is-layout-flex\">\n<div class=\"wp-block-column is-layout-flow wp-block-column-is-layout-flow\">\n<div class=\"wp-block-cover has-background-dim\" style=\"background-color:#f7f7f7\"><div class=\"wp-block-cover__inner-container is-layout-flow wp-block-cover-is-layout-flow\">\n<div class=\"wp-block-image\"><figure class=\"aligncenter size-large is-resized\"><img loading=\"lazy\" decoding=\"async\" src=\"https:\/\/www.tele-radio.com\/app\/uploads\/certification.png\" alt=\"\" class=\"wp-image-46654\" width=\"64\" height=\"64\"\/><\/figure><\/div>\n\n\n\n<h2 class=\"has-text-align-center has-very-dark-gray-color has-text-color wp-block-heading\">Downloads<\/h2>\n\n\n\n<p class=\"has-text-align-center has-very-dark-gray-color has-text-color\">Vous y trouverez des instructions d&#8217;installation, des fiches techniques, des certificats etc.<\/p>\n\n\n\n<div class=\"wp-block-buttons is-content-justification-center is-layout-flex wp-block-buttons-is-layout-flex\">\n<div class=\"wp-block-button\"><a class=\"wp-block-button__link has-background\" href=\"https:\/\/www.tele-radio.com\/ch-fr\/support\/telechargements\/\" style=\"background-color:#feb914\" target=\"_blank\" rel=\"noreferrer noopener\">Downloads <\/a><\/div>\n<\/div>\n\n\n\n<div style=\"height:30px\" aria-hidden=\"true\" class=\"wp-block-spacer\"><\/div>\n<\/div><\/div>\n<\/div>\n\n\n\n<div class=\"wp-block-column is-layout-flow wp-block-column-is-layout-flow\">\n<div class=\"wp-block-cover has-background-dim\" style=\"background-color:#f7f7f7\"><div class=\"wp-block-cover__inner-container is-layout-flow wp-block-cover-is-layout-flow\">\n<div class=\"wp-block-image\"><figure class=\"aligncenter size-large is-resized\"><img loading=\"lazy\" decoding=\"async\" src=\"https:\/\/www.tele-radio.com\/app\/uploads\/box.png\" alt=\"\" class=\"wp-image-50841\" width=\"64\" height=\"64\"\/><\/figure><\/div>\n\n\n\n<h2 class=\"has-text-align-center has-very-dark-gray-color has-text-color wp-block-heading\">Produits abandonn\u00e9s<\/h2>\n\n\n\n<p class=\"has-text-align-center has-very-dark-gray-color has-text-color\">Vous y trouverez toutes les informations sur les produits abandonn\u00e9s et leurs remplacements.<\/p>\n\n\n\n<div class=\"wp-block-buttons is-content-justification-center is-layout-flex wp-block-buttons-is-layout-flex\">\n<div class=\"wp-block-button\"><a class=\"wp-block-button__link has-background\" href=\"https:\/\/www.tele-radio.com\/ch-fr\/systemes-precedents\/\" style=\"background-color:#feb914\" target=\"_blank\" rel=\"noreferrer noopener\">Produits abandonn\u00e9s<\/a><\/div>\n<\/div>\n\n\n\n<div style=\"height:30px\" aria-hidden=\"true\" class=\"wp-block-spacer\"><\/div>\n<\/div><\/div>\n<\/div>\n<\/div>\n","protected":false},"excerpt":{"rendered":"<p>Avez-vous besoin d&#8217;aide ? L&#8217;\u00e9quipe de Tele Radio Schweiz se fera un plaisir de vous aider. Que vous ayez des questions sur les commandes, les livraisons ou la disponibilit\u00e9 de nos produits, nous vous renseignerons. Nous vous aidons \u00e9galement \u00e0 r\u00e9pondre aux questions concernant une r\u00e9paration. Bien entendu nous sommes \u00e0 vos c\u00f4t\u00e9s pour toute [&hellip;]<\/p>\n","protected":false},"author":1,"featured_media":0,"parent":0,"menu_order":0,"comment_status":"closed","ping_status":"closed","template":"","meta":{"_acf_changed":false,"footnotes":""},"class_list":["post-7007","page","type-page","status-publish","hentry"],"acf":[],"_links":{"self":[{"href":"https:\/\/www.tele-radio.com\/ch-fr\/wp-json\/wp\/v2\/pages\/7007","targetHints":{"allow":["GET"]}}],"collection":[{"href":"https:\/\/www.tele-radio.com\/ch-fr\/wp-json\/wp\/v2\/pages"}],"about":[{"href":"https:\/\/www.tele-radio.com\/ch-fr\/wp-json\/wp\/v2\/types\/page"}],"author":[{"embeddable":true,"href":"https:\/\/www.tele-radio.com\/ch-fr\/wp-json\/wp\/v2\/users\/1"}],"replies":[{"embeddable":true,"href":"https:\/\/www.tele-radio.com\/ch-fr\/wp-json\/wp\/v2\/comments?post=7007"}],"version-history":[{"count":18,"href":"https:\/\/www.tele-radio.com\/ch-fr\/wp-json\/wp\/v2\/pages\/7007\/revisions"}],"predecessor-version":[{"id":118426,"href":"https:\/\/www.tele-radio.com\/ch-fr\/wp-json\/wp\/v2\/pages\/7007\/revisions\/118426"}],"wp:attachment":[{"href":"https:\/\/www.tele-radio.com\/ch-fr\/wp-json\/wp\/v2\/media?parent=7007"}],"curies":[{"name":"wp","href":"https:\/\/api.w.org\/{rel}","templated":true}]}}