{"id":6570,"date":"2018-05-13T20:05:40","date_gmt":"2018-05-13T20:05:40","guid":{"rendered":"https:\/\/www.tele-radio.com\/munck-cranes-a-s\/"},"modified":"2021-02-19T16:05:39","modified_gmt":"2021-02-19T16:05:39","slug":"munck-cranes-a-s","status":"publish","type":"page","link":"https:\/\/www.tele-radio.com\/ch-fr\/munck-cranes-a-s\/","title":{"rendered":"Munck Cranes A\/S"},"content":{"rendered":"<h1>Munck Cranes A\/S<\/h1>\n<p><span lang=\"FR\">L\u2019entreprise Munck Cranes est un fabricant de grues bas\u00e9 \u00e0 Bergen. L\u2019entreprise a \u00e9t\u00e9 fond\u00e9e en 1924 par Monsieur Sverre Munck en tant que soci\u00e9t\u00e9 commerciale d\u2019escaliers m\u00e9caniques, d\u2019ascenseurs et d\u2019engins de levage. L\u2019entreprise Munck est devenue une pionni\u00e8re dans les industries exportatrices norv\u00e9giennes. Le tout premier treuil Munck destin\u00e9 \u00e0 l\u2019exportation a \u00e9t\u00e9 exp\u00e9di\u00e9 en Su\u00e8de en 1948 et en Angleterre la m\u00eame ann\u00e9e. Par la suite, les exportations vers de tr\u00e8s nombreux march\u00e9s d\u2019outre-mer ont rapidement augment\u00e9.<\/span><b><\/b><\/p>\n<h2><span lang=\"FR\">Un acteur mondial sur le march\u00e9<\/span><\/h2>\n<p><span lang=\"FR\">Plus tard dans les ann\u00e9es\u00a01950 et 1960, des filiales ont \u00e9t\u00e9 cr\u00e9\u00e9es aux \u00c9tats-Unis, au Canada, en Grande-Bretagne, en Su\u00e8de, au Br\u00e9sil et en Belgique. Ensuite, un r\u00e9seau d\u2019agents a \u00e9t\u00e9 mis en place dans d\u2019autres parties du monde. Aujourd\u2019hui encore, Munck travaille encore toujours en \u00e9troite collaboration avec un grand nombre de ces entreprises, bien que la gestion soit maintenant entre les mains des propri\u00e9taires locaux. En ce moment, Munck Cranes livre ses produits dans le monde entier. L\u2019usine norv\u00e9gienne exp\u00e9die \u00e0 elle seule 750 grues par an. Si l\u2019on ajoute les autres sites de Munck, le nombre de grues s\u2019\u00e9l\u00e8ve \u00e0 plus de 1\u2009000.<\/span><\/p>\n<h2><span lang=\"FR\">Pr\u00e9curseur dans les grues t\u00e9l\u00e9command\u00e9es<\/span><\/h2>\n<p><span lang=\"FR\">Munck a \u00e9t\u00e9 le premier fabricant de grues \u00e0 abandonner la commande par c\u00e2ble dans ses grues et \u00e0 la remplacer par la commande \u00e0 distance. Si vous voulez une grue command\u00e9e par c\u00e2ble chez Munck, vous devez le demander sp\u00e9cialement. Le retrait de la commande par c\u00e2ble n\u2019\u00e9tait pas appr\u00e9ci\u00e9 dans l\u2019industrie et a suscit\u00e9 une vague de critiques des concurrents. On ne peut nier que ce choix courageux de Munck, pr\u00e9curseur \u00e0 cette \u00e9poque, a \u00e9t\u00e9 \u00e0 l\u2019origine du progr\u00e8s technique dans la commande des grues.<\/span><\/p>\n<blockquote><p>\u201c<span lang=\"FR\">Nous utilisons Tele Radio pour son excellent service et son soutien technique, car c\u2019est tr\u00e8s important pour notre entreprise.<\/span>\u201d<\/p><\/blockquote>\n<p>-Rune Wab\u00f8,\u00a0<span lang=\"FR\">Directeur g\u00e9n\u00e9ral chez Munck Cranes<\/span><\/p>\n","protected":false},"excerpt":{"rendered":"<p>Munck Cranes A\/S L\u2019entreprise Munck Cranes est un fabricant de grues bas\u00e9 \u00e0 Bergen. L\u2019entreprise a \u00e9t\u00e9 fond\u00e9e en 1924 par Monsieur Sverre Munck en tant que soci\u00e9t\u00e9 commerciale d\u2019escaliers m\u00e9caniques, d\u2019ascenseurs et d\u2019engins de levage. L\u2019entreprise Munck est devenue une pionni\u00e8re dans les industries exportatrices norv\u00e9giennes. Le tout premier treuil Munck destin\u00e9 \u00e0 l\u2019exportation [&hellip;]<\/p>\n","protected":false},"author":29,"featured_media":9724,"parent":0,"menu_order":0,"comment_status":"closed","ping_status":"closed","template":"","meta":{"_acf_changed":false,"footnotes":""},"class_list":["post-6570","page","type-page","status-publish","has-post-thumbnail","hentry"],"acf":[],"_links":{"self":[{"href":"https:\/\/www.tele-radio.com\/ch-fr\/wp-json\/wp\/v2\/pages\/6570","targetHints":{"allow":["GET"]}}],"collection":[{"href":"https:\/\/www.tele-radio.com\/ch-fr\/wp-json\/wp\/v2\/pages"}],"about":[{"href":"https:\/\/www.tele-radio.com\/ch-fr\/wp-json\/wp\/v2\/types\/page"}],"author":[{"embeddable":true,"href":"https:\/\/www.tele-radio.com\/ch-fr\/wp-json\/wp\/v2\/users\/29"}],"replies":[{"embeddable":true,"href":"https:\/\/www.tele-radio.com\/ch-fr\/wp-json\/wp\/v2\/comments?post=6570"}],"version-history":[{"count":3,"href":"https:\/\/www.tele-radio.com\/ch-fr\/wp-json\/wp\/v2\/pages\/6570\/revisions"}],"predecessor-version":[{"id":60352,"href":"https:\/\/www.tele-radio.com\/ch-fr\/wp-json\/wp\/v2\/pages\/6570\/revisions\/60352"}],"wp:featuredmedia":[{"embeddable":true,"href":"https:\/\/www.tele-radio.com\/ch-fr\/wp-json\/wp\/v2\/media\/9724"}],"wp:attachment":[{"href":"https:\/\/www.tele-radio.com\/ch-fr\/wp-json\/wp\/v2\/media?parent=6570"}],"curies":[{"name":"wp","href":"https:\/\/api.w.org\/{rel}","templated":true}]}}