{"id":6546,"date":"2018-05-14T06:12:23","date_gmt":"2018-05-14T06:12:23","guid":{"rendered":"https:\/\/www.tele-radio.com\/thames-reinforcements-ltd\/"},"modified":"2021-02-10T10:05:43","modified_gmt":"2021-02-10T10:05:43","slug":"thames-reinforcements-ltd","status":"publish","type":"page","link":"https:\/\/www.tele-radio.com\/ch-fr\/thames-reinforcements-ltd\/","title":{"rendered":"Thames Reinforcements Ltd"},"content":{"rendered":"<h1><span lang=\"FR\">Surpasser les concurrents<\/span><\/h1>\n<p><span lang=\"FR\">Thames Reinforcements Ltd est une usine du Sheerness, Kent, dont le seul objectif est de fabriquer des blindages m\u00e9talliques. La capacit\u00e9 de l\u2019usine atteint 1500 tonnes d\u2019armatures agr\u00e9\u00e9es CARES par semaine (en acier coup\u00e9 et pli\u00e9). Thames a commenc\u00e9 par une commande \u00e0 distance de la concurrence, mais a tr\u00e8s vite r\u00e9alis\u00e9 que le climat rigoureux de la production d\u2019acier exigeait beaucoup des commandes \u00e0 distance. Apr\u00e8s avoir r\u00e9alis\u00e9 que ses syst\u00e8mes de commandes radios ne r\u00e9sistaient qu\u2019un mois, ils se sont mis \u00e0 chercher un rempla\u00e7ant. Ils ont d\u00e9cid\u00e9 d\u2019essayer Tele Radio et ont appliqu\u00e9 le syst\u00e8me Tiger \u00e0 leurs grues. Ils ont choisi l\u2019\u00e9metteur T9-1 Tiger et en ont utilis\u00e9 deux pour chaque grue en raison du processus de production continue 24 heures sur 24. Au total, l\u2019usine a trois ponts roulants qui sont chacun \u00e9quip\u00e9s d\u2019un syst\u00e8me Tiger.<\/span><\/p>\n<p><span lang=\"FR\">Apr\u00e8s avoir travaill\u00e9 24 heures sur 24 pendant un an, deux \u00e9metteurs seulement ont d\u00fb \u00eatre remplac\u00e9s. Les ponts roulants ont \u00e9t\u00e9 remplac\u00e9s et d\u00e9plac\u00e9s du Kent \u00e0 leur usine de Nottingham, o\u00f9 les syst\u00e8mes ont continu\u00e9 \u00e0 fonctionner sans d\u00e9faillance. De nouvelles grues Demag ont \u00e9t\u00e9 install\u00e9es dans l\u2019usine du Kent avec les syst\u00e8mes radiographiques Demag. Seulement un mois apr\u00e8s le d\u00e9but, la premi\u00e8re commande \u00e0 distance s\u2019est cass\u00e9e, ce qui a amen\u00e9 le manager de l\u2019entretien de l\u2019\u00e9poque, Tomasz Fraczek \u00e0 prendre contact avec Tele Radio pour remplacer les syst\u00e8mes radio de Demag par les syst\u00e8mes de Tele Radio.<\/span><\/p>\n<p>Tomasz Fraczek:<\/p>\n<blockquote><p><em><span lang=\"FR\">\u201cLes commandes \u00e0 distance de Tele Radio peuvent supporter beaucoup d\u2019abus m\u00e9caniques, sans risquer de se casser et la dur\u00e9e de la batterie est impressionnante.\u201d<\/span><\/em><\/p><\/blockquote>\n<p><span lang=\"FR\">Cette fois, Tele Radio a install\u00e9 une solution Panther avec batteries amovibles et rechargeables pour pouvoir r\u00e9pondre aux besoins du processus de production ininterrompu 24 heures sur 24. Les \u00e9metteurs peuvent rester en service plus de 100 heures, un nombre, dont personne dans cette branche, ne se rapproche. Ces syst\u00e8mes tournent maintenant depuis trois mois sans d\u00e9faillance.<\/span><\/p>\n<p><a href=\"https:\/\/www.tele-radio.com\/ch-fr\/munck-cranes-a-s\/\"><span lang=\"FR\">Lisez davantage sur Thames Reinforcements et leur choix de Tele Radio<\/span><\/a><\/p>\n","protected":false},"excerpt":{"rendered":"<p>Surpasser les concurrents Thames Reinforcements Ltd est une usine du Sheerness, Kent, dont le seul objectif est de fabriquer des blindages m\u00e9talliques. La capacit\u00e9 de l\u2019usine atteint 1500 tonnes d\u2019armatures agr\u00e9\u00e9es CARES par semaine (en acier coup\u00e9 et pli\u00e9). Thames a commenc\u00e9 par une commande \u00e0 distance de la concurrence, mais a tr\u00e8s vite r\u00e9alis\u00e9 [&hellip;]<\/p>\n","protected":false},"author":29,"featured_media":9760,"parent":0,"menu_order":0,"comment_status":"closed","ping_status":"closed","template":"","meta":{"_acf_changed":false,"footnotes":""},"class_list":["post-6546","page","type-page","status-publish","has-post-thumbnail","hentry"],"acf":[],"_links":{"self":[{"href":"https:\/\/www.tele-radio.com\/ch-fr\/wp-json\/wp\/v2\/pages\/6546","targetHints":{"allow":["GET"]}}],"collection":[{"href":"https:\/\/www.tele-radio.com\/ch-fr\/wp-json\/wp\/v2\/pages"}],"about":[{"href":"https:\/\/www.tele-radio.com\/ch-fr\/wp-json\/wp\/v2\/types\/page"}],"author":[{"embeddable":true,"href":"https:\/\/www.tele-radio.com\/ch-fr\/wp-json\/wp\/v2\/users\/29"}],"replies":[{"embeddable":true,"href":"https:\/\/www.tele-radio.com\/ch-fr\/wp-json\/wp\/v2\/comments?post=6546"}],"version-history":[{"count":3,"href":"https:\/\/www.tele-radio.com\/ch-fr\/wp-json\/wp\/v2\/pages\/6546\/revisions"}],"predecessor-version":[{"id":60351,"href":"https:\/\/www.tele-radio.com\/ch-fr\/wp-json\/wp\/v2\/pages\/6546\/revisions\/60351"}],"wp:featuredmedia":[{"embeddable":true,"href":"https:\/\/www.tele-radio.com\/ch-fr\/wp-json\/wp\/v2\/media\/9760"}],"wp:attachment":[{"href":"https:\/\/www.tele-radio.com\/ch-fr\/wp-json\/wp\/v2\/media?parent=6546"}],"curies":[{"name":"wp","href":"https:\/\/api.w.org\/{rel}","templated":true}]}}