{"id":6498,"date":"2018-05-14T09:08:21","date_gmt":"2018-05-14T09:08:21","guid":{"rendered":"https:\/\/www.tele-radio.com\/euro-prima-doo\/"},"modified":"2021-02-10T10:05:42","modified_gmt":"2021-02-10T10:05:42","slug":"euro-prima-doo","status":"publish","type":"page","link":"https:\/\/www.tele-radio.com\/ch-fr\/euro-prima-doo\/","title":{"rendered":"Euro Prima doo"},"content":{"rendered":"<h1><span lang=\"FR\">Sp\u00e9cialiste de la culture des plantes aromatiques<\/span><b><\/b><\/h1>\n<p><span lang=\"FR\">Euro Prima Doo est un fournisseur serbe de machines de r\u00e9colte, sp\u00e9cialis\u00e9 dans la r\u00e9colte de plantes m\u00e9dicinales et d\u2019herbes comme le romarin, la menthe, la citronnelle, le persil et bien d\u2019autres. La soci\u00e9t\u00e9 est bas\u00e9e \u00e0 Novi Sad en Serbie avec des clients dans 50 pays r\u00e9partis dans le monde entier.<\/span><\/p>\n<h2><span lang=\"FR\">Plus de confort avec Tele Radio<\/span><b><\/b><\/h2>\n<p><span lang=\"FR\">Sur la gauche vous voyez la faucheuse NB 2005 V. Comme son nom l\u2019indique, c\u2019est une unit\u00e9 de r\u00e9colte, pour la camomille, la menthe et autres herbes. Cette faucheuse est suspendue en l\u2019air par le tracteur et se d\u00e9place au-dessus des plantes. Pendant la r\u00e9colte, les fleurs sont s\u00e9par\u00e9es des tiges, laissant la majeure partie des plantes intactes.<\/span><\/p>\n<p><span lang=\"FR\">L\u2019entreprise et ses clients ont connu des probl\u00e8mes et des inconv\u00e9nients lors de leur pr\u00e9c\u00e9dente adaptation de commande par c\u00e2bles. En utilisant une t\u00e9l\u00e9commande Tele Radio, l\u2019op\u00e9rateur peut facilement faire fonctionner l\u2019unit\u00e9 de r\u00e9colte sans avoir \u00e0 quitter la cabine climatis\u00e9e du tracteur. Cela rend le travail dans les zones agricoles chaudes beaucoup plus supportable.<\/span><\/p>\n<p><span lang=\"FR\">Pour ce syst\u00e8me sp\u00e9cifique, le client a achet\u00e9 des syst\u00e8mes Panther compos\u00e9s d\u2019un \u00e9metteur\u00a0PN-T19-2 et d\u2019un r\u00e9cepteur\u00a0PN-R8-3. Ce syst\u00e8me d\u00e9finit les priorit\u00e9s des groupes de relais qui d\u00e9sactivent une fonction pendant qu\u2019une autre est d\u00e9marr\u00e9e. Cette solution a donn\u00e9 enti\u00e8re satisfaction aux clients et s\u2019est \u00e9galement av\u00e9r\u00e9e tr\u00e8s facile \u00e0 installer pour l\u2019entreprise.<\/span><\/p>\n","protected":false},"excerpt":{"rendered":"<p>Sp\u00e9cialiste de la culture des plantes aromatiques Euro Prima Doo est un fournisseur serbe de machines de r\u00e9colte, sp\u00e9cialis\u00e9 dans la r\u00e9colte de plantes m\u00e9dicinales et d\u2019herbes comme le romarin, la menthe, la citronnelle, le persil et bien d\u2019autres. La soci\u00e9t\u00e9 est bas\u00e9e \u00e0 Novi Sad en Serbie avec des clients dans 50 pays r\u00e9partis [&hellip;]<\/p>\n","protected":false},"author":29,"featured_media":9832,"parent":0,"menu_order":0,"comment_status":"closed","ping_status":"closed","template":"","meta":{"_acf_changed":false,"footnotes":""},"class_list":["post-6498","page","type-page","status-publish","has-post-thumbnail","hentry"],"acf":[],"_links":{"self":[{"href":"https:\/\/www.tele-radio.com\/ch-fr\/wp-json\/wp\/v2\/pages\/6498","targetHints":{"allow":["GET"]}}],"collection":[{"href":"https:\/\/www.tele-radio.com\/ch-fr\/wp-json\/wp\/v2\/pages"}],"about":[{"href":"https:\/\/www.tele-radio.com\/ch-fr\/wp-json\/wp\/v2\/types\/page"}],"author":[{"embeddable":true,"href":"https:\/\/www.tele-radio.com\/ch-fr\/wp-json\/wp\/v2\/users\/29"}],"replies":[{"embeddable":true,"href":"https:\/\/www.tele-radio.com\/ch-fr\/wp-json\/wp\/v2\/comments?post=6498"}],"version-history":[{"count":2,"href":"https:\/\/www.tele-radio.com\/ch-fr\/wp-json\/wp\/v2\/pages\/6498\/revisions"}],"predecessor-version":[{"id":60349,"href":"https:\/\/www.tele-radio.com\/ch-fr\/wp-json\/wp\/v2\/pages\/6498\/revisions\/60349"}],"wp:featuredmedia":[{"embeddable":true,"href":"https:\/\/www.tele-radio.com\/ch-fr\/wp-json\/wp\/v2\/media\/9832"}],"wp:attachment":[{"href":"https:\/\/www.tele-radio.com\/ch-fr\/wp-json\/wp\/v2\/media?parent=6498"}],"curies":[{"name":"wp","href":"https:\/\/api.w.org\/{rel}","templated":true}]}}