{"id":6372,"date":"2018-05-10T13:37:03","date_gmt":"2018-05-10T13:37:03","guid":{"rendered":"https:\/\/www.tele-radio.com\/iso-certifications\/"},"modified":"2021-02-10T10:05:46","modified_gmt":"2021-02-10T10:05:46","slug":"iso-certifications","status":"publish","type":"page","link":"https:\/\/www.tele-radio.com\/ch-fr\/iso-certifications\/","title":{"rendered":"ISO certifications"},"content":{"rendered":"<h1><span lang=\"FR\">Tele Radio est certifi\u00e9e ISO<\/span><\/h1>\n<p><span lang=\"FR\">Tele Radio AB est certifi\u00e9e selon le syst\u00e8me de gestion de la qualit\u00e9 ISO\u00a09001 et le syst\u00e8me de gestion environnementale ISO\u00a014001. Cela signifie que vous pouvez \u00eatre assur\u00e9 que notre travail est effectu\u00e9 avec comp\u00e9tence et connaissance, que nous travaillons sans rel\u00e2che pour \u00e9viter la r\u00e9p\u00e9tition d\u2019erreurs, que nous utilisons les pi\u00e8ces les plus \u00e9cologiques possible et que, pour des raisons environnementales, nous utilisons les meilleurs moyens de transport disponibles, tant pour les voyages d\u2019affaires que pour le fret.<\/span><\/p>\n<h2>ISO9001<\/h2>\n<p><span lang=\"FR\">Les \u00e9l\u00e9ments les plus importants de la certification ISO\u00a09001 des syst\u00e8mes de gestion sont la qualit\u00e9, la responsabilit\u00e9, les mati\u00e8res premi\u00e8res, le d\u00e9veloppement des produits, mais aussi la mesure, l\u2019analyse et le progr\u00e8s.<br \/>\n<a href=\"https:\/\/api.tele-radio.com\/api\/files\/1986\">T\u00e9l\u00e9charger le certificat\u00a0ISO9001<\/a><\/span><\/p>\n<p><a href=\"https:\/\/api.tele-radio.com\/api\/files\/1986\"><img loading=\"lazy\" decoding=\"async\" class=\"aligncenter wp-image-6297 size-full\" src=\"https:\/\/www.tele-radio.com\/app\/uploads\/ISO9001.jpg\" alt=\"ISO9001 Tele Radio\" width=\"1200\" height=\"519\" srcset=\"https:\/\/www.tele-radio.com\/app\/uploads\/ISO9001.jpg 1200w, https:\/\/www.tele-radio.com\/app\/uploads\/ISO9001-400x173.jpg 400w, https:\/\/www.tele-radio.com\/app\/uploads\/ISO9001-768x332.jpg 768w, https:\/\/www.tele-radio.com\/app\/uploads\/ISO9001-750x324.jpg 750w, https:\/\/www.tele-radio.com\/app\/uploads\/ISO9001-500x216.jpg 500w, https:\/\/www.tele-radio.com\/app\/uploads\/ISO9001-800x346.jpg 800w\" sizes=\"auto, (max-width: 1200px) 100vw, 1200px\" \/><\/a><\/p>\n<h2>ISO14001<\/h2>\n<p><span lang=\"FR\">La norme ISO\u00a014001 exige que nous prenions nos responsabilit\u00e9s pour pr\u00e9venir la pollution et que la direction de notre entreprise assume l\u2019enti\u00e8re responsabilit\u00e9 de l\u2019am\u00e9lioration permanente. Dans notre Technologie &amp; Innovation, nous visons \u00e0 rendre nos produits conformes aux normes REACH et RoHS. REACH est un r\u00e8glement de l\u2019Union europ\u00e9enne adopt\u00e9 pour am\u00e9liorer la protection de la sant\u00e9 humaine et de l\u2019environnement contre les risques pos\u00e9s par les produits chimiques, tout en am\u00e9liorant la comp\u00e9titivit\u00e9 de l\u2019industrie chimique europ\u00e9enne.<br \/>\n<a href=\"https:\/\/api.tele-radio.com\/api\/files\/1987\">T\u00e9l\u00e9charger le certificat\u00a0ISO14001<\/a><\/span><\/p>\n<p><a href=\"https:\/\/api.tele-radio.com\/api\/files\/1987\"><img loading=\"lazy\" decoding=\"async\" class=\"aligncenter wp-image-6298 size-full\" src=\"https:\/\/www.tele-radio.com\/app\/uploads\/ISO14001.jpg\" alt=\"ISO14001 Tele Radio\" width=\"1200\" height=\"555\" srcset=\"https:\/\/www.tele-radio.com\/app\/uploads\/ISO14001.jpg 1200w, https:\/\/www.tele-radio.com\/app\/uploads\/ISO14001-400x185.jpg 400w, https:\/\/www.tele-radio.com\/app\/uploads\/ISO14001-768x355.jpg 768w, https:\/\/www.tele-radio.com\/app\/uploads\/ISO14001-750x347.jpg 750w, https:\/\/www.tele-radio.com\/app\/uploads\/ISO14001-500x231.jpg 500w, https:\/\/www.tele-radio.com\/app\/uploads\/ISO14001-800x370.jpg 800w\" sizes=\"auto, (max-width: 1200px) 100vw, 1200px\" \/><\/a><\/p>\n<p><span lang=\"FR\">La directive RoHS\u00a02002\/95\/CE d\u00e9crit la limitation de l\u2019utilisation de certaines substances dangereuses dans les \u00e9quipements \u00e9lectriques et \u00e9lectroniques.<\/span><\/p>\n","protected":false},"excerpt":{"rendered":"<p>Tele Radio est certifi\u00e9e ISO Tele Radio AB est certifi\u00e9e selon le syst\u00e8me de gestion de la qualit\u00e9 ISO\u00a09001 et le syst\u00e8me de gestion environnementale ISO\u00a014001. Cela signifie que vous pouvez \u00eatre assur\u00e9 que notre travail est effectu\u00e9 avec comp\u00e9tence et connaissance, que nous travaillons sans rel\u00e2che pour \u00e9viter la r\u00e9p\u00e9tition d\u2019erreurs, que nous utilisons [&hellip;]<\/p>\n","protected":false},"author":29,"featured_media":9688,"parent":0,"menu_order":0,"comment_status":"closed","ping_status":"closed","template":"","meta":{"_acf_changed":false,"footnotes":""},"class_list":["post-6372","page","type-page","status-publish","has-post-thumbnail","hentry"],"acf":[],"_links":{"self":[{"href":"https:\/\/www.tele-radio.com\/ch-fr\/wp-json\/wp\/v2\/pages\/6372","targetHints":{"allow":["GET"]}}],"collection":[{"href":"https:\/\/www.tele-radio.com\/ch-fr\/wp-json\/wp\/v2\/pages"}],"about":[{"href":"https:\/\/www.tele-radio.com\/ch-fr\/wp-json\/wp\/v2\/types\/page"}],"author":[{"embeddable":true,"href":"https:\/\/www.tele-radio.com\/ch-fr\/wp-json\/wp\/v2\/users\/29"}],"replies":[{"embeddable":true,"href":"https:\/\/www.tele-radio.com\/ch-fr\/wp-json\/wp\/v2\/comments?post=6372"}],"version-history":[{"count":2,"href":"https:\/\/www.tele-radio.com\/ch-fr\/wp-json\/wp\/v2\/pages\/6372\/revisions"}],"predecessor-version":[{"id":60355,"href":"https:\/\/www.tele-radio.com\/ch-fr\/wp-json\/wp\/v2\/pages\/6372\/revisions\/60355"}],"wp:featuredmedia":[{"embeddable":true,"href":"https:\/\/www.tele-radio.com\/ch-fr\/wp-json\/wp\/v2\/media\/9688"}],"wp:attachment":[{"href":"https:\/\/www.tele-radio.com\/ch-fr\/wp-json\/wp\/v2\/media?parent=6372"}],"curies":[{"name":"wp","href":"https:\/\/api.w.org\/{rel}","templated":true}]}}