{"id":6334,"date":"2018-05-10T13:36:29","date_gmt":"2018-05-10T13:36:29","guid":{"rendered":"https:\/\/www.tele-radio.com\/why-remote-control\/"},"modified":"2021-02-10T10:05:48","modified_gmt":"2021-02-10T10:05:48","slug":"telecommande-sans-fil","status":"publish","type":"page","link":"https:\/\/www.tele-radio.com\/ch-fr\/telecommande-sans-fil\/","title":{"rendered":"T\u00e9l\u00e9commande sans fil"},"content":{"rendered":"<h1><span lang=\"FR\">Pourquoi une t\u00e9l\u00e9commande sans fil?<\/span><b><\/b><\/h1>\n<h2><span lang=\"FR\">Pratique et tout aussi fiable<\/span><\/h2>\n<p><span lang=\"FR\">Une t\u00e9l\u00e9commande sans fil est un syst\u00e8me qui associe la s\u00e9curit\u00e9 et la commodit\u00e9 pour contr\u00f4ler une machine. L\u2019un des avantages \u00e9vidents est que l\u2019utilisateur n\u2019a pas besoin de faire des allers-retours pour faire fonctionner la machine. L\u2019utilisateur peut s\u2019installer \u00e0 un emplacement s\u00e9curis\u00e9 et pratique au lieu d\u2019\u00eatre bloqu\u00e9 par les limites d\u2019un panneau de contr\u00f4le ou d\u2019une commande c\u00e2bl\u00e9e. Une t\u00e9l\u00e9commande sans fil ne g\u00eane pas l\u2019utilisateur comme le ferait un syst\u00e8me \u00e0 c\u00e2ble. Un c\u00e2ble est \u00e0 la fois g\u00eanant pendant le travail et repr\u00e9sente un risque pour la s\u00e9curit\u00e9, un risque de tr\u00e9buchement, mais aussi un risque d\u2019endommagement et de corrosion. La r\u00e9paration d\u2019une t\u00e9l\u00e9commande \u00e0 c\u00e2ble peut \u00eatre \u00e0 la fois co\u00fbteuse et longue, alors qu&#8217;une t\u00e9l\u00e9commande radio est simple \u00e0 remplacer.<br \/>\n<\/span><\/p>\n<p><img loading=\"lazy\" decoding=\"async\" class=\"size-full wp-image-6288 aligncenter\" src=\"https:\/\/www.tele-radio.com\/app\/uploads\/eot_lifting.jpg\" alt=\"crane operator using Tele Radio remote\" width=\"1200\" height=\"515\" srcset=\"https:\/\/www.tele-radio.com\/app\/uploads\/eot_lifting.jpg 1200w, https:\/\/www.tele-radio.com\/app\/uploads\/eot_lifting-400x172.jpg 400w, https:\/\/www.tele-radio.com\/app\/uploads\/eot_lifting-768x330.jpg 768w, https:\/\/www.tele-radio.com\/app\/uploads\/eot_lifting-750x322.jpg 750w, https:\/\/www.tele-radio.com\/app\/uploads\/eot_lifting-500x215.jpg 500w, https:\/\/www.tele-radio.com\/app\/uploads\/eot_lifting-800x343.jpg 800w\" sizes=\"auto, (max-width: 1200px) 100vw, 1200px\" \/><\/p>\n<h2><span lang=\"FR\">Libert\u00e9 totale de mouvement<\/span><\/h2>\n<p><span lang=\"FR\">Avec une t\u00e9l\u00e9commande sans fil, vous disposez d\u2019une libert\u00e9 de mouvement totale lors de l\u2019utilisation d\u2019une presse, d\u2019un broyeur \u00e0 bois, d\u2019une pompe \u00e0 haute pression, d\u2019un appareil de levage ou de hissage, tout en sachant que l\u2019arr\u00eat d\u2019urgence est toujours \u00e0 port\u00e9e de main. Une t\u00e9l\u00e9commande sans fil contribue de mani\u00e8re significative \u00e0 r\u00e9duire les risques sur le lieu de travail. Tele Radio offre de nombreuses fonctions de s\u00e9curit\u00e9. Nous certifions nos syst\u00e8mes selon les normes les plus \u00e9lev\u00e9es de l\u2019industrie pour nous assurer que tout continue de fonctionner dans les conditions les plus difficiles. Les syst\u00e8mes les plus exigeants en mati\u00e8re de s\u00e9curit\u00e9 sont certifi\u00e9s SIL3, PLd ou PLe. Pour ces syst\u00e8mes, il existe des relais de s\u00e9curit\u00e9 qui fonctionnent ensemble pour garantir que vous gardez le contr\u00f4le de votre machine, m\u00eame en cas de panne majeure.<\/span><\/p>\n<p><img loading=\"lazy\" decoding=\"async\" class=\"size-full wp-image-6287 aligncenter\" src=\"https:\/\/www.tele-radio.com\/app\/uploads\/tow.jpg\" alt=\"Towing a car with radop remote control from Tele Radio\" width=\"1200\" height=\"612\" srcset=\"https:\/\/www.tele-radio.com\/app\/uploads\/tow.jpg 1200w, https:\/\/www.tele-radio.com\/app\/uploads\/tow-400x204.jpg 400w, https:\/\/www.tele-radio.com\/app\/uploads\/tow-768x392.jpg 768w, https:\/\/www.tele-radio.com\/app\/uploads\/tow-750x383.jpg 750w, https:\/\/www.tele-radio.com\/app\/uploads\/tow-500x255.jpg 500w, https:\/\/www.tele-radio.com\/app\/uploads\/tow-800x408.jpg 800w\" sizes=\"auto, (max-width: 1200px) 100vw, 1200px\" \/><\/p>\n<h2><span lang=\"FR\">Pourquoi la t\u00e9l\u00e9commande sans fil est plus s\u00fbre que la commande par c\u00e2ble<\/span><\/h2>\n<p><span lang=\"FR\">Toute machine et sa commande peuvent devenir dangereuses en cas d\u2019utilisation non conforme. Mais avec une utilisation correcte, une t\u00e9l\u00e9commande sans fil pr\u00e9sente de nombreux avantages par rapport \u00e0 la commande par c\u00e2ble traditionnelle. En plus des avantages d\u00e9j\u00e0 mentionn\u00e9s ci-dessus, nos syst\u00e8mes disposent de diff\u00e9rents dispositifs de s\u00e9curit\u00e9 tels que la plage r\u00e9glable \u00ab donut \u00bb. Une zone de travail sp\u00e9cifique peut \u00eatre d\u00e9finie pour l\u2019\u00e9metteur dans lequel la commande fonctionne bien ou pas. Par exemple, ne fonctionnerait pas \u00e0 proximit\u00e9 imm\u00e9diate de la machine &#8211; o\u00f9 sont utilisation est dangereuse &#8211; mais pas non plus trop loin, o\u00f9 la visibilit\u00e9 est insuffisante. Avec une solution c\u00e2bl\u00e9e, une telle fonctionnalit\u00e9 est difficile, voire impossible, \u00e0 r\u00e9aliser. <\/span><\/p>\n<p><span lang=\"FR\">Pour \u00e9viter qu\u2019une machine ne soit command\u00e9e par un \u00e9metteur non autoris\u00e9 ou que le signal ne soit interrompu, nos \u00e9metteurs utilisent une cl\u00e9 unique qui est envoy\u00e9e via le logiciel de l\u2019\u00e9metteur. La proc\u00e9dure de d\u00e9marrage peut \u00eatre prot\u00e9g\u00e9e par un code PIN et\/ou une d\u00e9tection d\u2019approche.<\/span><\/p>\n<p><img loading=\"lazy\" decoding=\"async\" class=\"alignnone size-medium wp-image-5984\" src=\"https:\/\/www.tele-radio.com\/app\/uploads\/\/Certified-400x400.jpg\" alt=\"\" width=\"400\" height=\"400\" srcset=\"https:\/\/www.tele-radio.com\/app\/uploads\/Certified-400x400.jpg 400w, https:\/\/www.tele-radio.com\/app\/uploads\/Certified-150x150.jpg 150w, https:\/\/www.tele-radio.com\/app\/uploads\/Certified-768x768.jpg 768w, https:\/\/www.tele-radio.com\/app\/uploads\/Certified-250x250.jpg 250w, https:\/\/www.tele-radio.com\/app\/uploads\/Certified-750x750.jpg 750w, https:\/\/www.tele-radio.com\/app\/uploads\/Certified-500x500.jpg 500w, https:\/\/www.tele-radio.com\/app\/uploads\/Certified.jpg 800w\" sizes=\"auto, (max-width: 400px) 100vw, 400px\" \/><\/p>\n<h2><span lang=\"FR\">Inspection et certification ind\u00e9pendantes<\/span><\/h2>\n<p><span lang=\"FR\">Dans 95\u00a0% des cas, les fournisseurs de machines et de composants semblent effectuer eux-m\u00eames les contr\u00f4les des marquages et des d\u00e9clarations de s\u00e9curit\u00e9 obligatoires. Toutefois, l\u2019utilisateur final ne sait pas dans quelle mesure les fabricants effectuent r\u00e9ellement les essais et les analyses conform\u00e9ment aux exigences.<\/span><\/p>\n<p><span lang=\"FR\">Tele Radio sait que ses \u00e9metteurs et r\u00e9cepteurs sont utilis\u00e9s dans des zones critiques. Afin de garantir le plus haut niveau de s\u00e9curit\u00e9, les produits sont donc contr\u00f4l\u00e9s ind\u00e9pendamment par un organisme de contr\u00f4le agr\u00e9\u00e9. Les certificats peuvent toujours \u00eatre pr\u00e9sent\u00e9s lorsque vous le demandez. En tant qu\u2019utilisateur, vous devez pouvoir compter \u00e0 100\u00a0% sur la s\u00e9curit\u00e9 des produits Tele Radio!<\/span><\/p>\n","protected":false},"excerpt":{"rendered":"<p>Pourquoi une t\u00e9l\u00e9commande sans fil? Pratique et tout aussi fiable Une t\u00e9l\u00e9commande sans fil est un syst\u00e8me qui associe la s\u00e9curit\u00e9 et la commodit\u00e9 pour contr\u00f4ler une machine. L\u2019un des avantages \u00e9vidents est que l\u2019utilisateur n\u2019a pas besoin de faire des allers-retours pour faire fonctionner la machine. L\u2019utilisateur peut s\u2019installer \u00e0 un emplacement s\u00e9curis\u00e9 et [&hellip;]<\/p>\n","protected":false},"author":29,"featured_media":120763,"parent":0,"menu_order":0,"comment_status":"closed","ping_status":"closed","template":"","meta":{"_acf_changed":false,"footnotes":""},"class_list":["post-6334","page","type-page","status-publish","has-post-thumbnail","hentry"],"acf":[],"_links":{"self":[{"href":"https:\/\/www.tele-radio.com\/ch-fr\/wp-json\/wp\/v2\/pages\/6334","targetHints":{"allow":["GET"]}}],"collection":[{"href":"https:\/\/www.tele-radio.com\/ch-fr\/wp-json\/wp\/v2\/pages"}],"about":[{"href":"https:\/\/www.tele-radio.com\/ch-fr\/wp-json\/wp\/v2\/types\/page"}],"author":[{"embeddable":true,"href":"https:\/\/www.tele-radio.com\/ch-fr\/wp-json\/wp\/v2\/users\/29"}],"replies":[{"embeddable":true,"href":"https:\/\/www.tele-radio.com\/ch-fr\/wp-json\/wp\/v2\/comments?post=6334"}],"version-history":[{"count":4,"href":"https:\/\/www.tele-radio.com\/ch-fr\/wp-json\/wp\/v2\/pages\/6334\/revisions"}],"predecessor-version":[{"id":60364,"href":"https:\/\/www.tele-radio.com\/ch-fr\/wp-json\/wp\/v2\/pages\/6334\/revisions\/60364"}],"wp:featuredmedia":[{"embeddable":true,"href":"https:\/\/www.tele-radio.com\/ch-fr\/wp-json\/wp\/v2\/media\/120763"}],"wp:attachment":[{"href":"https:\/\/www.tele-radio.com\/ch-fr\/wp-json\/wp\/v2\/media?parent=6334"}],"curies":[{"name":"wp","href":"https:\/\/api.w.org\/{rel}","templated":true}]}}