{"id":162834,"date":"2023-09-14T08:43:51","date_gmt":"2023-09-14T08:43:51","guid":{"rendered":"https:\/\/www.tele-radio.com\/?page_id=162834"},"modified":"2023-09-14T09:02:36","modified_gmt":"2023-09-14T09:02:36","slug":"declaration-de-protection-des-donnees","status":"publish","type":"page","link":"https:\/\/www.tele-radio.com\/ch-fr\/declaration-de-protection-des-donnees\/","title":{"rendered":"D\u00e9claration de protection des donn\u00e9es"},"content":{"rendered":"\n<p class=\"has-vivid-red-color has-text-color\" style=\"font-size:18px\"><strong>Traduit avec un outil de traduction on-line<\/strong><br>La d\u00e9claration de protection des donn\u00e9es suivante \u00e0 \u00e9t\u00e9 traduites en fran\u00e7ais \u00e0 l&#8217;aide d&#8217;un outil de traduction on-line. <strong>Tele Radio d\u00e9cline toute responsabilit\u00e9 quant \u00e0 l&#8217;exactitude et \u00e0 l&#8217;exhaustivit\u00e9 de la traduction fran\u00e7aise. Le texte original en anglais se trouve sous la traduction fran\u00e7aise.<\/strong><\/p>\n\n\n\n<h1 class=\"wp-block-heading\">D\u00e9claration de protection des donn\u00e9es<\/h1>\n\n\n\n<p class=\"has-medium-font-size\"><strong>INTRODUCTION<\/strong><\/p>\n\n\n\n<p style=\"font-size:18px\">Tele Radio s&#8217;engage \u00e0 prot\u00e9ger la vie priv\u00e9e et la confidentialit\u00e9 des informations qui lui sont confi\u00e9es. Cela signifie que Tele Radio vise \u00e0 garantir la protection et l&#8217;utilisation correcte de vos informations personnellement identifiables (appel\u00e9es &#8220;informations personnelles&#8221;).<br>La pr\u00e9sente d\u00e9claration de confidentialit\u00e9 s&#8217;applique aux sites web de Tele Radio. L&#8217;objectif de cette d\u00e9claration de confidentialit\u00e9 est d&#8217;informer les visiteurs des sites web et les utilisateurs des services et informations fournis par Tele Radio de la mani\u00e8re dont Tele Radio traite les informations personnelles. La pr\u00e9sente d\u00e9claration de confidentialit\u00e9 d\u00e9crit la mani\u00e8re dont nous recueillons, utilisons, partageons et prot\u00e9geons les informations personnelles.<\/p>\n\n\n\n<p><strong>Quelles sont les informations que nous recueillons ?<\/strong><\/p>\n\n\n\n<p style=\"font-size:18px\">Tele Radio vous offre la possibilit\u00e9 de commander des produits et des services, de poser des questions ou de vous inscrire pour recevoir divers types de mat\u00e9riel, via notre site web, le t\u00e9l\u00e9phone ou le courrier \u00e9lectronique. Nous recevons ainsi des informations telles que votre nom, la mani\u00e8re de vous joindre et les informations n\u00e9cessaires \u00e0 la facturation et \u00e0 la livraison. Nous recevons \u00e9galement des informations sur la transaction commerciale. Outre les informations susmentionn\u00e9es, nous vous demandons \u00e9galement de fournir des informations qui peuvent concerner vos int\u00e9r\u00eats professionnels, afin que nous puissions am\u00e9liorer nos produits et services et personnaliser notre communication avec vous.<br>Tele Radio utilise les donn\u00e9es collect\u00e9es \u00e0 diverses fins :<\/p>\n\n\n\n<ul class=\"wp-block-list\">\n<li style=\"font-size:18px\">Fournir et maintenir notre service<\/li>\n\n\n\n<li>Pour vous informer des changements apport\u00e9s \u00e0 notre service<\/li>\n\n\n\n<li>Pour vous permettre de participer aux fonctions interactives de notre service lorsque vous choisissez de le faire<\/li>\n\n\n\n<li>Fournir une assistance \u00e0 la client\u00e8le<\/li>\n\n\n\n<li style=\"font-size:18px\">recueillir des analyses ou des informations utiles afin d&#8217;am\u00e9liorer notre service<\/li>\n\n\n\n<li style=\"font-size:18px\">contr\u00f4ler l&#8217;utilisation de notre service<\/li>\n\n\n\n<li>d\u00e9tecter, pr\u00e9venir et r\u00e9soudre les probl\u00e8mes techniques<\/li>\n\n\n\n<li>vous fournir des nouvelles, des offres sp\u00e9ciales et des informations g\u00e9n\u00e9rales sur d&#8217;autres biens, services et \u00e9v\u00e9nements que nous proposons et qui sont similaires \u00e0 ceux que vous avez d\u00e9j\u00e0 achet\u00e9s ou sur lesquels vous vous \u00eates renseign\u00e9, \u00e0 moins que vous n&#8217;ayez choisi de ne pas recevoir ces informations.<\/li>\n<\/ul>\n\n\n\n<p><\/p>\n\n\n\n<p class=\"has-medium-font-size\"><strong>NOTRE UTILISATION DES COOKIES<\/strong><\/p>\n\n\n\n<p><strong>GOOGLE ANALYTICS<\/strong><br>Tele Radio utilise Google Analytics pour analyser l&#8217;utilisation du site par ses utilisateurs. Cet outil d&#8217;analyse utilise des &#8220;cookies&#8221;, qui sont des fichiers texte plac\u00e9s sur votre ordinateur, pour collecter des informations de journal Internet standard et des informations sur le comportement des visiteurs sous une forme anonyme.<br>Les informations g\u00e9n\u00e9r\u00e9es par les cookies concernant votre utilisation du site (y compris votre adresse IP) sont transmises \u00e0 Google. Ces informations sont ensuite utilis\u00e9es pour \u00e9valuer l&#8217;utilisation du site Web par les visiteurs et pour compiler des rapports statistiques sur l&#8217;activit\u00e9 du site Web \u00e0 l&#8217;intention de Tele Radio.<br>Tele Radio n&#8217;utilisera pas (et n&#8217;autorisera pas un tiers \u00e0 utiliser) l&#8217;outil d&#8217;analyse statistique pour suivre ou collecter des informations personnellement identifiables sur les visiteurs de notre site. Dans le cadre de l&#8217;utilisation de l&#8217;outil d&#8217;analyse statistique de Google, nous n&#8217;associerons pas les donn\u00e9es recueillies sur ce site \u00e0 des informations d&#8217;identification personnelle provenant de quelque source que ce soit.<br>Google n&#8217;associera pas votre adresse IP \u00e0 d&#8217;autres donn\u00e9es d\u00e9tenues par Google. Ni Tele Radio ni Google n&#8217;associeront ou ne chercheront \u00e0 associer une adresse IP \u00e0 l&#8217;identit\u00e9 d&#8217;un utilisateur d&#8217;ordinateur.<br>En utilisant ce site Internet, vous consentez express\u00e9ment au traitement de vos donn\u00e9es nominatives par Google dans les conditions et pour les finalit\u00e9s d\u00e9crites ci-dessus. Pour plus d&#8217;informations, veuillez consulter l&#8217;aper\u00e7u de Google Analytics.<br><br><strong>GOOGLE ADS<\/strong><br>Tele Radio utilise des cookies Google Analytics de premi\u00e8re partie pour collecter des informations anonymes sur le comportement des visiteurs sur le site web. Ces informations sont utilis\u00e9es pour cr\u00e9er des audiences de remarketing bas\u00e9es sur des donn\u00e9es comportementales, d\u00e9mographiques et d&#8217;int\u00e9r\u00eat sp\u00e9cifiques. Ces listes sont partag\u00e9es avec Google Ads.<br>Ces audiences peuvent ensuite \u00eatre cibl\u00e9es par des publicit\u00e9s en ligne via Google Ads lorsque les visiteurs naviguent sur les sites web de Google ou de ses partenaires.<br>Tele Radio n&#8217;utilisera pas (et n&#8217;autorisera pas un tiers \u00e0 utiliser) Google Analytics ou Google Ads pour suivre ou collecter des informations personnellement identifiables sur les visiteurs de notre site web.<br>D\u00e9couvrez comment d\u00e9sactiver la publicit\u00e9 personnalis\u00e9e en ligne.<\/p>\n\n\n\n<p><br><strong>FACEBOOK<\/strong><br>Tele Radio utilise un cookie Facebook qui cr\u00e9e un lien entre votre visite sur ce site web et Facebook. Cela nous aide \u00e0 montrer aux utilisateurs un contenu pertinent sur Facebook et \u00e0 savoir comment les utilisateurs interagissent avec notre contenu sur Facebook. Pour ce faire, Facebook collecte des donn\u00e9es. Des informations sur la mani\u00e8re dont Facebook traite les donn\u00e9es de ses utilisateurs sont disponibles ici. Vous trouverez ci-dessous des informations sur la mani\u00e8re de d\u00e9sactiver ce cookie.<\/p>\n\n\n\n<p><br><strong>LEADINFO<\/strong><br>Dans le cadre de son service en ligne, Leadinfo traite des donn\u00e9es sensibles ou personnelles. Leadinfo accorde une grande importance \u00e0 la vie priv\u00e9e de ses clients et fait preuve de prudence dans le traitement et la protection des donn\u00e9es personnelles.<br>Lors du traitement, nous nous conformons aux exigences de la l\u00e9gislation applicable en mati\u00e8re de protection des donn\u00e9es. Cela signifie que nous<\/p>\n\n\n\n<ul class=\"wp-block-list\">\n<li>sp\u00e9cifions clairement nos objectifs avant de traiter les donn\u00e9es personnelles, en utilisant la pr\u00e9sente d\u00e9claration de confidentialit\u00e9 ;<\/li>\n\n\n\n<li>limitons notre collecte de donn\u00e9es personnelles aux seules donn\u00e9es personnelles n\u00e9cessaires \u00e0 des fins l\u00e9gitimes<\/li>\n\n\n\n<li>demandons d&#8217;abord l&#8217;autorisation explicite de traiter vos donn\u00e9es \u00e0 caract\u00e8re personnel dans les cas o\u00f9 cette autorisation est requise ;<\/li>\n\n\n\n<li>prendre les mesures de s\u00e9curit\u00e9 appropri\u00e9es pour prot\u00e9ger vos donn\u00e9es \u00e0 caract\u00e8re personnel et exiger la m\u00eame chose des parties qui traitent les donn\u00e9es \u00e0 caract\u00e8re personnel en notre nom ;<\/li>\n\n\n\n<li>respecter votre droit de consulter, de corriger ou de supprimer les donn\u00e9es \u00e0 caract\u00e8re personnel que nous d\u00e9tenons.<br>En utilisant nos services, vous nous fournissez certaines donn\u00e9es. Il peut s&#8217;agir de donn\u00e9es \u00e0 caract\u00e8re personnel. Nous ne conservons et n&#8217;utilisons que les donn\u00e9es \u00e0 caract\u00e8re personnel que vous nous avez fournies directement ou pour lesquelles il est clair qu&#8217;elles nous ont \u00e9t\u00e9 fournies pour \u00eatre trait\u00e9es.<br>Nous utilisons les donn\u00e9es suivantes aux fins mentionn\u00e9es dans la pr\u00e9sente d\u00e9claration de confidentialit\u00e9 :<\/li>\n\n\n\n<li>Nom et adresse<\/li>\n\n\n\n<li>le num\u00e9ro de t\u00e9l\u00e9phone<\/li>\n\n\n\n<li>Adresse de facturation<\/li>\n\n\n\n<li>l&#8217;adresse \u00e9lectronique<\/li>\n\n\n\n<li>Donn\u00e9es de paiement<\/li>\n\n\n\n<li>Adresse IP<br><\/li>\n<\/ul>\n\n\n\n<p class=\"has-medium-font-size\"><strong>CONFIDENTIALIT\u00c9 ET S\u00c9CURIT\u00c9<\/strong><\/p>\n\n\n\n<ul class=\"wp-block-list\">\n<li>Afin de prot\u00e9ger votre s\u00e9curit\u00e9 et votre vie priv\u00e9e, vos informations seront prot\u00e9g\u00e9es par un mot de passe.<\/li>\n\n\n\n<li>Nous limitons l&#8217;acc\u00e8s aux informations personnelles vous concernant aux employ\u00e9s qui, selon nous, ont raisonnablement besoin d&#8217;entrer en contact avec ces informations pour vous fournir des produits ou des services ou pour faire leur travail.<\/li>\n\n\n\n<li>Nous prendrons des mesures raisonnables et appropri\u00e9es, telles que des garanties physiques, \u00e9lectroniques et proc\u00e9durales conformes aux lois applicables en mati\u00e8re de protection de la vie priv\u00e9e et de s\u00e9curit\u00e9 des donn\u00e9es \u00e0 caract\u00e8re personnel, afin de prot\u00e9ger les informations personnelles vous concernant.<\/li>\n\n\n\n<li>Bien que nous prenions des mesures raisonnables pour utiliser et am\u00e9liorer diverses mesures de protection, vous reconnaissez et acceptez qu&#8217;aucun syst\u00e8me ou technologie n&#8217;est totalement s\u00fbr et s\u00e9curis\u00e9. Si vous avez connaissance d&#8217;une vuln\u00e9rabilit\u00e9 de notre site web, veuillez nous contacter pour la signaler.<\/li>\n<\/ul>\n\n\n\n<p class=\"has-medium-font-size\"><br><strong>LE CONTR\u00d4LE ET L&#8217;ACC\u00c8S \u00c0 VOS INFORMATIONS<\/strong><\/p>\n\n\n\n<p>You may contact us if you have any requests and inquiries about your personal information under your personal information collected by Tele Radio, such as request for access, correction, download, deletion, some or all of your personal information at all times.<\/p>\n\n\n\n<p>If we cannot remove some personal information, we will let you know why. If you have subscribed to marketing emails, you may stop the delivery by following the unsubscribe instructions contained in the email received.<br><br>If you have questions, comments, or would like to make a request regarding your personal information or our Statement and data practices, please contact us at following methods:<\/p>\n\n\n\n<p>Phone:&nbsp;+41 41 711 25 25<br>E-Mail: schweiz@tele-radio.com<\/p>\n\n\n\n<p><\/p>\n\n\n\n<hr class=\"wp-block-separator has-alpha-channel-opacity\"\/>\n\n\n\n<h1 class=\"wp-block-heading\">Privacy Policy<\/h1>\n\n\n\n<p class=\"has-medium-font-size\"><strong>INTRODUCTION<\/strong><\/p>\n\n\n\n<p>Tele Radio is committed to protecting the privacy and confidentiality of the information entrusted to us. That means that Tele Radio aims to safeguard the protection and correct use of your personally identifiable information (referred to as \u2018personal information\u2019).<\/p>\n\n\n\n<p>This Privacy Statement applies to the websites of Tele Radio. The purpose of this Privacy Statement is to inform visitors of the websites and users of services and information provided by Tele Radio about how Tele Radio handles personal information. This Privacy Statement describes how we collect, use, share and protect personal information.<\/p>\n\n\n\n<p><br><strong><em>What information do we collect?<\/em><\/strong><\/p>\n\n\n\n<p>Tele Radio offer you the opportunity to order products and services, make inquiries or sign up to receive various types of materials, via our website, the telephone or e-mail. This provides us with information such as your name, how to reach you and information that is necessary for invoicing and delivery. We also receive information about the business transaction. Besides the information above, we also ask you to provide information that may concern your professional interests, so we can improve our products and services and customise our communication with you.<\/p>\n\n\n\n<p>Tele Radio uses the collected data for various purposes:<\/p>\n\n\n\n<ul class=\"wp-block-list\">\n<li>To provide and maintain our Service<\/li>\n\n\n\n<li>To notify you about changes to our Service<\/li>\n\n\n\n<li>To allow you to participate in interactive features of our Service when you choose to do so<\/li>\n\n\n\n<li>To provide customer support<\/li>\n\n\n\n<li>To gather analysis or valuable information so that we can improve our Service<\/li>\n\n\n\n<li>To monitor the usage of our Service<\/li>\n\n\n\n<li>To detect, prevent and address technical issues<\/li>\n\n\n\n<li>To provide you with news, special offers and general information about other goods, services and events which we offer that are similar to those that you have already purchased or enquired about unless you have opted not to receive such information.<\/li>\n<\/ul>\n\n\n\n<p><\/p>\n\n\n\n<p class=\"has-medium-font-size\"><strong>OUR USE OF COOKIES<\/strong><\/p>\n\n\n\n<p><strong>GOOGLE ANALYTICS<\/strong><br>Tele Radio uses Google Analytics to help analyse how users use the site. This analytical tool uses \u2018cookies\u2019, which are text files placed on your computer, to collect standard internet log information and visitor behaviour information in an anonymous form.<\/p>\n\n\n\n<p>The information generated by the cookie about your use of the Website (including your IP address) is transmitted to Google. This information is then used to evaluate visitors\u2019 use of the Website and to compile statistical reports on website activity for Tele Radio.<\/p>\n\n\n\n<p>Tele Radio will not (and will not allow any third party) to use the statistical analytics tool to track or to collect any personally identifiable information of visitors to our site. We will not associate any data gathered from this site with any personally identifying information from any source as part of our use of the Google statistical analytics tool.<\/p>\n\n\n\n<p>Google will not associate your IP address with any other data held by Google. Neither Tele Radio nor Google will link, or seek to link, an IP address with the identity of a computer user.<\/p>\n\n\n\n<p>By using this website, you consent to the processing of data about you by Google in the manner and for the purposes set out above. See&nbsp;<a href=\"https:\/\/support.google.com\/analytics\/answer\/6004245\" target=\"_blank\" rel=\"noreferrer noopener\">Google\u2019s Analytics overview<\/a>&nbsp;for further information.<\/p>\n\n\n\n<p><strong>GOOGLE ADS<\/strong><br>Tele Radio uses first party&nbsp;Google Analytics cookies to collect anonymous information about visitors\u2019 behaviour on the website. This information is used to create remarketing audiences based on specific behaviour, demographic, and interest data. These lists are shared with Google Ads.<\/p>\n\n\n\n<p>These audiences can then be targeted by online advertising through Google Ads when visitors are browsing Google or its partner websites.<\/p>\n\n\n\n<p>Tele Radio will not (and will not allow any third party) to use Google Analytics or Google Ads to track or to collect any personally identifiable information of visitors to our website.<\/p>\n\n\n\n<p>Find out how to&nbsp;<a href=\"https:\/\/support.google.com\/ads\/answer\/2662922?hl=en-GB\">opt out of personalised online advertising<\/a>.<\/p>\n\n\n\n<p><strong>FACEBOOK<\/strong><br>Tele Radio uses a Facebook cookie which creates a link between your visit to this Website and Facebook. This helps us to show users relevant content on Facebook and to learn how users are interacting with our content on Facebook. Facebook will collect data to enable this. Information on how Facebook handles its users\u2019 data can be found&nbsp;<a href=\"https:\/\/www.facebook.com\/about\/privacy\">here<\/a>. See below for information on how to disable this cookie.<\/p>\n\n\n\n<p><strong>LEADINFO<\/strong><br>Through its online service, Leadinfo will process privacy sensitive or personal data. Leadinfo values the privacy of its customers and observes due care in processing and protecting personal data.<\/p>\n\n\n\n<p>During the processing we conform to the requirements of the applicable data protection legislation. This means we:<\/p>\n\n\n\n<ul class=\"wp-block-list\">\n<li><strong>clearly specify our purposes<\/strong>&nbsp;before we process personal data, by using this Privacy Statement;<\/li>\n\n\n\n<li><strong>limit our collection of personal data<\/strong>&nbsp;to only the personal data needed for legitimate purposes<\/li>\n\n\n\n<li>first&nbsp;<strong>ask for explicit permission<\/strong>&nbsp;to process your personal data in cases where your permission is required;<\/li>\n\n\n\n<li>take&nbsp;<strong>appropriate security measures<\/strong>&nbsp;to protect your personal data and we demand the same from parties who process personal data on our behalf;<\/li>\n\n\n\n<li><strong>respect<\/strong>&nbsp;your right to inspect, correct or delete your personal data held by us.<\/li>\n<\/ul>\n\n\n\n<p>By using our service, you are providing certain data to us. This could be personal data. We only retain and use the personal data provided directly by you or for which it is clear that it has been supplied to us to be processed.<\/p>\n\n\n\n<p>We use the following data for the purposes as mentioned in this Privacy Statement:<\/p>\n\n\n\n<ul class=\"wp-block-list\">\n<li>Name and address<\/li>\n\n\n\n<li>Telephone number<\/li>\n\n\n\n<li>Billing address<\/li>\n\n\n\n<li>Email address<\/li>\n\n\n\n<li>Payment details<\/li>\n\n\n\n<li>IP address<\/li>\n<\/ul>\n\n\n\n<p class=\"has-medium-font-size\"><br><strong>CONFIDENTIALITY AND SECURITY<\/strong><\/p>\n\n\n\n<ul class=\"wp-block-list\">\n<li>In order to protect your safety and privacy, your information will be protected by a password.<\/li>\n\n\n\n<li>We limit access to personal information about you to employees who we believe reasonably need to come into contact with that information to provide products or services to you or in order to do their jobs.<\/li>\n\n\n\n<li>We will take reasonable and appropriate measures such as physical, electronic, and procedural safeguards that comply with applicable laws on privacy protection and personal data security to protect personal information about you.<\/li>\n\n\n\n<li>Despite we taking reasonable steps to use and improve various safeguards, you acknowledge and agree that no system or technology is completely secure and safe. If you become aware of any vulnerability of our website, please contact us to report such vulnerability.<\/li>\n<\/ul>\n\n\n\n<p><\/p>\n\n\n\n<p class=\"has-medium-font-size\"><strong>CONTROLLING AND ACCESSING YOUR INFORMATION<\/strong><\/p>\n\n\n\n<p>You may contact us if you have any requests and inquiries about your personal information under your personal information collected by Tele Radio, such as request for access, correction, download, deletion, some or all of your personal information at all times.<\/p>\n\n\n\n<p>If we cannot remove some personal information, we will let you know why. If you have subscribed to marketing emails, you may stop the delivery by following the unsubscribe instructions contained in the email received.<br><br>If you have questions, comments, or would like to make a request regarding your personal information or our Statement and data practices, please contact us at following methods:<\/p>\n\n\n\n<p>Phone:&nbsp;+41 41 711 25 25<br>E-Mail: schweiz@tele-radio.com<\/p>\n","protected":false},"excerpt":{"rendered":"<p>Traduit avec un outil de traduction on-lineLa d\u00e9claration de protection des donn\u00e9es suivante \u00e0 \u00e9t\u00e9 traduites en fran\u00e7ais \u00e0 l&#8217;aide d&#8217;un outil de traduction on-line. Tele Radio d\u00e9cline toute responsabilit\u00e9 quant \u00e0 l&#8217;exactitude et \u00e0 l&#8217;exhaustivit\u00e9 de la traduction fran\u00e7aise. Le texte original en anglais se trouve sous la traduction fran\u00e7aise. D\u00e9claration de protection des [&hellip;]<\/p>\n","protected":false},"author":57,"featured_media":0,"parent":0,"menu_order":0,"comment_status":"closed","ping_status":"closed","template":"","meta":{"_acf_changed":false,"footnotes":""},"class_list":["post-162834","page","type-page","status-publish","hentry"],"acf":[],"_links":{"self":[{"href":"https:\/\/www.tele-radio.com\/ch-fr\/wp-json\/wp\/v2\/pages\/162834","targetHints":{"allow":["GET"]}}],"collection":[{"href":"https:\/\/www.tele-radio.com\/ch-fr\/wp-json\/wp\/v2\/pages"}],"about":[{"href":"https:\/\/www.tele-radio.com\/ch-fr\/wp-json\/wp\/v2\/types\/page"}],"author":[{"embeddable":true,"href":"https:\/\/www.tele-radio.com\/ch-fr\/wp-json\/wp\/v2\/users\/57"}],"replies":[{"embeddable":true,"href":"https:\/\/www.tele-radio.com\/ch-fr\/wp-json\/wp\/v2\/comments?post=162834"}],"version-history":[{"count":6,"href":"https:\/\/www.tele-radio.com\/ch-fr\/wp-json\/wp\/v2\/pages\/162834\/revisions"}],"predecessor-version":[{"id":162843,"href":"https:\/\/www.tele-radio.com\/ch-fr\/wp-json\/wp\/v2\/pages\/162834\/revisions\/162843"}],"wp:attachment":[{"href":"https:\/\/www.tele-radio.com\/ch-fr\/wp-json\/wp\/v2\/media?parent=162834"}],"curies":[{"name":"wp","href":"https:\/\/api.w.org\/{rel}","templated":true}]}}