{"id":162826,"date":"2023-09-14T08:11:31","date_gmt":"2023-09-14T08:11:31","guid":{"rendered":"https:\/\/www.tele-radio.com\/?page_id=162826"},"modified":"2023-09-14T08:20:19","modified_gmt":"2023-09-14T08:20:19","slug":"mentions-legales","status":"publish","type":"page","link":"https:\/\/www.tele-radio.com\/ch-fr\/mentions-legales\/","title":{"rendered":"Mentions L\u00e9gales"},"content":{"rendered":"\n<h2 class=\"wp-block-heading\">Mentions L\u00e9gales Tele Radio Schweiz GmbH<\/h2>\n\n\n\n<p><\/p>\n\n\n\n<p>Tele Radio Schweiz GmbH<br>Industriestrasse 11<br>6343 Rotkreuz<br>Suisse<\/p>\n\n\n\n<p>T\u00e9l\u00e9phone : +41 (0)41 711 25 25<br>E-Mail : schweiz@tele-radio.com<\/p>\n\n\n\n<p>Responsabilit\u00e9 g\u00e9n\u00e9rale : Susanne K\u00fcng (directrice)<\/p>\n\n\n\n<p>Si\u00e8ge de l&#8217;entreprise : CH-6343 Rotkreuz<br>Num\u00e9ro d&#8217;entreprise \/ num\u00e9ro UID : CHE-392.908.742<br>Num\u00e9ro de TVA : CHE-392.908.742 MWST<\/p>\n\n\n\n<p><\/p>\n\n\n\n<p><strong>Clause de non-responsabilit\u00e9<\/strong><br>Tele Radio Schweiz GmbH n&#8217;assume aucune garantie quant \u00e0 l&#8217;exactitude, la pr\u00e9cision, l&#8217;actualit\u00e9, la fiabilit\u00e9 et l&#8217;exhaustivit\u00e9 du contenu des informations. Tele Radio Schweiz GmbH exclut toute responsabilit\u00e9 (y compris en cas de n\u00e9gligence) r\u00e9sultant de l&#8217;acc\u00e8s ou de l&#8217;utilisation ou de la non-utilisation des informations publi\u00e9es, de dysfonctionnements techniques ou d&#8217;un usage abusif de la connexion. Tele Radio Schweiz GmbH se r\u00e9serve express\u00e9ment le droit de modifier, de compl\u00e9ter ou de supprimer des parties de pages ou l&#8217;ensemble de l&#8217;offre sans avis pr\u00e9alable, ou d&#8217;en suspendre temporairement ou d\u00e9finitivement la publication.<\/p>\n\n\n\n<p><\/p>\n\n\n\n<p><strong>Responsabilit\u00e9 pour les liens<\/strong><br>Les renvois et liens vers des sites web de tiers ne rel\u00e8vent pas de notre responsabilit\u00e9. Nous d\u00e9clinons toute responsabilit\u00e9 pour de tels sites Internet. L&#8217;acc\u00e8s \u00e0 de tels sites et leur utilisation se font aux risques et p\u00e9rils de l&#8217;utilisateur ou de l&#8217;utilisatrice.<\/p>\n\n\n\n<p><\/p>\n\n\n\n<p><strong>Droits d&#8217;auteur<\/strong><br>Tele Radio AB est le propri\u00e9taire et l&#8217;exploitant de ce portail et Tele Radio Schweiz GmbH est l&#8217;exploitant du sous-site www.tele-radio.ch. Les droits d&#8217;auteur et tous les autres droits li\u00e9s aux contenus, images, photos ou autres fichiers du site web appartiennent \u00e0 Tele Radio AB, Tele Radio Schweiz GmbH ou \u00e0 un partenaire contractuel. Aucun droit (d&#8217;utilisation, de propri\u00e9t\u00e9 intellectuelle, etc.) n&#8217;est acquis par la consultation, le t\u00e9l\u00e9chargement ou la copie de pages. L&#8217;utilisation de tout \u00e9l\u00e9ment ou la reproduction totale ou partielle, la transmission ou la cr\u00e9ation de liens vers le portail \u00e0 des fins publiques ou commerciales de toute nature n\u00e9cessite l&#8217;accord \u00e9crit pr\u00e9alable de Tele Radio AB ou de Tele Radio Schweiz GmbH.<\/p>\n","protected":false},"excerpt":{"rendered":"<p>Mentions L\u00e9gales Tele Radio Schweiz GmbH Tele Radio Schweiz GmbHIndustriestrasse 116343 RotkreuzSuisse T\u00e9l\u00e9phone : +41 (0)41 711 25 25E-Mail : schweiz@tele-radio.com Responsabilit\u00e9 g\u00e9n\u00e9rale : Susanne K\u00fcng (directrice) Si\u00e8ge de l&#8217;entreprise : CH-6343 RotkreuzNum\u00e9ro d&#8217;entreprise \/ num\u00e9ro UID : CHE-392.908.742Num\u00e9ro de TVA : CHE-392.908.742 MWST Clause de non-responsabilit\u00e9Tele Radio Schweiz GmbH n&#8217;assume aucune garantie quant \u00e0 [&hellip;]<\/p>\n","protected":false},"author":57,"featured_media":0,"parent":0,"menu_order":0,"comment_status":"closed","ping_status":"closed","template":"","meta":{"_acf_changed":false,"footnotes":""},"class_list":["post-162826","page","type-page","status-publish","hentry"],"acf":[],"_links":{"self":[{"href":"https:\/\/www.tele-radio.com\/ch-fr\/wp-json\/wp\/v2\/pages\/162826","targetHints":{"allow":["GET"]}}],"collection":[{"href":"https:\/\/www.tele-radio.com\/ch-fr\/wp-json\/wp\/v2\/pages"}],"about":[{"href":"https:\/\/www.tele-radio.com\/ch-fr\/wp-json\/wp\/v2\/types\/page"}],"author":[{"embeddable":true,"href":"https:\/\/www.tele-radio.com\/ch-fr\/wp-json\/wp\/v2\/users\/57"}],"replies":[{"embeddable":true,"href":"https:\/\/www.tele-radio.com\/ch-fr\/wp-json\/wp\/v2\/comments?post=162826"}],"version-history":[{"count":3,"href":"https:\/\/www.tele-radio.com\/ch-fr\/wp-json\/wp\/v2\/pages\/162826\/revisions"}],"predecessor-version":[{"id":162832,"href":"https:\/\/www.tele-radio.com\/ch-fr\/wp-json\/wp\/v2\/pages\/162826\/revisions\/162832"}],"wp:attachment":[{"href":"https:\/\/www.tele-radio.com\/ch-fr\/wp-json\/wp\/v2\/media?parent=162826"}],"curies":[{"name":"wp","href":"https:\/\/api.w.org\/{rel}","templated":true}]}}